{"id":1214,"date":"2026-01-25T23:56:08","date_gmt":"2026-01-25T21:56:08","guid":{"rendered":"https:\/\/www.transtoyou.com\/nb\/product\/torasemide\/"},"modified":"2026-03-06T15:37:21","modified_gmt":"2026-03-06T13:37:21","slug":"torasemid","status":"publish","type":"product","link":"https:\/\/www.transtoyou.com\/nb\/product\/torasemid\/","title":{"rendered":"Torasemid"},"content":{"rendered":"<p>Torasemid er en medisin som hovedsakelig brukes til \u00e5 behandle v\u00e6skeansamling (ogs\u00e5 kalt \u00f8dem) og h\u00f8yt blodtrykk. Den hjelper kroppen din med \u00e5 kvitte seg med ekstra vann og salt gjennom urin. Dette reduserer hevelse og tar presset av hjertet ditt.<\/p>\n<p>Torasemid virker i en del av nyren som vanligvis reabsorberer vann og salt tilbake i kroppen. Ved \u00e5 blokkere denne prosessen, hjelper medisinen deg med \u00e5 skille ut mer salt og v\u00e6ske i urinen. Som et resultat g\u00e5r v\u00e6skeoppbyggingen i kroppen din ned. I motsetning til noen andre vanndrivende midler, fungerer Torasemid fortsatt godt selv om nyrene dine ikke fungerer perfekt.<\/p>\n<p>Leger forskriver Torasemid til personer som holder p\u00e5 for mye v\u00e6ske p\u00e5 grunn av hjertesvikt, nyreproblemer eller leversykdom. Den brukes ogs\u00e5 til \u00e5 senke h\u00f8yt blodtrykk, enten alene eller sammen med andre medisiner. For personer med hjertesvikt kan Torasemid hjelpe med symptomer som kortpustethet og kan redusere behovet for sykehusbes\u00f8k, noen ganger mer effektivt enn eldre vanndrivende midler som furosemid.<\/p>\n<p>Ved \u00e5 hjelpe kroppen din med \u00e5 kvitte seg med overskuddsv\u00e6ske, reduserer Torasemid hevelse i bena, magen eller lungene. Blodtrykket ditt kan synke fordi det er mindre v\u00e6ske i blodstr\u00f8mmen, noe som ogs\u00e5 gj\u00f8r det lettere for hjertet ditt \u00e5 pumpe. Over tid kan det st\u00f8tte hjertehelsen ved \u00e5 senke virkningen av visse hormoner som kan stivne hjertet.<\/p>\n<p>Torasemid har flere fordeler, og du trenger vanligvis bare \u00e5 ta det \u00e9n gang om dagen. Det virker lenger enn lignende medisiner, og det for\u00e5rsaker mindre kaliumtap sammenlignet med noen andre vanndrivende midler. Det er ofte et godt valg for personer med redusert nyrefunksjon. De fleste t\u00e5ler det godt. Bivirkninger som mild svimmelhet eller sm\u00e5 endringer i salt niv\u00e5er i blodet kan forekomme, men de betyr sjelden at du m\u00e5 slutte \u00e5 bruke medisinen.<\/p>\n","protected":false},"excerpt":{"rendered":"<ul>\n<li>Reduserer v\u00e6skeretensjon effektivt<\/li>\n<li>Hjelper med \u00e5 kontrollere h\u00f8yt blodtrykk<\/li>\n<li>En gang daglig, langvarig lindring<\/li>\n<\/ul>\n","protected":false},"featured_media":1216,"comment_status":"open","ping_status":"closed","template":"","meta":[],"product_brand":[],"product_cat":[136],"product_tag":[],"expert":[18],"class_list":{"0":"post-1214","1":"product","2":"type-product","3":"status-publish","4":"has-post-thumbnail","6":"product_cat-hoyt-blodtrykk","7":"expert-dr-g-varbanov","9":"first","10":"instock","11":"shipping-taxable","12":"product-type-variable"},"yoast_head":"<!-- This site is optimized with the Yoast SEO plugin v27.0 - https:\/\/yoast.com\/product\/yoast-seo-wordpress\/ -->\n<title>Torasemid | Effektiv Lindring av V\u00e6ske - Transtoyou<\/title>\n<meta name=\"description\" content=\"Torasemid tilgjengelig p\u00e5 Transtoyou, effektiv mot v\u00e6skeansamling og h\u00f8yt blodtrykk. Oppdag fordelene og bestill n\u00e5 for bedre helse.\" \/>\n<meta name=\"robots\" content=\"noindex, follow, max-snippet:-1, max-image-preview:large, max-video-preview:-1\" \/>\n<meta property=\"og:locale\" content=\"nb_NO\" \/>\n<meta property=\"og:type\" content=\"article\" \/>\n<meta property=\"og:title\" content=\"Torasemid | Effektiv Lindring av V\u00e6ske - Transtoyou\" \/>\n<meta property=\"og:description\" content=\"Torasemid tilgjengelig p\u00e5 Transtoyou, effektiv mot v\u00e6skeansamling og h\u00f8yt blodtrykk. Oppdag fordelene og bestill n\u00e5 for bedre helse.\" \/>\n<meta property=\"og:url\" content=\"https:\/\/www.transtoyou.com\/nb\/product\/torasemide\/\" \/>\n<meta property=\"og:site_name\" content=\"Transtoyou - NB\" \/>\n<meta property=\"article:modified_time\" content=\"2026-03-06T13:37:21+00:00\" \/>\n<meta name=\"twitter:card\" content=\"summary_large_image\" \/>\n<meta name=\"twitter:label1\" content=\"Ansl. lesetid\" \/>\n\t<meta name=\"twitter:data1\" content=\"1 minutt\" \/>\n<script type=\"application\/ld+json\" class=\"yoast-schema-graph\">{\"@context\":\"https:\/\/schema.org\",\"@graph\":[{\"@type\":\"WebPage\",\"@id\":\"https:\/\/www.transtoyou.com\/nb\/product\/torasemide\/\",\"url\":\"https:\/\/www.transtoyou.com\/nb\/product\/torasemide\/\",\"name\":\"Torasemid | Effektiv Lindring av V\u00e6ske - Transtoyou\",\"isPartOf\":{\"@id\":\"https:\/\/www.transtoyou.com\/nb\/#website\"},\"primaryImageOfPage\":{\"@id\":\"https:\/\/www.transtoyou.com\/nb\/product\/torasemide\/#primaryimage\"},\"image\":{\"@id\":\"https:\/\/www.transtoyou.com\/nb\/product\/torasemide\/#primaryimage\"},\"thumbnailUrl\":\"https:\/\/www.transtoyou.com\/nb\/wp-content\/uploads\/sites\/10\/2026\/01\/tty-no-product-image-169.webp\",\"datePublished\":\"2026-01-25T21:56:08+00:00\",\"dateModified\":\"2026-03-06T13:37:21+00:00\",\"description\":\"Torasemid tilgjengelig p\u00e5 Transtoyou, effektiv mot v\u00e6skeansamling og h\u00f8yt blodtrykk. Oppdag fordelene og bestill n\u00e5 for bedre helse.\",\"breadcrumb\":{\"@id\":\"https:\/\/www.transtoyou.com\/nb\/product\/torasemide\/#breadcrumb\"},\"inLanguage\":\"nb-NO\",\"potentialAction\":[{\"@type\":\"ReadAction\",\"target\":[\"https:\/\/www.transtoyou.com\/nb\/product\/torasemide\/\"]}]},{\"@type\":\"ImageObject\",\"inLanguage\":\"nb-NO\",\"@id\":\"https:\/\/www.transtoyou.com\/nb\/product\/torasemide\/#primaryimage\",\"url\":\"https:\/\/www.transtoyou.com\/nb\/wp-content\/uploads\/sites\/10\/2026\/01\/tty-no-product-image-169.webp\",\"contentUrl\":\"https:\/\/www.transtoyou.com\/nb\/wp-content\/uploads\/sites\/10\/2026\/01\/tty-no-product-image-169.webp\",\"width\":1000,\"height\":1000,\"caption\":\"Standard produktbilde\"},{\"@type\":\"WebSite\",\"@id\":\"https:\/\/www.transtoyou.com\/nb\/#website\",\"url\":\"https:\/\/www.transtoyou.com\/nb\/\",\"name\":\"Transtoyou - NB\",\"description\":\"\",\"publisher\":{\"@id\":\"https:\/\/www.transtoyou.com\/nb\/#organization\"},\"potentialAction\":[{\"@type\":\"SearchAction\",\"target\":{\"@type\":\"EntryPoint\",\"urlTemplate\":\"https:\/\/www.transtoyou.com\/nb\/?s={search_term_string}\"},\"query-input\":{\"@type\":\"PropertyValueSpecification\",\"valueRequired\":true,\"valueName\":\"search_term_string\"}}],\"inLanguage\":\"nb-NO\"},{\"@type\":\"Organization\",\"@id\":\"https:\/\/www.transtoyou.com\/nb\/#organization\",\"name\":\"Transtoyou - NB\",\"url\":\"https:\/\/www.transtoyou.com\/nb\/\",\"logo\":{\"@type\":\"ImageObject\",\"inLanguage\":\"nb-NO\",\"@id\":\"https:\/\/www.transtoyou.com\/nb\/#\/schema\/logo\/image\/\",\"url\":\"https:\/\/www.transtoyou.com\/nb\/wp-content\/uploads\/sites\/10\/2026\/01\/logo-tty-menu-bar-300x87-1.webp\",\"contentUrl\":\"https:\/\/www.transtoyou.com\/nb\/wp-content\/uploads\/sites\/10\/2026\/01\/logo-tty-menu-bar-300x87-1.webp\",\"width\":300,\"height\":87,\"caption\":\"Transtoyou - NB\"},\"image\":{\"@id\":\"https:\/\/www.transtoyou.com\/nb\/#\/schema\/logo\/image\/\"}}]}<\/script>\n<!-- \/ Yoast SEO plugin. -->","yoast_head_json":{"title":"Torasemid | Effektiv Lindring av V\u00e6ske - Transtoyou","description":"Torasemid tilgjengelig p\u00e5 Transtoyou, effektiv mot v\u00e6skeansamling og h\u00f8yt blodtrykk. Oppdag fordelene og bestill n\u00e5 for bedre helse.","robots":{"index":"noindex","follow":"follow","max-snippet":"max-snippet:-1","max-image-preview":"max-image-preview:large","max-video-preview":"max-video-preview:-1"},"og_locale":"nb_NO","og_type":"article","og_title":"Torasemid | Effektiv Lindring av V\u00e6ske - Transtoyou","og_description":"Torasemid tilgjengelig p\u00e5 Transtoyou, effektiv mot v\u00e6skeansamling og h\u00f8yt blodtrykk. Oppdag fordelene og bestill n\u00e5 for bedre helse.","og_url":"https:\/\/www.transtoyou.com\/nb\/product\/torasemide\/","og_site_name":"Transtoyou - NB","article_modified_time":"2026-03-06T13:37:21+00:00","twitter_card":"summary_large_image","twitter_misc":{"Ansl. lesetid":"1 minutt"},"schema":{"@context":"https:\/\/schema.org","@graph":[{"@type":"WebPage","@id":"https:\/\/www.transtoyou.com\/nb\/product\/torasemide\/","url":"https:\/\/www.transtoyou.com\/nb\/product\/torasemide\/","name":"Torasemid | Effektiv Lindring av V\u00e6ske - Transtoyou","isPartOf":{"@id":"https:\/\/www.transtoyou.com\/nb\/#website"},"primaryImageOfPage":{"@id":"https:\/\/www.transtoyou.com\/nb\/product\/torasemide\/#primaryimage"},"image":{"@id":"https:\/\/www.transtoyou.com\/nb\/product\/torasemide\/#primaryimage"},"thumbnailUrl":"https:\/\/www.transtoyou.com\/nb\/wp-content\/uploads\/sites\/10\/2026\/01\/tty-no-product-image-169.webp","datePublished":"2026-01-25T21:56:08+00:00","dateModified":"2026-03-06T13:37:21+00:00","description":"Torasemid tilgjengelig p\u00e5 Transtoyou, effektiv mot v\u00e6skeansamling og h\u00f8yt blodtrykk. Oppdag fordelene og bestill n\u00e5 for bedre helse.","breadcrumb":{"@id":"https:\/\/www.transtoyou.com\/nb\/product\/torasemide\/#breadcrumb"},"inLanguage":"nb-NO","potentialAction":[{"@type":"ReadAction","target":["https:\/\/www.transtoyou.com\/nb\/product\/torasemide\/"]}]},{"@type":"ImageObject","inLanguage":"nb-NO","@id":"https:\/\/www.transtoyou.com\/nb\/product\/torasemide\/#primaryimage","url":"https:\/\/www.transtoyou.com\/nb\/wp-content\/uploads\/sites\/10\/2026\/01\/tty-no-product-image-169.webp","contentUrl":"https:\/\/www.transtoyou.com\/nb\/wp-content\/uploads\/sites\/10\/2026\/01\/tty-no-product-image-169.webp","width":1000,"height":1000,"caption":"Standard produktbilde"},{"@type":"WebSite","@id":"https:\/\/www.transtoyou.com\/nb\/#website","url":"https:\/\/www.transtoyou.com\/nb\/","name":"Transtoyou - NB","description":"","publisher":{"@id":"https:\/\/www.transtoyou.com\/nb\/#organization"},"potentialAction":[{"@type":"SearchAction","target":{"@type":"EntryPoint","urlTemplate":"https:\/\/www.transtoyou.com\/nb\/?s={search_term_string}"},"query-input":{"@type":"PropertyValueSpecification","valueRequired":true,"valueName":"search_term_string"}}],"inLanguage":"nb-NO"},{"@type":"Organization","@id":"https:\/\/www.transtoyou.com\/nb\/#organization","name":"Transtoyou - NB","url":"https:\/\/www.transtoyou.com\/nb\/","logo":{"@type":"ImageObject","inLanguage":"nb-NO","@id":"https:\/\/www.transtoyou.com\/nb\/#\/schema\/logo\/image\/","url":"https:\/\/www.transtoyou.com\/nb\/wp-content\/uploads\/sites\/10\/2026\/01\/logo-tty-menu-bar-300x87-1.webp","contentUrl":"https:\/\/www.transtoyou.com\/nb\/wp-content\/uploads\/sites\/10\/2026\/01\/logo-tty-menu-bar-300x87-1.webp","width":300,"height":87,"caption":"Transtoyou - NB"},"image":{"@id":"https:\/\/www.transtoyou.com\/nb\/#\/schema\/logo\/image\/"}}]}},"_links":{"self":[{"href":"https:\/\/www.transtoyou.com\/nb\/wp-json\/wp\/v2\/product\/1214","targetHints":{"allow":["GET"]}}],"collection":[{"href":"https:\/\/www.transtoyou.com\/nb\/wp-json\/wp\/v2\/product"}],"about":[{"href":"https:\/\/www.transtoyou.com\/nb\/wp-json\/wp\/v2\/types\/product"}],"replies":[{"embeddable":true,"href":"https:\/\/www.transtoyou.com\/nb\/wp-json\/wp\/v2\/comments?post=1214"}],"wp:featuredmedia":[{"embeddable":true,"href":"https:\/\/www.transtoyou.com\/nb\/wp-json\/wp\/v2\/media\/1216"}],"wp:attachment":[{"href":"https:\/\/www.transtoyou.com\/nb\/wp-json\/wp\/v2\/media?parent=1214"}],"wp:term":[{"taxonomy":"product_brand","embeddable":true,"href":"https:\/\/www.transtoyou.com\/nb\/wp-json\/wp\/v2\/product_brand?post=1214"},{"taxonomy":"product_cat","embeddable":true,"href":"https:\/\/www.transtoyou.com\/nb\/wp-json\/wp\/v2\/product_cat?post=1214"},{"taxonomy":"product_tag","embeddable":true,"href":"https:\/\/www.transtoyou.com\/nb\/wp-json\/wp\/v2\/product_tag?post=1214"},{"taxonomy":"expert","embeddable":true,"href":"https:\/\/www.transtoyou.com\/nb\/wp-json\/wp\/v2\/expert?post=1214"}],"curies":[{"name":"wp","href":"https:\/\/api.w.org\/{rel}","templated":true}]}}