{"id":1217,"date":"2026-01-26T00:12:53","date_gmt":"2026-01-25T22:12:53","guid":{"rendered":"https:\/\/www.transtoyou.com\/nb\/product\/propecia\/"},"modified":"2026-03-01T16:30:01","modified_gmt":"2026-03-01T14:30:01","slug":"propecia","status":"publish","type":"product","link":"https:\/\/www.transtoyou.com\/nb\/product\/propecia\/","title":{"rendered":"Propecia"},"content":{"rendered":"<p>Propecia er en medisin som brukes til \u00e5 behandle mannlig m\u00f8nster h\u00e5rtap, ogs\u00e5 kjent som androgenetisk alopeci, hos voksne menn. Den inneholder den aktive ingrediensen finasterid, som tilh\u00f8rer en gruppe medisiner kalt 5\u03b1-reduktasehemmere.<\/p>\n<p>Propecia virker ved \u00e5 m\u00e5lrette et spesifikt enzym i kroppen kalt type II 5\u03b1-reduktase. Dette enzymet er ansvarlig for \u00e5 omdanne testosteron til dihydrotestosteron (DHT), et hormon knyttet til h\u00e5rtap hos menn som er genetisk utsatt. Ved \u00e5 blokkere dette enzymet, reduserer Propecia niv\u00e5ene av DHT i hodebunnen og blodet, noe som bidrar til \u00e5 bremse h\u00e5rtap og kan til og med oppmuntre til ny h\u00e5rvekst hos noen menn.<\/p>\n<p>Propecia brukes spesifikt til \u00e5 behandle mannlig m\u00f8nster h\u00e5rtap, spesielt p\u00e5 kronen (toppen) og midten av hodebunnen. Den er ikke ment for bruk hos kvinner eller barn og er ikke effektiv for andre typer h\u00e5rtap.<\/p>\n<p>Ved \u00e5 redusere DHT-niv\u00e5ene, bidrar Propecia til \u00e5 forhindre krymping (miniaturisering) av h\u00e5rsekkene, som er hoved\u00e5rsaken til tynnere h\u00e5r og skallethet ved mannlig m\u00f8nster h\u00e5rtap. Denne virkningen gj\u00f8r at h\u00e5rsekkene forblir sunne lenger, opprettholder h\u00e5rtettheten og noen ganger fremmer ny vekst av h\u00e5r som nylig har blitt tapt.<\/p>\n<p>Den viktigste fordelen med Propecia er dens evne til \u00e5 bremse eller stoppe h\u00e5rtap hos menn med mannlig m\u00f8nster skallethet. Mange menn merker at h\u00e5rtapet deres avtar etter omtrent tre m\u00e5neder med jevnlig bruk, med noen som opplever tykkere h\u00e5r eller ny vekst, spesielt p\u00e5 kronen av hodet. Effektene varer s\u00e5 lenge medisinen tas regelmessig. Propecia tas som en tablett \u00e9n gang daglig, noe som gj\u00f8r den praktisk \u00e5 bruke. Den tolereres generelt godt, med de fleste menn som opplever f\u00e5 bivirkninger. Imidlertid, hvis medisinen stoppes, blir eventuelt h\u00e5r som er oppn\u00e5dd eller opprettholdt vanligvis tapt innen et \u00e5r.<\/p>\n","protected":false},"excerpt":{"rendered":"<ul>\n<li>Reduserer og forebygger h\u00e5rtap<\/li>\n<li>Fremmer h\u00e5rvekst hos menn<\/li>\n<li>Praktisk tablett som tas \u00e9n gang daglig<\/li>\n<\/ul>\n","protected":false},"featured_media":1219,"comment_status":"open","ping_status":"closed","template":"","meta":[],"product_brand":[],"product_cat":[128],"product_tag":[],"expert":[18],"class_list":{"0":"post-1217","1":"product","2":"type-product","3":"status-publish","4":"has-post-thumbnail","6":"product_cat-hartap-losninger","7":"expert-dr-g-varbanov","9":"first","10":"instock","11":"shipping-taxable","12":"product-type-variable"},"yoast_head":"<!-- This site is optimized with the Yoast SEO plugin v27.0 - https:\/\/yoast.com\/product\/yoast-seo-wordpress\/ -->\n<title>Propecia | Effektiv L\u00f8sning for H\u00e5rtap - Transtoyou<\/title>\n<meta name=\"description\" content=\"Oppdag Propecia for behandling av mannlig h\u00e5rtap hos Transtoyou. Bestill online i dag for klinisk godkjente l\u00f8sninger fra eksperter.\" \/>\n<meta name=\"robots\" content=\"noindex, follow, max-snippet:-1, max-image-preview:large, max-video-preview:-1\" \/>\n<meta property=\"og:locale\" content=\"nb_NO\" \/>\n<meta property=\"og:type\" content=\"article\" \/>\n<meta property=\"og:title\" content=\"Propecia | Effektiv L\u00f8sning for H\u00e5rtap - Transtoyou\" \/>\n<meta property=\"og:description\" content=\"Oppdag Propecia for behandling av mannlig h\u00e5rtap hos Transtoyou. Bestill online i dag for klinisk godkjente l\u00f8sninger fra eksperter.\" \/>\n<meta property=\"og:url\" content=\"https:\/\/www.transtoyou.com\/nb\/product\/propecia\/\" \/>\n<meta property=\"og:site_name\" content=\"Transtoyou - NB\" \/>\n<meta property=\"article:modified_time\" content=\"2026-03-01T14:30:01+00:00\" \/>\n<meta name=\"twitter:card\" content=\"summary_large_image\" \/>\n<meta name=\"twitter:label1\" content=\"Ansl. lesetid\" \/>\n\t<meta name=\"twitter:data1\" content=\"2 minutter\" \/>\n<script type=\"application\/ld+json\" class=\"yoast-schema-graph\">{\"@context\":\"https:\/\/schema.org\",\"@graph\":[{\"@type\":\"WebPage\",\"@id\":\"https:\/\/www.transtoyou.com\/nb\/product\/propecia\/\",\"url\":\"https:\/\/www.transtoyou.com\/nb\/product\/propecia\/\",\"name\":\"Propecia | Effektiv L\u00f8sning for H\u00e5rtap - Transtoyou\",\"isPartOf\":{\"@id\":\"https:\/\/www.transtoyou.com\/nb\/#website\"},\"primaryImageOfPage\":{\"@id\":\"https:\/\/www.transtoyou.com\/nb\/product\/propecia\/#primaryimage\"},\"image\":{\"@id\":\"https:\/\/www.transtoyou.com\/nb\/product\/propecia\/#primaryimage\"},\"thumbnailUrl\":\"https:\/\/www.transtoyou.com\/nb\/wp-content\/uploads\/sites\/10\/2026\/01\/tty-no-product-image-170.webp\",\"datePublished\":\"2026-01-25T22:12:53+00:00\",\"dateModified\":\"2026-03-01T14:30:01+00:00\",\"description\":\"Oppdag Propecia for behandling av mannlig h\u00e5rtap hos Transtoyou. Bestill online i dag for klinisk godkjente l\u00f8sninger fra eksperter.\",\"breadcrumb\":{\"@id\":\"https:\/\/www.transtoyou.com\/nb\/product\/propecia\/#breadcrumb\"},\"inLanguage\":\"nb-NO\",\"potentialAction\":[{\"@type\":\"ReadAction\",\"target\":[\"https:\/\/www.transtoyou.com\/nb\/product\/propecia\/\"]}]},{\"@type\":\"ImageObject\",\"inLanguage\":\"nb-NO\",\"@id\":\"https:\/\/www.transtoyou.com\/nb\/product\/propecia\/#primaryimage\",\"url\":\"https:\/\/www.transtoyou.com\/nb\/wp-content\/uploads\/sites\/10\/2026\/01\/tty-no-product-image-170.webp\",\"contentUrl\":\"https:\/\/www.transtoyou.com\/nb\/wp-content\/uploads\/sites\/10\/2026\/01\/tty-no-product-image-170.webp\",\"width\":1000,\"height\":1000,\"caption\":\"Standard produktbilde\"},{\"@type\":\"WebSite\",\"@id\":\"https:\/\/www.transtoyou.com\/nb\/#website\",\"url\":\"https:\/\/www.transtoyou.com\/nb\/\",\"name\":\"Transtoyou - NB\",\"description\":\"\",\"publisher\":{\"@id\":\"https:\/\/www.transtoyou.com\/nb\/#organization\"},\"potentialAction\":[{\"@type\":\"SearchAction\",\"target\":{\"@type\":\"EntryPoint\",\"urlTemplate\":\"https:\/\/www.transtoyou.com\/nb\/?s={search_term_string}\"},\"query-input\":{\"@type\":\"PropertyValueSpecification\",\"valueRequired\":true,\"valueName\":\"search_term_string\"}}],\"inLanguage\":\"nb-NO\"},{\"@type\":\"Organization\",\"@id\":\"https:\/\/www.transtoyou.com\/nb\/#organization\",\"name\":\"Transtoyou - NB\",\"url\":\"https:\/\/www.transtoyou.com\/nb\/\",\"logo\":{\"@type\":\"ImageObject\",\"inLanguage\":\"nb-NO\",\"@id\":\"https:\/\/www.transtoyou.com\/nb\/#\/schema\/logo\/image\/\",\"url\":\"https:\/\/www.transtoyou.com\/nb\/wp-content\/uploads\/sites\/10\/2026\/01\/logo-tty-menu-bar-300x87-1.webp\",\"contentUrl\":\"https:\/\/www.transtoyou.com\/nb\/wp-content\/uploads\/sites\/10\/2026\/01\/logo-tty-menu-bar-300x87-1.webp\",\"width\":300,\"height\":87,\"caption\":\"Transtoyou - NB\"},\"image\":{\"@id\":\"https:\/\/www.transtoyou.com\/nb\/#\/schema\/logo\/image\/\"}}]}<\/script>\n<!-- \/ Yoast SEO plugin. -->","yoast_head_json":{"title":"Propecia | Effektiv L\u00f8sning for H\u00e5rtap - Transtoyou","description":"Oppdag Propecia for behandling av mannlig h\u00e5rtap hos Transtoyou. Bestill online i dag for klinisk godkjente l\u00f8sninger fra eksperter.","robots":{"index":"noindex","follow":"follow","max-snippet":"max-snippet:-1","max-image-preview":"max-image-preview:large","max-video-preview":"max-video-preview:-1"},"og_locale":"nb_NO","og_type":"article","og_title":"Propecia | Effektiv L\u00f8sning for H\u00e5rtap - Transtoyou","og_description":"Oppdag Propecia for behandling av mannlig h\u00e5rtap hos Transtoyou. Bestill online i dag for klinisk godkjente l\u00f8sninger fra eksperter.","og_url":"https:\/\/www.transtoyou.com\/nb\/product\/propecia\/","og_site_name":"Transtoyou - NB","article_modified_time":"2026-03-01T14:30:01+00:00","twitter_card":"summary_large_image","twitter_misc":{"Ansl. lesetid":"2 minutter"},"schema":{"@context":"https:\/\/schema.org","@graph":[{"@type":"WebPage","@id":"https:\/\/www.transtoyou.com\/nb\/product\/propecia\/","url":"https:\/\/www.transtoyou.com\/nb\/product\/propecia\/","name":"Propecia | Effektiv L\u00f8sning for H\u00e5rtap - Transtoyou","isPartOf":{"@id":"https:\/\/www.transtoyou.com\/nb\/#website"},"primaryImageOfPage":{"@id":"https:\/\/www.transtoyou.com\/nb\/product\/propecia\/#primaryimage"},"image":{"@id":"https:\/\/www.transtoyou.com\/nb\/product\/propecia\/#primaryimage"},"thumbnailUrl":"https:\/\/www.transtoyou.com\/nb\/wp-content\/uploads\/sites\/10\/2026\/01\/tty-no-product-image-170.webp","datePublished":"2026-01-25T22:12:53+00:00","dateModified":"2026-03-01T14:30:01+00:00","description":"Oppdag Propecia for behandling av mannlig h\u00e5rtap hos Transtoyou. Bestill online i dag for klinisk godkjente l\u00f8sninger fra eksperter.","breadcrumb":{"@id":"https:\/\/www.transtoyou.com\/nb\/product\/propecia\/#breadcrumb"},"inLanguage":"nb-NO","potentialAction":[{"@type":"ReadAction","target":["https:\/\/www.transtoyou.com\/nb\/product\/propecia\/"]}]},{"@type":"ImageObject","inLanguage":"nb-NO","@id":"https:\/\/www.transtoyou.com\/nb\/product\/propecia\/#primaryimage","url":"https:\/\/www.transtoyou.com\/nb\/wp-content\/uploads\/sites\/10\/2026\/01\/tty-no-product-image-170.webp","contentUrl":"https:\/\/www.transtoyou.com\/nb\/wp-content\/uploads\/sites\/10\/2026\/01\/tty-no-product-image-170.webp","width":1000,"height":1000,"caption":"Standard produktbilde"},{"@type":"WebSite","@id":"https:\/\/www.transtoyou.com\/nb\/#website","url":"https:\/\/www.transtoyou.com\/nb\/","name":"Transtoyou - NB","description":"","publisher":{"@id":"https:\/\/www.transtoyou.com\/nb\/#organization"},"potentialAction":[{"@type":"SearchAction","target":{"@type":"EntryPoint","urlTemplate":"https:\/\/www.transtoyou.com\/nb\/?s={search_term_string}"},"query-input":{"@type":"PropertyValueSpecification","valueRequired":true,"valueName":"search_term_string"}}],"inLanguage":"nb-NO"},{"@type":"Organization","@id":"https:\/\/www.transtoyou.com\/nb\/#organization","name":"Transtoyou - NB","url":"https:\/\/www.transtoyou.com\/nb\/","logo":{"@type":"ImageObject","inLanguage":"nb-NO","@id":"https:\/\/www.transtoyou.com\/nb\/#\/schema\/logo\/image\/","url":"https:\/\/www.transtoyou.com\/nb\/wp-content\/uploads\/sites\/10\/2026\/01\/logo-tty-menu-bar-300x87-1.webp","contentUrl":"https:\/\/www.transtoyou.com\/nb\/wp-content\/uploads\/sites\/10\/2026\/01\/logo-tty-menu-bar-300x87-1.webp","width":300,"height":87,"caption":"Transtoyou - NB"},"image":{"@id":"https:\/\/www.transtoyou.com\/nb\/#\/schema\/logo\/image\/"}}]}},"_links":{"self":[{"href":"https:\/\/www.transtoyou.com\/nb\/wp-json\/wp\/v2\/product\/1217","targetHints":{"allow":["GET"]}}],"collection":[{"href":"https:\/\/www.transtoyou.com\/nb\/wp-json\/wp\/v2\/product"}],"about":[{"href":"https:\/\/www.transtoyou.com\/nb\/wp-json\/wp\/v2\/types\/product"}],"replies":[{"embeddable":true,"href":"https:\/\/www.transtoyou.com\/nb\/wp-json\/wp\/v2\/comments?post=1217"}],"wp:featuredmedia":[{"embeddable":true,"href":"https:\/\/www.transtoyou.com\/nb\/wp-json\/wp\/v2\/media\/1219"}],"wp:attachment":[{"href":"https:\/\/www.transtoyou.com\/nb\/wp-json\/wp\/v2\/media?parent=1217"}],"wp:term":[{"taxonomy":"product_brand","embeddable":true,"href":"https:\/\/www.transtoyou.com\/nb\/wp-json\/wp\/v2\/product_brand?post=1217"},{"taxonomy":"product_cat","embeddable":true,"href":"https:\/\/www.transtoyou.com\/nb\/wp-json\/wp\/v2\/product_cat?post=1217"},{"taxonomy":"product_tag","embeddable":true,"href":"https:\/\/www.transtoyou.com\/nb\/wp-json\/wp\/v2\/product_tag?post=1217"},{"taxonomy":"expert","embeddable":true,"href":"https:\/\/www.transtoyou.com\/nb\/wp-json\/wp\/v2\/expert?post=1217"}],"curies":[{"name":"wp","href":"https:\/\/api.w.org\/{rel}","templated":true}]}}