{"id":1220,"date":"2026-01-26T00:28:46","date_gmt":"2026-01-25T22:28:46","guid":{"rendered":"https:\/\/www.transtoyou.com\/nb\/product\/condyline-condylox\/"},"modified":"2026-01-26T00:29:32","modified_gmt":"2026-01-25T22:29:32","slug":"condyline-condylox","status":"publish","type":"product","link":"https:\/\/www.transtoyou.com\/nb\/product\/condyline-condylox\/","title":{"rendered":"Condyline (Condylox)"},"content":{"rendered":"<p>Condyline inneholder podofyllotoksin, en plantebasert forbindelse som fungerer som et cytotoksisk middel (dreper u\u00f8nskede celler). Det virker ved \u00e5 hemme celledeling og DNA-syntese (stopper vorte-celler fra \u00e5 vokse og formere seg). Podofyllotoksin binder seg til et protein kalt tubulin, som forhindrer dannelsen av mikrotubuli, noe som f\u00e5r vorte-cellene til \u00e5 d\u00f8.<\/p>\n<p>Denne medisinen brukes til \u00e5 behandle kj\u00f8nnsvorter p\u00e5 de ytre kj\u00f8nnsorganene. Den hjelper kroppen med \u00e5 kvitte seg med vortene over tid ved \u00e5 angripe kun den unormale huden, ikke den friske omkringliggende huden.<\/p>\n<p>Condyline p\u00e5f\u00f8res direkte p\u00e5 vortene, vanligvis to ganger om dagen i tre dager, etterfulgt av en pause p\u00e5 fire dager. Denne ukes syklusen kan gjentas i opptil fire uker, avhengig av hvor godt vortene reagerer.<\/p>\n<p>Den st\u00f8rste fordelen med Condyline er at det er en ikke-invasiv behandling (ingen kirurgi eller frysing n\u00f8dvendig). Det er enkelt \u00e5 bruke hjemme, men m\u00e5 p\u00e5f\u00f8res veldig forsiktig, da det kan for\u00e5rsake hudirritasjon eller s\u00e5r hvis for mye brukes eller hvis det p\u00e5f\u00f8res p\u00e5 sunn hud.<\/p>\n<p>Ved \u00e5 stoppe vorte-cellene fra \u00e5 vokse og hjelpe dem med \u00e5 brytes ned, st\u00f8tter Condyline kroppen din i \u00e5 fjerne HPV-relaterte hudlesjoner.<\/p>\n","protected":false},"excerpt":{"rendered":"<ul>\n<li>Retter seg mot vev fra kj\u00f8nnsvorter<\/li>\n<li>Stopper veksten av vorte-celler<\/li>\n<li>For kortvarig lokal behandling<\/li>\n<\/ul>\n","protected":false},"featured_media":1221,"comment_status":"open","ping_status":"closed","template":"","meta":[],"product_brand":[],"product_cat":[124,176],"product_tag":[],"expert":[17],"class_list":{"0":"post-1220","1":"product","2":"type-product","3":"status-publish","4":"has-post-thumbnail","6":"product_cat-kjonnsvorter","7":"product_cat-vorter","8":"expert-dr-c-munoz-parada","10":"first","11":"instock","12":"shipping-taxable","13":"product-type-simple"},"yoast_head":"<!-- This site is optimized with the Yoast SEO plugin v27.0 - https:\/\/yoast.com\/product\/yoast-seo-wordpress\/ -->\n<title>Condyline (Condylox) - Effektiv Vortebehandling | Transtoyou<\/title>\n<meta name=\"description\" content=\"Condyline (Condylox) for kj\u00f8nnsvorter. Bestill online p\u00e5 Transtoyou. Effektiv og enkel hjemmebruk. Start behandlingen i dag, tilgjengelig n\u00e5.\" \/>\n<meta name=\"robots\" content=\"noindex, follow, max-snippet:-1, max-image-preview:large, max-video-preview:-1\" \/>\n<meta property=\"og:locale\" content=\"nb_NO\" \/>\n<meta property=\"og:type\" content=\"article\" \/>\n<meta property=\"og:title\" content=\"Condyline (Condylox) - Effektiv Vortebehandling | Transtoyou\" \/>\n<meta property=\"og:description\" content=\"Condyline (Condylox) for kj\u00f8nnsvorter. Bestill online p\u00e5 Transtoyou. Effektiv og enkel hjemmebruk. Start behandlingen i dag, tilgjengelig n\u00e5.\" \/>\n<meta property=\"og:url\" content=\"https:\/\/www.transtoyou.com\/nb\/product\/condyline-condylox\/\" \/>\n<meta property=\"og:site_name\" content=\"Transtoyou - NB\" \/>\n<meta property=\"article:modified_time\" content=\"2026-01-25T22:29:32+00:00\" \/>\n<meta name=\"twitter:card\" content=\"summary_large_image\" \/>\n<meta name=\"twitter:label1\" content=\"Ansl. lesetid\" \/>\n\t<meta name=\"twitter:data1\" content=\"1 minutt\" \/>\n<script type=\"application\/ld+json\" class=\"yoast-schema-graph\">{\"@context\":\"https:\/\/schema.org\",\"@graph\":[{\"@type\":\"WebPage\",\"@id\":\"https:\/\/www.transtoyou.com\/nb\/product\/condyline-condylox\/\",\"url\":\"https:\/\/www.transtoyou.com\/nb\/product\/condyline-condylox\/\",\"name\":\"Condyline (Condylox) - Effektiv Vortebehandling | Transtoyou\",\"isPartOf\":{\"@id\":\"https:\/\/www.transtoyou.com\/nb\/#website\"},\"primaryImageOfPage\":{\"@id\":\"https:\/\/www.transtoyou.com\/nb\/product\/condyline-condylox\/#primaryimage\"},\"image\":{\"@id\":\"https:\/\/www.transtoyou.com\/nb\/product\/condyline-condylox\/#primaryimage\"},\"thumbnailUrl\":\"https:\/\/www.transtoyou.com\/nb\/wp-content\/uploads\/sites\/10\/2026\/01\/tty-no-product-image-171.webp\",\"datePublished\":\"2026-01-25T22:28:46+00:00\",\"dateModified\":\"2026-01-25T22:29:32+00:00\",\"description\":\"Condyline (Condylox) for kj\u00f8nnsvorter. Bestill online p\u00e5 Transtoyou. Effektiv og enkel hjemmebruk. Start behandlingen i dag, tilgjengelig n\u00e5.\",\"breadcrumb\":{\"@id\":\"https:\/\/www.transtoyou.com\/nb\/product\/condyline-condylox\/#breadcrumb\"},\"inLanguage\":\"nb-NO\",\"potentialAction\":[{\"@type\":\"ReadAction\",\"target\":[\"https:\/\/www.transtoyou.com\/nb\/product\/condyline-condylox\/\"]}]},{\"@type\":\"ImageObject\",\"inLanguage\":\"nb-NO\",\"@id\":\"https:\/\/www.transtoyou.com\/nb\/product\/condyline-condylox\/#primaryimage\",\"url\":\"https:\/\/www.transtoyou.com\/nb\/wp-content\/uploads\/sites\/10\/2026\/01\/tty-no-product-image-171.webp\",\"contentUrl\":\"https:\/\/www.transtoyou.com\/nb\/wp-content\/uploads\/sites\/10\/2026\/01\/tty-no-product-image-171.webp\",\"width\":1000,\"height\":1000,\"caption\":\"Standard produktbilde\"},{\"@type\":\"WebSite\",\"@id\":\"https:\/\/www.transtoyou.com\/nb\/#website\",\"url\":\"https:\/\/www.transtoyou.com\/nb\/\",\"name\":\"Transtoyou - NB\",\"description\":\"\",\"publisher\":{\"@id\":\"https:\/\/www.transtoyou.com\/nb\/#organization\"},\"potentialAction\":[{\"@type\":\"SearchAction\",\"target\":{\"@type\":\"EntryPoint\",\"urlTemplate\":\"https:\/\/www.transtoyou.com\/nb\/?s={search_term_string}\"},\"query-input\":{\"@type\":\"PropertyValueSpecification\",\"valueRequired\":true,\"valueName\":\"search_term_string\"}}],\"inLanguage\":\"nb-NO\"},{\"@type\":\"Organization\",\"@id\":\"https:\/\/www.transtoyou.com\/nb\/#organization\",\"name\":\"Transtoyou - NB\",\"url\":\"https:\/\/www.transtoyou.com\/nb\/\",\"logo\":{\"@type\":\"ImageObject\",\"inLanguage\":\"nb-NO\",\"@id\":\"https:\/\/www.transtoyou.com\/nb\/#\/schema\/logo\/image\/\",\"url\":\"https:\/\/www.transtoyou.com\/nb\/wp-content\/uploads\/sites\/10\/2026\/01\/logo-tty-menu-bar-300x87-1.webp\",\"contentUrl\":\"https:\/\/www.transtoyou.com\/nb\/wp-content\/uploads\/sites\/10\/2026\/01\/logo-tty-menu-bar-300x87-1.webp\",\"width\":300,\"height\":87,\"caption\":\"Transtoyou - NB\"},\"image\":{\"@id\":\"https:\/\/www.transtoyou.com\/nb\/#\/schema\/logo\/image\/\"}}]}<\/script>\n<!-- \/ Yoast SEO plugin. -->","yoast_head_json":{"title":"Condyline (Condylox) - Effektiv Vortebehandling | Transtoyou","description":"Condyline (Condylox) for kj\u00f8nnsvorter. Bestill online p\u00e5 Transtoyou. Effektiv og enkel hjemmebruk. Start behandlingen i dag, tilgjengelig n\u00e5.","robots":{"index":"noindex","follow":"follow","max-snippet":"max-snippet:-1","max-image-preview":"max-image-preview:large","max-video-preview":"max-video-preview:-1"},"og_locale":"nb_NO","og_type":"article","og_title":"Condyline (Condylox) - Effektiv Vortebehandling | Transtoyou","og_description":"Condyline (Condylox) for kj\u00f8nnsvorter. Bestill online p\u00e5 Transtoyou. Effektiv og enkel hjemmebruk. Start behandlingen i dag, tilgjengelig n\u00e5.","og_url":"https:\/\/www.transtoyou.com\/nb\/product\/condyline-condylox\/","og_site_name":"Transtoyou - NB","article_modified_time":"2026-01-25T22:29:32+00:00","twitter_card":"summary_large_image","twitter_misc":{"Ansl. lesetid":"1 minutt"},"schema":{"@context":"https:\/\/schema.org","@graph":[{"@type":"WebPage","@id":"https:\/\/www.transtoyou.com\/nb\/product\/condyline-condylox\/","url":"https:\/\/www.transtoyou.com\/nb\/product\/condyline-condylox\/","name":"Condyline (Condylox) - Effektiv Vortebehandling | Transtoyou","isPartOf":{"@id":"https:\/\/www.transtoyou.com\/nb\/#website"},"primaryImageOfPage":{"@id":"https:\/\/www.transtoyou.com\/nb\/product\/condyline-condylox\/#primaryimage"},"image":{"@id":"https:\/\/www.transtoyou.com\/nb\/product\/condyline-condylox\/#primaryimage"},"thumbnailUrl":"https:\/\/www.transtoyou.com\/nb\/wp-content\/uploads\/sites\/10\/2026\/01\/tty-no-product-image-171.webp","datePublished":"2026-01-25T22:28:46+00:00","dateModified":"2026-01-25T22:29:32+00:00","description":"Condyline (Condylox) for kj\u00f8nnsvorter. Bestill online p\u00e5 Transtoyou. Effektiv og enkel hjemmebruk. Start behandlingen i dag, tilgjengelig n\u00e5.","breadcrumb":{"@id":"https:\/\/www.transtoyou.com\/nb\/product\/condyline-condylox\/#breadcrumb"},"inLanguage":"nb-NO","potentialAction":[{"@type":"ReadAction","target":["https:\/\/www.transtoyou.com\/nb\/product\/condyline-condylox\/"]}]},{"@type":"ImageObject","inLanguage":"nb-NO","@id":"https:\/\/www.transtoyou.com\/nb\/product\/condyline-condylox\/#primaryimage","url":"https:\/\/www.transtoyou.com\/nb\/wp-content\/uploads\/sites\/10\/2026\/01\/tty-no-product-image-171.webp","contentUrl":"https:\/\/www.transtoyou.com\/nb\/wp-content\/uploads\/sites\/10\/2026\/01\/tty-no-product-image-171.webp","width":1000,"height":1000,"caption":"Standard produktbilde"},{"@type":"WebSite","@id":"https:\/\/www.transtoyou.com\/nb\/#website","url":"https:\/\/www.transtoyou.com\/nb\/","name":"Transtoyou - NB","description":"","publisher":{"@id":"https:\/\/www.transtoyou.com\/nb\/#organization"},"potentialAction":[{"@type":"SearchAction","target":{"@type":"EntryPoint","urlTemplate":"https:\/\/www.transtoyou.com\/nb\/?s={search_term_string}"},"query-input":{"@type":"PropertyValueSpecification","valueRequired":true,"valueName":"search_term_string"}}],"inLanguage":"nb-NO"},{"@type":"Organization","@id":"https:\/\/www.transtoyou.com\/nb\/#organization","name":"Transtoyou - NB","url":"https:\/\/www.transtoyou.com\/nb\/","logo":{"@type":"ImageObject","inLanguage":"nb-NO","@id":"https:\/\/www.transtoyou.com\/nb\/#\/schema\/logo\/image\/","url":"https:\/\/www.transtoyou.com\/nb\/wp-content\/uploads\/sites\/10\/2026\/01\/logo-tty-menu-bar-300x87-1.webp","contentUrl":"https:\/\/www.transtoyou.com\/nb\/wp-content\/uploads\/sites\/10\/2026\/01\/logo-tty-menu-bar-300x87-1.webp","width":300,"height":87,"caption":"Transtoyou - NB"},"image":{"@id":"https:\/\/www.transtoyou.com\/nb\/#\/schema\/logo\/image\/"}}]}},"_links":{"self":[{"href":"https:\/\/www.transtoyou.com\/nb\/wp-json\/wp\/v2\/product\/1220","targetHints":{"allow":["GET"]}}],"collection":[{"href":"https:\/\/www.transtoyou.com\/nb\/wp-json\/wp\/v2\/product"}],"about":[{"href":"https:\/\/www.transtoyou.com\/nb\/wp-json\/wp\/v2\/types\/product"}],"replies":[{"embeddable":true,"href":"https:\/\/www.transtoyou.com\/nb\/wp-json\/wp\/v2\/comments?post=1220"}],"wp:featuredmedia":[{"embeddable":true,"href":"https:\/\/www.transtoyou.com\/nb\/wp-json\/wp\/v2\/media\/1221"}],"wp:attachment":[{"href":"https:\/\/www.transtoyou.com\/nb\/wp-json\/wp\/v2\/media?parent=1220"}],"wp:term":[{"taxonomy":"product_brand","embeddable":true,"href":"https:\/\/www.transtoyou.com\/nb\/wp-json\/wp\/v2\/product_brand?post=1220"},{"taxonomy":"product_cat","embeddable":true,"href":"https:\/\/www.transtoyou.com\/nb\/wp-json\/wp\/v2\/product_cat?post=1220"},{"taxonomy":"product_tag","embeddable":true,"href":"https:\/\/www.transtoyou.com\/nb\/wp-json\/wp\/v2\/product_tag?post=1220"},{"taxonomy":"expert","embeddable":true,"href":"https:\/\/www.transtoyou.com\/nb\/wp-json\/wp\/v2\/expert?post=1220"}],"curies":[{"name":"wp","href":"https:\/\/api.w.org\/{rel}","templated":true}]}}