{"id":1228,"date":"2026-01-26T01:17:21","date_gmt":"2026-01-25T23:17:21","guid":{"rendered":"https:\/\/www.transtoyou.com\/nb\/product\/azithromycin\/"},"modified":"2026-01-26T01:18:28","modified_gmt":"2026-01-25T23:18:28","slug":"azithromycin","status":"publish","type":"product","link":"https:\/\/www.transtoyou.com\/nb\/product\/azithromycin\/","title":{"rendered":"Azithromycin"},"content":{"rendered":"<p>Azithromycin er et bredspektret makrolidantibiotikum som ofte foreskrives for \u00e5 behandle en rekke bakterielle infeksjoner. Det virker ved \u00e5 hemme bakteriell proteinsyntese, og stopper dermed veksten av bakteriene som for\u00e5rsaker infeksjoner. Denne medisinen er effektiv mot b\u00e5de Gram-positive og enkelte Gram-negative bakterier, noe som gj\u00f8r den til et allsidig alternativ for mange tilstander.<\/p>\n<p>Azithromycin brukes ofte til \u00e5 behandle luftveisinfeksjoner (som bronkitt, lungebetennelse og bihulebetennelse), hud- og bl\u00f8tvevsinfeksjoner, enkelte \u00f8reinfeksjoner og seksuelt overf\u00f8rbare infeksjoner som klamydia. Dens lange halveringstid gj\u00f8r at den kan tas en gang daglig og gir kortere behandlingsvarighet sammenlignet med andre antibiotika, noe som kan forbedre pasientens etterlevelse.<\/p>\n<p>En av de viktigste fordelene med Azithromycin er dens evne til \u00e5 konsentrere seg i infiserte vev, hvor den fortsetter \u00e5 ut\u00f8ve sine antibakterielle effekter selv etter den siste dosen. Den tolereres generelt godt, med lavere risiko for gastrointestinale bivirkninger enn andre antibiotika i sin klasse. Imidlertid b\u00f8r den kun brukes for bakterielle infeksjoner og ikke for virale sykdommer som forkj\u00f8lelse eller influensa.<\/p>\n<p>Helsepersonell kan foretrekke Azithromycin for pasienter som er allergiske mot penicillin eller for infeksjoner for\u00e5rsaket av atypiske organismer. Det er viktig \u00e5 fullf\u00f8re hele behandlingsforl\u00f8pet, selv om symptomene forbedres, for \u00e5 forhindre bakteriell resistens.<\/p>\n","protected":false},"excerpt":{"rendered":"<ul>\n<li>Behandler et bredt spekter av bakterielle infeksjoner.<\/li>\n<li>Praktisk engangsdose per dag.<\/li>\n<li>Effektiv mot luftveisinfeksjoner, hudinfeksjoner, \u00f8reinfeksjoner og seksuelt overf\u00f8rbare infeksjoner.<\/li>\n<\/ul>\n","protected":false},"featured_media":1230,"comment_status":"open","ping_status":"closed","template":"","meta":[],"product_brand":[],"product_cat":[79,125,90],"product_tag":[],"expert":[16],"class_list":{"0":"post-1228","1":"product","2":"type-product","3":"status-publish","4":"has-post-thumbnail","6":"product_cat-antibiotika-infeksjon","7":"product_cat-gonore","8":"product_cat-klamydia","9":"expert-dr-c-alexandru","11":"first","12":"instock","13":"shipping-taxable","14":"product-type-variable"},"yoast_head":"<!-- This site is optimized with the Yoast SEO plugin v27.0 - https:\/\/yoast.com\/product\/yoast-seo-wordpress\/ -->\n<title>Azithromycin | Allsidig Behandling av Infeksjoner - Transtoyou<\/title>\n<meta name=\"description\" content=\"Azithromycin, et allsidig antibiotikum for bakterielle infeksjoner, tilgjengelig p\u00e5 Transtoyou. Bestill online i dag for raske, p\u00e5litelige helsel\u00f8sninger.\" \/>\n<meta name=\"robots\" content=\"noindex, follow, max-snippet:-1, max-image-preview:large, max-video-preview:-1\" \/>\n<meta property=\"og:locale\" content=\"nb_NO\" \/>\n<meta property=\"og:type\" content=\"article\" \/>\n<meta property=\"og:title\" content=\"Azithromycin | Allsidig Behandling av Infeksjoner - Transtoyou\" \/>\n<meta property=\"og:description\" content=\"Azithromycin, et allsidig antibiotikum for bakterielle infeksjoner, tilgjengelig p\u00e5 Transtoyou. Bestill online i dag for raske, p\u00e5litelige helsel\u00f8sninger.\" \/>\n<meta property=\"og:url\" content=\"https:\/\/www.transtoyou.com\/nb\/product\/azithromycin\/\" \/>\n<meta property=\"og:site_name\" content=\"Transtoyou - NB\" \/>\n<meta property=\"article:modified_time\" content=\"2026-01-25T23:18:28+00:00\" \/>\n<meta name=\"twitter:card\" content=\"summary_large_image\" \/>\n<meta name=\"twitter:label1\" content=\"Ansl. lesetid\" \/>\n\t<meta name=\"twitter:data1\" content=\"1 minutt\" \/>\n<script type=\"application\/ld+json\" class=\"yoast-schema-graph\">{\"@context\":\"https:\/\/schema.org\",\"@graph\":[{\"@type\":\"WebPage\",\"@id\":\"https:\/\/www.transtoyou.com\/nb\/product\/azithromycin\/\",\"url\":\"https:\/\/www.transtoyou.com\/nb\/product\/azithromycin\/\",\"name\":\"Azithromycin | Allsidig Behandling av Infeksjoner - Transtoyou\",\"isPartOf\":{\"@id\":\"https:\/\/www.transtoyou.com\/nb\/#website\"},\"primaryImageOfPage\":{\"@id\":\"https:\/\/www.transtoyou.com\/nb\/product\/azithromycin\/#primaryimage\"},\"image\":{\"@id\":\"https:\/\/www.transtoyou.com\/nb\/product\/azithromycin\/#primaryimage\"},\"thumbnailUrl\":\"https:\/\/www.transtoyou.com\/nb\/wp-content\/uploads\/sites\/10\/2026\/01\/tty-no-product-image-174.webp\",\"datePublished\":\"2026-01-25T23:17:21+00:00\",\"dateModified\":\"2026-01-25T23:18:28+00:00\",\"description\":\"Azithromycin, et allsidig antibiotikum for bakterielle infeksjoner, tilgjengelig p\u00e5 Transtoyou. Bestill online i dag for raske, p\u00e5litelige helsel\u00f8sninger.\",\"breadcrumb\":{\"@id\":\"https:\/\/www.transtoyou.com\/nb\/product\/azithromycin\/#breadcrumb\"},\"inLanguage\":\"nb-NO\",\"potentialAction\":[{\"@type\":\"ReadAction\",\"target\":[\"https:\/\/www.transtoyou.com\/nb\/product\/azithromycin\/\"]}]},{\"@type\":\"ImageObject\",\"inLanguage\":\"nb-NO\",\"@id\":\"https:\/\/www.transtoyou.com\/nb\/product\/azithromycin\/#primaryimage\",\"url\":\"https:\/\/www.transtoyou.com\/nb\/wp-content\/uploads\/sites\/10\/2026\/01\/tty-no-product-image-174.webp\",\"contentUrl\":\"https:\/\/www.transtoyou.com\/nb\/wp-content\/uploads\/sites\/10\/2026\/01\/tty-no-product-image-174.webp\",\"width\":1000,\"height\":1000,\"caption\":\"Standard produktbilde\"},{\"@type\":\"WebSite\",\"@id\":\"https:\/\/www.transtoyou.com\/nb\/#website\",\"url\":\"https:\/\/www.transtoyou.com\/nb\/\",\"name\":\"Transtoyou - NB\",\"description\":\"\",\"publisher\":{\"@id\":\"https:\/\/www.transtoyou.com\/nb\/#organization\"},\"potentialAction\":[{\"@type\":\"SearchAction\",\"target\":{\"@type\":\"EntryPoint\",\"urlTemplate\":\"https:\/\/www.transtoyou.com\/nb\/?s={search_term_string}\"},\"query-input\":{\"@type\":\"PropertyValueSpecification\",\"valueRequired\":true,\"valueName\":\"search_term_string\"}}],\"inLanguage\":\"nb-NO\"},{\"@type\":\"Organization\",\"@id\":\"https:\/\/www.transtoyou.com\/nb\/#organization\",\"name\":\"Transtoyou - NB\",\"url\":\"https:\/\/www.transtoyou.com\/nb\/\",\"logo\":{\"@type\":\"ImageObject\",\"inLanguage\":\"nb-NO\",\"@id\":\"https:\/\/www.transtoyou.com\/nb\/#\/schema\/logo\/image\/\",\"url\":\"https:\/\/www.transtoyou.com\/nb\/wp-content\/uploads\/sites\/10\/2026\/01\/logo-tty-menu-bar-300x87-1.webp\",\"contentUrl\":\"https:\/\/www.transtoyou.com\/nb\/wp-content\/uploads\/sites\/10\/2026\/01\/logo-tty-menu-bar-300x87-1.webp\",\"width\":300,\"height\":87,\"caption\":\"Transtoyou - NB\"},\"image\":{\"@id\":\"https:\/\/www.transtoyou.com\/nb\/#\/schema\/logo\/image\/\"}}]}<\/script>\n<!-- \/ Yoast SEO plugin. -->","yoast_head_json":{"title":"Azithromycin | Allsidig Behandling av Infeksjoner - Transtoyou","description":"Azithromycin, et allsidig antibiotikum for bakterielle infeksjoner, tilgjengelig p\u00e5 Transtoyou. Bestill online i dag for raske, p\u00e5litelige helsel\u00f8sninger.","robots":{"index":"noindex","follow":"follow","max-snippet":"max-snippet:-1","max-image-preview":"max-image-preview:large","max-video-preview":"max-video-preview:-1"},"og_locale":"nb_NO","og_type":"article","og_title":"Azithromycin | Allsidig Behandling av Infeksjoner - Transtoyou","og_description":"Azithromycin, et allsidig antibiotikum for bakterielle infeksjoner, tilgjengelig p\u00e5 Transtoyou. Bestill online i dag for raske, p\u00e5litelige helsel\u00f8sninger.","og_url":"https:\/\/www.transtoyou.com\/nb\/product\/azithromycin\/","og_site_name":"Transtoyou - NB","article_modified_time":"2026-01-25T23:18:28+00:00","twitter_card":"summary_large_image","twitter_misc":{"Ansl. lesetid":"1 minutt"},"schema":{"@context":"https:\/\/schema.org","@graph":[{"@type":"WebPage","@id":"https:\/\/www.transtoyou.com\/nb\/product\/azithromycin\/","url":"https:\/\/www.transtoyou.com\/nb\/product\/azithromycin\/","name":"Azithromycin | Allsidig Behandling av Infeksjoner - Transtoyou","isPartOf":{"@id":"https:\/\/www.transtoyou.com\/nb\/#website"},"primaryImageOfPage":{"@id":"https:\/\/www.transtoyou.com\/nb\/product\/azithromycin\/#primaryimage"},"image":{"@id":"https:\/\/www.transtoyou.com\/nb\/product\/azithromycin\/#primaryimage"},"thumbnailUrl":"https:\/\/www.transtoyou.com\/nb\/wp-content\/uploads\/sites\/10\/2026\/01\/tty-no-product-image-174.webp","datePublished":"2026-01-25T23:17:21+00:00","dateModified":"2026-01-25T23:18:28+00:00","description":"Azithromycin, et allsidig antibiotikum for bakterielle infeksjoner, tilgjengelig p\u00e5 Transtoyou. Bestill online i dag for raske, p\u00e5litelige helsel\u00f8sninger.","breadcrumb":{"@id":"https:\/\/www.transtoyou.com\/nb\/product\/azithromycin\/#breadcrumb"},"inLanguage":"nb-NO","potentialAction":[{"@type":"ReadAction","target":["https:\/\/www.transtoyou.com\/nb\/product\/azithromycin\/"]}]},{"@type":"ImageObject","inLanguage":"nb-NO","@id":"https:\/\/www.transtoyou.com\/nb\/product\/azithromycin\/#primaryimage","url":"https:\/\/www.transtoyou.com\/nb\/wp-content\/uploads\/sites\/10\/2026\/01\/tty-no-product-image-174.webp","contentUrl":"https:\/\/www.transtoyou.com\/nb\/wp-content\/uploads\/sites\/10\/2026\/01\/tty-no-product-image-174.webp","width":1000,"height":1000,"caption":"Standard produktbilde"},{"@type":"WebSite","@id":"https:\/\/www.transtoyou.com\/nb\/#website","url":"https:\/\/www.transtoyou.com\/nb\/","name":"Transtoyou - NB","description":"","publisher":{"@id":"https:\/\/www.transtoyou.com\/nb\/#organization"},"potentialAction":[{"@type":"SearchAction","target":{"@type":"EntryPoint","urlTemplate":"https:\/\/www.transtoyou.com\/nb\/?s={search_term_string}"},"query-input":{"@type":"PropertyValueSpecification","valueRequired":true,"valueName":"search_term_string"}}],"inLanguage":"nb-NO"},{"@type":"Organization","@id":"https:\/\/www.transtoyou.com\/nb\/#organization","name":"Transtoyou - NB","url":"https:\/\/www.transtoyou.com\/nb\/","logo":{"@type":"ImageObject","inLanguage":"nb-NO","@id":"https:\/\/www.transtoyou.com\/nb\/#\/schema\/logo\/image\/","url":"https:\/\/www.transtoyou.com\/nb\/wp-content\/uploads\/sites\/10\/2026\/01\/logo-tty-menu-bar-300x87-1.webp","contentUrl":"https:\/\/www.transtoyou.com\/nb\/wp-content\/uploads\/sites\/10\/2026\/01\/logo-tty-menu-bar-300x87-1.webp","width":300,"height":87,"caption":"Transtoyou - NB"},"image":{"@id":"https:\/\/www.transtoyou.com\/nb\/#\/schema\/logo\/image\/"}}]}},"_links":{"self":[{"href":"https:\/\/www.transtoyou.com\/nb\/wp-json\/wp\/v2\/product\/1228","targetHints":{"allow":["GET"]}}],"collection":[{"href":"https:\/\/www.transtoyou.com\/nb\/wp-json\/wp\/v2\/product"}],"about":[{"href":"https:\/\/www.transtoyou.com\/nb\/wp-json\/wp\/v2\/types\/product"}],"replies":[{"embeddable":true,"href":"https:\/\/www.transtoyou.com\/nb\/wp-json\/wp\/v2\/comments?post=1228"}],"wp:featuredmedia":[{"embeddable":true,"href":"https:\/\/www.transtoyou.com\/nb\/wp-json\/wp\/v2\/media\/1230"}],"wp:attachment":[{"href":"https:\/\/www.transtoyou.com\/nb\/wp-json\/wp\/v2\/media?parent=1228"}],"wp:term":[{"taxonomy":"product_brand","embeddable":true,"href":"https:\/\/www.transtoyou.com\/nb\/wp-json\/wp\/v2\/product_brand?post=1228"},{"taxonomy":"product_cat","embeddable":true,"href":"https:\/\/www.transtoyou.com\/nb\/wp-json\/wp\/v2\/product_cat?post=1228"},{"taxonomy":"product_tag","embeddable":true,"href":"https:\/\/www.transtoyou.com\/nb\/wp-json\/wp\/v2\/product_tag?post=1228"},{"taxonomy":"expert","embeddable":true,"href":"https:\/\/www.transtoyou.com\/nb\/wp-json\/wp\/v2\/expert?post=1228"}],"curies":[{"name":"wp","href":"https:\/\/api.w.org\/{rel}","templated":true}]}}