{"id":1236,"date":"2026-01-26T02:12:15","date_gmt":"2026-01-26T00:12:15","guid":{"rendered":"https:\/\/www.transtoyou.com\/nb\/product\/campral\/"},"modified":"2026-01-26T02:13:46","modified_gmt":"2026-01-26T00:13:46","slug":"campral","status":"publish","type":"product","link":"https:\/\/www.transtoyou.com\/nb\/product\/campral\/","title":{"rendered":"Campral"},"content":{"rendered":"<p>Campral (Acamprosate) er en medisin designet for \u00e5 st\u00f8tte personer som kommer seg etter alkoholavhengighet. Den hjelper med \u00e5 redusere trang og st\u00f8tter langvarig avholdenhet ved \u00e5 stabilisere nevrotransmitteraktiviteten i hjernen. Kronisk alkoholforbruk forstyrrer balansen mellom stimulerende og hemmende nevrotransmittere, noe som f\u00f8rer til avhengighet og abstinenssymptomer. Campral virker ved \u00e5 modulere glutamat- og GABA-aktivitet, noe som hjelper hjernen med \u00e5 gjenvinne sin naturlige balanse.<\/p>\n<p>I motsetning til medisiner som for\u00e5rsaker negative effekter n\u00e5r alkohol konsumeres, gj\u00f8r ikke Campral drikking ubehagelig. I stedet reduserer den det psykologiske \u00f8nsket om \u00e5 drikke, noe som gj\u00f8r det lettere for personer \u00e5 opprettholde edruelighet. Den er mest effektiv n\u00e5r den brukes sammen med r\u00e5dgivning eller terapi som en del av et omfattende behandlingsprogram.<\/p>\n<p>Ved \u00e5 redusere alkoholtrang, hjelper Campral med \u00e5 forhindre tilbakefall og st\u00f8tter langvarig bedring. Den er ikke vanedannende og gir ikke abstinenssymptomer n\u00e5r den stoppes. Medisinen tolereres generelt godt, med de vanligste bivirkningene som milde gastrointestinale problemer som diar\u00e9, kvalme eller magesmerter. Disse pleier \u00e5 avta over tid etter hvert som kroppen tilpasser seg.<\/p>\n<p>Campral er spesielt gunstig for personer som allerede har fullf\u00f8rt den innledende avgiftningsfasen og er forpliktet til \u00e5 opprettholde avholdenhet. Studier har vist at den \u00f8ker sjansene for langvarig edruelighet n\u00e5r den tas som foreskrevet. Selv om den ikke fungerer for alle, er de som f\u00f8lger behandlingsplanen sin og f\u00e5r psykologisk st\u00f8tte mer sannsynlig \u00e5 dra nytte av den.<\/p>\n","protected":false},"excerpt":{"rendered":"<ul>\n<li>Reduserer sug og st\u00f8tter langvarig edruelighet<\/li>\n<li>Gjenoppretter hjernebalansen etter alkoholbruk<\/li>\n<li>Ikkefordrende og generelt godt tolerert<\/li>\n<\/ul>\n","protected":false},"featured_media":1238,"comment_status":"open","ping_status":"closed","template":"","meta":[],"product_brand":[],"product_cat":[74],"product_tag":[],"expert":[16],"class_list":{"0":"post-1236","1":"product","2":"type-product","3":"status-publish","4":"has-post-thumbnail","6":"product_cat-alkoholgjenopprettingshjelpemidler","7":"expert-dr-c-alexandru","9":"first","10":"instock","11":"shipping-taxable","12":"product-type-variable"},"yoast_head":"<!-- This site is optimized with the Yoast SEO plugin v27.0 - https:\/\/yoast.com\/product\/yoast-seo-wordpress\/ -->\n<title>Campral | St\u00f8tte for \u00e5 Holde Seg Alkoholfri - Transtoyou - NB<\/title>\n<meta name=\"description\" content=\"Campral reduserer alkoholtrang, st\u00f8tter bedring. Ikke-avhengighetsskapende og godt tolerert, hjelper det med langvarig edruskap. Tilgjengelig p\u00e5 Transtoyou.\" \/>\n<meta name=\"robots\" content=\"noindex, follow, max-snippet:-1, max-image-preview:large, max-video-preview:-1\" \/>\n<meta property=\"og:locale\" content=\"nb_NO\" \/>\n<meta property=\"og:type\" content=\"article\" \/>\n<meta property=\"og:title\" content=\"Campral | St\u00f8tte for \u00e5 Holde Seg Alkoholfri - Transtoyou - NB\" \/>\n<meta property=\"og:description\" content=\"Campral reduserer alkoholtrang, st\u00f8tter bedring. Ikke-avhengighetsskapende og godt tolerert, hjelper det med langvarig edruskap. Tilgjengelig p\u00e5 Transtoyou.\" \/>\n<meta property=\"og:url\" content=\"https:\/\/www.transtoyou.com\/nb\/product\/campral\/\" \/>\n<meta property=\"og:site_name\" content=\"Transtoyou - NB\" \/>\n<meta property=\"article:modified_time\" content=\"2026-01-26T00:13:46+00:00\" \/>\n<meta name=\"twitter:card\" content=\"summary_large_image\" \/>\n<meta name=\"twitter:label1\" content=\"Ansl. lesetid\" \/>\n\t<meta name=\"twitter:data1\" content=\"1 minutt\" \/>\n<script type=\"application\/ld+json\" class=\"yoast-schema-graph\">{\"@context\":\"https:\/\/schema.org\",\"@graph\":[{\"@type\":\"WebPage\",\"@id\":\"https:\/\/www.transtoyou.com\/nb\/product\/campral\/\",\"url\":\"https:\/\/www.transtoyou.com\/nb\/product\/campral\/\",\"name\":\"Campral | St\u00f8tte for \u00e5 Holde Seg Alkoholfri - Transtoyou - NB\",\"isPartOf\":{\"@id\":\"https:\/\/www.transtoyou.com\/nb\/#website\"},\"primaryImageOfPage\":{\"@id\":\"https:\/\/www.transtoyou.com\/nb\/product\/campral\/#primaryimage\"},\"image\":{\"@id\":\"https:\/\/www.transtoyou.com\/nb\/product\/campral\/#primaryimage\"},\"thumbnailUrl\":\"https:\/\/www.transtoyou.com\/nb\/wp-content\/uploads\/sites\/10\/2026\/01\/tty-no-product-image-177.webp\",\"datePublished\":\"2026-01-26T00:12:15+00:00\",\"dateModified\":\"2026-01-26T00:13:46+00:00\",\"description\":\"Campral reduserer alkoholtrang, st\u00f8tter bedring. Ikke-avhengighetsskapende og godt tolerert, hjelper det med langvarig edruskap. Tilgjengelig p\u00e5 Transtoyou.\",\"breadcrumb\":{\"@id\":\"https:\/\/www.transtoyou.com\/nb\/product\/campral\/#breadcrumb\"},\"inLanguage\":\"nb-NO\",\"potentialAction\":[{\"@type\":\"ReadAction\",\"target\":[\"https:\/\/www.transtoyou.com\/nb\/product\/campral\/\"]}]},{\"@type\":\"ImageObject\",\"inLanguage\":\"nb-NO\",\"@id\":\"https:\/\/www.transtoyou.com\/nb\/product\/campral\/#primaryimage\",\"url\":\"https:\/\/www.transtoyou.com\/nb\/wp-content\/uploads\/sites\/10\/2026\/01\/tty-no-product-image-177.webp\",\"contentUrl\":\"https:\/\/www.transtoyou.com\/nb\/wp-content\/uploads\/sites\/10\/2026\/01\/tty-no-product-image-177.webp\",\"width\":1000,\"height\":1000,\"caption\":\"Standard produktbilde\"},{\"@type\":\"WebSite\",\"@id\":\"https:\/\/www.transtoyou.com\/nb\/#website\",\"url\":\"https:\/\/www.transtoyou.com\/nb\/\",\"name\":\"Transtoyou - NB\",\"description\":\"\",\"publisher\":{\"@id\":\"https:\/\/www.transtoyou.com\/nb\/#organization\"},\"potentialAction\":[{\"@type\":\"SearchAction\",\"target\":{\"@type\":\"EntryPoint\",\"urlTemplate\":\"https:\/\/www.transtoyou.com\/nb\/?s={search_term_string}\"},\"query-input\":{\"@type\":\"PropertyValueSpecification\",\"valueRequired\":true,\"valueName\":\"search_term_string\"}}],\"inLanguage\":\"nb-NO\"},{\"@type\":\"Organization\",\"@id\":\"https:\/\/www.transtoyou.com\/nb\/#organization\",\"name\":\"Transtoyou - NB\",\"url\":\"https:\/\/www.transtoyou.com\/nb\/\",\"logo\":{\"@type\":\"ImageObject\",\"inLanguage\":\"nb-NO\",\"@id\":\"https:\/\/www.transtoyou.com\/nb\/#\/schema\/logo\/image\/\",\"url\":\"https:\/\/www.transtoyou.com\/nb\/wp-content\/uploads\/sites\/10\/2026\/01\/logo-tty-menu-bar-300x87-1.webp\",\"contentUrl\":\"https:\/\/www.transtoyou.com\/nb\/wp-content\/uploads\/sites\/10\/2026\/01\/logo-tty-menu-bar-300x87-1.webp\",\"width\":300,\"height\":87,\"caption\":\"Transtoyou - NB\"},\"image\":{\"@id\":\"https:\/\/www.transtoyou.com\/nb\/#\/schema\/logo\/image\/\"}}]}<\/script>\n<!-- \/ Yoast SEO plugin. -->","yoast_head_json":{"title":"Campral | St\u00f8tte for \u00e5 Holde Seg Alkoholfri - Transtoyou - NB","description":"Campral reduserer alkoholtrang, st\u00f8tter bedring. Ikke-avhengighetsskapende og godt tolerert, hjelper det med langvarig edruskap. Tilgjengelig p\u00e5 Transtoyou.","robots":{"index":"noindex","follow":"follow","max-snippet":"max-snippet:-1","max-image-preview":"max-image-preview:large","max-video-preview":"max-video-preview:-1"},"og_locale":"nb_NO","og_type":"article","og_title":"Campral | St\u00f8tte for \u00e5 Holde Seg Alkoholfri - Transtoyou - NB","og_description":"Campral reduserer alkoholtrang, st\u00f8tter bedring. Ikke-avhengighetsskapende og godt tolerert, hjelper det med langvarig edruskap. Tilgjengelig p\u00e5 Transtoyou.","og_url":"https:\/\/www.transtoyou.com\/nb\/product\/campral\/","og_site_name":"Transtoyou - NB","article_modified_time":"2026-01-26T00:13:46+00:00","twitter_card":"summary_large_image","twitter_misc":{"Ansl. lesetid":"1 minutt"},"schema":{"@context":"https:\/\/schema.org","@graph":[{"@type":"WebPage","@id":"https:\/\/www.transtoyou.com\/nb\/product\/campral\/","url":"https:\/\/www.transtoyou.com\/nb\/product\/campral\/","name":"Campral | St\u00f8tte for \u00e5 Holde Seg Alkoholfri - Transtoyou - NB","isPartOf":{"@id":"https:\/\/www.transtoyou.com\/nb\/#website"},"primaryImageOfPage":{"@id":"https:\/\/www.transtoyou.com\/nb\/product\/campral\/#primaryimage"},"image":{"@id":"https:\/\/www.transtoyou.com\/nb\/product\/campral\/#primaryimage"},"thumbnailUrl":"https:\/\/www.transtoyou.com\/nb\/wp-content\/uploads\/sites\/10\/2026\/01\/tty-no-product-image-177.webp","datePublished":"2026-01-26T00:12:15+00:00","dateModified":"2026-01-26T00:13:46+00:00","description":"Campral reduserer alkoholtrang, st\u00f8tter bedring. Ikke-avhengighetsskapende og godt tolerert, hjelper det med langvarig edruskap. Tilgjengelig p\u00e5 Transtoyou.","breadcrumb":{"@id":"https:\/\/www.transtoyou.com\/nb\/product\/campral\/#breadcrumb"},"inLanguage":"nb-NO","potentialAction":[{"@type":"ReadAction","target":["https:\/\/www.transtoyou.com\/nb\/product\/campral\/"]}]},{"@type":"ImageObject","inLanguage":"nb-NO","@id":"https:\/\/www.transtoyou.com\/nb\/product\/campral\/#primaryimage","url":"https:\/\/www.transtoyou.com\/nb\/wp-content\/uploads\/sites\/10\/2026\/01\/tty-no-product-image-177.webp","contentUrl":"https:\/\/www.transtoyou.com\/nb\/wp-content\/uploads\/sites\/10\/2026\/01\/tty-no-product-image-177.webp","width":1000,"height":1000,"caption":"Standard produktbilde"},{"@type":"WebSite","@id":"https:\/\/www.transtoyou.com\/nb\/#website","url":"https:\/\/www.transtoyou.com\/nb\/","name":"Transtoyou - NB","description":"","publisher":{"@id":"https:\/\/www.transtoyou.com\/nb\/#organization"},"potentialAction":[{"@type":"SearchAction","target":{"@type":"EntryPoint","urlTemplate":"https:\/\/www.transtoyou.com\/nb\/?s={search_term_string}"},"query-input":{"@type":"PropertyValueSpecification","valueRequired":true,"valueName":"search_term_string"}}],"inLanguage":"nb-NO"},{"@type":"Organization","@id":"https:\/\/www.transtoyou.com\/nb\/#organization","name":"Transtoyou - NB","url":"https:\/\/www.transtoyou.com\/nb\/","logo":{"@type":"ImageObject","inLanguage":"nb-NO","@id":"https:\/\/www.transtoyou.com\/nb\/#\/schema\/logo\/image\/","url":"https:\/\/www.transtoyou.com\/nb\/wp-content\/uploads\/sites\/10\/2026\/01\/logo-tty-menu-bar-300x87-1.webp","contentUrl":"https:\/\/www.transtoyou.com\/nb\/wp-content\/uploads\/sites\/10\/2026\/01\/logo-tty-menu-bar-300x87-1.webp","width":300,"height":87,"caption":"Transtoyou - NB"},"image":{"@id":"https:\/\/www.transtoyou.com\/nb\/#\/schema\/logo\/image\/"}}]}},"_links":{"self":[{"href":"https:\/\/www.transtoyou.com\/nb\/wp-json\/wp\/v2\/product\/1236","targetHints":{"allow":["GET"]}}],"collection":[{"href":"https:\/\/www.transtoyou.com\/nb\/wp-json\/wp\/v2\/product"}],"about":[{"href":"https:\/\/www.transtoyou.com\/nb\/wp-json\/wp\/v2\/types\/product"}],"replies":[{"embeddable":true,"href":"https:\/\/www.transtoyou.com\/nb\/wp-json\/wp\/v2\/comments?post=1236"}],"wp:featuredmedia":[{"embeddable":true,"href":"https:\/\/www.transtoyou.com\/nb\/wp-json\/wp\/v2\/media\/1238"}],"wp:attachment":[{"href":"https:\/\/www.transtoyou.com\/nb\/wp-json\/wp\/v2\/media?parent=1236"}],"wp:term":[{"taxonomy":"product_brand","embeddable":true,"href":"https:\/\/www.transtoyou.com\/nb\/wp-json\/wp\/v2\/product_brand?post=1236"},{"taxonomy":"product_cat","embeddable":true,"href":"https:\/\/www.transtoyou.com\/nb\/wp-json\/wp\/v2\/product_cat?post=1236"},{"taxonomy":"product_tag","embeddable":true,"href":"https:\/\/www.transtoyou.com\/nb\/wp-json\/wp\/v2\/product_tag?post=1236"},{"taxonomy":"expert","embeddable":true,"href":"https:\/\/www.transtoyou.com\/nb\/wp-json\/wp\/v2\/expert?post=1236"}],"curies":[{"name":"wp","href":"https:\/\/api.w.org\/{rel}","templated":true}]}}