{"id":1239,"date":"2026-01-26T02:32:30","date_gmt":"2026-01-26T00:32:30","guid":{"rendered":"https:\/\/www.transtoyou.com\/nb\/product\/allergospasmin-n\/"},"modified":"2026-01-26T02:33:43","modified_gmt":"2026-01-26T00:33:43","slug":"allergospasmin-n","status":"publish","type":"product","link":"https:\/\/www.transtoyou.com\/nb\/product\/allergospasmin-n\/","title":{"rendered":"Allergospasmin N"},"content":{"rendered":"<p>\u00c5 puste er enkelt for de fleste, men for de som sliter med astma og allergiske bronkospasmer, kan hvert \u00e5ndedrag f\u00f8les som en kamp. Det er her Allergospasmin N kommer inn som en p\u00e5litelig f\u00f8lgesvenn i kampen mot pusteproblemer.<\/p>\n<p>Designet for \u00e5 lindre bronkial sammentrekning og forbedre luftstr\u00f8mmen, virker Allergospasmin N raskt for \u00e5 slappe av de glatte musklene i luftveiene, og letter pusteproblemer for\u00e5rsaket av astma, allergier eller andre respiratoriske tilstander. Med en n\u00f8ye formulert blanding av bronkodilatorer og antihistaminer, hjelper denne medisinen med \u00e5 \u00e5pne luftveiene, redusere betennelse og kontrollere allergiske reaksjoner som utl\u00f8ser pusteproblemer.<\/p>\n<p>Enten det er et uventet astmaanfall eller allergiindusert piping, gir Allergospasmin N rask og effektiv lindring. Den fungerer best som en del av en strukturert behandlingsplan, og gir st\u00f8tte for b\u00e5de akutte og kroniske respiratoriske tilstander.<\/p>\n<p>I motsetning til noen medisiner som bare tar for seg ett aspekt av pusteproblemer, tilbyr Allergospasmin N en helhetlig tiln\u00e6rming ved \u00e5 m\u00e5lrette b\u00e5de muskelkontraksjon og allergiske responser. Ved \u00e5 hjelpe enkeltpersoner med \u00e5 gjenvinne kontrollen over pusten, gir den dem muligheten til \u00e5 leve aktive, ubegrensede liv.<\/p>\n<p>Selv om denne medisinen er sv\u00e6rt effektiv, b\u00f8r den alltid tas under veiledning av en helsepersonell. Noen individer kan oppleve milde bivirkninger som svimmelhet, t\u00f8rr munn eller mild gastrointestinal ubehag, som vanligvis avtar over tid.<\/p>\n","protected":false},"excerpt":{"rendered":"<ul>\n<li>Gir lindring fra astma og allergiske bronkospasmer.<\/li>\n<li>Hjelper med \u00e5 \u00e5pne luftveiene og forbedre pusten.<\/li>\n<li>Raskt virkende st\u00f8tte for respiratorisk n\u00f8d.<\/li>\n<\/ul>\n","protected":false},"featured_media":1241,"comment_status":"open","ping_status":"closed","template":"","meta":[],"product_brand":[],"product_cat":[80],"product_tag":[],"expert":[16],"class_list":{"0":"post-1239","1":"product","2":"type-product","3":"status-publish","4":"has-post-thumbnail","6":"product_cat-astma","7":"expert-dr-c-alexandru","9":"first","10":"instock","11":"shipping-taxable","12":"product-type-variable"},"yoast_head":"<!-- This site is optimized with the Yoast SEO plugin v27.0 - https:\/\/yoast.com\/product\/yoast-seo-wordpress\/ -->\n<title>Allergospasmin N | Pustest\u00f8tte gjort enkelt - Transtoyou - NB<\/title>\n<meta name=\"description\" content=\"Allergospasmin N lindrer raskt astma- og allergisymptomer, og forbedrer luftstr\u00f8mmen. Kj\u00f8p n\u00e5 for effektiv lindring av pustevansker.\" \/>\n<meta name=\"robots\" content=\"noindex, follow, max-snippet:-1, max-image-preview:large, max-video-preview:-1\" \/>\n<meta property=\"og:locale\" content=\"nb_NO\" \/>\n<meta property=\"og:type\" content=\"article\" \/>\n<meta property=\"og:title\" content=\"Allergospasmin N | Pustest\u00f8tte gjort enkelt - Transtoyou - NB\" \/>\n<meta property=\"og:description\" content=\"Allergospasmin N lindrer raskt astma- og allergisymptomer, og forbedrer luftstr\u00f8mmen. Kj\u00f8p n\u00e5 for effektiv lindring av pustevansker.\" \/>\n<meta property=\"og:url\" content=\"https:\/\/www.transtoyou.com\/nb\/product\/allergospasmin-n\/\" \/>\n<meta property=\"og:site_name\" content=\"Transtoyou - NB\" \/>\n<meta property=\"article:modified_time\" content=\"2026-01-26T00:33:43+00:00\" \/>\n<meta name=\"twitter:card\" content=\"summary_large_image\" \/>\n<meta name=\"twitter:label1\" content=\"Ansl. lesetid\" \/>\n\t<meta name=\"twitter:data1\" content=\"1 minutt\" \/>\n<script type=\"application\/ld+json\" class=\"yoast-schema-graph\">{\"@context\":\"https:\/\/schema.org\",\"@graph\":[{\"@type\":\"WebPage\",\"@id\":\"https:\/\/www.transtoyou.com\/nb\/product\/allergospasmin-n\/\",\"url\":\"https:\/\/www.transtoyou.com\/nb\/product\/allergospasmin-n\/\",\"name\":\"Allergospasmin N | Pustest\u00f8tte gjort enkelt - Transtoyou - NB\",\"isPartOf\":{\"@id\":\"https:\/\/www.transtoyou.com\/nb\/#website\"},\"primaryImageOfPage\":{\"@id\":\"https:\/\/www.transtoyou.com\/nb\/product\/allergospasmin-n\/#primaryimage\"},\"image\":{\"@id\":\"https:\/\/www.transtoyou.com\/nb\/product\/allergospasmin-n\/#primaryimage\"},\"thumbnailUrl\":\"https:\/\/www.transtoyou.com\/nb\/wp-content\/uploads\/sites\/10\/2026\/01\/tty-no-product-image-178.webp\",\"datePublished\":\"2026-01-26T00:32:30+00:00\",\"dateModified\":\"2026-01-26T00:33:43+00:00\",\"description\":\"Allergospasmin N lindrer raskt astma- og allergisymptomer, og forbedrer luftstr\u00f8mmen. Kj\u00f8p n\u00e5 for effektiv lindring av pustevansker.\",\"breadcrumb\":{\"@id\":\"https:\/\/www.transtoyou.com\/nb\/product\/allergospasmin-n\/#breadcrumb\"},\"inLanguage\":\"nb-NO\",\"potentialAction\":[{\"@type\":\"ReadAction\",\"target\":[\"https:\/\/www.transtoyou.com\/nb\/product\/allergospasmin-n\/\"]}]},{\"@type\":\"ImageObject\",\"inLanguage\":\"nb-NO\",\"@id\":\"https:\/\/www.transtoyou.com\/nb\/product\/allergospasmin-n\/#primaryimage\",\"url\":\"https:\/\/www.transtoyou.com\/nb\/wp-content\/uploads\/sites\/10\/2026\/01\/tty-no-product-image-178.webp\",\"contentUrl\":\"https:\/\/www.transtoyou.com\/nb\/wp-content\/uploads\/sites\/10\/2026\/01\/tty-no-product-image-178.webp\",\"width\":1000,\"height\":1000,\"caption\":\"Standard produktbilde\"},{\"@type\":\"WebSite\",\"@id\":\"https:\/\/www.transtoyou.com\/nb\/#website\",\"url\":\"https:\/\/www.transtoyou.com\/nb\/\",\"name\":\"Transtoyou - NB\",\"description\":\"\",\"publisher\":{\"@id\":\"https:\/\/www.transtoyou.com\/nb\/#organization\"},\"potentialAction\":[{\"@type\":\"SearchAction\",\"target\":{\"@type\":\"EntryPoint\",\"urlTemplate\":\"https:\/\/www.transtoyou.com\/nb\/?s={search_term_string}\"},\"query-input\":{\"@type\":\"PropertyValueSpecification\",\"valueRequired\":true,\"valueName\":\"search_term_string\"}}],\"inLanguage\":\"nb-NO\"},{\"@type\":\"Organization\",\"@id\":\"https:\/\/www.transtoyou.com\/nb\/#organization\",\"name\":\"Transtoyou - NB\",\"url\":\"https:\/\/www.transtoyou.com\/nb\/\",\"logo\":{\"@type\":\"ImageObject\",\"inLanguage\":\"nb-NO\",\"@id\":\"https:\/\/www.transtoyou.com\/nb\/#\/schema\/logo\/image\/\",\"url\":\"https:\/\/www.transtoyou.com\/nb\/wp-content\/uploads\/sites\/10\/2026\/01\/logo-tty-menu-bar-300x87-1.webp\",\"contentUrl\":\"https:\/\/www.transtoyou.com\/nb\/wp-content\/uploads\/sites\/10\/2026\/01\/logo-tty-menu-bar-300x87-1.webp\",\"width\":300,\"height\":87,\"caption\":\"Transtoyou - NB\"},\"image\":{\"@id\":\"https:\/\/www.transtoyou.com\/nb\/#\/schema\/logo\/image\/\"}}]}<\/script>\n<!-- \/ Yoast SEO plugin. -->","yoast_head_json":{"title":"Allergospasmin N | Pustest\u00f8tte gjort enkelt - Transtoyou - NB","description":"Allergospasmin N lindrer raskt astma- og allergisymptomer, og forbedrer luftstr\u00f8mmen. Kj\u00f8p n\u00e5 for effektiv lindring av pustevansker.","robots":{"index":"noindex","follow":"follow","max-snippet":"max-snippet:-1","max-image-preview":"max-image-preview:large","max-video-preview":"max-video-preview:-1"},"og_locale":"nb_NO","og_type":"article","og_title":"Allergospasmin N | Pustest\u00f8tte gjort enkelt - Transtoyou - NB","og_description":"Allergospasmin N lindrer raskt astma- og allergisymptomer, og forbedrer luftstr\u00f8mmen. Kj\u00f8p n\u00e5 for effektiv lindring av pustevansker.","og_url":"https:\/\/www.transtoyou.com\/nb\/product\/allergospasmin-n\/","og_site_name":"Transtoyou - NB","article_modified_time":"2026-01-26T00:33:43+00:00","twitter_card":"summary_large_image","twitter_misc":{"Ansl. lesetid":"1 minutt"},"schema":{"@context":"https:\/\/schema.org","@graph":[{"@type":"WebPage","@id":"https:\/\/www.transtoyou.com\/nb\/product\/allergospasmin-n\/","url":"https:\/\/www.transtoyou.com\/nb\/product\/allergospasmin-n\/","name":"Allergospasmin N | Pustest\u00f8tte gjort enkelt - Transtoyou - NB","isPartOf":{"@id":"https:\/\/www.transtoyou.com\/nb\/#website"},"primaryImageOfPage":{"@id":"https:\/\/www.transtoyou.com\/nb\/product\/allergospasmin-n\/#primaryimage"},"image":{"@id":"https:\/\/www.transtoyou.com\/nb\/product\/allergospasmin-n\/#primaryimage"},"thumbnailUrl":"https:\/\/www.transtoyou.com\/nb\/wp-content\/uploads\/sites\/10\/2026\/01\/tty-no-product-image-178.webp","datePublished":"2026-01-26T00:32:30+00:00","dateModified":"2026-01-26T00:33:43+00:00","description":"Allergospasmin N lindrer raskt astma- og allergisymptomer, og forbedrer luftstr\u00f8mmen. Kj\u00f8p n\u00e5 for effektiv lindring av pustevansker.","breadcrumb":{"@id":"https:\/\/www.transtoyou.com\/nb\/product\/allergospasmin-n\/#breadcrumb"},"inLanguage":"nb-NO","potentialAction":[{"@type":"ReadAction","target":["https:\/\/www.transtoyou.com\/nb\/product\/allergospasmin-n\/"]}]},{"@type":"ImageObject","inLanguage":"nb-NO","@id":"https:\/\/www.transtoyou.com\/nb\/product\/allergospasmin-n\/#primaryimage","url":"https:\/\/www.transtoyou.com\/nb\/wp-content\/uploads\/sites\/10\/2026\/01\/tty-no-product-image-178.webp","contentUrl":"https:\/\/www.transtoyou.com\/nb\/wp-content\/uploads\/sites\/10\/2026\/01\/tty-no-product-image-178.webp","width":1000,"height":1000,"caption":"Standard produktbilde"},{"@type":"WebSite","@id":"https:\/\/www.transtoyou.com\/nb\/#website","url":"https:\/\/www.transtoyou.com\/nb\/","name":"Transtoyou - NB","description":"","publisher":{"@id":"https:\/\/www.transtoyou.com\/nb\/#organization"},"potentialAction":[{"@type":"SearchAction","target":{"@type":"EntryPoint","urlTemplate":"https:\/\/www.transtoyou.com\/nb\/?s={search_term_string}"},"query-input":{"@type":"PropertyValueSpecification","valueRequired":true,"valueName":"search_term_string"}}],"inLanguage":"nb-NO"},{"@type":"Organization","@id":"https:\/\/www.transtoyou.com\/nb\/#organization","name":"Transtoyou - NB","url":"https:\/\/www.transtoyou.com\/nb\/","logo":{"@type":"ImageObject","inLanguage":"nb-NO","@id":"https:\/\/www.transtoyou.com\/nb\/#\/schema\/logo\/image\/","url":"https:\/\/www.transtoyou.com\/nb\/wp-content\/uploads\/sites\/10\/2026\/01\/logo-tty-menu-bar-300x87-1.webp","contentUrl":"https:\/\/www.transtoyou.com\/nb\/wp-content\/uploads\/sites\/10\/2026\/01\/logo-tty-menu-bar-300x87-1.webp","width":300,"height":87,"caption":"Transtoyou - NB"},"image":{"@id":"https:\/\/www.transtoyou.com\/nb\/#\/schema\/logo\/image\/"}}]}},"_links":{"self":[{"href":"https:\/\/www.transtoyou.com\/nb\/wp-json\/wp\/v2\/product\/1239","targetHints":{"allow":["GET"]}}],"collection":[{"href":"https:\/\/www.transtoyou.com\/nb\/wp-json\/wp\/v2\/product"}],"about":[{"href":"https:\/\/www.transtoyou.com\/nb\/wp-json\/wp\/v2\/types\/product"}],"replies":[{"embeddable":true,"href":"https:\/\/www.transtoyou.com\/nb\/wp-json\/wp\/v2\/comments?post=1239"}],"wp:featuredmedia":[{"embeddable":true,"href":"https:\/\/www.transtoyou.com\/nb\/wp-json\/wp\/v2\/media\/1241"}],"wp:attachment":[{"href":"https:\/\/www.transtoyou.com\/nb\/wp-json\/wp\/v2\/media?parent=1239"}],"wp:term":[{"taxonomy":"product_brand","embeddable":true,"href":"https:\/\/www.transtoyou.com\/nb\/wp-json\/wp\/v2\/product_brand?post=1239"},{"taxonomy":"product_cat","embeddable":true,"href":"https:\/\/www.transtoyou.com\/nb\/wp-json\/wp\/v2\/product_cat?post=1239"},{"taxonomy":"product_tag","embeddable":true,"href":"https:\/\/www.transtoyou.com\/nb\/wp-json\/wp\/v2\/product_tag?post=1239"},{"taxonomy":"expert","embeddable":true,"href":"https:\/\/www.transtoyou.com\/nb\/wp-json\/wp\/v2\/expert?post=1239"}],"curies":[{"name":"wp","href":"https:\/\/api.w.org\/{rel}","templated":true}]}}