{"id":1242,"date":"2026-01-26T02:50:12","date_gmt":"2026-01-26T00:50:12","guid":{"rendered":"https:\/\/www.transtoyou.com\/nb\/product\/ventolin\/"},"modified":"2026-03-07T16:00:45","modified_gmt":"2026-03-07T14:00:45","slug":"ventolin","status":"publish","type":"product","link":"https:\/\/www.transtoyou.com\/nb\/product\/ventolin\/","title":{"rendered":"Ventolin"},"content":{"rendered":"<p>Ventolin er en raskt virkende bronkodilator som inneholder den aktive ingrediensen salbutamol, som hjelper til med \u00e5 slappe av musklene i luftveiene og forbedre luftstr\u00f8mmen til lungene. Den brukes vanligvis som en redningsinhalator for \u00e5 lindre akutte astmasymptomer, inkludert piping i brystet, kortpustethet og trykk i brystet. Ventolin virker ved \u00e5 stimulere beta-2-reseptorer i den bronkiale glatte muskulaturen, noe som f\u00f8rer til utvidelse av luftveiene, og dermed gj\u00f8r det lettere \u00e5 puste.<\/p>\n<p>Ventolin foreskrives prim\u00e6rt for h\u00e5ndtering av astma og kronisk obstruktiv lungesykdom (KOLS), og gir rask lindring under et astmaanfall eller en forverring av respiratoriske symptomer. Den kan ogs\u00e5 brukes for \u00e5 forhindre anstrengelsesindusert bronkospasme (kortpustethet eller piping utl\u00f8st av fysisk aktivitet). Som en korttidsvirkende bronkodilator gir den rask lindring, men adresserer ikke den underliggende betennelsen ved astma eller KOLS, som kan kreve ytterligere langtidsmedikamentbehandling.<\/p>\n<p>Ventolin administreres vanligvis via en inhalator, noe som gj\u00f8r den enkel \u00e5 b\u00e6re og bruke under et astmaanfall eller f\u00f8r trening. N\u00e5r den brukes riktig, kan den gi betydelig lindring fra pusteproblemer. Det er imidlertid viktig \u00e5 f\u00f8lge den foreskrevne doseringen og ikke overbruke den, da overdreven avhengighet av korttidsvirkende medisiner som Ventolin kan indikere utilstrekkelig astmakontroll, og langsiktige behandlingsstrategier b\u00f8r diskuteres med en helsepersonell.<\/p>\n","protected":false},"excerpt":{"rendered":"<ul>\n<li>Rask lindring for astma og KOLS<\/li>\n<li>Forebygger anstrengelsesutl\u00f8st bronkospasme<\/li>\n<li>Praktisk inhalatorform for rask bruk<\/li>\n<\/ul>\n","protected":false},"featured_media":1244,"comment_status":"open","ping_status":"closed","template":"","meta":[],"product_brand":[],"product_cat":[80,98],"product_tag":[],"expert":[19],"class_list":{"0":"post-1242","1":"product","2":"type-product","3":"status-publish","4":"has-post-thumbnail","6":"product_cat-astma","7":"product_cat-kols","8":"expert-dr-j-vazquez","10":"first","11":"instock","12":"shipping-taxable","13":"product-type-variable"},"yoast_head":"<!-- This site is optimized with the Yoast SEO plugin v27.0 - https:\/\/yoast.com\/product\/yoast-seo-wordpress\/ -->\n<title>Ventolin | Rask lindring for astma og pusteproblemer - Transtoyou - NB<\/title>\n<meta name=\"description\" content=\"Ventolin-inhalatoren lindrer raskt astmasymptomer og stram brystkasse. F\u00e5 resepten din p\u00e5 nett \u2013 raskt, trygt og diskret levert hjem til deg.\" \/>\n<meta name=\"robots\" content=\"noindex, follow, max-snippet:-1, max-image-preview:large, max-video-preview:-1\" \/>\n<meta property=\"og:locale\" content=\"nb_NO\" \/>\n<meta property=\"og:type\" content=\"article\" \/>\n<meta property=\"og:title\" content=\"Ventolin | Rask lindring for astma og pusteproblemer - Transtoyou - NB\" \/>\n<meta property=\"og:description\" content=\"Ventolin-inhalatoren lindrer raskt astmasymptomer og stram brystkasse. F\u00e5 resepten din p\u00e5 nett \u2013 raskt, trygt og diskret levert hjem til deg.\" \/>\n<meta property=\"og:url\" content=\"https:\/\/www.transtoyou.com\/nb\/product\/ventolin\/\" \/>\n<meta property=\"og:site_name\" content=\"Transtoyou - NB\" \/>\n<meta property=\"article:modified_time\" content=\"2026-03-07T14:00:45+00:00\" \/>\n<meta name=\"twitter:card\" content=\"summary_large_image\" \/>\n<meta name=\"twitter:label1\" content=\"Ansl. lesetid\" \/>\n\t<meta name=\"twitter:data1\" content=\"1 minutt\" \/>\n<script type=\"application\/ld+json\" class=\"yoast-schema-graph\">{\"@context\":\"https:\/\/schema.org\",\"@graph\":[{\"@type\":\"WebPage\",\"@id\":\"https:\/\/www.transtoyou.com\/nb\/product\/ventolin\/\",\"url\":\"https:\/\/www.transtoyou.com\/nb\/product\/ventolin\/\",\"name\":\"Ventolin | Rask lindring for astma og pusteproblemer - Transtoyou - NB\",\"isPartOf\":{\"@id\":\"https:\/\/www.transtoyou.com\/nb\/#website\"},\"primaryImageOfPage\":{\"@id\":\"https:\/\/www.transtoyou.com\/nb\/product\/ventolin\/#primaryimage\"},\"image\":{\"@id\":\"https:\/\/www.transtoyou.com\/nb\/product\/ventolin\/#primaryimage\"},\"thumbnailUrl\":\"https:\/\/www.transtoyou.com\/nb\/wp-content\/uploads\/sites\/10\/2026\/01\/tty-no-product-image-179.webp\",\"datePublished\":\"2026-01-26T00:50:12+00:00\",\"dateModified\":\"2026-03-07T14:00:45+00:00\",\"description\":\"Ventolin-inhalatoren lindrer raskt astmasymptomer og stram brystkasse. F\u00e5 resepten din p\u00e5 nett \u2013 raskt, trygt og diskret levert hjem til deg.\",\"breadcrumb\":{\"@id\":\"https:\/\/www.transtoyou.com\/nb\/product\/ventolin\/#breadcrumb\"},\"inLanguage\":\"nb-NO\",\"potentialAction\":[{\"@type\":\"ReadAction\",\"target\":[\"https:\/\/www.transtoyou.com\/nb\/product\/ventolin\/\"]}]},{\"@type\":\"ImageObject\",\"inLanguage\":\"nb-NO\",\"@id\":\"https:\/\/www.transtoyou.com\/nb\/product\/ventolin\/#primaryimage\",\"url\":\"https:\/\/www.transtoyou.com\/nb\/wp-content\/uploads\/sites\/10\/2026\/01\/tty-no-product-image-179.webp\",\"contentUrl\":\"https:\/\/www.transtoyou.com\/nb\/wp-content\/uploads\/sites\/10\/2026\/01\/tty-no-product-image-179.webp\",\"width\":1000,\"height\":1000,\"caption\":\"Standard produktbilde\"},{\"@type\":\"WebSite\",\"@id\":\"https:\/\/www.transtoyou.com\/nb\/#website\",\"url\":\"https:\/\/www.transtoyou.com\/nb\/\",\"name\":\"Transtoyou - NB\",\"description\":\"\",\"publisher\":{\"@id\":\"https:\/\/www.transtoyou.com\/nb\/#organization\"},\"potentialAction\":[{\"@type\":\"SearchAction\",\"target\":{\"@type\":\"EntryPoint\",\"urlTemplate\":\"https:\/\/www.transtoyou.com\/nb\/?s={search_term_string}\"},\"query-input\":{\"@type\":\"PropertyValueSpecification\",\"valueRequired\":true,\"valueName\":\"search_term_string\"}}],\"inLanguage\":\"nb-NO\"},{\"@type\":\"Organization\",\"@id\":\"https:\/\/www.transtoyou.com\/nb\/#organization\",\"name\":\"Transtoyou - NB\",\"url\":\"https:\/\/www.transtoyou.com\/nb\/\",\"logo\":{\"@type\":\"ImageObject\",\"inLanguage\":\"nb-NO\",\"@id\":\"https:\/\/www.transtoyou.com\/nb\/#\/schema\/logo\/image\/\",\"url\":\"https:\/\/www.transtoyou.com\/nb\/wp-content\/uploads\/sites\/10\/2026\/01\/logo-tty-menu-bar-300x87-1.webp\",\"contentUrl\":\"https:\/\/www.transtoyou.com\/nb\/wp-content\/uploads\/sites\/10\/2026\/01\/logo-tty-menu-bar-300x87-1.webp\",\"width\":300,\"height\":87,\"caption\":\"Transtoyou - NB\"},\"image\":{\"@id\":\"https:\/\/www.transtoyou.com\/nb\/#\/schema\/logo\/image\/\"}}]}<\/script>\n<!-- \/ Yoast SEO plugin. -->","yoast_head_json":{"title":"Ventolin | Rask lindring for astma og pusteproblemer - Transtoyou - NB","description":"Ventolin-inhalatoren lindrer raskt astmasymptomer og stram brystkasse. F\u00e5 resepten din p\u00e5 nett \u2013 raskt, trygt og diskret levert hjem til deg.","robots":{"index":"noindex","follow":"follow","max-snippet":"max-snippet:-1","max-image-preview":"max-image-preview:large","max-video-preview":"max-video-preview:-1"},"og_locale":"nb_NO","og_type":"article","og_title":"Ventolin | Rask lindring for astma og pusteproblemer - Transtoyou - NB","og_description":"Ventolin-inhalatoren lindrer raskt astmasymptomer og stram brystkasse. F\u00e5 resepten din p\u00e5 nett \u2013 raskt, trygt og diskret levert hjem til deg.","og_url":"https:\/\/www.transtoyou.com\/nb\/product\/ventolin\/","og_site_name":"Transtoyou - NB","article_modified_time":"2026-03-07T14:00:45+00:00","twitter_card":"summary_large_image","twitter_misc":{"Ansl. lesetid":"1 minutt"},"schema":{"@context":"https:\/\/schema.org","@graph":[{"@type":"WebPage","@id":"https:\/\/www.transtoyou.com\/nb\/product\/ventolin\/","url":"https:\/\/www.transtoyou.com\/nb\/product\/ventolin\/","name":"Ventolin | Rask lindring for astma og pusteproblemer - Transtoyou - NB","isPartOf":{"@id":"https:\/\/www.transtoyou.com\/nb\/#website"},"primaryImageOfPage":{"@id":"https:\/\/www.transtoyou.com\/nb\/product\/ventolin\/#primaryimage"},"image":{"@id":"https:\/\/www.transtoyou.com\/nb\/product\/ventolin\/#primaryimage"},"thumbnailUrl":"https:\/\/www.transtoyou.com\/nb\/wp-content\/uploads\/sites\/10\/2026\/01\/tty-no-product-image-179.webp","datePublished":"2026-01-26T00:50:12+00:00","dateModified":"2026-03-07T14:00:45+00:00","description":"Ventolin-inhalatoren lindrer raskt astmasymptomer og stram brystkasse. F\u00e5 resepten din p\u00e5 nett \u2013 raskt, trygt og diskret levert hjem til deg.","breadcrumb":{"@id":"https:\/\/www.transtoyou.com\/nb\/product\/ventolin\/#breadcrumb"},"inLanguage":"nb-NO","potentialAction":[{"@type":"ReadAction","target":["https:\/\/www.transtoyou.com\/nb\/product\/ventolin\/"]}]},{"@type":"ImageObject","inLanguage":"nb-NO","@id":"https:\/\/www.transtoyou.com\/nb\/product\/ventolin\/#primaryimage","url":"https:\/\/www.transtoyou.com\/nb\/wp-content\/uploads\/sites\/10\/2026\/01\/tty-no-product-image-179.webp","contentUrl":"https:\/\/www.transtoyou.com\/nb\/wp-content\/uploads\/sites\/10\/2026\/01\/tty-no-product-image-179.webp","width":1000,"height":1000,"caption":"Standard produktbilde"},{"@type":"WebSite","@id":"https:\/\/www.transtoyou.com\/nb\/#website","url":"https:\/\/www.transtoyou.com\/nb\/","name":"Transtoyou - NB","description":"","publisher":{"@id":"https:\/\/www.transtoyou.com\/nb\/#organization"},"potentialAction":[{"@type":"SearchAction","target":{"@type":"EntryPoint","urlTemplate":"https:\/\/www.transtoyou.com\/nb\/?s={search_term_string}"},"query-input":{"@type":"PropertyValueSpecification","valueRequired":true,"valueName":"search_term_string"}}],"inLanguage":"nb-NO"},{"@type":"Organization","@id":"https:\/\/www.transtoyou.com\/nb\/#organization","name":"Transtoyou - NB","url":"https:\/\/www.transtoyou.com\/nb\/","logo":{"@type":"ImageObject","inLanguage":"nb-NO","@id":"https:\/\/www.transtoyou.com\/nb\/#\/schema\/logo\/image\/","url":"https:\/\/www.transtoyou.com\/nb\/wp-content\/uploads\/sites\/10\/2026\/01\/logo-tty-menu-bar-300x87-1.webp","contentUrl":"https:\/\/www.transtoyou.com\/nb\/wp-content\/uploads\/sites\/10\/2026\/01\/logo-tty-menu-bar-300x87-1.webp","width":300,"height":87,"caption":"Transtoyou - NB"},"image":{"@id":"https:\/\/www.transtoyou.com\/nb\/#\/schema\/logo\/image\/"}}]}},"_links":{"self":[{"href":"https:\/\/www.transtoyou.com\/nb\/wp-json\/wp\/v2\/product\/1242","targetHints":{"allow":["GET"]}}],"collection":[{"href":"https:\/\/www.transtoyou.com\/nb\/wp-json\/wp\/v2\/product"}],"about":[{"href":"https:\/\/www.transtoyou.com\/nb\/wp-json\/wp\/v2\/types\/product"}],"replies":[{"embeddable":true,"href":"https:\/\/www.transtoyou.com\/nb\/wp-json\/wp\/v2\/comments?post=1242"}],"wp:featuredmedia":[{"embeddable":true,"href":"https:\/\/www.transtoyou.com\/nb\/wp-json\/wp\/v2\/media\/1244"}],"wp:attachment":[{"href":"https:\/\/www.transtoyou.com\/nb\/wp-json\/wp\/v2\/media?parent=1242"}],"wp:term":[{"taxonomy":"product_brand","embeddable":true,"href":"https:\/\/www.transtoyou.com\/nb\/wp-json\/wp\/v2\/product_brand?post=1242"},{"taxonomy":"product_cat","embeddable":true,"href":"https:\/\/www.transtoyou.com\/nb\/wp-json\/wp\/v2\/product_cat?post=1242"},{"taxonomy":"product_tag","embeddable":true,"href":"https:\/\/www.transtoyou.com\/nb\/wp-json\/wp\/v2\/product_tag?post=1242"},{"taxonomy":"expert","embeddable":true,"href":"https:\/\/www.transtoyou.com\/nb\/wp-json\/wp\/v2\/expert?post=1242"}],"curies":[{"name":"wp","href":"https:\/\/api.w.org\/{rel}","templated":true}]}}