{"id":1248,"date":"2026-01-26T03:25:09","date_gmt":"2026-01-26T01:25:09","guid":{"rendered":"https:\/\/www.transtoyou.com\/nb\/product\/arcoxia-etoricoxib\/"},"modified":"2026-01-26T03:26:11","modified_gmt":"2026-01-26T01:26:11","slug":"arcoxia-etoricoxib","status":"publish","type":"product","link":"https:\/\/www.transtoyou.com\/nb\/product\/arcoxia-etoricoxib\/","title":{"rendered":"Arcoxia (etoricoxib)"},"content":{"rendered":"<p>Arcoxia, som inneholder den aktive ingrediensen etoricoxib, er en reseptbelagt medikasjon som tilh\u00f8rer klassen legemidler kjent som COX-2 selektive hemmere, en type ikke-steroid antiinflammatorisk legemiddel (NSAID). Den virker ved \u00e5 selektivt blokkere enzymet cyclooxygenase-2 (COX-2), som spiller en avgj\u00f8rende rolle i produksjonen av prostaglandiner. Disse kjemikaliene er ansvarlige for smerte, betennelse og hevelse.<\/p>\n<p>Arcoxia brukes vanligvis for \u00e5 h\u00e5ndtere ulike typer smerte og betennelse assosiert med tilstander som artrose, revmatoid artritt, ankylose spondylitt, akutt urinsyregikt og kroniske korsryggsmerter. Den kan ogs\u00e5 brukes for kortvarig h\u00e5ndtering av moderat smerte, som etter tannkirurgi.<\/p>\n<p>Ved \u00e5 hemme COX-2 uten \u00e5 p\u00e5virke COX-1 betydelig, bidrar Arcoxia til \u00e5 lindre smerte og betennelse samtidig som den minimerer gastrointestinale bivirkninger som ofte sees med tradisjonelle NSAID. Imidlertid kan kardiovaskul\u00e6re risikoer \u00f8ke ved langvarig bruk, spesielt ved h\u00f8yere doser.<\/p>\n<p>Arcoxia er kjent for sin m\u00e5lrettede virkning, som gir effektiv smertelindring med lavere risiko for gastrointestinale ubehag. Dens engangsdosering per dag gir bekvemmelighet for kroniske tilstander.<\/p>\n","protected":false},"excerpt":{"rendered":"<ul>\n<li>COX-2 selektiv NSAID for effektiv betennelseskontroll<\/li>\n<li>Engangsdosering for enkel bruk<\/li>\n<li>Mindre risiko for mages\u00e5r sammenlignet med tradisjonelle NSAIDs<\/li>\n<\/ul>\n","protected":false},"featured_media":1249,"comment_status":"open","ping_status":"closed","template":"","meta":[],"product_brand":[],"product_cat":[81],"product_tag":[],"expert":[19],"class_list":{"0":"post-1248","1":"product","2":"type-product","3":"status-publish","4":"has-post-thumbnail","6":"product_cat-rygg-muskel-og-leddsmerter","7":"expert-dr-j-vazquez","9":"first","10":"instock","11":"shipping-taxable","12":"product-type-variable"},"yoast_head":"<!-- This site is optimized with the Yoast SEO plugin v27.0 - https:\/\/yoast.com\/product\/yoast-seo-wordpress\/ -->\n<title>Arcoxia (etoricoxib) | M\u00e5lrettet lindring for smerte og betennelse - Transtoyou - NB<\/title>\n<meta name=\"description\" content=\"Arcoxia hjelper mot leddgikt, ryggsmerter og leddbetennelse. F\u00e5 resepten din p\u00e5 nett. Trygt, raskt og levert diskret til d\u00f8ren din.\" \/>\n<meta name=\"robots\" content=\"noindex, follow, max-snippet:-1, max-image-preview:large, max-video-preview:-1\" \/>\n<meta property=\"og:locale\" content=\"nb_NO\" \/>\n<meta property=\"og:type\" content=\"article\" \/>\n<meta property=\"og:title\" content=\"Arcoxia (etoricoxib) | M\u00e5lrettet lindring for smerte og betennelse - Transtoyou - NB\" \/>\n<meta property=\"og:description\" content=\"Arcoxia hjelper mot leddgikt, ryggsmerter og leddbetennelse. F\u00e5 resepten din p\u00e5 nett. Trygt, raskt og levert diskret til d\u00f8ren din.\" \/>\n<meta property=\"og:url\" content=\"https:\/\/www.transtoyou.com\/nb\/product\/arcoxia-etoricoxib\/\" \/>\n<meta property=\"og:site_name\" content=\"Transtoyou - NB\" \/>\n<meta property=\"article:modified_time\" content=\"2026-01-26T01:26:11+00:00\" \/>\n<meta name=\"twitter:card\" content=\"summary_large_image\" \/>\n<meta name=\"twitter:label1\" content=\"Ansl. lesetid\" \/>\n\t<meta name=\"twitter:data1\" content=\"1 minutt\" \/>\n<script type=\"application\/ld+json\" class=\"yoast-schema-graph\">{\"@context\":\"https:\/\/schema.org\",\"@graph\":[{\"@type\":\"WebPage\",\"@id\":\"https:\/\/www.transtoyou.com\/nb\/product\/arcoxia-etoricoxib\/\",\"url\":\"https:\/\/www.transtoyou.com\/nb\/product\/arcoxia-etoricoxib\/\",\"name\":\"Arcoxia (etoricoxib) | M\u00e5lrettet lindring for smerte og betennelse - Transtoyou - NB\",\"isPartOf\":{\"@id\":\"https:\/\/www.transtoyou.com\/nb\/#website\"},\"primaryImageOfPage\":{\"@id\":\"https:\/\/www.transtoyou.com\/nb\/product\/arcoxia-etoricoxib\/#primaryimage\"},\"image\":{\"@id\":\"https:\/\/www.transtoyou.com\/nb\/product\/arcoxia-etoricoxib\/#primaryimage\"},\"thumbnailUrl\":\"https:\/\/www.transtoyou.com\/nb\/wp-content\/uploads\/sites\/10\/2026\/01\/tty-no-product-image-181.webp\",\"datePublished\":\"2026-01-26T01:25:09+00:00\",\"dateModified\":\"2026-01-26T01:26:11+00:00\",\"description\":\"Arcoxia hjelper mot leddgikt, ryggsmerter og leddbetennelse. F\u00e5 resepten din p\u00e5 nett. Trygt, raskt og levert diskret til d\u00f8ren din.\",\"breadcrumb\":{\"@id\":\"https:\/\/www.transtoyou.com\/nb\/product\/arcoxia-etoricoxib\/#breadcrumb\"},\"inLanguage\":\"nb-NO\",\"potentialAction\":[{\"@type\":\"ReadAction\",\"target\":[\"https:\/\/www.transtoyou.com\/nb\/product\/arcoxia-etoricoxib\/\"]}]},{\"@type\":\"ImageObject\",\"inLanguage\":\"nb-NO\",\"@id\":\"https:\/\/www.transtoyou.com\/nb\/product\/arcoxia-etoricoxib\/#primaryimage\",\"url\":\"https:\/\/www.transtoyou.com\/nb\/wp-content\/uploads\/sites\/10\/2026\/01\/tty-no-product-image-181.webp\",\"contentUrl\":\"https:\/\/www.transtoyou.com\/nb\/wp-content\/uploads\/sites\/10\/2026\/01\/tty-no-product-image-181.webp\",\"width\":1000,\"height\":1000,\"caption\":\"Standard produktbilde\"},{\"@type\":\"WebSite\",\"@id\":\"https:\/\/www.transtoyou.com\/nb\/#website\",\"url\":\"https:\/\/www.transtoyou.com\/nb\/\",\"name\":\"Transtoyou - NB\",\"description\":\"\",\"publisher\":{\"@id\":\"https:\/\/www.transtoyou.com\/nb\/#organization\"},\"potentialAction\":[{\"@type\":\"SearchAction\",\"target\":{\"@type\":\"EntryPoint\",\"urlTemplate\":\"https:\/\/www.transtoyou.com\/nb\/?s={search_term_string}\"},\"query-input\":{\"@type\":\"PropertyValueSpecification\",\"valueRequired\":true,\"valueName\":\"search_term_string\"}}],\"inLanguage\":\"nb-NO\"},{\"@type\":\"Organization\",\"@id\":\"https:\/\/www.transtoyou.com\/nb\/#organization\",\"name\":\"Transtoyou - NB\",\"url\":\"https:\/\/www.transtoyou.com\/nb\/\",\"logo\":{\"@type\":\"ImageObject\",\"inLanguage\":\"nb-NO\",\"@id\":\"https:\/\/www.transtoyou.com\/nb\/#\/schema\/logo\/image\/\",\"url\":\"https:\/\/www.transtoyou.com\/nb\/wp-content\/uploads\/sites\/10\/2026\/01\/logo-tty-menu-bar-300x87-1.webp\",\"contentUrl\":\"https:\/\/www.transtoyou.com\/nb\/wp-content\/uploads\/sites\/10\/2026\/01\/logo-tty-menu-bar-300x87-1.webp\",\"width\":300,\"height\":87,\"caption\":\"Transtoyou - NB\"},\"image\":{\"@id\":\"https:\/\/www.transtoyou.com\/nb\/#\/schema\/logo\/image\/\"}}]}<\/script>\n<!-- \/ Yoast SEO plugin. -->","yoast_head_json":{"title":"Arcoxia (etoricoxib) | M\u00e5lrettet lindring for smerte og betennelse - Transtoyou - NB","description":"Arcoxia hjelper mot leddgikt, ryggsmerter og leddbetennelse. F\u00e5 resepten din p\u00e5 nett. Trygt, raskt og levert diskret til d\u00f8ren din.","robots":{"index":"noindex","follow":"follow","max-snippet":"max-snippet:-1","max-image-preview":"max-image-preview:large","max-video-preview":"max-video-preview:-1"},"og_locale":"nb_NO","og_type":"article","og_title":"Arcoxia (etoricoxib) | M\u00e5lrettet lindring for smerte og betennelse - Transtoyou - NB","og_description":"Arcoxia hjelper mot leddgikt, ryggsmerter og leddbetennelse. F\u00e5 resepten din p\u00e5 nett. Trygt, raskt og levert diskret til d\u00f8ren din.","og_url":"https:\/\/www.transtoyou.com\/nb\/product\/arcoxia-etoricoxib\/","og_site_name":"Transtoyou - NB","article_modified_time":"2026-01-26T01:26:11+00:00","twitter_card":"summary_large_image","twitter_misc":{"Ansl. lesetid":"1 minutt"},"schema":{"@context":"https:\/\/schema.org","@graph":[{"@type":"WebPage","@id":"https:\/\/www.transtoyou.com\/nb\/product\/arcoxia-etoricoxib\/","url":"https:\/\/www.transtoyou.com\/nb\/product\/arcoxia-etoricoxib\/","name":"Arcoxia (etoricoxib) | M\u00e5lrettet lindring for smerte og betennelse - Transtoyou - NB","isPartOf":{"@id":"https:\/\/www.transtoyou.com\/nb\/#website"},"primaryImageOfPage":{"@id":"https:\/\/www.transtoyou.com\/nb\/product\/arcoxia-etoricoxib\/#primaryimage"},"image":{"@id":"https:\/\/www.transtoyou.com\/nb\/product\/arcoxia-etoricoxib\/#primaryimage"},"thumbnailUrl":"https:\/\/www.transtoyou.com\/nb\/wp-content\/uploads\/sites\/10\/2026\/01\/tty-no-product-image-181.webp","datePublished":"2026-01-26T01:25:09+00:00","dateModified":"2026-01-26T01:26:11+00:00","description":"Arcoxia hjelper mot leddgikt, ryggsmerter og leddbetennelse. F\u00e5 resepten din p\u00e5 nett. Trygt, raskt og levert diskret til d\u00f8ren din.","breadcrumb":{"@id":"https:\/\/www.transtoyou.com\/nb\/product\/arcoxia-etoricoxib\/#breadcrumb"},"inLanguage":"nb-NO","potentialAction":[{"@type":"ReadAction","target":["https:\/\/www.transtoyou.com\/nb\/product\/arcoxia-etoricoxib\/"]}]},{"@type":"ImageObject","inLanguage":"nb-NO","@id":"https:\/\/www.transtoyou.com\/nb\/product\/arcoxia-etoricoxib\/#primaryimage","url":"https:\/\/www.transtoyou.com\/nb\/wp-content\/uploads\/sites\/10\/2026\/01\/tty-no-product-image-181.webp","contentUrl":"https:\/\/www.transtoyou.com\/nb\/wp-content\/uploads\/sites\/10\/2026\/01\/tty-no-product-image-181.webp","width":1000,"height":1000,"caption":"Standard produktbilde"},{"@type":"WebSite","@id":"https:\/\/www.transtoyou.com\/nb\/#website","url":"https:\/\/www.transtoyou.com\/nb\/","name":"Transtoyou - NB","description":"","publisher":{"@id":"https:\/\/www.transtoyou.com\/nb\/#organization"},"potentialAction":[{"@type":"SearchAction","target":{"@type":"EntryPoint","urlTemplate":"https:\/\/www.transtoyou.com\/nb\/?s={search_term_string}"},"query-input":{"@type":"PropertyValueSpecification","valueRequired":true,"valueName":"search_term_string"}}],"inLanguage":"nb-NO"},{"@type":"Organization","@id":"https:\/\/www.transtoyou.com\/nb\/#organization","name":"Transtoyou - NB","url":"https:\/\/www.transtoyou.com\/nb\/","logo":{"@type":"ImageObject","inLanguage":"nb-NO","@id":"https:\/\/www.transtoyou.com\/nb\/#\/schema\/logo\/image\/","url":"https:\/\/www.transtoyou.com\/nb\/wp-content\/uploads\/sites\/10\/2026\/01\/logo-tty-menu-bar-300x87-1.webp","contentUrl":"https:\/\/www.transtoyou.com\/nb\/wp-content\/uploads\/sites\/10\/2026\/01\/logo-tty-menu-bar-300x87-1.webp","width":300,"height":87,"caption":"Transtoyou - NB"},"image":{"@id":"https:\/\/www.transtoyou.com\/nb\/#\/schema\/logo\/image\/"}}]}},"_links":{"self":[{"href":"https:\/\/www.transtoyou.com\/nb\/wp-json\/wp\/v2\/product\/1248","targetHints":{"allow":["GET"]}}],"collection":[{"href":"https:\/\/www.transtoyou.com\/nb\/wp-json\/wp\/v2\/product"}],"about":[{"href":"https:\/\/www.transtoyou.com\/nb\/wp-json\/wp\/v2\/types\/product"}],"replies":[{"embeddable":true,"href":"https:\/\/www.transtoyou.com\/nb\/wp-json\/wp\/v2\/comments?post=1248"}],"wp:featuredmedia":[{"embeddable":true,"href":"https:\/\/www.transtoyou.com\/nb\/wp-json\/wp\/v2\/media\/1249"}],"wp:attachment":[{"href":"https:\/\/www.transtoyou.com\/nb\/wp-json\/wp\/v2\/media?parent=1248"}],"wp:term":[{"taxonomy":"product_brand","embeddable":true,"href":"https:\/\/www.transtoyou.com\/nb\/wp-json\/wp\/v2\/product_brand?post=1248"},{"taxonomy":"product_cat","embeddable":true,"href":"https:\/\/www.transtoyou.com\/nb\/wp-json\/wp\/v2\/product_cat?post=1248"},{"taxonomy":"product_tag","embeddable":true,"href":"https:\/\/www.transtoyou.com\/nb\/wp-json\/wp\/v2\/product_tag?post=1248"},{"taxonomy":"expert","embeddable":true,"href":"https:\/\/www.transtoyou.com\/nb\/wp-json\/wp\/v2\/expert?post=1248"}],"curies":[{"name":"wp","href":"https:\/\/api.w.org\/{rel}","templated":true}]}}