{"id":1259,"date":"2026-01-26T04:42:57","date_gmt":"2026-01-26T02:42:57","guid":{"rendered":"https:\/\/www.transtoyou.com\/nb\/product\/ciprofloxacin-ciproxin\/"},"modified":"2026-02-07T14:26:23","modified_gmt":"2026-02-07T12:26:23","slug":"ciprofloxacin-ciproxin","status":"publish","type":"product","link":"https:\/\/www.transtoyou.com\/nb\/product\/ciprofloxacin-ciproxin\/","title":{"rendered":"Ciprofloxacin (Ciproxin\u00ae)"},"content":{"rendered":"<p>Ciprofloxacin (Ciproxin\u00ae) er et sterkt, bredspektret antibiotikum som brukes til \u00e5 behandle mange forskjellige typer bakterielle infeksjoner. Det er en del av en gruppe antibiotika kalt fluoroquinoloner, og det virker ved \u00e5 stoppe bakterier fra \u00e5 formere seg. Det gj\u00f8r dette ved \u00e5 m\u00e5lrette enzymer (DNA gyrase og topoisomerase IV) som bakterier trenger for \u00e5 kopiere og reparere DNA-et sitt. N\u00e5r disse enzymene blokkeres, kan ikke bakteriene overleve.<\/p>\n<p>Denne medisinen foreskrives vanligvis for urinveisinfeksjoner (UVI), inkludert b\u00e5de enkle og mer kompliserte tilfeller. Den brukes ogs\u00e5 for gastrointestinalinfeksjoner som reisediar\u00e9 og matforgiftning, samt luftveisinfeksjoner som lungebetennelse og bronkitt. Ciprofloxacin kan behandle ben- og leddinfeksjoner (som osteomyelitt og septisk artritt), hud- og bl\u00f8tvevsinfeksjoner, seksuelt overf\u00f8rbare infeksjoner, og den brukes til og med i tilfeller av eksponering for miltbrann eller pest.<\/p>\n<p>En av fordelene med ciprofloxacin er fleksibiliteten \u2013 den er tilgjengelig som tabletter, flytende suspensjon, \u00f8yedr\u00e5per, og til og med intraven\u00f8se infusjoner, noe som gj\u00f8r den nyttig b\u00e5de i sykehus- og polikliniske settinger. Typiske doser varierer fra 250 mg til 500 mg to ganger daglig, vanligvis i 7 til 14 dager, avhengig av typen og alvorlighetsgraden av infeksjonen.<\/p>\n<p>Imidlertid er ciprofloxacin vanligvis ikke et f\u00f8rstevalg antibiotikum. Det kan for\u00e5rsake alvorlige bivirkninger, som senebesv\u00e6r, nerveskader og sentralnervesystemeffekter som svimmelhet, s\u00f8vnl\u00f8shet, eller til og med anfall. Det anbefales ikke under graviditet, hos personer med nyreproblemer, eller de med en historie med anfall.<\/p>\n<p>Fordi ciprofloxacin interagerer med medisiner som warfarin, NSAIDs, teofyllin og metformin, er det viktig \u00e5 informere helsepersonell om eventuelle andre behandlinger du tar.<\/p>\n<p>Selv om det er effektivt, b\u00f8r ciprofloxacin brukes med forsiktighet p\u00e5 grunn av risikoen for resistens og potensielle langsiktige bivirkninger.<\/p>\n","protected":false},"excerpt":{"rendered":"<ul>\n<li>Bredspektret antibiotika for alvorlige infeksjoner<\/li>\n<li>Retter seg mot DNA for \u00e5 stoppe bakteriell vekst<\/li>\n<li>Allsidige former for ulike infeksjoner<\/li>\n<\/ul>\n","protected":false},"featured_media":1261,"comment_status":"open","ping_status":"closed","template":"","meta":[],"product_brand":[],"product_cat":[79,86],"product_tag":[],"expert":[20],"class_list":{"0":"post-1259","1":"product","2":"type-product","3":"status-publish","4":"has-post-thumbnail","6":"product_cat-antibiotika-infeksjon","7":"product_cat-blaere-og-urinveisinfeksjoner","8":"expert-dr-m-ahmed","10":"first","11":"instock","12":"shipping-taxable","13":"purchasable","14":"product-type-variable"},"yoast_head":"<!-- This site is optimized with the Yoast SEO plugin v27.0 - https:\/\/yoast.com\/product\/yoast-seo-wordpress\/ -->\n<title>Ciprofloxacin | Bredspektret Antibiotikum P\u00e5 Nett - Transtoyou - NB<\/title>\n<meta name=\"description\" content=\"Ciprofloxacin behandler urinveisinfeksjoner, bl\u00e6reinfeksjoner og mer. F\u00e5 et legegodkjent resept online med rask, trygg og diskret levering til d\u00f8ren din.\" \/>\n<meta name=\"robots\" content=\"noindex, follow, max-snippet:-1, max-image-preview:large, max-video-preview:-1\" \/>\n<meta property=\"og:locale\" content=\"nb_NO\" \/>\n<meta property=\"og:type\" content=\"article\" \/>\n<meta property=\"og:title\" content=\"Ciprofloxacin | Bredspektret Antibiotikum P\u00e5 Nett - Transtoyou - NB\" \/>\n<meta property=\"og:description\" content=\"Ciprofloxacin behandler urinveisinfeksjoner, bl\u00e6reinfeksjoner og mer. F\u00e5 et legegodkjent resept online med rask, trygg og diskret levering til d\u00f8ren din.\" \/>\n<meta property=\"og:url\" content=\"https:\/\/www.transtoyou.com\/nb\/product\/ciprofloxacin-ciproxin\/\" \/>\n<meta property=\"og:site_name\" content=\"Transtoyou - NB\" \/>\n<meta property=\"article:modified_time\" content=\"2026-02-07T12:26:23+00:00\" \/>\n<meta name=\"twitter:card\" content=\"summary_large_image\" \/>\n<meta name=\"twitter:label1\" content=\"Ansl. lesetid\" \/>\n\t<meta name=\"twitter:data1\" content=\"1 minutt\" \/>\n<script type=\"application\/ld+json\" class=\"yoast-schema-graph\">{\"@context\":\"https:\/\/schema.org\",\"@graph\":[{\"@type\":\"WebPage\",\"@id\":\"https:\/\/www.transtoyou.com\/nb\/product\/ciprofloxacin-ciproxin\/\",\"url\":\"https:\/\/www.transtoyou.com\/nb\/product\/ciprofloxacin-ciproxin\/\",\"name\":\"Ciprofloxacin | Bredspektret Antibiotikum P\u00e5 Nett - Transtoyou - NB\",\"isPartOf\":{\"@id\":\"https:\/\/www.transtoyou.com\/nb\/#website\"},\"primaryImageOfPage\":{\"@id\":\"https:\/\/www.transtoyou.com\/nb\/product\/ciprofloxacin-ciproxin\/#primaryimage\"},\"image\":{\"@id\":\"https:\/\/www.transtoyou.com\/nb\/product\/ciprofloxacin-ciproxin\/#primaryimage\"},\"thumbnailUrl\":\"https:\/\/www.transtoyou.com\/nb\/wp-content\/uploads\/sites\/10\/2026\/01\/tty-no-product-image-185.webp\",\"datePublished\":\"2026-01-26T02:42:57+00:00\",\"dateModified\":\"2026-02-07T12:26:23+00:00\",\"description\":\"Ciprofloxacin behandler urinveisinfeksjoner, bl\u00e6reinfeksjoner og mer. F\u00e5 et legegodkjent resept online med rask, trygg og diskret levering til d\u00f8ren din.\",\"breadcrumb\":{\"@id\":\"https:\/\/www.transtoyou.com\/nb\/product\/ciprofloxacin-ciproxin\/#breadcrumb\"},\"inLanguage\":\"nb-NO\",\"potentialAction\":[{\"@type\":\"ReadAction\",\"target\":[\"https:\/\/www.transtoyou.com\/nb\/product\/ciprofloxacin-ciproxin\/\"]}]},{\"@type\":\"ImageObject\",\"inLanguage\":\"nb-NO\",\"@id\":\"https:\/\/www.transtoyou.com\/nb\/product\/ciprofloxacin-ciproxin\/#primaryimage\",\"url\":\"https:\/\/www.transtoyou.com\/nb\/wp-content\/uploads\/sites\/10\/2026\/01\/tty-no-product-image-185.webp\",\"contentUrl\":\"https:\/\/www.transtoyou.com\/nb\/wp-content\/uploads\/sites\/10\/2026\/01\/tty-no-product-image-185.webp\",\"width\":1000,\"height\":1000,\"caption\":\"Standard produktbilde\"},{\"@type\":\"WebSite\",\"@id\":\"https:\/\/www.transtoyou.com\/nb\/#website\",\"url\":\"https:\/\/www.transtoyou.com\/nb\/\",\"name\":\"Transtoyou - NB\",\"description\":\"\",\"publisher\":{\"@id\":\"https:\/\/www.transtoyou.com\/nb\/#organization\"},\"potentialAction\":[{\"@type\":\"SearchAction\",\"target\":{\"@type\":\"EntryPoint\",\"urlTemplate\":\"https:\/\/www.transtoyou.com\/nb\/?s={search_term_string}\"},\"query-input\":{\"@type\":\"PropertyValueSpecification\",\"valueRequired\":true,\"valueName\":\"search_term_string\"}}],\"inLanguage\":\"nb-NO\"},{\"@type\":\"Organization\",\"@id\":\"https:\/\/www.transtoyou.com\/nb\/#organization\",\"name\":\"Transtoyou - NB\",\"url\":\"https:\/\/www.transtoyou.com\/nb\/\",\"logo\":{\"@type\":\"ImageObject\",\"inLanguage\":\"nb-NO\",\"@id\":\"https:\/\/www.transtoyou.com\/nb\/#\/schema\/logo\/image\/\",\"url\":\"https:\/\/www.transtoyou.com\/nb\/wp-content\/uploads\/sites\/10\/2026\/01\/logo-tty-menu-bar-300x87-1.webp\",\"contentUrl\":\"https:\/\/www.transtoyou.com\/nb\/wp-content\/uploads\/sites\/10\/2026\/01\/logo-tty-menu-bar-300x87-1.webp\",\"width\":300,\"height\":87,\"caption\":\"Transtoyou - NB\"},\"image\":{\"@id\":\"https:\/\/www.transtoyou.com\/nb\/#\/schema\/logo\/image\/\"}}]}<\/script>\n<!-- \/ Yoast SEO plugin. -->","yoast_head_json":{"title":"Ciprofloxacin | Bredspektret Antibiotikum P\u00e5 Nett - Transtoyou - NB","description":"Ciprofloxacin behandler urinveisinfeksjoner, bl\u00e6reinfeksjoner og mer. F\u00e5 et legegodkjent resept online med rask, trygg og diskret levering til d\u00f8ren din.","robots":{"index":"noindex","follow":"follow","max-snippet":"max-snippet:-1","max-image-preview":"max-image-preview:large","max-video-preview":"max-video-preview:-1"},"og_locale":"nb_NO","og_type":"article","og_title":"Ciprofloxacin | Bredspektret Antibiotikum P\u00e5 Nett - Transtoyou - NB","og_description":"Ciprofloxacin behandler urinveisinfeksjoner, bl\u00e6reinfeksjoner og mer. F\u00e5 et legegodkjent resept online med rask, trygg og diskret levering til d\u00f8ren din.","og_url":"https:\/\/www.transtoyou.com\/nb\/product\/ciprofloxacin-ciproxin\/","og_site_name":"Transtoyou - NB","article_modified_time":"2026-02-07T12:26:23+00:00","twitter_card":"summary_large_image","twitter_misc":{"Ansl. lesetid":"1 minutt"},"schema":{"@context":"https:\/\/schema.org","@graph":[{"@type":"WebPage","@id":"https:\/\/www.transtoyou.com\/nb\/product\/ciprofloxacin-ciproxin\/","url":"https:\/\/www.transtoyou.com\/nb\/product\/ciprofloxacin-ciproxin\/","name":"Ciprofloxacin | Bredspektret Antibiotikum P\u00e5 Nett - Transtoyou - NB","isPartOf":{"@id":"https:\/\/www.transtoyou.com\/nb\/#website"},"primaryImageOfPage":{"@id":"https:\/\/www.transtoyou.com\/nb\/product\/ciprofloxacin-ciproxin\/#primaryimage"},"image":{"@id":"https:\/\/www.transtoyou.com\/nb\/product\/ciprofloxacin-ciproxin\/#primaryimage"},"thumbnailUrl":"https:\/\/www.transtoyou.com\/nb\/wp-content\/uploads\/sites\/10\/2026\/01\/tty-no-product-image-185.webp","datePublished":"2026-01-26T02:42:57+00:00","dateModified":"2026-02-07T12:26:23+00:00","description":"Ciprofloxacin behandler urinveisinfeksjoner, bl\u00e6reinfeksjoner og mer. F\u00e5 et legegodkjent resept online med rask, trygg og diskret levering til d\u00f8ren din.","breadcrumb":{"@id":"https:\/\/www.transtoyou.com\/nb\/product\/ciprofloxacin-ciproxin\/#breadcrumb"},"inLanguage":"nb-NO","potentialAction":[{"@type":"ReadAction","target":["https:\/\/www.transtoyou.com\/nb\/product\/ciprofloxacin-ciproxin\/"]}]},{"@type":"ImageObject","inLanguage":"nb-NO","@id":"https:\/\/www.transtoyou.com\/nb\/product\/ciprofloxacin-ciproxin\/#primaryimage","url":"https:\/\/www.transtoyou.com\/nb\/wp-content\/uploads\/sites\/10\/2026\/01\/tty-no-product-image-185.webp","contentUrl":"https:\/\/www.transtoyou.com\/nb\/wp-content\/uploads\/sites\/10\/2026\/01\/tty-no-product-image-185.webp","width":1000,"height":1000,"caption":"Standard produktbilde"},{"@type":"WebSite","@id":"https:\/\/www.transtoyou.com\/nb\/#website","url":"https:\/\/www.transtoyou.com\/nb\/","name":"Transtoyou - NB","description":"","publisher":{"@id":"https:\/\/www.transtoyou.com\/nb\/#organization"},"potentialAction":[{"@type":"SearchAction","target":{"@type":"EntryPoint","urlTemplate":"https:\/\/www.transtoyou.com\/nb\/?s={search_term_string}"},"query-input":{"@type":"PropertyValueSpecification","valueRequired":true,"valueName":"search_term_string"}}],"inLanguage":"nb-NO"},{"@type":"Organization","@id":"https:\/\/www.transtoyou.com\/nb\/#organization","name":"Transtoyou - NB","url":"https:\/\/www.transtoyou.com\/nb\/","logo":{"@type":"ImageObject","inLanguage":"nb-NO","@id":"https:\/\/www.transtoyou.com\/nb\/#\/schema\/logo\/image\/","url":"https:\/\/www.transtoyou.com\/nb\/wp-content\/uploads\/sites\/10\/2026\/01\/logo-tty-menu-bar-300x87-1.webp","contentUrl":"https:\/\/www.transtoyou.com\/nb\/wp-content\/uploads\/sites\/10\/2026\/01\/logo-tty-menu-bar-300x87-1.webp","width":300,"height":87,"caption":"Transtoyou - NB"},"image":{"@id":"https:\/\/www.transtoyou.com\/nb\/#\/schema\/logo\/image\/"}}]}},"_links":{"self":[{"href":"https:\/\/www.transtoyou.com\/nb\/wp-json\/wp\/v2\/product\/1259","targetHints":{"allow":["GET"]}}],"collection":[{"href":"https:\/\/www.transtoyou.com\/nb\/wp-json\/wp\/v2\/product"}],"about":[{"href":"https:\/\/www.transtoyou.com\/nb\/wp-json\/wp\/v2\/types\/product"}],"replies":[{"embeddable":true,"href":"https:\/\/www.transtoyou.com\/nb\/wp-json\/wp\/v2\/comments?post=1259"}],"wp:featuredmedia":[{"embeddable":true,"href":"https:\/\/www.transtoyou.com\/nb\/wp-json\/wp\/v2\/media\/1261"}],"wp:attachment":[{"href":"https:\/\/www.transtoyou.com\/nb\/wp-json\/wp\/v2\/media?parent=1259"}],"wp:term":[{"taxonomy":"product_brand","embeddable":true,"href":"https:\/\/www.transtoyou.com\/nb\/wp-json\/wp\/v2\/product_brand?post=1259"},{"taxonomy":"product_cat","embeddable":true,"href":"https:\/\/www.transtoyou.com\/nb\/wp-json\/wp\/v2\/product_cat?post=1259"},{"taxonomy":"product_tag","embeddable":true,"href":"https:\/\/www.transtoyou.com\/nb\/wp-json\/wp\/v2\/product_tag?post=1259"},{"taxonomy":"expert","embeddable":true,"href":"https:\/\/www.transtoyou.com\/nb\/wp-json\/wp\/v2\/expert?post=1259"}],"curies":[{"name":"wp","href":"https:\/\/api.w.org\/{rel}","templated":true}]}}