{"id":1268,"date":"2026-01-26T05:42:39","date_gmt":"2026-01-26T03:42:39","guid":{"rendered":"https:\/\/www.transtoyou.com\/nb\/product\/paracetamol-codeine\/"},"modified":"2026-03-01T12:23:45","modified_gmt":"2026-03-01T10:23:45","slug":"paracetamol-kodein","status":"publish","type":"product","link":"https:\/\/www.transtoyou.com\/nb\/product\/paracetamol-kodein\/","title":{"rendered":"Paracetamol\/Codein"},"content":{"rendered":"<p>Smerte er en uvelkommen f\u00f8lgesvenn i hverdagen, som forstyrrer alt fra arbeid til enkle gleder. Paracetamol\/Codein er designet for \u00e5 gi lindring n\u00e5r vanlige smertestillende midler som ibuprofen eller paracetamol alene ikke er tilstrekkelig. Dette dualvirkende legemidlet kombinerer paracetamol, et mye brukt smertestillende og febernedsettende middel, med kodein, et mildt opioid som endrer smertens oppfatning i hjernen. Sammen gir de en mer potent respons p\u00e5 moderat til alvorlig smerte.<\/p>\n<p>Paracetamol virker ved \u00e5 redusere produksjonen av prostaglandiner\u2014kjemikalier i kroppen som er ansvarlige for smerte og betennelse. I mellomtiden binder kodein seg til opioidreseptorer i hjernen, og endrer hvordan smertesignaler behandles og forbedrer smertelindringen. Denne kombinasjonen er spesielt effektiv mot hodepine, migrene, tannpine, muskel- og skjelettsmerter, postoperative smerter og menstruasjonsbesv\u00e6r.<\/p>\n<p>Lindringen som tilbys av Paracetamol\/Codein begynner vanligvis innen 30 til 60 minutter og varer i flere timer, noe som gj\u00f8r det til et p\u00e5litelig alternativ for de som trenger effektiv smertelindring. Det er imidlertid avgj\u00f8rende \u00e5 bruke dette legemidlet ansvarlig. Overdreven inntak av paracetamol kan f\u00f8re til leverskader, mens langvarig bruk av kodein medf\u00f8rer en risiko for avhengighet. Det b\u00f8r kun brukes som anvist av en helsepersonell, og alkohol b\u00f8r unng\u00e5s for \u00e5 forhindre \u00f8kt d\u00f8sighet og potensiell leverskade.<\/p>\n","protected":false},"excerpt":{"rendered":"<ul>\n<li>Dobbeltvirkende formel for sterkere lindring<\/li>\n<li>Rasktvirkende smertelindrende kombinasjon<\/li>\n<li>Hjelper n\u00e5r vanlige smertestillende ikke fungerer<\/li>\n<\/ul>\n","protected":false},"featured_media":1270,"comment_status":"open","ping_status":"closed","template":"","meta":[],"product_brand":[],"product_cat":[129,123,70,147,153,81],"product_tag":[],"expert":[16],"class_list":{"0":"post-1268","1":"product","2":"type-product","3":"status-publish","4":"has-post-thumbnail","6":"product_cat-hodepine-migrene","7":"product_cat-influensa-hoste-forkjolelsesmidler","8":"product_cat-magesmerter","9":"product_cat-menstruasjonsubehag","10":"product_cat-nerve-smerte","11":"product_cat-rygg-muskel-og-leddsmerter","12":"expert-dr-c-alexandru","14":"first","15":"instock","16":"shipping-taxable","17":"purchasable","18":"product-type-variable"},"yoast_head":"<!-- This site is optimized with the Yoast SEO plugin v27.0 - https:\/\/yoast.com\/product\/yoast-seo-wordpress\/ -->\n<title>Kj\u00f8p Paracetamol med Kodein p\u00e5 Nett | Rask Lindring - Transtoyou - NB<\/title>\n<meta name=\"description\" content=\"Bestill Paracetamol\/Codein p\u00e5 nett for rask smertelindring. Perfekt for moderat til alvorlig smerte n\u00e5r andre smertestillende ikke holder.\" \/>\n<meta name=\"robots\" content=\"noindex, follow, max-snippet:-1, max-image-preview:large, max-video-preview:-1\" \/>\n<meta property=\"og:locale\" content=\"nb_NO\" \/>\n<meta property=\"og:type\" content=\"article\" \/>\n<meta property=\"og:title\" content=\"Kj\u00f8p Paracetamol med Kodein p\u00e5 Nett | Rask Lindring - Transtoyou - NB\" \/>\n<meta property=\"og:description\" content=\"Bestill Paracetamol\/Codein p\u00e5 nett for rask smertelindring. Perfekt for moderat til alvorlig smerte n\u00e5r andre smertestillende ikke holder.\" \/>\n<meta property=\"og:url\" content=\"https:\/\/www.transtoyou.com\/nb\/product\/paracetamol-codeine\/\" \/>\n<meta property=\"og:site_name\" content=\"Transtoyou - NB\" \/>\n<meta property=\"article:modified_time\" content=\"2026-03-01T10:23:45+00:00\" \/>\n<meta name=\"twitter:card\" content=\"summary_large_image\" \/>\n<meta name=\"twitter:label1\" content=\"Ansl. lesetid\" \/>\n\t<meta name=\"twitter:data1\" content=\"1 minutt\" \/>\n<script type=\"application\/ld+json\" class=\"yoast-schema-graph\">{\"@context\":\"https:\/\/schema.org\",\"@graph\":[{\"@type\":\"WebPage\",\"@id\":\"https:\/\/www.transtoyou.com\/nb\/product\/paracetamol-codeine\/\",\"url\":\"https:\/\/www.transtoyou.com\/nb\/product\/paracetamol-codeine\/\",\"name\":\"Kj\u00f8p Paracetamol med Kodein p\u00e5 Nett | Rask Lindring - Transtoyou - NB\",\"isPartOf\":{\"@id\":\"https:\/\/www.transtoyou.com\/nb\/#website\"},\"primaryImageOfPage\":{\"@id\":\"https:\/\/www.transtoyou.com\/nb\/product\/paracetamol-codeine\/#primaryimage\"},\"image\":{\"@id\":\"https:\/\/www.transtoyou.com\/nb\/product\/paracetamol-codeine\/#primaryimage\"},\"thumbnailUrl\":\"https:\/\/www.transtoyou.com\/nb\/wp-content\/uploads\/sites\/10\/2026\/01\/tty-no-product-image-188.webp\",\"datePublished\":\"2026-01-26T03:42:39+00:00\",\"dateModified\":\"2026-03-01T10:23:45+00:00\",\"description\":\"Bestill Paracetamol\/Codein p\u00e5 nett for rask smertelindring. Perfekt for moderat til alvorlig smerte n\u00e5r andre smertestillende ikke holder.\",\"breadcrumb\":{\"@id\":\"https:\/\/www.transtoyou.com\/nb\/product\/paracetamol-codeine\/#breadcrumb\"},\"inLanguage\":\"nb-NO\",\"potentialAction\":[{\"@type\":\"ReadAction\",\"target\":[\"https:\/\/www.transtoyou.com\/nb\/product\/paracetamol-codeine\/\"]}]},{\"@type\":\"ImageObject\",\"inLanguage\":\"nb-NO\",\"@id\":\"https:\/\/www.transtoyou.com\/nb\/product\/paracetamol-codeine\/#primaryimage\",\"url\":\"https:\/\/www.transtoyou.com\/nb\/wp-content\/uploads\/sites\/10\/2026\/01\/tty-no-product-image-188.webp\",\"contentUrl\":\"https:\/\/www.transtoyou.com\/nb\/wp-content\/uploads\/sites\/10\/2026\/01\/tty-no-product-image-188.webp\",\"width\":1000,\"height\":1000,\"caption\":\"Standard produktbilde\"},{\"@type\":\"WebSite\",\"@id\":\"https:\/\/www.transtoyou.com\/nb\/#website\",\"url\":\"https:\/\/www.transtoyou.com\/nb\/\",\"name\":\"Transtoyou - NB\",\"description\":\"\",\"publisher\":{\"@id\":\"https:\/\/www.transtoyou.com\/nb\/#organization\"},\"potentialAction\":[{\"@type\":\"SearchAction\",\"target\":{\"@type\":\"EntryPoint\",\"urlTemplate\":\"https:\/\/www.transtoyou.com\/nb\/?s={search_term_string}\"},\"query-input\":{\"@type\":\"PropertyValueSpecification\",\"valueRequired\":true,\"valueName\":\"search_term_string\"}}],\"inLanguage\":\"nb-NO\"},{\"@type\":\"Organization\",\"@id\":\"https:\/\/www.transtoyou.com\/nb\/#organization\",\"name\":\"Transtoyou - NB\",\"url\":\"https:\/\/www.transtoyou.com\/nb\/\",\"logo\":{\"@type\":\"ImageObject\",\"inLanguage\":\"nb-NO\",\"@id\":\"https:\/\/www.transtoyou.com\/nb\/#\/schema\/logo\/image\/\",\"url\":\"https:\/\/www.transtoyou.com\/nb\/wp-content\/uploads\/sites\/10\/2026\/01\/logo-tty-menu-bar-300x87-1.webp\",\"contentUrl\":\"https:\/\/www.transtoyou.com\/nb\/wp-content\/uploads\/sites\/10\/2026\/01\/logo-tty-menu-bar-300x87-1.webp\",\"width\":300,\"height\":87,\"caption\":\"Transtoyou - NB\"},\"image\":{\"@id\":\"https:\/\/www.transtoyou.com\/nb\/#\/schema\/logo\/image\/\"}}]}<\/script>\n<!-- \/ Yoast SEO plugin. -->","yoast_head_json":{"title":"Kj\u00f8p Paracetamol med Kodein p\u00e5 Nett | Rask Lindring - Transtoyou - NB","description":"Bestill Paracetamol\/Codein p\u00e5 nett for rask smertelindring. Perfekt for moderat til alvorlig smerte n\u00e5r andre smertestillende ikke holder.","robots":{"index":"noindex","follow":"follow","max-snippet":"max-snippet:-1","max-image-preview":"max-image-preview:large","max-video-preview":"max-video-preview:-1"},"og_locale":"nb_NO","og_type":"article","og_title":"Kj\u00f8p Paracetamol med Kodein p\u00e5 Nett | Rask Lindring - Transtoyou - NB","og_description":"Bestill Paracetamol\/Codein p\u00e5 nett for rask smertelindring. Perfekt for moderat til alvorlig smerte n\u00e5r andre smertestillende ikke holder.","og_url":"https:\/\/www.transtoyou.com\/nb\/product\/paracetamol-codeine\/","og_site_name":"Transtoyou - NB","article_modified_time":"2026-03-01T10:23:45+00:00","twitter_card":"summary_large_image","twitter_misc":{"Ansl. lesetid":"1 minutt"},"schema":{"@context":"https:\/\/schema.org","@graph":[{"@type":"WebPage","@id":"https:\/\/www.transtoyou.com\/nb\/product\/paracetamol-codeine\/","url":"https:\/\/www.transtoyou.com\/nb\/product\/paracetamol-codeine\/","name":"Kj\u00f8p Paracetamol med Kodein p\u00e5 Nett | Rask Lindring - Transtoyou - NB","isPartOf":{"@id":"https:\/\/www.transtoyou.com\/nb\/#website"},"primaryImageOfPage":{"@id":"https:\/\/www.transtoyou.com\/nb\/product\/paracetamol-codeine\/#primaryimage"},"image":{"@id":"https:\/\/www.transtoyou.com\/nb\/product\/paracetamol-codeine\/#primaryimage"},"thumbnailUrl":"https:\/\/www.transtoyou.com\/nb\/wp-content\/uploads\/sites\/10\/2026\/01\/tty-no-product-image-188.webp","datePublished":"2026-01-26T03:42:39+00:00","dateModified":"2026-03-01T10:23:45+00:00","description":"Bestill Paracetamol\/Codein p\u00e5 nett for rask smertelindring. Perfekt for moderat til alvorlig smerte n\u00e5r andre smertestillende ikke holder.","breadcrumb":{"@id":"https:\/\/www.transtoyou.com\/nb\/product\/paracetamol-codeine\/#breadcrumb"},"inLanguage":"nb-NO","potentialAction":[{"@type":"ReadAction","target":["https:\/\/www.transtoyou.com\/nb\/product\/paracetamol-codeine\/"]}]},{"@type":"ImageObject","inLanguage":"nb-NO","@id":"https:\/\/www.transtoyou.com\/nb\/product\/paracetamol-codeine\/#primaryimage","url":"https:\/\/www.transtoyou.com\/nb\/wp-content\/uploads\/sites\/10\/2026\/01\/tty-no-product-image-188.webp","contentUrl":"https:\/\/www.transtoyou.com\/nb\/wp-content\/uploads\/sites\/10\/2026\/01\/tty-no-product-image-188.webp","width":1000,"height":1000,"caption":"Standard produktbilde"},{"@type":"WebSite","@id":"https:\/\/www.transtoyou.com\/nb\/#website","url":"https:\/\/www.transtoyou.com\/nb\/","name":"Transtoyou - NB","description":"","publisher":{"@id":"https:\/\/www.transtoyou.com\/nb\/#organization"},"potentialAction":[{"@type":"SearchAction","target":{"@type":"EntryPoint","urlTemplate":"https:\/\/www.transtoyou.com\/nb\/?s={search_term_string}"},"query-input":{"@type":"PropertyValueSpecification","valueRequired":true,"valueName":"search_term_string"}}],"inLanguage":"nb-NO"},{"@type":"Organization","@id":"https:\/\/www.transtoyou.com\/nb\/#organization","name":"Transtoyou - NB","url":"https:\/\/www.transtoyou.com\/nb\/","logo":{"@type":"ImageObject","inLanguage":"nb-NO","@id":"https:\/\/www.transtoyou.com\/nb\/#\/schema\/logo\/image\/","url":"https:\/\/www.transtoyou.com\/nb\/wp-content\/uploads\/sites\/10\/2026\/01\/logo-tty-menu-bar-300x87-1.webp","contentUrl":"https:\/\/www.transtoyou.com\/nb\/wp-content\/uploads\/sites\/10\/2026\/01\/logo-tty-menu-bar-300x87-1.webp","width":300,"height":87,"caption":"Transtoyou - NB"},"image":{"@id":"https:\/\/www.transtoyou.com\/nb\/#\/schema\/logo\/image\/"}}]}},"_links":{"self":[{"href":"https:\/\/www.transtoyou.com\/nb\/wp-json\/wp\/v2\/product\/1268","targetHints":{"allow":["GET"]}}],"collection":[{"href":"https:\/\/www.transtoyou.com\/nb\/wp-json\/wp\/v2\/product"}],"about":[{"href":"https:\/\/www.transtoyou.com\/nb\/wp-json\/wp\/v2\/types\/product"}],"replies":[{"embeddable":true,"href":"https:\/\/www.transtoyou.com\/nb\/wp-json\/wp\/v2\/comments?post=1268"}],"wp:featuredmedia":[{"embeddable":true,"href":"https:\/\/www.transtoyou.com\/nb\/wp-json\/wp\/v2\/media\/1270"}],"wp:attachment":[{"href":"https:\/\/www.transtoyou.com\/nb\/wp-json\/wp\/v2\/media?parent=1268"}],"wp:term":[{"taxonomy":"product_brand","embeddable":true,"href":"https:\/\/www.transtoyou.com\/nb\/wp-json\/wp\/v2\/product_brand?post=1268"},{"taxonomy":"product_cat","embeddable":true,"href":"https:\/\/www.transtoyou.com\/nb\/wp-json\/wp\/v2\/product_cat?post=1268"},{"taxonomy":"product_tag","embeddable":true,"href":"https:\/\/www.transtoyou.com\/nb\/wp-json\/wp\/v2\/product_tag?post=1268"},{"taxonomy":"expert","embeddable":true,"href":"https:\/\/www.transtoyou.com\/nb\/wp-json\/wp\/v2\/expert?post=1268"}],"curies":[{"name":"wp","href":"https:\/\/api.w.org\/{rel}","templated":true}]}}