{"id":1345,"date":"2026-01-30T07:30:10","date_gmt":"2026-01-30T05:30:10","guid":{"rendered":"https:\/\/www.transtoyou.com\/nb\/product\/mounjaro\/"},"modified":"2026-03-07T16:15:17","modified_gmt":"2026-03-07T14:15:17","slug":"mounjaro","status":"publish","type":"product","link":"https:\/\/www.transtoyou.com\/nb\/product\/mounjaro\/","title":{"rendered":"Mounjaro"},"content":{"rendered":"<p>Mounjaro er en injiserbar medisin utviklet for \u00e5 hjelpe med vektkontroll hos personer som sliter med fedme eller vektrelaterte helseproblemer, under medisinsk tilsyn. Den inneholder den aktive ingrediensen tirzepatid, en dual GIP- og GLP-1-reseptoragonist, som etterligner funksjonen til naturlige tarmhormoner involvert i regulering av blodsukker og appetittkontroll.<\/p>\n<p>Mounjaro er godkjent for type 2-diabetes, og bruken for vektkontroll kan anbefales i spesifikke medisinske sammenhenger. Kliniske studier har vist potensielle vekttapfordeler med tirzepatid hos noen pasienter, og det brukes i \u00f8kende grad i sammenheng med behandling av fedme. Ved \u00e5 forbedre metthetsignalene og bremse magesekkt\u00f8mming, kan det bidra til \u00e5 redusere matinntaket og st\u00f8tte kostholdsendringer, og oppmuntre til b\u00e6rekraftig vekttap over tid.<\/p>\n<p>Mounjaro administreres som en subkutan injeksjon en gang i uken. Doseringen \u00f8kes vanligvis gradvis over flere uker for \u00e5 forbedre toleransen og minimere gastrointestinale bivirkninger. Noen individer kan oppleve redusert appetitt innen de f\u00f8rste ukene.<\/p>\n<p>Vekttap oppn\u00e5dd med Mounjaro kan v\u00e6re betydelig, spesielt n\u00e5r det kombineres med livsstilsendringer som forbedret ern\u00e6ring og \u00f8kt fysisk aktivitet. Det kan ogs\u00e5 forbedre blodtrykk, kolesterol og insulinf\u00f8lsomhet.<\/p>\n<p>Vanlige bivirkninger inkluderer kvalme, diar\u00e9, nedsatt appetitt og forstoppelse, spesielt n\u00e5r man f\u00f8rst begynner med behandlingen. Disse effektene pleier \u00e5 forbedre seg over tid. Mounjaro er ikke egnet for personer med en historie med medull\u00e6r skjoldbruskkjertelkreft eller syndrom for flere endokrine neoplasier type 2.<\/p>\n","protected":false},"excerpt":{"rendered":"<ul>\n<li>Ukentlig injeksjon for vekttap<\/li>\n<li>Reduserer appetitt og cravings<\/li>\n<li>St\u00f8tter langsiktig vektkontroll<\/li>\n<\/ul>\n","protected":false},"featured_media":1352,"comment_status":"open","ping_status":"closed","template":"","meta":[],"product_brand":[],"product_cat":[177],"product_tag":[],"expert":[19],"class_list":{"0":"post-1345","1":"product","2":"type-product","3":"status-publish","4":"has-post-thumbnail","6":"product_cat-vekttap","7":"expert-dr-j-vazquez","9":"first","10":"instock","11":"shipping-taxable","12":"purchasable","13":"product-type-variable"},"yoast_head":"<!-- This site is optimized with the Yoast SEO plugin v27.0 - https:\/\/yoast.com\/product\/yoast-seo-wordpress\/ -->\n<title>Mounjaro | Hjelper med Vektkontroll p\u00e5 en Sikker M\u00e5te - Transtoyou<\/title>\n<meta name=\"description\" content=\"Mounjaro, en tirzepatid-injeksjon, st\u00f8tter vekth\u00e5ndtering ved fedme med medisinsk veiledning. Oppdag fordelene hos Transtoyou i dag.\" \/>\n<meta name=\"robots\" content=\"noindex, follow, max-snippet:-1, max-image-preview:large, max-video-preview:-1\" \/>\n<meta property=\"og:locale\" content=\"nb_NO\" \/>\n<meta property=\"og:type\" content=\"article\" \/>\n<meta property=\"og:title\" content=\"Mounjaro | Hjelper med Vektkontroll p\u00e5 en Sikker M\u00e5te - Transtoyou\" \/>\n<meta property=\"og:description\" content=\"Mounjaro, en tirzepatid-injeksjon, st\u00f8tter vekth\u00e5ndtering ved fedme med medisinsk veiledning. Oppdag fordelene hos Transtoyou i dag.\" \/>\n<meta property=\"og:url\" content=\"https:\/\/www.transtoyou.com\/nb\/product\/mounjaro\/\" \/>\n<meta property=\"og:site_name\" content=\"Transtoyou - NB\" \/>\n<meta property=\"article:modified_time\" content=\"2026-03-07T14:15:17+00:00\" \/>\n<meta name=\"twitter:card\" content=\"summary_large_image\" \/>\n<meta name=\"twitter:label1\" content=\"Ansl. lesetid\" \/>\n\t<meta name=\"twitter:data1\" content=\"1 minutt\" \/>\n<script type=\"application\/ld+json\" class=\"yoast-schema-graph\">{\"@context\":\"https:\/\/schema.org\",\"@graph\":[{\"@type\":\"WebPage\",\"@id\":\"https:\/\/www.transtoyou.com\/nb\/product\/mounjaro\/\",\"url\":\"https:\/\/www.transtoyou.com\/nb\/product\/mounjaro\/\",\"name\":\"Mounjaro | Hjelper med Vektkontroll p\u00e5 en Sikker M\u00e5te - Transtoyou\",\"isPartOf\":{\"@id\":\"https:\/\/www.transtoyou.com\/nb\/#website\"},\"primaryImageOfPage\":{\"@id\":\"https:\/\/www.transtoyou.com\/nb\/product\/mounjaro\/#primaryimage\"},\"image\":{\"@id\":\"https:\/\/www.transtoyou.com\/nb\/product\/mounjaro\/#primaryimage\"},\"thumbnailUrl\":\"https:\/\/www.transtoyou.com\/nb\/wp-content\/uploads\/sites\/10\/2025\/09\/Mounjaro-1.png\",\"datePublished\":\"2026-01-30T05:30:10+00:00\",\"dateModified\":\"2026-03-07T14:15:17+00:00\",\"description\":\"Mounjaro, en tirzepatid-injeksjon, st\u00f8tter vekth\u00e5ndtering ved fedme med medisinsk veiledning. Oppdag fordelene hos Transtoyou i dag.\",\"breadcrumb\":{\"@id\":\"https:\/\/www.transtoyou.com\/nb\/product\/mounjaro\/#breadcrumb\"},\"inLanguage\":\"nb-NO\",\"potentialAction\":[{\"@type\":\"ReadAction\",\"target\":[\"https:\/\/www.transtoyou.com\/nb\/product\/mounjaro\/\"]}]},{\"@type\":\"ImageObject\",\"inLanguage\":\"nb-NO\",\"@id\":\"https:\/\/www.transtoyou.com\/nb\/product\/mounjaro\/#primaryimage\",\"url\":\"https:\/\/www.transtoyou.com\/nb\/wp-content\/uploads\/sites\/10\/2025\/09\/Mounjaro-1.png\",\"contentUrl\":\"https:\/\/www.transtoyou.com\/nb\/wp-content\/uploads\/sites\/10\/2025\/09\/Mounjaro-1.png\",\"width\":1080,\"height\":1080,\"caption\":\"Mounjaro Prik Pen - Transtoyou\"},{\"@type\":\"WebSite\",\"@id\":\"https:\/\/www.transtoyou.com\/nb\/#website\",\"url\":\"https:\/\/www.transtoyou.com\/nb\/\",\"name\":\"Transtoyou - NB\",\"description\":\"\",\"publisher\":{\"@id\":\"https:\/\/www.transtoyou.com\/nb\/#organization\"},\"potentialAction\":[{\"@type\":\"SearchAction\",\"target\":{\"@type\":\"EntryPoint\",\"urlTemplate\":\"https:\/\/www.transtoyou.com\/nb\/?s={search_term_string}\"},\"query-input\":{\"@type\":\"PropertyValueSpecification\",\"valueRequired\":true,\"valueName\":\"search_term_string\"}}],\"inLanguage\":\"nb-NO\"},{\"@type\":\"Organization\",\"@id\":\"https:\/\/www.transtoyou.com\/nb\/#organization\",\"name\":\"Transtoyou - NB\",\"url\":\"https:\/\/www.transtoyou.com\/nb\/\",\"logo\":{\"@type\":\"ImageObject\",\"inLanguage\":\"nb-NO\",\"@id\":\"https:\/\/www.transtoyou.com\/nb\/#\/schema\/logo\/image\/\",\"url\":\"https:\/\/www.transtoyou.com\/nb\/wp-content\/uploads\/sites\/10\/2026\/01\/logo-tty-menu-bar-300x87-1.webp\",\"contentUrl\":\"https:\/\/www.transtoyou.com\/nb\/wp-content\/uploads\/sites\/10\/2026\/01\/logo-tty-menu-bar-300x87-1.webp\",\"width\":300,\"height\":87,\"caption\":\"Transtoyou - NB\"},\"image\":{\"@id\":\"https:\/\/www.transtoyou.com\/nb\/#\/schema\/logo\/image\/\"}}]}<\/script>\n<!-- \/ Yoast SEO plugin. -->","yoast_head_json":{"title":"Mounjaro | Hjelper med Vektkontroll p\u00e5 en Sikker M\u00e5te - Transtoyou","description":"Mounjaro, en tirzepatid-injeksjon, st\u00f8tter vekth\u00e5ndtering ved fedme med medisinsk veiledning. Oppdag fordelene hos Transtoyou i dag.","robots":{"index":"noindex","follow":"follow","max-snippet":"max-snippet:-1","max-image-preview":"max-image-preview:large","max-video-preview":"max-video-preview:-1"},"og_locale":"nb_NO","og_type":"article","og_title":"Mounjaro | Hjelper med Vektkontroll p\u00e5 en Sikker M\u00e5te - Transtoyou","og_description":"Mounjaro, en tirzepatid-injeksjon, st\u00f8tter vekth\u00e5ndtering ved fedme med medisinsk veiledning. Oppdag fordelene hos Transtoyou i dag.","og_url":"https:\/\/www.transtoyou.com\/nb\/product\/mounjaro\/","og_site_name":"Transtoyou - NB","article_modified_time":"2026-03-07T14:15:17+00:00","twitter_card":"summary_large_image","twitter_misc":{"Ansl. lesetid":"1 minutt"},"schema":{"@context":"https:\/\/schema.org","@graph":[{"@type":"WebPage","@id":"https:\/\/www.transtoyou.com\/nb\/product\/mounjaro\/","url":"https:\/\/www.transtoyou.com\/nb\/product\/mounjaro\/","name":"Mounjaro | Hjelper med Vektkontroll p\u00e5 en Sikker M\u00e5te - Transtoyou","isPartOf":{"@id":"https:\/\/www.transtoyou.com\/nb\/#website"},"primaryImageOfPage":{"@id":"https:\/\/www.transtoyou.com\/nb\/product\/mounjaro\/#primaryimage"},"image":{"@id":"https:\/\/www.transtoyou.com\/nb\/product\/mounjaro\/#primaryimage"},"thumbnailUrl":"https:\/\/www.transtoyou.com\/nb\/wp-content\/uploads\/sites\/10\/2025\/09\/Mounjaro-1.png","datePublished":"2026-01-30T05:30:10+00:00","dateModified":"2026-03-07T14:15:17+00:00","description":"Mounjaro, en tirzepatid-injeksjon, st\u00f8tter vekth\u00e5ndtering ved fedme med medisinsk veiledning. Oppdag fordelene hos Transtoyou i dag.","breadcrumb":{"@id":"https:\/\/www.transtoyou.com\/nb\/product\/mounjaro\/#breadcrumb"},"inLanguage":"nb-NO","potentialAction":[{"@type":"ReadAction","target":["https:\/\/www.transtoyou.com\/nb\/product\/mounjaro\/"]}]},{"@type":"ImageObject","inLanguage":"nb-NO","@id":"https:\/\/www.transtoyou.com\/nb\/product\/mounjaro\/#primaryimage","url":"https:\/\/www.transtoyou.com\/nb\/wp-content\/uploads\/sites\/10\/2025\/09\/Mounjaro-1.png","contentUrl":"https:\/\/www.transtoyou.com\/nb\/wp-content\/uploads\/sites\/10\/2025\/09\/Mounjaro-1.png","width":1080,"height":1080,"caption":"Mounjaro Prik Pen - Transtoyou"},{"@type":"WebSite","@id":"https:\/\/www.transtoyou.com\/nb\/#website","url":"https:\/\/www.transtoyou.com\/nb\/","name":"Transtoyou - NB","description":"","publisher":{"@id":"https:\/\/www.transtoyou.com\/nb\/#organization"},"potentialAction":[{"@type":"SearchAction","target":{"@type":"EntryPoint","urlTemplate":"https:\/\/www.transtoyou.com\/nb\/?s={search_term_string}"},"query-input":{"@type":"PropertyValueSpecification","valueRequired":true,"valueName":"search_term_string"}}],"inLanguage":"nb-NO"},{"@type":"Organization","@id":"https:\/\/www.transtoyou.com\/nb\/#organization","name":"Transtoyou - NB","url":"https:\/\/www.transtoyou.com\/nb\/","logo":{"@type":"ImageObject","inLanguage":"nb-NO","@id":"https:\/\/www.transtoyou.com\/nb\/#\/schema\/logo\/image\/","url":"https:\/\/www.transtoyou.com\/nb\/wp-content\/uploads\/sites\/10\/2026\/01\/logo-tty-menu-bar-300x87-1.webp","contentUrl":"https:\/\/www.transtoyou.com\/nb\/wp-content\/uploads\/sites\/10\/2026\/01\/logo-tty-menu-bar-300x87-1.webp","width":300,"height":87,"caption":"Transtoyou - NB"},"image":{"@id":"https:\/\/www.transtoyou.com\/nb\/#\/schema\/logo\/image\/"}}]}},"_links":{"self":[{"href":"https:\/\/www.transtoyou.com\/nb\/wp-json\/wp\/v2\/product\/1345","targetHints":{"allow":["GET"]}}],"collection":[{"href":"https:\/\/www.transtoyou.com\/nb\/wp-json\/wp\/v2\/product"}],"about":[{"href":"https:\/\/www.transtoyou.com\/nb\/wp-json\/wp\/v2\/types\/product"}],"replies":[{"embeddable":true,"href":"https:\/\/www.transtoyou.com\/nb\/wp-json\/wp\/v2\/comments?post=1345"}],"wp:featuredmedia":[{"embeddable":true,"href":"https:\/\/www.transtoyou.com\/nb\/wp-json\/wp\/v2\/media\/1352"}],"wp:attachment":[{"href":"https:\/\/www.transtoyou.com\/nb\/wp-json\/wp\/v2\/media?parent=1345"}],"wp:term":[{"taxonomy":"product_brand","embeddable":true,"href":"https:\/\/www.transtoyou.com\/nb\/wp-json\/wp\/v2\/product_brand?post=1345"},{"taxonomy":"product_cat","embeddable":true,"href":"https:\/\/www.transtoyou.com\/nb\/wp-json\/wp\/v2\/product_cat?post=1345"},{"taxonomy":"product_tag","embeddable":true,"href":"https:\/\/www.transtoyou.com\/nb\/wp-json\/wp\/v2\/product_tag?post=1345"},{"taxonomy":"expert","embeddable":true,"href":"https:\/\/www.transtoyou.com\/nb\/wp-json\/wp\/v2\/expert?post=1345"}],"curies":[{"name":"wp","href":"https:\/\/api.w.org\/{rel}","templated":true}]}}