{"id":1360,"date":"2026-02-07T11:35:05","date_gmt":"2026-02-07T09:35:05","guid":{"rendered":"https:\/\/www.transtoyou.com\/nb\/product\/allopurinol\/"},"modified":"2026-02-07T13:06:42","modified_gmt":"2026-02-07T11:06:42","slug":"allopurinol","status":"publish","type":"product","link":"https:\/\/www.transtoyou.com\/nb\/product\/allopurinol\/","title":{"rendered":"Allopurinol"},"content":{"rendered":"<p>Allopurinol er en medisin fra gruppen av xanthinoksidasehemmere, brukt for \u00e5 senke h\u00f8ye niv\u00e5er av urinsyre i kroppen. Det hjelper med \u00e5 forhindre problemer som gikt (en type leddsmerte for\u00e5rsaket av urinsyrekristaller) og urinsyregallesteiner. I motsetning til smertestillende midler, lindrer det ikke smerte direkte, men jobber for \u00e5 forhindre fremtidige utbrudd ved \u00e5 redusere produksjonen av urinsyre.<\/p>\n<p>Allopurinol blokkerer en kjemisk prosess i kroppen som normalt omdanner stoffer til urinsyre. Ved \u00e5 bremse denne prosessen, hjelper det med \u00e5 holde urinsyreniv\u00e5ene lave. Dette gj\u00f8r at eksisterende krystaller gradvis kan l\u00f8se seg opp og hjelper med \u00e5 stoppe nye fra \u00e5 dannes.<\/p>\n<p>Det brukes hovedsakelig for personer med kronisk h\u00f8ye urinsyreniv\u00e5er, spesielt de som har gjentatte giktanfall eller gallesteiner. I noen tilfeller brukes det ogs\u00e5 n\u00e5r urinsyreniv\u00e5ene stiger p\u00e5 grunn av andre helseforhold eller behandlinger.<\/p>\n<p>Allopurinol virker ikke med en gang\u2014det tar noen dager \u00e5 begynne \u00e5 senke urinsyreniv\u00e5ene og opptil 1\u20132 uker for full effekt. For best resultat b\u00f8r det tas hver dag med mat og med rikelig med v\u00e6ske (minst 2 liter om dagen).<\/p>\n<p>Den st\u00f8rste fordelen med \u00e5 bruke Allopurinol er \u00e5 forhindre giktanfall og nyreproblemer p\u00e5 lang sikt. Det tolereres generelt godt, men milde hudutslett eller andre sjeldne allergiske reaksjoner kan forekomme hos noen mennesker.<\/p>\n","protected":false},"excerpt":{"rendered":"<ul>\n<li>Hjelper med \u00e5 forebygge giktanfall og urinsyregikt nyrestein<\/li>\n<li>Reduserer urinsyreniv\u00e5ene i blod og urin<\/li>\n<li>St\u00f8tter langsiktig kontroll av kronisk hyperurikemi<\/li>\n<\/ul>\n","protected":false},"featured_media":1366,"comment_status":"open","ping_status":"closed","template":"","meta":[],"product_brand":[],"product_cat":[68,81],"product_tag":[],"expert":[],"class_list":{"0":"post-1360","1":"product","2":"type-product","3":"status-publish","4":"has-post-thumbnail","6":"product_cat-generell-helse","7":"product_cat-rygg-muskel-og-leddsmerter","9":"first","10":"instock","11":"shipping-taxable","12":"product-type-variable"},"yoast_head":"<!-- This site is optimized with the Yoast SEO plugin v27.0 - https:\/\/yoast.com\/product\/yoast-seo-wordpress\/ -->\n<title>Kj\u00f8p Allopurinol p\u00e5 nett | Rask godkjenning fra lege - Transtoyou - NB<\/title>\n<meta name=\"description\" content=\"Bestill Allopurinol p\u00e5 nettet med rask medisinsk vurdering. Ingen venterom. Rask levering over hele Europa. Trygt, diskret og resept inkludert.\" \/>\n<meta name=\"robots\" content=\"noindex, follow, max-snippet:-1, max-image-preview:large, max-video-preview:-1\" \/>\n<meta property=\"og:locale\" content=\"nb_NO\" \/>\n<meta property=\"og:type\" content=\"article\" \/>\n<meta property=\"og:title\" content=\"Kj\u00f8p Allopurinol p\u00e5 nett | Rask godkjenning fra lege - Transtoyou - NB\" \/>\n<meta property=\"og:description\" content=\"Bestill Allopurinol p\u00e5 nettet med rask medisinsk vurdering. Ingen venterom. Rask levering over hele Europa. Trygt, diskret og resept inkludert.\" \/>\n<meta property=\"og:url\" content=\"https:\/\/www.transtoyou.com\/nb\/product\/allopurinol\/\" \/>\n<meta property=\"og:site_name\" content=\"Transtoyou - NB\" \/>\n<meta property=\"article:modified_time\" content=\"2026-02-07T11:06:42+00:00\" \/>\n<meta name=\"twitter:card\" content=\"summary_large_image\" \/>\n<meta name=\"twitter:label1\" content=\"Ansl. lesetid\" \/>\n\t<meta name=\"twitter:data1\" content=\"1 minutt\" \/>\n<script type=\"application\/ld+json\" class=\"yoast-schema-graph\">{\"@context\":\"https:\/\/schema.org\",\"@graph\":[{\"@type\":\"WebPage\",\"@id\":\"https:\/\/www.transtoyou.com\/nb\/product\/allopurinol\/\",\"url\":\"https:\/\/www.transtoyou.com\/nb\/product\/allopurinol\/\",\"name\":\"Kj\u00f8p Allopurinol p\u00e5 nett | Rask godkjenning fra lege - Transtoyou - NB\",\"isPartOf\":{\"@id\":\"https:\/\/www.transtoyou.com\/nb\/#website\"},\"primaryImageOfPage\":{\"@id\":\"https:\/\/www.transtoyou.com\/nb\/product\/allopurinol\/#primaryimage\"},\"image\":{\"@id\":\"https:\/\/www.transtoyou.com\/nb\/product\/allopurinol\/#primaryimage\"},\"thumbnailUrl\":\"https:\/\/www.transtoyou.com\/nb\/wp-content\/uploads\/sites\/10\/2026\/02\/tty-no-product-image.webp\",\"datePublished\":\"2026-02-07T09:35:05+00:00\",\"dateModified\":\"2026-02-07T11:06:42+00:00\",\"description\":\"Bestill Allopurinol p\u00e5 nettet med rask medisinsk vurdering. Ingen venterom. Rask levering over hele Europa. Trygt, diskret og resept inkludert.\",\"breadcrumb\":{\"@id\":\"https:\/\/www.transtoyou.com\/nb\/product\/allopurinol\/#breadcrumb\"},\"inLanguage\":\"nb-NO\",\"potentialAction\":[{\"@type\":\"ReadAction\",\"target\":[\"https:\/\/www.transtoyou.com\/nb\/product\/allopurinol\/\"]}]},{\"@type\":\"ImageObject\",\"inLanguage\":\"nb-NO\",\"@id\":\"https:\/\/www.transtoyou.com\/nb\/product\/allopurinol\/#primaryimage\",\"url\":\"https:\/\/www.transtoyou.com\/nb\/wp-content\/uploads\/sites\/10\/2026\/02\/tty-no-product-image.webp\",\"contentUrl\":\"https:\/\/www.transtoyou.com\/nb\/wp-content\/uploads\/sites\/10\/2026\/02\/tty-no-product-image.webp\",\"width\":1000,\"height\":1000,\"caption\":\"Standard produktbilde\"},{\"@type\":\"WebSite\",\"@id\":\"https:\/\/www.transtoyou.com\/nb\/#website\",\"url\":\"https:\/\/www.transtoyou.com\/nb\/\",\"name\":\"Transtoyou - NB\",\"description\":\"\",\"publisher\":{\"@id\":\"https:\/\/www.transtoyou.com\/nb\/#organization\"},\"potentialAction\":[{\"@type\":\"SearchAction\",\"target\":{\"@type\":\"EntryPoint\",\"urlTemplate\":\"https:\/\/www.transtoyou.com\/nb\/?s={search_term_string}\"},\"query-input\":{\"@type\":\"PropertyValueSpecification\",\"valueRequired\":true,\"valueName\":\"search_term_string\"}}],\"inLanguage\":\"nb-NO\"},{\"@type\":\"Organization\",\"@id\":\"https:\/\/www.transtoyou.com\/nb\/#organization\",\"name\":\"Transtoyou - NB\",\"url\":\"https:\/\/www.transtoyou.com\/nb\/\",\"logo\":{\"@type\":\"ImageObject\",\"inLanguage\":\"nb-NO\",\"@id\":\"https:\/\/www.transtoyou.com\/nb\/#\/schema\/logo\/image\/\",\"url\":\"https:\/\/www.transtoyou.com\/nb\/wp-content\/uploads\/sites\/10\/2026\/01\/logo-tty-menu-bar-300x87-1.webp\",\"contentUrl\":\"https:\/\/www.transtoyou.com\/nb\/wp-content\/uploads\/sites\/10\/2026\/01\/logo-tty-menu-bar-300x87-1.webp\",\"width\":300,\"height\":87,\"caption\":\"Transtoyou - NB\"},\"image\":{\"@id\":\"https:\/\/www.transtoyou.com\/nb\/#\/schema\/logo\/image\/\"}}]}<\/script>\n<!-- \/ Yoast SEO plugin. -->","yoast_head_json":{"title":"Kj\u00f8p Allopurinol p\u00e5 nett | Rask godkjenning fra lege - Transtoyou - NB","description":"Bestill Allopurinol p\u00e5 nettet med rask medisinsk vurdering. Ingen venterom. Rask levering over hele Europa. Trygt, diskret og resept inkludert.","robots":{"index":"noindex","follow":"follow","max-snippet":"max-snippet:-1","max-image-preview":"max-image-preview:large","max-video-preview":"max-video-preview:-1"},"og_locale":"nb_NO","og_type":"article","og_title":"Kj\u00f8p Allopurinol p\u00e5 nett | Rask godkjenning fra lege - Transtoyou - NB","og_description":"Bestill Allopurinol p\u00e5 nettet med rask medisinsk vurdering. Ingen venterom. Rask levering over hele Europa. Trygt, diskret og resept inkludert.","og_url":"https:\/\/www.transtoyou.com\/nb\/product\/allopurinol\/","og_site_name":"Transtoyou - NB","article_modified_time":"2026-02-07T11:06:42+00:00","twitter_card":"summary_large_image","twitter_misc":{"Ansl. lesetid":"1 minutt"},"schema":{"@context":"https:\/\/schema.org","@graph":[{"@type":"WebPage","@id":"https:\/\/www.transtoyou.com\/nb\/product\/allopurinol\/","url":"https:\/\/www.transtoyou.com\/nb\/product\/allopurinol\/","name":"Kj\u00f8p Allopurinol p\u00e5 nett | Rask godkjenning fra lege - Transtoyou - NB","isPartOf":{"@id":"https:\/\/www.transtoyou.com\/nb\/#website"},"primaryImageOfPage":{"@id":"https:\/\/www.transtoyou.com\/nb\/product\/allopurinol\/#primaryimage"},"image":{"@id":"https:\/\/www.transtoyou.com\/nb\/product\/allopurinol\/#primaryimage"},"thumbnailUrl":"https:\/\/www.transtoyou.com\/nb\/wp-content\/uploads\/sites\/10\/2026\/02\/tty-no-product-image.webp","datePublished":"2026-02-07T09:35:05+00:00","dateModified":"2026-02-07T11:06:42+00:00","description":"Bestill Allopurinol p\u00e5 nettet med rask medisinsk vurdering. Ingen venterom. Rask levering over hele Europa. Trygt, diskret og resept inkludert.","breadcrumb":{"@id":"https:\/\/www.transtoyou.com\/nb\/product\/allopurinol\/#breadcrumb"},"inLanguage":"nb-NO","potentialAction":[{"@type":"ReadAction","target":["https:\/\/www.transtoyou.com\/nb\/product\/allopurinol\/"]}]},{"@type":"ImageObject","inLanguage":"nb-NO","@id":"https:\/\/www.transtoyou.com\/nb\/product\/allopurinol\/#primaryimage","url":"https:\/\/www.transtoyou.com\/nb\/wp-content\/uploads\/sites\/10\/2026\/02\/tty-no-product-image.webp","contentUrl":"https:\/\/www.transtoyou.com\/nb\/wp-content\/uploads\/sites\/10\/2026\/02\/tty-no-product-image.webp","width":1000,"height":1000,"caption":"Standard produktbilde"},{"@type":"WebSite","@id":"https:\/\/www.transtoyou.com\/nb\/#website","url":"https:\/\/www.transtoyou.com\/nb\/","name":"Transtoyou - NB","description":"","publisher":{"@id":"https:\/\/www.transtoyou.com\/nb\/#organization"},"potentialAction":[{"@type":"SearchAction","target":{"@type":"EntryPoint","urlTemplate":"https:\/\/www.transtoyou.com\/nb\/?s={search_term_string}"},"query-input":{"@type":"PropertyValueSpecification","valueRequired":true,"valueName":"search_term_string"}}],"inLanguage":"nb-NO"},{"@type":"Organization","@id":"https:\/\/www.transtoyou.com\/nb\/#organization","name":"Transtoyou - NB","url":"https:\/\/www.transtoyou.com\/nb\/","logo":{"@type":"ImageObject","inLanguage":"nb-NO","@id":"https:\/\/www.transtoyou.com\/nb\/#\/schema\/logo\/image\/","url":"https:\/\/www.transtoyou.com\/nb\/wp-content\/uploads\/sites\/10\/2026\/01\/logo-tty-menu-bar-300x87-1.webp","contentUrl":"https:\/\/www.transtoyou.com\/nb\/wp-content\/uploads\/sites\/10\/2026\/01\/logo-tty-menu-bar-300x87-1.webp","width":300,"height":87,"caption":"Transtoyou - NB"},"image":{"@id":"https:\/\/www.transtoyou.com\/nb\/#\/schema\/logo\/image\/"}}]}},"_links":{"self":[{"href":"https:\/\/www.transtoyou.com\/nb\/wp-json\/wp\/v2\/product\/1360","targetHints":{"allow":["GET"]}}],"collection":[{"href":"https:\/\/www.transtoyou.com\/nb\/wp-json\/wp\/v2\/product"}],"about":[{"href":"https:\/\/www.transtoyou.com\/nb\/wp-json\/wp\/v2\/types\/product"}],"replies":[{"embeddable":true,"href":"https:\/\/www.transtoyou.com\/nb\/wp-json\/wp\/v2\/comments?post=1360"}],"wp:featuredmedia":[{"embeddable":true,"href":"https:\/\/www.transtoyou.com\/nb\/wp-json\/wp\/v2\/media\/1366"}],"wp:attachment":[{"href":"https:\/\/www.transtoyou.com\/nb\/wp-json\/wp\/v2\/media?parent=1360"}],"wp:term":[{"taxonomy":"product_brand","embeddable":true,"href":"https:\/\/www.transtoyou.com\/nb\/wp-json\/wp\/v2\/product_brand?post=1360"},{"taxonomy":"product_cat","embeddable":true,"href":"https:\/\/www.transtoyou.com\/nb\/wp-json\/wp\/v2\/product_cat?post=1360"},{"taxonomy":"product_tag","embeddable":true,"href":"https:\/\/www.transtoyou.com\/nb\/wp-json\/wp\/v2\/product_tag?post=1360"},{"taxonomy":"expert","embeddable":true,"href":"https:\/\/www.transtoyou.com\/nb\/wp-json\/wp\/v2\/expert?post=1360"}],"curies":[{"name":"wp","href":"https:\/\/api.w.org\/{rel}","templated":true}]}}