{"id":1697,"date":"2026-02-25T16:35:05","date_gmt":"2026-02-25T14:35:05","guid":{"rendered":"https:\/\/www.transtoyou.com\/nb\/product\/femoston-conti\/"},"modified":"2026-02-26T06:53:22","modified_gmt":"2026-02-26T04:53:22","slug":"femoston-conti","status":"publish","type":"product","link":"https:\/\/www.transtoyou.com\/nb\/product\/femoston-conti\/","title":{"rendered":"Femoston Conti"},"content":{"rendered":"<h2>Hva er Femoston Conti?<\/h2>\n<p>Femoston Conti er en kontinuerlig kombinert <a href=\"\/nb\/treatment\/hormone-replacement-therapy\">hormonbehandling (HRT)<\/a> tablett som brukes til \u00e5 <a href=\"\/nb\/treatment\/menopause-pms-relief\/\">behandle symptomer p\u00e5 overgangsalder<\/a>. Den inneholder to hormoner: estradiol, en form for \u00f8strogen, og dydrogesteron, en type progesteron (ogs\u00e5 kalt et progestogen).<\/p>\n<p>Etter overgangsalderen slutter eggstokkene dine \u00e5 produsere betydelige mengder \u00f8strogen. Denne hormonelle endringen kan for\u00e5rsake symptomer som hetetokter, nattesvette, s\u00f8vnproblemer og vaginal t\u00f8rrhet. Femoston Conti erstatter disse hormonene i en jevn daglig dose.<\/p>\n<p>Fordi Femoston Conti inneholder b\u00e5de \u00f8strogen og progesteron i hver tablett, kalles det kontinuerlig kombinert HRT. \u201cKontinuerlig\u201d betyr at du tar det hver dag uten pause. I motsetning til sekvensiell HRT, er Femoston Conti designet slik at du normalt ikke har m\u00e5nedlig bl\u00f8dning.<\/p>\n<p>Femoston Conti foreskrives vanligvis hvis:<\/p>\n<ul>\n<li>Du er postmenopausal (ingen menstruasjon p\u00e5 minst 12 m\u00e5neder)<\/li>\n<li>Du fortsatt har livmoren din<\/li>\n<\/ul>\n<p>Det kommer som en oral tablett som du tar en gang daglig.<\/p>\n<h2>Hva brukes Femoston Conti til?<\/h2>\n<p>Femoston Conti brukes til \u00e5 lindre symptomer p\u00e5 overgangsalder for\u00e5rsaket av lave \u00f8strogenniv\u00e5er.<\/p>\n<p>Under overgangsalderen kan nedgangen i \u00f8strogen for\u00e5rsake:<\/p>\n<ul>\n<li>Hetetokter<\/li>\n<li>Nattesvette<\/li>\n<li>S\u00f8vnforstyrrelser<\/li>\n<li>Hum\u00f8rsvingninger<\/li>\n<li>Vaginal t\u00f8rrhet<\/li>\n<li>Redusert libido<\/li>\n<li>Tretthet<\/li>\n<li>Leddsmerter<\/li>\n<\/ul>\n<p>Hetetokter og nattesvette er kjent som vasomotoriske symptomer. Dette betyr at kroppens interne temperaturregulering blir forstyrret av hormonelle endringer.<\/p>\n<p>Femoston Conti kan ogs\u00e5 bidra til \u00e5 forhindre postmenopausal osteoporose, en tilstand der bein blir tynnere og mer skj\u00f8re p\u00e5 grunn av tap av \u00f8strogen. Dette kan redusere brudd risikoen hos kvinner som er i \u00f8kt risiko og som ikke kan bruke andre beinbehandlinger.<\/p>\n<p>Femoston Conti er spesielt egnet hvis du er helt postmenopausal og foretrekker ikke \u00e5 ha m\u00e5nedlig bl\u00f8dning.<\/p>\n<h2>Hvordan fungerer Femoston Conti?<\/h2>\n<p>Femoston Conti fungerer ved \u00e5 erstatte de to viktige hormonene som avtar etter overgangsalderen.<\/p>\n<h4>Estradiol (\u00d8strogen)<\/h4>\n<p>Estradiol er kjemisk likt det \u00f8strogenet kroppen din naturlig produserte f\u00f8r overgangsalderen. Det hjelper til med \u00e5:<\/p>\n<ul>\n<li>Redusere hetetokter og nattesvette<\/li>\n<li>Forbedre vaginal t\u00f8rrhet<\/li>\n<li>St\u00f8tte hum\u00f8r og s\u00f8vn<\/li>\n<li>Opprettholde bentetthet<\/li>\n<li>St\u00f8tte generell hormonbalanse<\/li>\n<\/ul>\n<h3>Dydrogesteron (Progestogen)<\/h3>\n<p>Hvis du fortsatt har livmoren din, kan det \u00e5 ta \u00f8strogen alene f\u00f8re til at slimhinnen i livmoren (kalt endometrium) tykner for mye. Over tid \u00f8ker dette risikoen for livmorkreft.<\/p>\n<p>Dydrogesteron beskytter slimhinnen i livmoren din ved \u00e5 forhindre overdreven tykning. Fordi det er inkludert i hver tablett, er behandlingen kontinuerlig og forhindrer vanligvis m\u00e5nedlig bl\u00f8dning.<\/p>\n<p>Ved \u00e5 kombinere begge hormonene i \u00e9n daglig tablett, gir Femoston Conti balansert hormonbehandling for postmenopausale kvinner.<\/p>\n<h2>Hvem b\u00f8r ikke bruke Femoston Conti?<\/h2>\n<p>Du b\u00f8r ikke bruke Femoston Conti hvis:<\/p>\n<ul>\n<li>Du har eller har hatt brystkreft<\/li>\n<li>Du har \u00f8strogenavhengig kreft<\/li>\n<li>Du har uforklarlig vaginal bl\u00f8dning<\/li>\n<li>Du har ubehandlet endometrial hyperplasi<\/li>\n<li>Du har eller har hatt blodpropp<\/li>\n<li>Du har en kjent koagulasjonsforstyrrelse<\/li>\n<li>Du nylig har hatt hjerteinfarkt eller hjerneslag<\/li>\n<li>Du har alvorlig leversykdom<\/li>\n<li>Du er allergisk mot estradiol eller dydrogesteron<\/li>\n<\/ul>\n<p>Informer alltid legen din om din medisinske historie f\u00f8r du starter hormonbehandling.<\/p>\n<h3>Graviditet og amming<\/h3>\n<p>Femoston Conti er kun ment for postmenopausale kvinner.<\/p>\n<p>Du m\u00e5 ikke ta Femoston Conti hvis du er gravid eller tror du kan v\u00e6re gravid.<\/p>\n<p>Femoston Conti b\u00f8r ikke brukes under amming.<\/p>\n<p>Hvis graviditet oppst\u00e5r under behandlingen, m\u00e5 du slutte \u00e5 ta tablettene og kontakte lege umiddelbart.<\/p>\n<h2>Hvordan bruke Femoston Conti og dosering<\/h2>\n<p>Ta alltid Femoston Conti n\u00f8yaktig som foreskrevet.<\/p>\n<ul>\n<li>Ta \u00e9n tablett daglig<\/li>\n<li>Ta den til samme tid hver dag<\/li>\n<li>Svelg tabletten med vann<\/li>\n<li>Ikke hopp over doser<\/li>\n<\/ul>\n<p>Fordi det er kontinuerlig kombinert HRT, tar du tablettene hver dag uten pause mellom pakkene.<\/p>\n<p>Hvis du glemmer en dose og det har g\u00e5tt mindre enn 12 timer, ta den s\u00e5 snart du husker. Hvis mer enn 12 timer har g\u00e5tt, hopp over den glemte dosen og fortsett som normalt.<\/p>\n<p>Legen din vil foreskrive den laveste effektive dosen for \u00e5 kontrollere symptomene dine og vil regelmessig vurdere behandlingen din.<\/p>\n<h2>Mulige bivirkninger<\/h2>\n<p>Som alle medisiner kan Femoston Conti for\u00e5rsake bivirkninger, selv om ikke alle opplever dem.<\/p>\n<p>Vanlige bivirkninger inkluderer:<\/p>\n<ul>\n<li>Bryst\u00f8mhet<\/li>\n<li>Hodepine<\/li>\n<li>Kvalme<\/li>\n<li>Abdominal smerte<\/li>\n<li>Hum\u00f8rsvingninger<\/li>\n<li>Moderat v\u00e6skeansamling<\/li>\n<li>Uregelmessig bl\u00f8dning, spesielt i de f\u00f8rste m\u00e5nedene<\/li>\n<\/ul>\n<p>Mer alvorlige, men mindre vanlige risikoer knyttet til hormonbehandling inkluderer:<\/p>\n<ul>\n<li>Blodpropp<\/li>\n<li>Slag<\/li>\n<li>Brystkreft<\/li>\n<li>Eggstokkreft<\/li>\n<li>Hjerte- og karsykdommer<\/li>\n<\/ul>\n<p>Din individuelle risiko avhenger av din alder, tid siden overgangsalder, personlig medisinsk historie og familiehistorie.<\/p>\n<p>For friske kvinner under 60 eller innen 10 \u00e5r etter overgangsalder, anses den totale risikoen generelt som lav n\u00e5r den overv\u00e5kes p\u00e5 riktig m\u00e5te.<\/p>\n<h2>Viktig sikkerhetsinformasjon<\/h2>\n<p>F\u00f8r du starter Femoston Conti, b\u00f8r du ha en full medisinsk konsultasjon.<\/p>\n<p>Fortell legen din hvis du noen gang har hatt:<\/p>\n<ul>\n<li><a href=\"\/nb\/treatment\/high-blood-pressure\">H\u00f8yt blodtrykk<\/a><\/li>\n<li><a href=\"\/nb\/treatment\/diabetes\">Diabetes<\/a><\/li>\n<li><a href=\"\/nb\/treatment\/headache-and-migraines\/\">Migrene<\/a><\/li>\n<li>Gallestein<\/li>\n<li>Leversykdom<\/li>\n<li>Fibroider<\/li>\n<li><a href=\"\/nb\/treatment\/endometriosis\">Endometriose<\/a><\/li>\n<li>H\u00f8ye triglyserider<\/li>\n<li>Familiehistorie med brystkreft<\/li>\n<\/ul>\n<p>Mens du bruker Femoston Conti:<\/p>\n<ul>\n<li>Delta p\u00e5 regelmessige kontroller<\/li>\n<li>Fortsett med rutinemessig brystscreening<\/li>\n<li>Utf\u00f8r regelmessige brystselvunders\u00f8kelser<\/li>\n<li>Rapporter uvanlig vaginal bl\u00f8dning<\/li>\n<\/ul>\n<p>Hormonbehandling b\u00f8r vurderes minst \u00e9n gang i \u00e5ret.<\/p>\n<h2>N\u00e5r du skal s\u00f8ke medisinsk hjelp<\/h2>\n<p>Slutt \u00e5 ta Femoston Conti og s\u00f8k umiddelbar medisinsk hjelp hvis du opplever:<\/p>\n<ul>\n<li>Smertefull hevelse i ett ben<\/li>\n<li>Plutselig brystsmerte<\/li>\n<li>Vanskeligheter med \u00e5 puste<\/li>\n<li>Alvorlig plutselig hodepine<\/li>\n<li>Syns- eller taleproblemer<\/li>\n<li>Svakhet p\u00e5 den ene siden av kroppen din<\/li>\n<li>Gulning av huden eller \u00f8ynene<\/li>\n<li>Tecken p\u00e5 en alvorlig allergisk reaksjon<\/li>\n<\/ul>\n<p>Hvis du er usikker p\u00e5 om symptomene dine er relatert til hormonbehandling, kan du bestille en sikker videokonsultasjon med en av v\u00e5re lisensierte leger via Transtoyou for personlig medisinsk r\u00e5d. Hvis symptomene dine er alvorlige eller plutselige, s\u00f8k umiddelbar medisinsk hjelp.<\/p>\n","protected":false},"excerpt":{"rendered":"<ul>\n<li>Femoston Conti: Kontinuerlige kombinerte hormonerstatningstabletter for \u00e5 lindre menopausale symptomer uten m\u00e5nedlig bl\u00f8dning.<\/li>\n<li>Aktiv ingrediens: Estradiol (\u00f8strogen) og Dydrogesteron (progestogen)<\/li>\n<li>Brukes til: hormonerstatningsterapi (HRT)<\/li>\n<\/ul>\n","protected":false},"featured_media":1699,"comment_status":"open","ping_status":"closed","template":"","meta":[],"product_brand":[],"product_cat":[139,145],"product_tag":[],"expert":[16],"class_list":{"0":"post-1697","1":"product","2":"type-product","3":"status-publish","4":"has-post-thumbnail","6":"product_cat-hormonerstatningsterapi-hrt","7":"product_cat-menopause-og-pms-lindring","8":"expert-dr-c-alexandru","10":"first","11":"instock","12":"shipping-taxable","13":"product-type-variable"},"yoast_head":"<!-- This site is optimized with the Yoast SEO plugin v27.0 - https:\/\/yoast.com\/product\/yoast-seo-wordpress\/ -->\n<title>Femoston Conti | Kontinuerlig HRT for Lindring - Transtoyou<\/title>\n<meta name=\"description\" content=\"Femoston Conti kontinuerlig kombinert HRT for postmenopausale symptomer, l\u00e6r hvordan det fungerer, sjekk egnethet med en lege, tilgjengelig her p\u00e5 Transtoyou.\" \/>\n<meta name=\"robots\" content=\"noindex, follow, max-snippet:-1, max-image-preview:large, max-video-preview:-1\" \/>\n<meta property=\"og:locale\" content=\"nb_NO\" \/>\n<meta property=\"og:type\" content=\"article\" \/>\n<meta property=\"og:title\" content=\"Femoston Conti | Kontinuerlig HRT for Lindring - Transtoyou\" \/>\n<meta property=\"og:description\" content=\"Femoston Conti kontinuerlig kombinert HRT for postmenopausale symptomer, l\u00e6r hvordan det fungerer, sjekk egnethet med en lege, tilgjengelig her p\u00e5 Transtoyou.\" \/>\n<meta property=\"og:url\" content=\"https:\/\/www.transtoyou.com\/nb\/product\/femoston-conti\/\" \/>\n<meta property=\"og:site_name\" content=\"Transtoyou - NB\" \/>\n<meta property=\"article:modified_time\" content=\"2026-02-26T04:53:22+00:00\" \/>\n<meta name=\"twitter:card\" content=\"summary_large_image\" \/>\n<meta name=\"twitter:label1\" content=\"Ansl. lesetid\" \/>\n\t<meta name=\"twitter:data1\" content=\"5 minutter\" \/>\n<script type=\"application\/ld+json\" class=\"yoast-schema-graph\">{\"@context\":\"https:\/\/schema.org\",\"@graph\":[{\"@type\":\"WebPage\",\"@id\":\"https:\/\/www.transtoyou.com\/nb\/product\/femoston-conti\/\",\"url\":\"https:\/\/www.transtoyou.com\/nb\/product\/femoston-conti\/\",\"name\":\"Femoston Conti | Kontinuerlig HRT for Lindring - Transtoyou\",\"isPartOf\":{\"@id\":\"https:\/\/www.transtoyou.com\/nb\/#website\"},\"primaryImageOfPage\":{\"@id\":\"https:\/\/www.transtoyou.com\/nb\/product\/femoston-conti\/#primaryimage\"},\"image\":{\"@id\":\"https:\/\/www.transtoyou.com\/nb\/product\/femoston-conti\/#primaryimage\"},\"thumbnailUrl\":\"https:\/\/www.transtoyou.com\/nb\/wp-content\/uploads\/sites\/10\/2026\/02\/tty-no-product-image-11.webp\",\"datePublished\":\"2026-02-25T14:35:05+00:00\",\"dateModified\":\"2026-02-26T04:53:22+00:00\",\"description\":\"Femoston Conti kontinuerlig kombinert HRT for postmenopausale symptomer, l\u00e6r hvordan det fungerer, sjekk egnethet med en lege, tilgjengelig her p\u00e5 Transtoyou.\",\"breadcrumb\":{\"@id\":\"https:\/\/www.transtoyou.com\/nb\/product\/femoston-conti\/#breadcrumb\"},\"inLanguage\":\"nb-NO\",\"potentialAction\":[{\"@type\":\"ReadAction\",\"target\":[\"https:\/\/www.transtoyou.com\/nb\/product\/femoston-conti\/\"]}]},{\"@type\":\"ImageObject\",\"inLanguage\":\"nb-NO\",\"@id\":\"https:\/\/www.transtoyou.com\/nb\/product\/femoston-conti\/#primaryimage\",\"url\":\"https:\/\/www.transtoyou.com\/nb\/wp-content\/uploads\/sites\/10\/2026\/02\/tty-no-product-image-11.webp\",\"contentUrl\":\"https:\/\/www.transtoyou.com\/nb\/wp-content\/uploads\/sites\/10\/2026\/02\/tty-no-product-image-11.webp\",\"width\":1000,\"height\":1000,\"caption\":\"Standard produktbilde\"},{\"@type\":\"WebSite\",\"@id\":\"https:\/\/www.transtoyou.com\/nb\/#website\",\"url\":\"https:\/\/www.transtoyou.com\/nb\/\",\"name\":\"Transtoyou - NB\",\"description\":\"\",\"publisher\":{\"@id\":\"https:\/\/www.transtoyou.com\/nb\/#organization\"},\"potentialAction\":[{\"@type\":\"SearchAction\",\"target\":{\"@type\":\"EntryPoint\",\"urlTemplate\":\"https:\/\/www.transtoyou.com\/nb\/?s={search_term_string}\"},\"query-input\":{\"@type\":\"PropertyValueSpecification\",\"valueRequired\":true,\"valueName\":\"search_term_string\"}}],\"inLanguage\":\"nb-NO\"},{\"@type\":\"Organization\",\"@id\":\"https:\/\/www.transtoyou.com\/nb\/#organization\",\"name\":\"Transtoyou - NB\",\"url\":\"https:\/\/www.transtoyou.com\/nb\/\",\"logo\":{\"@type\":\"ImageObject\",\"inLanguage\":\"nb-NO\",\"@id\":\"https:\/\/www.transtoyou.com\/nb\/#\/schema\/logo\/image\/\",\"url\":\"https:\/\/www.transtoyou.com\/nb\/wp-content\/uploads\/sites\/10\/2026\/01\/logo-tty-menu-bar-300x87-1.webp\",\"contentUrl\":\"https:\/\/www.transtoyou.com\/nb\/wp-content\/uploads\/sites\/10\/2026\/01\/logo-tty-menu-bar-300x87-1.webp\",\"width\":300,\"height\":87,\"caption\":\"Transtoyou - NB\"},\"image\":{\"@id\":\"https:\/\/www.transtoyou.com\/nb\/#\/schema\/logo\/image\/\"}}]}<\/script>\n<!-- \/ Yoast SEO plugin. -->","yoast_head_json":{"title":"Femoston Conti | Kontinuerlig HRT for Lindring - Transtoyou","description":"Femoston Conti kontinuerlig kombinert HRT for postmenopausale symptomer, l\u00e6r hvordan det fungerer, sjekk egnethet med en lege, tilgjengelig her p\u00e5 Transtoyou.","robots":{"index":"noindex","follow":"follow","max-snippet":"max-snippet:-1","max-image-preview":"max-image-preview:large","max-video-preview":"max-video-preview:-1"},"og_locale":"nb_NO","og_type":"article","og_title":"Femoston Conti | Kontinuerlig HRT for Lindring - Transtoyou","og_description":"Femoston Conti kontinuerlig kombinert HRT for postmenopausale symptomer, l\u00e6r hvordan det fungerer, sjekk egnethet med en lege, tilgjengelig her p\u00e5 Transtoyou.","og_url":"https:\/\/www.transtoyou.com\/nb\/product\/femoston-conti\/","og_site_name":"Transtoyou - NB","article_modified_time":"2026-02-26T04:53:22+00:00","twitter_card":"summary_large_image","twitter_misc":{"Ansl. lesetid":"5 minutter"},"schema":{"@context":"https:\/\/schema.org","@graph":[{"@type":"WebPage","@id":"https:\/\/www.transtoyou.com\/nb\/product\/femoston-conti\/","url":"https:\/\/www.transtoyou.com\/nb\/product\/femoston-conti\/","name":"Femoston Conti | Kontinuerlig HRT for Lindring - Transtoyou","isPartOf":{"@id":"https:\/\/www.transtoyou.com\/nb\/#website"},"primaryImageOfPage":{"@id":"https:\/\/www.transtoyou.com\/nb\/product\/femoston-conti\/#primaryimage"},"image":{"@id":"https:\/\/www.transtoyou.com\/nb\/product\/femoston-conti\/#primaryimage"},"thumbnailUrl":"https:\/\/www.transtoyou.com\/nb\/wp-content\/uploads\/sites\/10\/2026\/02\/tty-no-product-image-11.webp","datePublished":"2026-02-25T14:35:05+00:00","dateModified":"2026-02-26T04:53:22+00:00","description":"Femoston Conti kontinuerlig kombinert HRT for postmenopausale symptomer, l\u00e6r hvordan det fungerer, sjekk egnethet med en lege, tilgjengelig her p\u00e5 Transtoyou.","breadcrumb":{"@id":"https:\/\/www.transtoyou.com\/nb\/product\/femoston-conti\/#breadcrumb"},"inLanguage":"nb-NO","potentialAction":[{"@type":"ReadAction","target":["https:\/\/www.transtoyou.com\/nb\/product\/femoston-conti\/"]}]},{"@type":"ImageObject","inLanguage":"nb-NO","@id":"https:\/\/www.transtoyou.com\/nb\/product\/femoston-conti\/#primaryimage","url":"https:\/\/www.transtoyou.com\/nb\/wp-content\/uploads\/sites\/10\/2026\/02\/tty-no-product-image-11.webp","contentUrl":"https:\/\/www.transtoyou.com\/nb\/wp-content\/uploads\/sites\/10\/2026\/02\/tty-no-product-image-11.webp","width":1000,"height":1000,"caption":"Standard produktbilde"},{"@type":"WebSite","@id":"https:\/\/www.transtoyou.com\/nb\/#website","url":"https:\/\/www.transtoyou.com\/nb\/","name":"Transtoyou - NB","description":"","publisher":{"@id":"https:\/\/www.transtoyou.com\/nb\/#organization"},"potentialAction":[{"@type":"SearchAction","target":{"@type":"EntryPoint","urlTemplate":"https:\/\/www.transtoyou.com\/nb\/?s={search_term_string}"},"query-input":{"@type":"PropertyValueSpecification","valueRequired":true,"valueName":"search_term_string"}}],"inLanguage":"nb-NO"},{"@type":"Organization","@id":"https:\/\/www.transtoyou.com\/nb\/#organization","name":"Transtoyou - NB","url":"https:\/\/www.transtoyou.com\/nb\/","logo":{"@type":"ImageObject","inLanguage":"nb-NO","@id":"https:\/\/www.transtoyou.com\/nb\/#\/schema\/logo\/image\/","url":"https:\/\/www.transtoyou.com\/nb\/wp-content\/uploads\/sites\/10\/2026\/01\/logo-tty-menu-bar-300x87-1.webp","contentUrl":"https:\/\/www.transtoyou.com\/nb\/wp-content\/uploads\/sites\/10\/2026\/01\/logo-tty-menu-bar-300x87-1.webp","width":300,"height":87,"caption":"Transtoyou - NB"},"image":{"@id":"https:\/\/www.transtoyou.com\/nb\/#\/schema\/logo\/image\/"}}]}},"_links":{"self":[{"href":"https:\/\/www.transtoyou.com\/nb\/wp-json\/wp\/v2\/product\/1697","targetHints":{"allow":["GET"]}}],"collection":[{"href":"https:\/\/www.transtoyou.com\/nb\/wp-json\/wp\/v2\/product"}],"about":[{"href":"https:\/\/www.transtoyou.com\/nb\/wp-json\/wp\/v2\/types\/product"}],"replies":[{"embeddable":true,"href":"https:\/\/www.transtoyou.com\/nb\/wp-json\/wp\/v2\/comments?post=1697"}],"wp:featuredmedia":[{"embeddable":true,"href":"https:\/\/www.transtoyou.com\/nb\/wp-json\/wp\/v2\/media\/1699"}],"wp:attachment":[{"href":"https:\/\/www.transtoyou.com\/nb\/wp-json\/wp\/v2\/media?parent=1697"}],"wp:term":[{"taxonomy":"product_brand","embeddable":true,"href":"https:\/\/www.transtoyou.com\/nb\/wp-json\/wp\/v2\/product_brand?post=1697"},{"taxonomy":"product_cat","embeddable":true,"href":"https:\/\/www.transtoyou.com\/nb\/wp-json\/wp\/v2\/product_cat?post=1697"},{"taxonomy":"product_tag","embeddable":true,"href":"https:\/\/www.transtoyou.com\/nb\/wp-json\/wp\/v2\/product_tag?post=1697"},{"taxonomy":"expert","embeddable":true,"href":"https:\/\/www.transtoyou.com\/nb\/wp-json\/wp\/v2\/expert?post=1697"}],"curies":[{"name":"wp","href":"https:\/\/api.w.org\/{rel}","templated":true}]}}