{"id":1755,"date":"2026-02-28T13:57:11","date_gmt":"2026-02-28T11:57:11","guid":{"rendered":"https:\/\/www.transtoyou.com\/nb\/product\/oestrogel\/"},"modified":"2026-02-28T13:57:43","modified_gmt":"2026-02-28T11:57:43","slug":"oestrogel","status":"publish","type":"product","link":"https:\/\/www.transtoyou.com\/nb\/product\/oestrogel\/","title":{"rendered":"Oestrogel"},"content":{"rendered":"<p>Oestrogel er en transdermal gel som leverer estradiol gjennom huden for \u00e5 gjenopprette \u00f8strogenniv\u00e5ene i kroppen. Den brukes i hormonbehandling for personer som opplever symptomer relatert til overgangsalderen, og kan ogs\u00e5 brukes i sammenheng med feminiserende hormonbehandling for transkj\u00f8nnede kvinner.<\/p>\n<p>Under overgangsalderen kan nedgangen i \u00f8strogen f\u00f8re til symptomer som hetetokter, nattesvette, s\u00f8vnproblemer og vaginal t\u00f8rrhet. Oestrogel bidrar til \u00e5 lindre disse symptomene ved \u00e5 fylle p\u00e5 estradiolniv\u00e5ene gjennom huden, unng\u00e5 ford\u00f8yelsessystemet og tilby et ikke-oralt alternativ for behandling. Gelen p\u00e5f\u00f8res vanligvis \u00e9n gang daglig p\u00e5 ren, t\u00f8rr hud p\u00e5 armene eller l\u00e5rene.<\/p>\n<p>I kj\u00f8nnsbekreftende omsorg gir Oestrogel en gradvis og kontrollert frigj\u00f8ring av estradiol, som st\u00f8tter fysiske endringer som brystutvikling, mykere hud og fettfordeling hos transkj\u00f8nnede kvinner. Dens brukervennlighet og justerbare dosering gj\u00f8r den til et passende alternativ for de som s\u00f8ker fleksibilitet i sin feminiserende behandling.<\/p>\n<p>Gelen t\u00f8rker raskt, etterlater ingen rester, og gj\u00f8r det mulig \u00e5 tilpasse doseringen til individuelle behov. Enten den brukes for \u00e5 lindre symptomer p\u00e5 overgangsalder eller som en del av en kj\u00f8nnsovergangsplan, tilbyr Oestrogel en praktisk og konsekvent metode for hormonlevering som enkelt integreres i daglige rutiner.<\/p>\n","protected":false},"excerpt":{"rendered":"<ul>\n<li>Transdermalt \u00f8strogen gel<\/li>\n<li>Brukes for overgangsalder og overgang<\/li>\n<li>Tilpassbar daglig dose<\/li>\n<\/ul>\n","protected":false},"featured_media":1759,"comment_status":"open","ping_status":"closed","template":"","meta":[],"product_brand":[],"product_cat":[139,116],"product_tag":[],"expert":[16],"class_list":{"0":"post-1755","1":"product","2":"type-product","3":"status-publish","4":"has-post-thumbnail","6":"product_cat-hormonerstatningsterapi-hrt","7":"product_cat-ostrogen-og-feminiserende-terapi","8":"expert-dr-c-alexandru","10":"first","11":"instock","12":"shipping-taxable","13":"product-type-variable"},"yoast_head":"<!-- This site is optimized with the Yoast SEO plugin v27.0 - https:\/\/yoast.com\/product\/yoast-seo-wordpress\/ -->\n<title>Oestrogel | St\u00f8tte for Hormonbalanse - Transtoyou<\/title>\n<meta name=\"description\" content=\"Oppdag Oestrogel hos Transtoyou, og f\u00e5 eksklusiv tilgang til hormonbehandlingene dine. Sikre deg kj\u00f8pet i dag for effektive resultater og bekvemmelighet.\" \/>\n<meta name=\"robots\" content=\"noindex, follow, max-snippet:-1, max-image-preview:large, max-video-preview:-1\" \/>\n<meta property=\"og:locale\" content=\"nb_NO\" \/>\n<meta property=\"og:type\" content=\"article\" \/>\n<meta property=\"og:title\" content=\"Oestrogel | St\u00f8tte for Hormonbalanse - Transtoyou\" \/>\n<meta property=\"og:description\" content=\"Oppdag Oestrogel hos Transtoyou, og f\u00e5 eksklusiv tilgang til hormonbehandlingene dine. Sikre deg kj\u00f8pet i dag for effektive resultater og bekvemmelighet.\" \/>\n<meta property=\"og:url\" content=\"https:\/\/www.transtoyou.com\/nb\/product\/oestrogel\/\" \/>\n<meta property=\"og:site_name\" content=\"Transtoyou - NB\" \/>\n<meta property=\"article:modified_time\" content=\"2026-02-28T11:57:43+00:00\" \/>\n<meta name=\"twitter:card\" content=\"summary_large_image\" \/>\n<meta name=\"twitter:label1\" content=\"Ansl. lesetid\" \/>\n\t<meta name=\"twitter:data1\" content=\"1 minutt\" \/>\n<script type=\"application\/ld+json\" class=\"yoast-schema-graph\">{\"@context\":\"https:\/\/schema.org\",\"@graph\":[{\"@type\":\"WebPage\",\"@id\":\"https:\/\/www.transtoyou.com\/nb\/product\/oestrogel\/\",\"url\":\"https:\/\/www.transtoyou.com\/nb\/product\/oestrogel\/\",\"name\":\"Oestrogel | St\u00f8tte for Hormonbalanse - Transtoyou\",\"isPartOf\":{\"@id\":\"https:\/\/www.transtoyou.com\/nb\/#website\"},\"primaryImageOfPage\":{\"@id\":\"https:\/\/www.transtoyou.com\/nb\/product\/oestrogel\/#primaryimage\"},\"image\":{\"@id\":\"https:\/\/www.transtoyou.com\/nb\/product\/oestrogel\/#primaryimage\"},\"thumbnailUrl\":\"https:\/\/www.transtoyou.com\/nb\/wp-content\/uploads\/sites\/10\/2026\/02\/tty-no-product-image-15.webp\",\"datePublished\":\"2026-02-28T11:57:11+00:00\",\"dateModified\":\"2026-02-28T11:57:43+00:00\",\"description\":\"Oppdag Oestrogel hos Transtoyou, og f\u00e5 eksklusiv tilgang til hormonbehandlingene dine. Sikre deg kj\u00f8pet i dag for effektive resultater og bekvemmelighet.\",\"breadcrumb\":{\"@id\":\"https:\/\/www.transtoyou.com\/nb\/product\/oestrogel\/#breadcrumb\"},\"inLanguage\":\"nb-NO\",\"potentialAction\":[{\"@type\":\"ReadAction\",\"target\":[\"https:\/\/www.transtoyou.com\/nb\/product\/oestrogel\/\"]}]},{\"@type\":\"ImageObject\",\"inLanguage\":\"nb-NO\",\"@id\":\"https:\/\/www.transtoyou.com\/nb\/product\/oestrogel\/#primaryimage\",\"url\":\"https:\/\/www.transtoyou.com\/nb\/wp-content\/uploads\/sites\/10\/2026\/02\/tty-no-product-image-15.webp\",\"contentUrl\":\"https:\/\/www.transtoyou.com\/nb\/wp-content\/uploads\/sites\/10\/2026\/02\/tty-no-product-image-15.webp\",\"width\":1000,\"height\":1000,\"caption\":\"Standard produktbilde\"},{\"@type\":\"WebSite\",\"@id\":\"https:\/\/www.transtoyou.com\/nb\/#website\",\"url\":\"https:\/\/www.transtoyou.com\/nb\/\",\"name\":\"Transtoyou - NB\",\"description\":\"\",\"publisher\":{\"@id\":\"https:\/\/www.transtoyou.com\/nb\/#organization\"},\"potentialAction\":[{\"@type\":\"SearchAction\",\"target\":{\"@type\":\"EntryPoint\",\"urlTemplate\":\"https:\/\/www.transtoyou.com\/nb\/?s={search_term_string}\"},\"query-input\":{\"@type\":\"PropertyValueSpecification\",\"valueRequired\":true,\"valueName\":\"search_term_string\"}}],\"inLanguage\":\"nb-NO\"},{\"@type\":\"Organization\",\"@id\":\"https:\/\/www.transtoyou.com\/nb\/#organization\",\"name\":\"Transtoyou - NB\",\"url\":\"https:\/\/www.transtoyou.com\/nb\/\",\"logo\":{\"@type\":\"ImageObject\",\"inLanguage\":\"nb-NO\",\"@id\":\"https:\/\/www.transtoyou.com\/nb\/#\/schema\/logo\/image\/\",\"url\":\"https:\/\/www.transtoyou.com\/nb\/wp-content\/uploads\/sites\/10\/2026\/01\/logo-tty-menu-bar-300x87-1.webp\",\"contentUrl\":\"https:\/\/www.transtoyou.com\/nb\/wp-content\/uploads\/sites\/10\/2026\/01\/logo-tty-menu-bar-300x87-1.webp\",\"width\":300,\"height\":87,\"caption\":\"Transtoyou - NB\"},\"image\":{\"@id\":\"https:\/\/www.transtoyou.com\/nb\/#\/schema\/logo\/image\/\"}}]}<\/script>\n<!-- \/ Yoast SEO plugin. -->","yoast_head_json":{"title":"Oestrogel | St\u00f8tte for Hormonbalanse - Transtoyou","description":"Oppdag Oestrogel hos Transtoyou, og f\u00e5 eksklusiv tilgang til hormonbehandlingene dine. Sikre deg kj\u00f8pet i dag for effektive resultater og bekvemmelighet.","robots":{"index":"noindex","follow":"follow","max-snippet":"max-snippet:-1","max-image-preview":"max-image-preview:large","max-video-preview":"max-video-preview:-1"},"og_locale":"nb_NO","og_type":"article","og_title":"Oestrogel | St\u00f8tte for Hormonbalanse - Transtoyou","og_description":"Oppdag Oestrogel hos Transtoyou, og f\u00e5 eksklusiv tilgang til hormonbehandlingene dine. Sikre deg kj\u00f8pet i dag for effektive resultater og bekvemmelighet.","og_url":"https:\/\/www.transtoyou.com\/nb\/product\/oestrogel\/","og_site_name":"Transtoyou - NB","article_modified_time":"2026-02-28T11:57:43+00:00","twitter_card":"summary_large_image","twitter_misc":{"Ansl. lesetid":"1 minutt"},"schema":{"@context":"https:\/\/schema.org","@graph":[{"@type":"WebPage","@id":"https:\/\/www.transtoyou.com\/nb\/product\/oestrogel\/","url":"https:\/\/www.transtoyou.com\/nb\/product\/oestrogel\/","name":"Oestrogel | St\u00f8tte for Hormonbalanse - Transtoyou","isPartOf":{"@id":"https:\/\/www.transtoyou.com\/nb\/#website"},"primaryImageOfPage":{"@id":"https:\/\/www.transtoyou.com\/nb\/product\/oestrogel\/#primaryimage"},"image":{"@id":"https:\/\/www.transtoyou.com\/nb\/product\/oestrogel\/#primaryimage"},"thumbnailUrl":"https:\/\/www.transtoyou.com\/nb\/wp-content\/uploads\/sites\/10\/2026\/02\/tty-no-product-image-15.webp","datePublished":"2026-02-28T11:57:11+00:00","dateModified":"2026-02-28T11:57:43+00:00","description":"Oppdag Oestrogel hos Transtoyou, og f\u00e5 eksklusiv tilgang til hormonbehandlingene dine. Sikre deg kj\u00f8pet i dag for effektive resultater og bekvemmelighet.","breadcrumb":{"@id":"https:\/\/www.transtoyou.com\/nb\/product\/oestrogel\/#breadcrumb"},"inLanguage":"nb-NO","potentialAction":[{"@type":"ReadAction","target":["https:\/\/www.transtoyou.com\/nb\/product\/oestrogel\/"]}]},{"@type":"ImageObject","inLanguage":"nb-NO","@id":"https:\/\/www.transtoyou.com\/nb\/product\/oestrogel\/#primaryimage","url":"https:\/\/www.transtoyou.com\/nb\/wp-content\/uploads\/sites\/10\/2026\/02\/tty-no-product-image-15.webp","contentUrl":"https:\/\/www.transtoyou.com\/nb\/wp-content\/uploads\/sites\/10\/2026\/02\/tty-no-product-image-15.webp","width":1000,"height":1000,"caption":"Standard produktbilde"},{"@type":"WebSite","@id":"https:\/\/www.transtoyou.com\/nb\/#website","url":"https:\/\/www.transtoyou.com\/nb\/","name":"Transtoyou - NB","description":"","publisher":{"@id":"https:\/\/www.transtoyou.com\/nb\/#organization"},"potentialAction":[{"@type":"SearchAction","target":{"@type":"EntryPoint","urlTemplate":"https:\/\/www.transtoyou.com\/nb\/?s={search_term_string}"},"query-input":{"@type":"PropertyValueSpecification","valueRequired":true,"valueName":"search_term_string"}}],"inLanguage":"nb-NO"},{"@type":"Organization","@id":"https:\/\/www.transtoyou.com\/nb\/#organization","name":"Transtoyou - NB","url":"https:\/\/www.transtoyou.com\/nb\/","logo":{"@type":"ImageObject","inLanguage":"nb-NO","@id":"https:\/\/www.transtoyou.com\/nb\/#\/schema\/logo\/image\/","url":"https:\/\/www.transtoyou.com\/nb\/wp-content\/uploads\/sites\/10\/2026\/01\/logo-tty-menu-bar-300x87-1.webp","contentUrl":"https:\/\/www.transtoyou.com\/nb\/wp-content\/uploads\/sites\/10\/2026\/01\/logo-tty-menu-bar-300x87-1.webp","width":300,"height":87,"caption":"Transtoyou - NB"},"image":{"@id":"https:\/\/www.transtoyou.com\/nb\/#\/schema\/logo\/image\/"}}]}},"_links":{"self":[{"href":"https:\/\/www.transtoyou.com\/nb\/wp-json\/wp\/v2\/product\/1755","targetHints":{"allow":["GET"]}}],"collection":[{"href":"https:\/\/www.transtoyou.com\/nb\/wp-json\/wp\/v2\/product"}],"about":[{"href":"https:\/\/www.transtoyou.com\/nb\/wp-json\/wp\/v2\/types\/product"}],"replies":[{"embeddable":true,"href":"https:\/\/www.transtoyou.com\/nb\/wp-json\/wp\/v2\/comments?post=1755"}],"wp:featuredmedia":[{"embeddable":true,"href":"https:\/\/www.transtoyou.com\/nb\/wp-json\/wp\/v2\/media\/1759"}],"wp:attachment":[{"href":"https:\/\/www.transtoyou.com\/nb\/wp-json\/wp\/v2\/media?parent=1755"}],"wp:term":[{"taxonomy":"product_brand","embeddable":true,"href":"https:\/\/www.transtoyou.com\/nb\/wp-json\/wp\/v2\/product_brand?post=1755"},{"taxonomy":"product_cat","embeddable":true,"href":"https:\/\/www.transtoyou.com\/nb\/wp-json\/wp\/v2\/product_cat?post=1755"},{"taxonomy":"product_tag","embeddable":true,"href":"https:\/\/www.transtoyou.com\/nb\/wp-json\/wp\/v2\/product_tag?post=1755"},{"taxonomy":"expert","embeddable":true,"href":"https:\/\/www.transtoyou.com\/nb\/wp-json\/wp\/v2\/expert?post=1755"}],"curies":[{"name":"wp","href":"https:\/\/api.w.org\/{rel}","templated":true}]}}