{"id":1766,"date":"2026-03-01T11:40:18","date_gmt":"2026-03-01T09:40:18","guid":{"rendered":"https:\/\/www.transtoyou.com\/nb\/product\/testogel-androgel\/"},"modified":"2026-03-06T14:38:47","modified_gmt":"2026-03-06T12:38:47","slug":"testogel-androgel","status":"publish","type":"product","link":"https:\/\/www.transtoyou.com\/nb\/product\/testogel-androgel\/","title":{"rendered":"Testogel (Androgel)"},"content":{"rendered":"<p>Testogel (ogs\u00e5 markedsf\u00f8rt som Androgel) er en transdermal testosteron-erstatningsterapi brukt til \u00e5 behandle lave testosteronniv\u00e5er hos voksne menn og som en del av maskuliniserende hormonbehandling for transmenn og ikke-bin\u00e6re individer. Gelen p\u00e5f\u00f8res direkte p\u00e5 huden, noe som gj\u00f8r at testosteron gradvis kan absorberes i blodstr\u00f8mmen for en jevn hormonell levering.<\/p>\n<p>Hos transmenn og ikke-bin\u00e6re individer brukes Testogel som en del av kj\u00f8nnsbekreftende omsorg for \u00e5 st\u00f8tte maskuliniserende fysiske endringer, som kan inkludere \u00f8kt muskelmasse, dypere stemme, kroppsh\u00e5r og ansiktsh\u00e5rvekst, samt opph\u00f8r av menstruasjon. Disse effektene utvikler seg gradvis, med noen brukere som rapporterer om \u00f8kt energi eller libido innen noen uker. Mer betydelige fysiske endringer kan ta flere m\u00e5neder.<\/p>\n<p>Hos cisgender menn med hypogonadisme (testosteronmangel) kan Testogel bidra til \u00e5 h\u00e5ndtere symptomer som tretthet, redusert libido, lavt hum\u00f8r og nedsatt konsentrasjon. Ved \u00e5 gjenopprette testosteron til fysiologiske niv\u00e5er, kan det st\u00f8tte fysisk styrke, seksuell funksjon og generell velv\u00e6re.<\/p>\n<p>Gelen p\u00e5f\u00f8res en gang daglig p\u00e5 ren, t\u00f8rr hud, vanligvis p\u00e5 skuldrene, overarmene eller magen. Den b\u00f8r f\u00e5 t\u00f8rke helt f\u00f8r p\u00e5kledning. Riktig h\u00e5ndvask og kontaktforebygging er avgj\u00f8rende for \u00e5 forhindre utilsiktet hormonoverf\u00f8ring til andre.<\/p>\n<p>Selv om den generelt tolereres godt, kan bivirkninger inkludere hudirritasjon, akne, hum\u00f8rsvingninger eller forh\u00f8yede r\u00f8de blodlegemer. L\u00f8pende blodoverv\u00e5king anbefales for \u00e5 f\u00f8lge med p\u00e5 hormonniv\u00e5er, hematokrit og leverfunksjon. Testogel b\u00f8r ikke brukes av personer med n\u00e5v\u00e6rende eller tidligere prostatakreft eller brystkreft, eller av de som ikke trenger testosteronbehandling av medisinske \u00e5rsaker.<\/p>\n","protected":false},"excerpt":{"rendered":"<ul>\n<li>Dagsaktuell testosteron gel<\/li>\n<li>St\u00f8tter maskuliniserende hormonbehandling og behandling av testosteronmangel<\/li>\n<li>Under det medisinske sp\u00f8rreskjemaet vil du bli bedt om \u00e5 laste opp de nyeste blodpr\u00f8veresultatene dine, slik at legen kan vurdere foresp\u00f8rselen din p\u00e5 en trygg m\u00e5te.<\/li>\n<\/ul>\n","protected":false},"featured_media":1768,"comment_status":"open","ping_status":"closed","template":"","meta":[],"product_brand":[],"product_cat":[168,169],"product_tag":[],"expert":[19],"class_list":{"0":"post-1766","1":"product","2":"type-product","3":"status-publish","4":"has-post-thumbnail","6":"product_cat-testosteron-anti-aging","7":"product_cat-testosteron-maskuliniseringsterapi","8":"expert-dr-j-vazquez","10":"first","11":"instock","12":"shipping-taxable","13":"product-type-variable"},"yoast_head":"<!-- This site is optimized with the Yoast SEO plugin v27.0 - https:\/\/yoast.com\/product\/yoast-seo-wordpress\/ -->\n<title>Testogel (Androgel) | Topisk Testosteron Gel - Transtoyou<\/title>\n<meta name=\"description\" content=\"Testogel er en daglig testosteron gel brukt for lavt testosteron hos menn og maskuliniserende hormonbehandling. Absorberes gjennom huden for jevne hormonniv\u00e5er.\" \/>\n<meta name=\"robots\" content=\"noindex, follow, max-snippet:-1, max-image-preview:large, max-video-preview:-1\" \/>\n<meta property=\"og:locale\" content=\"nb_NO\" \/>\n<meta property=\"og:type\" content=\"article\" \/>\n<meta property=\"og:title\" content=\"Testogel (Androgel) | Topisk Testosteron Gel - Transtoyou\" \/>\n<meta property=\"og:description\" content=\"Testogel er en daglig testosteron gel brukt for lavt testosteron hos menn og maskuliniserende hormonbehandling. Absorberes gjennom huden for jevne hormonniv\u00e5er.\" \/>\n<meta property=\"og:url\" content=\"https:\/\/www.transtoyou.com\/nb\/product\/testogel-androgel\/\" \/>\n<meta property=\"og:site_name\" content=\"Transtoyou - NB\" \/>\n<meta property=\"article:modified_time\" content=\"2026-03-06T12:38:47+00:00\" \/>\n<meta name=\"twitter:card\" content=\"summary_large_image\" \/>\n<meta name=\"twitter:label1\" content=\"Ansl. lesetid\" \/>\n\t<meta name=\"twitter:data1\" content=\"1 minutt\" \/>\n<script type=\"application\/ld+json\" class=\"yoast-schema-graph\">{\"@context\":\"https:\/\/schema.org\",\"@graph\":[{\"@type\":\"WebPage\",\"@id\":\"https:\/\/www.transtoyou.com\/nb\/product\/testogel-androgel\/\",\"url\":\"https:\/\/www.transtoyou.com\/nb\/product\/testogel-androgel\/\",\"name\":\"Testogel (Androgel) | Topisk Testosteron Gel - Transtoyou\",\"isPartOf\":{\"@id\":\"https:\/\/www.transtoyou.com\/nb\/#website\"},\"primaryImageOfPage\":{\"@id\":\"https:\/\/www.transtoyou.com\/nb\/product\/testogel-androgel\/#primaryimage\"},\"image\":{\"@id\":\"https:\/\/www.transtoyou.com\/nb\/product\/testogel-androgel\/#primaryimage\"},\"thumbnailUrl\":\"https:\/\/www.transtoyou.com\/nb\/wp-content\/uploads\/sites\/10\/2026\/03\/tty-no-product-image.webp\",\"datePublished\":\"2026-03-01T09:40:18+00:00\",\"dateModified\":\"2026-03-06T12:38:47+00:00\",\"description\":\"Testogel er en daglig testosteron gel brukt for lavt testosteron hos menn og maskuliniserende hormonbehandling. Absorberes gjennom huden for jevne hormonniv\u00e5er.\",\"breadcrumb\":{\"@id\":\"https:\/\/www.transtoyou.com\/nb\/product\/testogel-androgel\/#breadcrumb\"},\"inLanguage\":\"nb-NO\",\"potentialAction\":[{\"@type\":\"ReadAction\",\"target\":[\"https:\/\/www.transtoyou.com\/nb\/product\/testogel-androgel\/\"]}]},{\"@type\":\"ImageObject\",\"inLanguage\":\"nb-NO\",\"@id\":\"https:\/\/www.transtoyou.com\/nb\/product\/testogel-androgel\/#primaryimage\",\"url\":\"https:\/\/www.transtoyou.com\/nb\/wp-content\/uploads\/sites\/10\/2026\/03\/tty-no-product-image.webp\",\"contentUrl\":\"https:\/\/www.transtoyou.com\/nb\/wp-content\/uploads\/sites\/10\/2026\/03\/tty-no-product-image.webp\",\"width\":1000,\"height\":1000,\"caption\":\"Standard produktbilde\"},{\"@type\":\"WebSite\",\"@id\":\"https:\/\/www.transtoyou.com\/nb\/#website\",\"url\":\"https:\/\/www.transtoyou.com\/nb\/\",\"name\":\"Transtoyou - NB\",\"description\":\"\",\"publisher\":{\"@id\":\"https:\/\/www.transtoyou.com\/nb\/#organization\"},\"potentialAction\":[{\"@type\":\"SearchAction\",\"target\":{\"@type\":\"EntryPoint\",\"urlTemplate\":\"https:\/\/www.transtoyou.com\/nb\/?s={search_term_string}\"},\"query-input\":{\"@type\":\"PropertyValueSpecification\",\"valueRequired\":true,\"valueName\":\"search_term_string\"}}],\"inLanguage\":\"nb-NO\"},{\"@type\":\"Organization\",\"@id\":\"https:\/\/www.transtoyou.com\/nb\/#organization\",\"name\":\"Transtoyou - NB\",\"url\":\"https:\/\/www.transtoyou.com\/nb\/\",\"logo\":{\"@type\":\"ImageObject\",\"inLanguage\":\"nb-NO\",\"@id\":\"https:\/\/www.transtoyou.com\/nb\/#\/schema\/logo\/image\/\",\"url\":\"https:\/\/www.transtoyou.com\/nb\/wp-content\/uploads\/sites\/10\/2026\/01\/logo-tty-menu-bar-300x87-1.webp\",\"contentUrl\":\"https:\/\/www.transtoyou.com\/nb\/wp-content\/uploads\/sites\/10\/2026\/01\/logo-tty-menu-bar-300x87-1.webp\",\"width\":300,\"height\":87,\"caption\":\"Transtoyou - NB\"},\"image\":{\"@id\":\"https:\/\/www.transtoyou.com\/nb\/#\/schema\/logo\/image\/\"}}]}<\/script>\n<!-- \/ Yoast SEO plugin. -->","yoast_head_json":{"title":"Testogel (Androgel) | Topisk Testosteron Gel - Transtoyou","description":"Testogel er en daglig testosteron gel brukt for lavt testosteron hos menn og maskuliniserende hormonbehandling. Absorberes gjennom huden for jevne hormonniv\u00e5er.","robots":{"index":"noindex","follow":"follow","max-snippet":"max-snippet:-1","max-image-preview":"max-image-preview:large","max-video-preview":"max-video-preview:-1"},"og_locale":"nb_NO","og_type":"article","og_title":"Testogel (Androgel) | Topisk Testosteron Gel - Transtoyou","og_description":"Testogel er en daglig testosteron gel brukt for lavt testosteron hos menn og maskuliniserende hormonbehandling. Absorberes gjennom huden for jevne hormonniv\u00e5er.","og_url":"https:\/\/www.transtoyou.com\/nb\/product\/testogel-androgel\/","og_site_name":"Transtoyou - NB","article_modified_time":"2026-03-06T12:38:47+00:00","twitter_card":"summary_large_image","twitter_misc":{"Ansl. lesetid":"1 minutt"},"schema":{"@context":"https:\/\/schema.org","@graph":[{"@type":"WebPage","@id":"https:\/\/www.transtoyou.com\/nb\/product\/testogel-androgel\/","url":"https:\/\/www.transtoyou.com\/nb\/product\/testogel-androgel\/","name":"Testogel (Androgel) | Topisk Testosteron Gel - Transtoyou","isPartOf":{"@id":"https:\/\/www.transtoyou.com\/nb\/#website"},"primaryImageOfPage":{"@id":"https:\/\/www.transtoyou.com\/nb\/product\/testogel-androgel\/#primaryimage"},"image":{"@id":"https:\/\/www.transtoyou.com\/nb\/product\/testogel-androgel\/#primaryimage"},"thumbnailUrl":"https:\/\/www.transtoyou.com\/nb\/wp-content\/uploads\/sites\/10\/2026\/03\/tty-no-product-image.webp","datePublished":"2026-03-01T09:40:18+00:00","dateModified":"2026-03-06T12:38:47+00:00","description":"Testogel er en daglig testosteron gel brukt for lavt testosteron hos menn og maskuliniserende hormonbehandling. Absorberes gjennom huden for jevne hormonniv\u00e5er.","breadcrumb":{"@id":"https:\/\/www.transtoyou.com\/nb\/product\/testogel-androgel\/#breadcrumb"},"inLanguage":"nb-NO","potentialAction":[{"@type":"ReadAction","target":["https:\/\/www.transtoyou.com\/nb\/product\/testogel-androgel\/"]}]},{"@type":"ImageObject","inLanguage":"nb-NO","@id":"https:\/\/www.transtoyou.com\/nb\/product\/testogel-androgel\/#primaryimage","url":"https:\/\/www.transtoyou.com\/nb\/wp-content\/uploads\/sites\/10\/2026\/03\/tty-no-product-image.webp","contentUrl":"https:\/\/www.transtoyou.com\/nb\/wp-content\/uploads\/sites\/10\/2026\/03\/tty-no-product-image.webp","width":1000,"height":1000,"caption":"Standard produktbilde"},{"@type":"WebSite","@id":"https:\/\/www.transtoyou.com\/nb\/#website","url":"https:\/\/www.transtoyou.com\/nb\/","name":"Transtoyou - NB","description":"","publisher":{"@id":"https:\/\/www.transtoyou.com\/nb\/#organization"},"potentialAction":[{"@type":"SearchAction","target":{"@type":"EntryPoint","urlTemplate":"https:\/\/www.transtoyou.com\/nb\/?s={search_term_string}"},"query-input":{"@type":"PropertyValueSpecification","valueRequired":true,"valueName":"search_term_string"}}],"inLanguage":"nb-NO"},{"@type":"Organization","@id":"https:\/\/www.transtoyou.com\/nb\/#organization","name":"Transtoyou - NB","url":"https:\/\/www.transtoyou.com\/nb\/","logo":{"@type":"ImageObject","inLanguage":"nb-NO","@id":"https:\/\/www.transtoyou.com\/nb\/#\/schema\/logo\/image\/","url":"https:\/\/www.transtoyou.com\/nb\/wp-content\/uploads\/sites\/10\/2026\/01\/logo-tty-menu-bar-300x87-1.webp","contentUrl":"https:\/\/www.transtoyou.com\/nb\/wp-content\/uploads\/sites\/10\/2026\/01\/logo-tty-menu-bar-300x87-1.webp","width":300,"height":87,"caption":"Transtoyou - NB"},"image":{"@id":"https:\/\/www.transtoyou.com\/nb\/#\/schema\/logo\/image\/"}}]}},"_links":{"self":[{"href":"https:\/\/www.transtoyou.com\/nb\/wp-json\/wp\/v2\/product\/1766","targetHints":{"allow":["GET"]}}],"collection":[{"href":"https:\/\/www.transtoyou.com\/nb\/wp-json\/wp\/v2\/product"}],"about":[{"href":"https:\/\/www.transtoyou.com\/nb\/wp-json\/wp\/v2\/types\/product"}],"replies":[{"embeddable":true,"href":"https:\/\/www.transtoyou.com\/nb\/wp-json\/wp\/v2\/comments?post=1766"}],"wp:featuredmedia":[{"embeddable":true,"href":"https:\/\/www.transtoyou.com\/nb\/wp-json\/wp\/v2\/media\/1768"}],"wp:attachment":[{"href":"https:\/\/www.transtoyou.com\/nb\/wp-json\/wp\/v2\/media?parent=1766"}],"wp:term":[{"taxonomy":"product_brand","embeddable":true,"href":"https:\/\/www.transtoyou.com\/nb\/wp-json\/wp\/v2\/product_brand?post=1766"},{"taxonomy":"product_cat","embeddable":true,"href":"https:\/\/www.transtoyou.com\/nb\/wp-json\/wp\/v2\/product_cat?post=1766"},{"taxonomy":"product_tag","embeddable":true,"href":"https:\/\/www.transtoyou.com\/nb\/wp-json\/wp\/v2\/product_tag?post=1766"},{"taxonomy":"expert","embeddable":true,"href":"https:\/\/www.transtoyou.com\/nb\/wp-json\/wp\/v2\/expert?post=1766"}],"curies":[{"name":"wp","href":"https:\/\/api.w.org\/{rel}","templated":true}]}}