{"id":643,"date":"2026-01-22T15:22:33","date_gmt":"2026-01-22T13:22:33","guid":{"rendered":"https:\/\/www.transtoyou.com\/nb\/product\/permethrin\/"},"modified":"2026-03-09T09:25:22","modified_gmt":"2026-03-09T07:25:22","slug":"permethrin","status":"publish","type":"product","link":"https:\/\/www.transtoyou.com\/nb\/product\/permethrin\/","title":{"rendered":"Permetrin"},"content":{"rendered":"<p>Permetrin er en topisk medisin formulert for \u00e5 behandle skabb, en sv\u00e6rt smittsom hudinfeksjon for\u00e5rsaket av midden Sarcoptes scabiei. Den sprer seg prim\u00e6rt gjennom langvarig hud-til-hud-kontakt og er assosiert med intens kl\u00f8e (spesielt om natten) og et r\u00f8dt, klumpete utslett i omr\u00e5der som fingre, h\u00e5ndledd, albuer og lyske.<\/p>\n<p>Permetrin tilh\u00f8rer klassen av syntetiske pyretroider og virker ved \u00e5 forstyrre natriumkanalene i nervesystemet til middene, noe som f\u00f8rer til lammelse og d\u00f8d. Den retter seg mot b\u00e5de voksne midd og eggene deres, og hjelper til med \u00e5 eliminere infeksjonen og redusere betennelse for\u00e5rsaket av immunresponsen mot middene.<\/p>\n<p>Kremen p\u00e5f\u00f8res ren, t\u00f8rr hud fra nakken og nedover, inkludert mellom fingre\/t\u00e6r, under negler og rundt hudfolder (f.eks. h\u00e5ndledd, rumpe, kj\u00f8nnsorganer). Kremen b\u00f8r v\u00e6re p\u00e5 huden i 8 til 14 timer, og deretter vaskes grundig av. En annen p\u00e5f\u00f8ring kan v\u00e6re n\u00f8dvendig etter 7 til 14 dager under medisinsk tilsyn hvis symptomene vedvarer.<\/p>\n<p>Kl\u00f8e etter behandling er vanlig og kan vedvare i flere uker selv etter vellykket utryddelse av middene. Dette er en del av kroppens immunrespons og indikerer ikke n\u00f8dvendigvis behandlingssvikt.<\/p>\n<p>Permetrin er trygt og godt tolerert hos de fleste pasienter. Milde bivirkninger som r\u00f8dhet, stikkende f\u00f8lelse eller midlertidig kl\u00f8e kan forekomme og l\u00f8ser seg vanligvis uten intervensjon.<\/p>\n","protected":false},"excerpt":{"rendered":"<ul>\n<li>Dreper midd og eggene deres<\/li>\n<li>Gir f\u00f8rstelinje behandling for skabb<\/li>\n<li>Hjelper med \u00e5 lindre vedvarende kl\u00f8e<\/li>\n<\/ul>\n","protected":false},"featured_media":644,"comment_status":"open","ping_status":"closed","template":"","meta":[],"product_brand":[],"product_cat":[155,161],"product_tag":[],"expert":[19],"class_list":{"0":"post-643","1":"product","2":"type-product","3":"status-publish","4":"has-post-thumbnail","6":"product_cat-parasitter","7":"product_cat-skabb","8":"expert-dr-j-vazquez","10":"first","11":"outofstock","12":"shipping-taxable","13":"product-type-variable"},"yoast_head":"<!-- This site is optimized with the Yoast SEO plugin v27.0 - https:\/\/yoast.com\/product\/yoast-seo-wordpress\/ -->\n<title>Permetrin | Gi huden din komfort i dag - Transtoyou<\/title>\n<meta name=\"description\" content=\"Oppdag Permethrin, en p\u00e5litelig l\u00f8sning for effektiv behandling av skabb. Tilgjengelig n\u00e5 p\u00e5 Transtoyou for p\u00e5litelig lindring og enkel bestilling.\" \/>\n<meta name=\"robots\" content=\"noindex, follow, max-snippet:-1, max-image-preview:large, max-video-preview:-1\" \/>\n<meta property=\"og:locale\" content=\"nb_NO\" \/>\n<meta property=\"og:type\" content=\"article\" \/>\n<meta property=\"og:title\" content=\"Permetrin | Gi huden din komfort i dag - Transtoyou\" \/>\n<meta property=\"og:description\" content=\"Oppdag Permethrin, en p\u00e5litelig l\u00f8sning for effektiv behandling av skabb. Tilgjengelig n\u00e5 p\u00e5 Transtoyou for p\u00e5litelig lindring og enkel bestilling.\" \/>\n<meta property=\"og:url\" content=\"https:\/\/www.transtoyou.com\/nb\/product\/permethrin\/\" \/>\n<meta property=\"og:site_name\" content=\"Transtoyou - NB\" \/>\n<meta property=\"article:modified_time\" content=\"2026-03-09T07:25:22+00:00\" \/>\n<meta name=\"twitter:card\" content=\"summary_large_image\" \/>\n<meta name=\"twitter:label1\" content=\"Ansl. lesetid\" \/>\n\t<meta name=\"twitter:data1\" content=\"1 minutt\" \/>\n<script type=\"application\/ld+json\" class=\"yoast-schema-graph\">{\"@context\":\"https:\/\/schema.org\",\"@graph\":[{\"@type\":\"WebPage\",\"@id\":\"https:\/\/www.transtoyou.com\/nb\/product\/permethrin\/\",\"url\":\"https:\/\/www.transtoyou.com\/nb\/product\/permethrin\/\",\"name\":\"Permetrin | Gi huden din komfort i dag - Transtoyou\",\"isPartOf\":{\"@id\":\"https:\/\/www.transtoyou.com\/nb\/#website\"},\"primaryImageOfPage\":{\"@id\":\"https:\/\/www.transtoyou.com\/nb\/product\/permethrin\/#primaryimage\"},\"image\":{\"@id\":\"https:\/\/www.transtoyou.com\/nb\/product\/permethrin\/#primaryimage\"},\"thumbnailUrl\":\"https:\/\/www.transtoyou.com\/nb\/wp-content\/uploads\/sites\/10\/2026\/01\/tty-no-product-image-5.webp\",\"datePublished\":\"2026-01-22T13:22:33+00:00\",\"dateModified\":\"2026-03-09T07:25:22+00:00\",\"description\":\"Oppdag Permethrin, en p\u00e5litelig l\u00f8sning for effektiv behandling av skabb. Tilgjengelig n\u00e5 p\u00e5 Transtoyou for p\u00e5litelig lindring og enkel bestilling.\",\"breadcrumb\":{\"@id\":\"https:\/\/www.transtoyou.com\/nb\/product\/permethrin\/#breadcrumb\"},\"inLanguage\":\"nb-NO\",\"potentialAction\":[{\"@type\":\"ReadAction\",\"target\":[\"https:\/\/www.transtoyou.com\/nb\/product\/permethrin\/\"]}]},{\"@type\":\"ImageObject\",\"inLanguage\":\"nb-NO\",\"@id\":\"https:\/\/www.transtoyou.com\/nb\/product\/permethrin\/#primaryimage\",\"url\":\"https:\/\/www.transtoyou.com\/nb\/wp-content\/uploads\/sites\/10\/2026\/01\/tty-no-product-image-5.webp\",\"contentUrl\":\"https:\/\/www.transtoyou.com\/nb\/wp-content\/uploads\/sites\/10\/2026\/01\/tty-no-product-image-5.webp\",\"width\":1000,\"height\":1000,\"caption\":\"Standard produktbilde\"},{\"@type\":\"WebSite\",\"@id\":\"https:\/\/www.transtoyou.com\/nb\/#website\",\"url\":\"https:\/\/www.transtoyou.com\/nb\/\",\"name\":\"Transtoyou - NB\",\"description\":\"\",\"publisher\":{\"@id\":\"https:\/\/www.transtoyou.com\/nb\/#organization\"},\"potentialAction\":[{\"@type\":\"SearchAction\",\"target\":{\"@type\":\"EntryPoint\",\"urlTemplate\":\"https:\/\/www.transtoyou.com\/nb\/?s={search_term_string}\"},\"query-input\":{\"@type\":\"PropertyValueSpecification\",\"valueRequired\":true,\"valueName\":\"search_term_string\"}}],\"inLanguage\":\"nb-NO\"},{\"@type\":\"Organization\",\"@id\":\"https:\/\/www.transtoyou.com\/nb\/#organization\",\"name\":\"Transtoyou - NB\",\"url\":\"https:\/\/www.transtoyou.com\/nb\/\",\"logo\":{\"@type\":\"ImageObject\",\"inLanguage\":\"nb-NO\",\"@id\":\"https:\/\/www.transtoyou.com\/nb\/#\/schema\/logo\/image\/\",\"url\":\"https:\/\/www.transtoyou.com\/nb\/wp-content\/uploads\/sites\/10\/2026\/01\/logo-tty-menu-bar-300x87-1.webp\",\"contentUrl\":\"https:\/\/www.transtoyou.com\/nb\/wp-content\/uploads\/sites\/10\/2026\/01\/logo-tty-menu-bar-300x87-1.webp\",\"width\":300,\"height\":87,\"caption\":\"Transtoyou - NB\"},\"image\":{\"@id\":\"https:\/\/www.transtoyou.com\/nb\/#\/schema\/logo\/image\/\"}}]}<\/script>\n<!-- \/ Yoast SEO plugin. -->","yoast_head_json":{"title":"Permetrin | Gi huden din komfort i dag - Transtoyou","description":"Oppdag Permethrin, en p\u00e5litelig l\u00f8sning for effektiv behandling av skabb. Tilgjengelig n\u00e5 p\u00e5 Transtoyou for p\u00e5litelig lindring og enkel bestilling.","robots":{"index":"noindex","follow":"follow","max-snippet":"max-snippet:-1","max-image-preview":"max-image-preview:large","max-video-preview":"max-video-preview:-1"},"og_locale":"nb_NO","og_type":"article","og_title":"Permetrin | Gi huden din komfort i dag - Transtoyou","og_description":"Oppdag Permethrin, en p\u00e5litelig l\u00f8sning for effektiv behandling av skabb. Tilgjengelig n\u00e5 p\u00e5 Transtoyou for p\u00e5litelig lindring og enkel bestilling.","og_url":"https:\/\/www.transtoyou.com\/nb\/product\/permethrin\/","og_site_name":"Transtoyou - NB","article_modified_time":"2026-03-09T07:25:22+00:00","twitter_card":"summary_large_image","twitter_misc":{"Ansl. lesetid":"1 minutt"},"schema":{"@context":"https:\/\/schema.org","@graph":[{"@type":"WebPage","@id":"https:\/\/www.transtoyou.com\/nb\/product\/permethrin\/","url":"https:\/\/www.transtoyou.com\/nb\/product\/permethrin\/","name":"Permetrin | Gi huden din komfort i dag - Transtoyou","isPartOf":{"@id":"https:\/\/www.transtoyou.com\/nb\/#website"},"primaryImageOfPage":{"@id":"https:\/\/www.transtoyou.com\/nb\/product\/permethrin\/#primaryimage"},"image":{"@id":"https:\/\/www.transtoyou.com\/nb\/product\/permethrin\/#primaryimage"},"thumbnailUrl":"https:\/\/www.transtoyou.com\/nb\/wp-content\/uploads\/sites\/10\/2026\/01\/tty-no-product-image-5.webp","datePublished":"2026-01-22T13:22:33+00:00","dateModified":"2026-03-09T07:25:22+00:00","description":"Oppdag Permethrin, en p\u00e5litelig l\u00f8sning for effektiv behandling av skabb. Tilgjengelig n\u00e5 p\u00e5 Transtoyou for p\u00e5litelig lindring og enkel bestilling.","breadcrumb":{"@id":"https:\/\/www.transtoyou.com\/nb\/product\/permethrin\/#breadcrumb"},"inLanguage":"nb-NO","potentialAction":[{"@type":"ReadAction","target":["https:\/\/www.transtoyou.com\/nb\/product\/permethrin\/"]}]},{"@type":"ImageObject","inLanguage":"nb-NO","@id":"https:\/\/www.transtoyou.com\/nb\/product\/permethrin\/#primaryimage","url":"https:\/\/www.transtoyou.com\/nb\/wp-content\/uploads\/sites\/10\/2026\/01\/tty-no-product-image-5.webp","contentUrl":"https:\/\/www.transtoyou.com\/nb\/wp-content\/uploads\/sites\/10\/2026\/01\/tty-no-product-image-5.webp","width":1000,"height":1000,"caption":"Standard produktbilde"},{"@type":"WebSite","@id":"https:\/\/www.transtoyou.com\/nb\/#website","url":"https:\/\/www.transtoyou.com\/nb\/","name":"Transtoyou - NB","description":"","publisher":{"@id":"https:\/\/www.transtoyou.com\/nb\/#organization"},"potentialAction":[{"@type":"SearchAction","target":{"@type":"EntryPoint","urlTemplate":"https:\/\/www.transtoyou.com\/nb\/?s={search_term_string}"},"query-input":{"@type":"PropertyValueSpecification","valueRequired":true,"valueName":"search_term_string"}}],"inLanguage":"nb-NO"},{"@type":"Organization","@id":"https:\/\/www.transtoyou.com\/nb\/#organization","name":"Transtoyou - NB","url":"https:\/\/www.transtoyou.com\/nb\/","logo":{"@type":"ImageObject","inLanguage":"nb-NO","@id":"https:\/\/www.transtoyou.com\/nb\/#\/schema\/logo\/image\/","url":"https:\/\/www.transtoyou.com\/nb\/wp-content\/uploads\/sites\/10\/2026\/01\/logo-tty-menu-bar-300x87-1.webp","contentUrl":"https:\/\/www.transtoyou.com\/nb\/wp-content\/uploads\/sites\/10\/2026\/01\/logo-tty-menu-bar-300x87-1.webp","width":300,"height":87,"caption":"Transtoyou - NB"},"image":{"@id":"https:\/\/www.transtoyou.com\/nb\/#\/schema\/logo\/image\/"}}]}},"_links":{"self":[{"href":"https:\/\/www.transtoyou.com\/nb\/wp-json\/wp\/v2\/product\/643","targetHints":{"allow":["GET"]}}],"collection":[{"href":"https:\/\/www.transtoyou.com\/nb\/wp-json\/wp\/v2\/product"}],"about":[{"href":"https:\/\/www.transtoyou.com\/nb\/wp-json\/wp\/v2\/types\/product"}],"replies":[{"embeddable":true,"href":"https:\/\/www.transtoyou.com\/nb\/wp-json\/wp\/v2\/comments?post=643"}],"wp:featuredmedia":[{"embeddable":true,"href":"https:\/\/www.transtoyou.com\/nb\/wp-json\/wp\/v2\/media\/644"}],"wp:attachment":[{"href":"https:\/\/www.transtoyou.com\/nb\/wp-json\/wp\/v2\/media?parent=643"}],"wp:term":[{"taxonomy":"product_brand","embeddable":true,"href":"https:\/\/www.transtoyou.com\/nb\/wp-json\/wp\/v2\/product_brand?post=643"},{"taxonomy":"product_cat","embeddable":true,"href":"https:\/\/www.transtoyou.com\/nb\/wp-json\/wp\/v2\/product_cat?post=643"},{"taxonomy":"product_tag","embeddable":true,"href":"https:\/\/www.transtoyou.com\/nb\/wp-json\/wp\/v2\/product_tag?post=643"},{"taxonomy":"expert","embeddable":true,"href":"https:\/\/www.transtoyou.com\/nb\/wp-json\/wp\/v2\/expert?post=643"}],"curies":[{"name":"wp","href":"https:\/\/api.w.org\/{rel}","templated":true}]}}