{"id":645,"date":"2026-01-22T15:38:20","date_gmt":"2026-01-22T13:38:20","guid":{"rendered":"https:\/\/www.transtoyou.com\/nb\/product\/vermox\/"},"modified":"2026-03-07T16:05:02","modified_gmt":"2026-03-07T14:05:02","slug":"vermox","status":"publish","type":"product","link":"https:\/\/www.transtoyou.com\/nb\/product\/vermox\/","title":{"rendered":"Vermox"},"content":{"rendered":"<p>Vermox er en mye brukt behandling for tarmorminfeksjoner, spesielt effektiv mot barnemark, spolorm, piskorm og hakkeorm. Den inneholder den aktive ingrediensen mebendazol, som forstyrrer ormene sin evne til \u00e5 absorbere glukose, deres viktigste energikilde. Som et resultat mister parasittene energi, d\u00f8r og blir naturlig utvist fra kroppen gjennom ford\u00f8yelsessystemet.<\/p>\n<p>Orminfeksjoner kan for\u00e5rsake symptomer som kl\u00f8e i analomr\u00e5det, rastl\u00f8shet, magesmerter og ern\u00e6ringsmessige mangler. Vermox tilbyr en enkel og effektiv m\u00e5te \u00e5 lindre disse symptomene og eliminere infeksjonen p\u00e5. Den administreres vanligvis som en engangsdose, og i noen tilfeller anbefales en andre dose to uker senere for \u00e5 forhindre reinfeksjon.<\/p>\n<p>Denne medisinen tolereres generelt godt, med bivirkninger som er sjeldne og vanligvis milde. N\u00e5r de oppst\u00e5r, kan de inkludere midlertidig ubehag i mage-tarmkanalen. Vermox forblir i ford\u00f8yelsessystemet og blir minimalt absorbert i blodstr\u00f8mmen, noe som reduserer risikoen for systemiske bivirkninger.<\/p>\n<p>For \u00e5 forhindre spredning av ormer, anbefales hygienetiltak som regelmessig h\u00e5ndvask, korte negler og hyppig vask av senget\u00f8y og kl\u00e6r. \u00c5 behandle alle medlemmer av husstanden samtidig kan bidra til \u00e5 stoppe infeksjonen fra \u00e5 komme tilbake.<\/p>\n","protected":false},"excerpt":{"rendered":"<ul>\n<li>Effektiv mot flere typer ormer<\/li>\n<li>Behandling med \u00e9n eller to doser<\/li>\n<li>Familievennlige alternativer<\/li>\n<\/ul>\n","protected":false},"featured_media":647,"comment_status":"open","ping_status":"closed","template":"","meta":[],"product_brand":[],"product_cat":[180],"product_tag":[],"expert":[],"class_list":{"0":"post-645","1":"product","2":"type-product","3":"status-publish","4":"has-post-thumbnail","6":"product_cat-ormer","8":"first","9":"instock","10":"shipping-taxable","11":"product-type-variable"},"yoast_head":"<!-- This site is optimized with the Yoast SEO plugin v27.0 - https:\/\/yoast.com\/product\/yoast-seo-wordpress\/ -->\n<title>Vermox | Effektiv Parasittbehandling - Transtoyou<\/title>\n<meta name=\"description\" content=\"Vermox tilgjengelig p\u00e5 Transtoyou, en p\u00e5litelig helseplattform. Kj\u00f8p n\u00e5 for effektiv behandling av parasittinfeksjoner. Praktisk og p\u00e5litelig tilgang.\" \/>\n<meta name=\"robots\" content=\"noindex, follow, max-snippet:-1, max-image-preview:large, max-video-preview:-1\" \/>\n<meta property=\"og:locale\" content=\"nb_NO\" \/>\n<meta property=\"og:type\" content=\"article\" \/>\n<meta property=\"og:title\" content=\"Vermox | Effektiv Parasittbehandling - Transtoyou\" \/>\n<meta property=\"og:description\" content=\"Vermox tilgjengelig p\u00e5 Transtoyou, en p\u00e5litelig helseplattform. Kj\u00f8p n\u00e5 for effektiv behandling av parasittinfeksjoner. Praktisk og p\u00e5litelig tilgang.\" \/>\n<meta property=\"og:url\" content=\"https:\/\/www.transtoyou.com\/nb\/product\/vermox\/\" \/>\n<meta property=\"og:site_name\" content=\"Transtoyou - NB\" \/>\n<meta property=\"article:modified_time\" content=\"2026-03-07T14:05:02+00:00\" \/>\n<meta name=\"twitter:card\" content=\"summary_large_image\" \/>\n<meta name=\"twitter:label1\" content=\"Ansl. lesetid\" \/>\n\t<meta name=\"twitter:data1\" content=\"1 minutt\" \/>\n<script type=\"application\/ld+json\" class=\"yoast-schema-graph\">{\"@context\":\"https:\/\/schema.org\",\"@graph\":[{\"@type\":\"WebPage\",\"@id\":\"https:\/\/www.transtoyou.com\/nb\/product\/vermox\/\",\"url\":\"https:\/\/www.transtoyou.com\/nb\/product\/vermox\/\",\"name\":\"Vermox | Effektiv Parasittbehandling - Transtoyou\",\"isPartOf\":{\"@id\":\"https:\/\/www.transtoyou.com\/nb\/#website\"},\"primaryImageOfPage\":{\"@id\":\"https:\/\/www.transtoyou.com\/nb\/product\/vermox\/#primaryimage\"},\"image\":{\"@id\":\"https:\/\/www.transtoyou.com\/nb\/product\/vermox\/#primaryimage\"},\"thumbnailUrl\":\"https:\/\/www.transtoyou.com\/nb\/wp-content\/uploads\/sites\/10\/2026\/01\/tty-no-product-image-6.webp\",\"datePublished\":\"2026-01-22T13:38:20+00:00\",\"dateModified\":\"2026-03-07T14:05:02+00:00\",\"description\":\"Vermox tilgjengelig p\u00e5 Transtoyou, en p\u00e5litelig helseplattform. Kj\u00f8p n\u00e5 for effektiv behandling av parasittinfeksjoner. Praktisk og p\u00e5litelig tilgang.\",\"breadcrumb\":{\"@id\":\"https:\/\/www.transtoyou.com\/nb\/product\/vermox\/#breadcrumb\"},\"inLanguage\":\"nb-NO\",\"potentialAction\":[{\"@type\":\"ReadAction\",\"target\":[\"https:\/\/www.transtoyou.com\/nb\/product\/vermox\/\"]}]},{\"@type\":\"ImageObject\",\"inLanguage\":\"nb-NO\",\"@id\":\"https:\/\/www.transtoyou.com\/nb\/product\/vermox\/#primaryimage\",\"url\":\"https:\/\/www.transtoyou.com\/nb\/wp-content\/uploads\/sites\/10\/2026\/01\/tty-no-product-image-6.webp\",\"contentUrl\":\"https:\/\/www.transtoyou.com\/nb\/wp-content\/uploads\/sites\/10\/2026\/01\/tty-no-product-image-6.webp\",\"width\":1000,\"height\":1000,\"caption\":\"Standard produktbilde\"},{\"@type\":\"WebSite\",\"@id\":\"https:\/\/www.transtoyou.com\/nb\/#website\",\"url\":\"https:\/\/www.transtoyou.com\/nb\/\",\"name\":\"Transtoyou - NB\",\"description\":\"\",\"publisher\":{\"@id\":\"https:\/\/www.transtoyou.com\/nb\/#organization\"},\"potentialAction\":[{\"@type\":\"SearchAction\",\"target\":{\"@type\":\"EntryPoint\",\"urlTemplate\":\"https:\/\/www.transtoyou.com\/nb\/?s={search_term_string}\"},\"query-input\":{\"@type\":\"PropertyValueSpecification\",\"valueRequired\":true,\"valueName\":\"search_term_string\"}}],\"inLanguage\":\"nb-NO\"},{\"@type\":\"Organization\",\"@id\":\"https:\/\/www.transtoyou.com\/nb\/#organization\",\"name\":\"Transtoyou - NB\",\"url\":\"https:\/\/www.transtoyou.com\/nb\/\",\"logo\":{\"@type\":\"ImageObject\",\"inLanguage\":\"nb-NO\",\"@id\":\"https:\/\/www.transtoyou.com\/nb\/#\/schema\/logo\/image\/\",\"url\":\"https:\/\/www.transtoyou.com\/nb\/wp-content\/uploads\/sites\/10\/2026\/01\/logo-tty-menu-bar-300x87-1.webp\",\"contentUrl\":\"https:\/\/www.transtoyou.com\/nb\/wp-content\/uploads\/sites\/10\/2026\/01\/logo-tty-menu-bar-300x87-1.webp\",\"width\":300,\"height\":87,\"caption\":\"Transtoyou - NB\"},\"image\":{\"@id\":\"https:\/\/www.transtoyou.com\/nb\/#\/schema\/logo\/image\/\"}}]}<\/script>\n<!-- \/ Yoast SEO plugin. -->","yoast_head_json":{"title":"Vermox | Effektiv Parasittbehandling - Transtoyou","description":"Vermox tilgjengelig p\u00e5 Transtoyou, en p\u00e5litelig helseplattform. Kj\u00f8p n\u00e5 for effektiv behandling av parasittinfeksjoner. Praktisk og p\u00e5litelig tilgang.","robots":{"index":"noindex","follow":"follow","max-snippet":"max-snippet:-1","max-image-preview":"max-image-preview:large","max-video-preview":"max-video-preview:-1"},"og_locale":"nb_NO","og_type":"article","og_title":"Vermox | Effektiv Parasittbehandling - Transtoyou","og_description":"Vermox tilgjengelig p\u00e5 Transtoyou, en p\u00e5litelig helseplattform. Kj\u00f8p n\u00e5 for effektiv behandling av parasittinfeksjoner. Praktisk og p\u00e5litelig tilgang.","og_url":"https:\/\/www.transtoyou.com\/nb\/product\/vermox\/","og_site_name":"Transtoyou - NB","article_modified_time":"2026-03-07T14:05:02+00:00","twitter_card":"summary_large_image","twitter_misc":{"Ansl. lesetid":"1 minutt"},"schema":{"@context":"https:\/\/schema.org","@graph":[{"@type":"WebPage","@id":"https:\/\/www.transtoyou.com\/nb\/product\/vermox\/","url":"https:\/\/www.transtoyou.com\/nb\/product\/vermox\/","name":"Vermox | Effektiv Parasittbehandling - Transtoyou","isPartOf":{"@id":"https:\/\/www.transtoyou.com\/nb\/#website"},"primaryImageOfPage":{"@id":"https:\/\/www.transtoyou.com\/nb\/product\/vermox\/#primaryimage"},"image":{"@id":"https:\/\/www.transtoyou.com\/nb\/product\/vermox\/#primaryimage"},"thumbnailUrl":"https:\/\/www.transtoyou.com\/nb\/wp-content\/uploads\/sites\/10\/2026\/01\/tty-no-product-image-6.webp","datePublished":"2026-01-22T13:38:20+00:00","dateModified":"2026-03-07T14:05:02+00:00","description":"Vermox tilgjengelig p\u00e5 Transtoyou, en p\u00e5litelig helseplattform. Kj\u00f8p n\u00e5 for effektiv behandling av parasittinfeksjoner. Praktisk og p\u00e5litelig tilgang.","breadcrumb":{"@id":"https:\/\/www.transtoyou.com\/nb\/product\/vermox\/#breadcrumb"},"inLanguage":"nb-NO","potentialAction":[{"@type":"ReadAction","target":["https:\/\/www.transtoyou.com\/nb\/product\/vermox\/"]}]},{"@type":"ImageObject","inLanguage":"nb-NO","@id":"https:\/\/www.transtoyou.com\/nb\/product\/vermox\/#primaryimage","url":"https:\/\/www.transtoyou.com\/nb\/wp-content\/uploads\/sites\/10\/2026\/01\/tty-no-product-image-6.webp","contentUrl":"https:\/\/www.transtoyou.com\/nb\/wp-content\/uploads\/sites\/10\/2026\/01\/tty-no-product-image-6.webp","width":1000,"height":1000,"caption":"Standard produktbilde"},{"@type":"WebSite","@id":"https:\/\/www.transtoyou.com\/nb\/#website","url":"https:\/\/www.transtoyou.com\/nb\/","name":"Transtoyou - NB","description":"","publisher":{"@id":"https:\/\/www.transtoyou.com\/nb\/#organization"},"potentialAction":[{"@type":"SearchAction","target":{"@type":"EntryPoint","urlTemplate":"https:\/\/www.transtoyou.com\/nb\/?s={search_term_string}"},"query-input":{"@type":"PropertyValueSpecification","valueRequired":true,"valueName":"search_term_string"}}],"inLanguage":"nb-NO"},{"@type":"Organization","@id":"https:\/\/www.transtoyou.com\/nb\/#organization","name":"Transtoyou - NB","url":"https:\/\/www.transtoyou.com\/nb\/","logo":{"@type":"ImageObject","inLanguage":"nb-NO","@id":"https:\/\/www.transtoyou.com\/nb\/#\/schema\/logo\/image\/","url":"https:\/\/www.transtoyou.com\/nb\/wp-content\/uploads\/sites\/10\/2026\/01\/logo-tty-menu-bar-300x87-1.webp","contentUrl":"https:\/\/www.transtoyou.com\/nb\/wp-content\/uploads\/sites\/10\/2026\/01\/logo-tty-menu-bar-300x87-1.webp","width":300,"height":87,"caption":"Transtoyou - NB"},"image":{"@id":"https:\/\/www.transtoyou.com\/nb\/#\/schema\/logo\/image\/"}}]}},"_links":{"self":[{"href":"https:\/\/www.transtoyou.com\/nb\/wp-json\/wp\/v2\/product\/645","targetHints":{"allow":["GET"]}}],"collection":[{"href":"https:\/\/www.transtoyou.com\/nb\/wp-json\/wp\/v2\/product"}],"about":[{"href":"https:\/\/www.transtoyou.com\/nb\/wp-json\/wp\/v2\/types\/product"}],"replies":[{"embeddable":true,"href":"https:\/\/www.transtoyou.com\/nb\/wp-json\/wp\/v2\/comments?post=645"}],"wp:featuredmedia":[{"embeddable":true,"href":"https:\/\/www.transtoyou.com\/nb\/wp-json\/wp\/v2\/media\/647"}],"wp:attachment":[{"href":"https:\/\/www.transtoyou.com\/nb\/wp-json\/wp\/v2\/media?parent=645"}],"wp:term":[{"taxonomy":"product_brand","embeddable":true,"href":"https:\/\/www.transtoyou.com\/nb\/wp-json\/wp\/v2\/product_brand?post=645"},{"taxonomy":"product_cat","embeddable":true,"href":"https:\/\/www.transtoyou.com\/nb\/wp-json\/wp\/v2\/product_cat?post=645"},{"taxonomy":"product_tag","embeddable":true,"href":"https:\/\/www.transtoyou.com\/nb\/wp-json\/wp\/v2\/product_tag?post=645"},{"taxonomy":"expert","embeddable":true,"href":"https:\/\/www.transtoyou.com\/nb\/wp-json\/wp\/v2\/expert?post=645"}],"curies":[{"name":"wp","href":"https:\/\/api.w.org\/{rel}","templated":true}]}}