{"id":648,"date":"2026-01-22T15:53:56","date_gmt":"2026-01-22T13:53:56","guid":{"rendered":"https:\/\/www.transtoyou.com\/nb\/product\/molevac\/"},"modified":"2026-02-28T12:28:12","modified_gmt":"2026-02-28T10:28:12","slug":"molevac","status":"publish","type":"product","link":"https:\/\/www.transtoyou.com\/nb\/product\/molevac\/","title":{"rendered":"Molevac"},"content":{"rendered":"<p>Molevac er en medisin som brukes til \u00e5 behandle infeksjoner for\u00e5rsaket av tarmormer, spesielt barnemark. Barnemarkinfeksjoner er vanlige, spesielt hos barn, og kan for\u00e5rsake symptomer som kl\u00f8e (uro) rundt anus, rastl\u00f8shet og mild magesmerte. Molevac inneholder den aktive ingrediensen pyrvinium embonate, som virker ved \u00e5 lamme ormene slik at de kan bli utvist naturlig gjennom avf\u00f8ring.<\/p>\n<p>Denne behandlingen gis vanligvis som en enkelt oral dose, med en gjentatt dose anbefalt etter to uker for \u00e5 forhindre reinfeksjon. Siden barnemark sprer seg lett gjennom kontakt og kontaminerte overflater, anbefales det \u00e5 behandle alle husstandsmedlemmer samtidig for \u00e5 forhindre reinfeksjon.<\/p>\n<p>Molevac tolereres godt, med sv\u00e6rt f\u00e5 bivirkninger. Noen mennesker kan merke milde gastrointestinale symptomer som kvalme eller kramper, men disse er vanligvis kortvarige. God hygiene er avgj\u00f8rende under og etter behandling for \u00e5 unng\u00e5 videre smitte av ormene. Dette inkluderer regelmessig h\u00e5ndvask, rengj\u00f8ring av senget\u00f8y og kl\u00e6r, og \u00e5 klippe negler.<\/p>\n","protected":false},"excerpt":{"rendered":"<ul>\n<li>Enkeltdosebehandling<\/li>\n<li>Retter seg mot barnemark<\/li>\n<li>Egnet for mange mennesker<\/li>\n<\/ul>\n","protected":false},"featured_media":649,"comment_status":"open","ping_status":"closed","template":"","meta":[],"product_brand":[],"product_cat":[180],"product_tag":[],"expert":[21],"class_list":{"0":"post-648","1":"product","2":"type-product","3":"status-publish","4":"has-post-thumbnail","6":"product_cat-ormer","7":"expert-dr-m-sharoyko","9":"first","10":"outofstock","11":"shipping-taxable","12":"product-type-simple"},"yoast_head":"<!-- This site is optimized with the Yoast SEO plugin v27.0 - https:\/\/yoast.com\/product\/yoast-seo-wordpress\/ -->\n<title>Molevac | Effektiv Behandling mot Parasitter - Transtoyou<\/title>\n<meta name=\"description\" content=\"Oppdag Molevac for effektiv fjerning av parasitter, tilgjengelig p\u00e5 Transtoyou. St\u00f8tt tarmhelsen din med v\u00e5r dokumenterte formel. F\u00e5 din i dag!\" \/>\n<meta name=\"robots\" content=\"noindex, follow, max-snippet:-1, max-image-preview:large, max-video-preview:-1\" \/>\n<meta property=\"og:locale\" content=\"nb_NO\" \/>\n<meta property=\"og:type\" content=\"article\" \/>\n<meta property=\"og:title\" content=\"Molevac | Effektiv Behandling mot Parasitter - Transtoyou\" \/>\n<meta property=\"og:description\" content=\"Oppdag Molevac for effektiv fjerning av parasitter, tilgjengelig p\u00e5 Transtoyou. St\u00f8tt tarmhelsen din med v\u00e5r dokumenterte formel. F\u00e5 din i dag!\" \/>\n<meta property=\"og:url\" content=\"https:\/\/www.transtoyou.com\/nb\/product\/molevac\/\" \/>\n<meta property=\"og:site_name\" content=\"Transtoyou - NB\" \/>\n<meta property=\"article:modified_time\" content=\"2026-02-28T10:28:12+00:00\" \/>\n<meta name=\"twitter:card\" content=\"summary_large_image\" \/>\n<meta name=\"twitter:label1\" content=\"Ansl. lesetid\" \/>\n\t<meta name=\"twitter:data1\" content=\"1 minutt\" \/>\n<script type=\"application\/ld+json\" class=\"yoast-schema-graph\">{\"@context\":\"https:\/\/schema.org\",\"@graph\":[{\"@type\":\"WebPage\",\"@id\":\"https:\/\/www.transtoyou.com\/nb\/product\/molevac\/\",\"url\":\"https:\/\/www.transtoyou.com\/nb\/product\/molevac\/\",\"name\":\"Molevac | Effektiv Behandling mot Parasitter - Transtoyou\",\"isPartOf\":{\"@id\":\"https:\/\/www.transtoyou.com\/nb\/#website\"},\"primaryImageOfPage\":{\"@id\":\"https:\/\/www.transtoyou.com\/nb\/product\/molevac\/#primaryimage\"},\"image\":{\"@id\":\"https:\/\/www.transtoyou.com\/nb\/product\/molevac\/#primaryimage\"},\"thumbnailUrl\":\"https:\/\/www.transtoyou.com\/nb\/wp-content\/uploads\/sites\/10\/2026\/01\/tty-no-product-image-7.webp\",\"datePublished\":\"2026-01-22T13:53:56+00:00\",\"dateModified\":\"2026-02-28T10:28:12+00:00\",\"description\":\"Oppdag Molevac for effektiv fjerning av parasitter, tilgjengelig p\u00e5 Transtoyou. St\u00f8tt tarmhelsen din med v\u00e5r dokumenterte formel. F\u00e5 din i dag!\",\"breadcrumb\":{\"@id\":\"https:\/\/www.transtoyou.com\/nb\/product\/molevac\/#breadcrumb\"},\"inLanguage\":\"nb-NO\",\"potentialAction\":[{\"@type\":\"ReadAction\",\"target\":[\"https:\/\/www.transtoyou.com\/nb\/product\/molevac\/\"]}]},{\"@type\":\"ImageObject\",\"inLanguage\":\"nb-NO\",\"@id\":\"https:\/\/www.transtoyou.com\/nb\/product\/molevac\/#primaryimage\",\"url\":\"https:\/\/www.transtoyou.com\/nb\/wp-content\/uploads\/sites\/10\/2026\/01\/tty-no-product-image-7.webp\",\"contentUrl\":\"https:\/\/www.transtoyou.com\/nb\/wp-content\/uploads\/sites\/10\/2026\/01\/tty-no-product-image-7.webp\",\"width\":1000,\"height\":1000,\"caption\":\"Standard produktbilde\"},{\"@type\":\"WebSite\",\"@id\":\"https:\/\/www.transtoyou.com\/nb\/#website\",\"url\":\"https:\/\/www.transtoyou.com\/nb\/\",\"name\":\"Transtoyou - NB\",\"description\":\"\",\"publisher\":{\"@id\":\"https:\/\/www.transtoyou.com\/nb\/#organization\"},\"potentialAction\":[{\"@type\":\"SearchAction\",\"target\":{\"@type\":\"EntryPoint\",\"urlTemplate\":\"https:\/\/www.transtoyou.com\/nb\/?s={search_term_string}\"},\"query-input\":{\"@type\":\"PropertyValueSpecification\",\"valueRequired\":true,\"valueName\":\"search_term_string\"}}],\"inLanguage\":\"nb-NO\"},{\"@type\":\"Organization\",\"@id\":\"https:\/\/www.transtoyou.com\/nb\/#organization\",\"name\":\"Transtoyou - NB\",\"url\":\"https:\/\/www.transtoyou.com\/nb\/\",\"logo\":{\"@type\":\"ImageObject\",\"inLanguage\":\"nb-NO\",\"@id\":\"https:\/\/www.transtoyou.com\/nb\/#\/schema\/logo\/image\/\",\"url\":\"https:\/\/www.transtoyou.com\/nb\/wp-content\/uploads\/sites\/10\/2026\/01\/logo-tty-menu-bar-300x87-1.webp\",\"contentUrl\":\"https:\/\/www.transtoyou.com\/nb\/wp-content\/uploads\/sites\/10\/2026\/01\/logo-tty-menu-bar-300x87-1.webp\",\"width\":300,\"height\":87,\"caption\":\"Transtoyou - NB\"},\"image\":{\"@id\":\"https:\/\/www.transtoyou.com\/nb\/#\/schema\/logo\/image\/\"}}]}<\/script>\n<!-- \/ Yoast SEO plugin. -->","yoast_head_json":{"title":"Molevac | Effektiv Behandling mot Parasitter - Transtoyou","description":"Oppdag Molevac for effektiv fjerning av parasitter, tilgjengelig p\u00e5 Transtoyou. St\u00f8tt tarmhelsen din med v\u00e5r dokumenterte formel. F\u00e5 din i dag!","robots":{"index":"noindex","follow":"follow","max-snippet":"max-snippet:-1","max-image-preview":"max-image-preview:large","max-video-preview":"max-video-preview:-1"},"og_locale":"nb_NO","og_type":"article","og_title":"Molevac | Effektiv Behandling mot Parasitter - Transtoyou","og_description":"Oppdag Molevac for effektiv fjerning av parasitter, tilgjengelig p\u00e5 Transtoyou. St\u00f8tt tarmhelsen din med v\u00e5r dokumenterte formel. F\u00e5 din i dag!","og_url":"https:\/\/www.transtoyou.com\/nb\/product\/molevac\/","og_site_name":"Transtoyou - NB","article_modified_time":"2026-02-28T10:28:12+00:00","twitter_card":"summary_large_image","twitter_misc":{"Ansl. lesetid":"1 minutt"},"schema":{"@context":"https:\/\/schema.org","@graph":[{"@type":"WebPage","@id":"https:\/\/www.transtoyou.com\/nb\/product\/molevac\/","url":"https:\/\/www.transtoyou.com\/nb\/product\/molevac\/","name":"Molevac | Effektiv Behandling mot Parasitter - Transtoyou","isPartOf":{"@id":"https:\/\/www.transtoyou.com\/nb\/#website"},"primaryImageOfPage":{"@id":"https:\/\/www.transtoyou.com\/nb\/product\/molevac\/#primaryimage"},"image":{"@id":"https:\/\/www.transtoyou.com\/nb\/product\/molevac\/#primaryimage"},"thumbnailUrl":"https:\/\/www.transtoyou.com\/nb\/wp-content\/uploads\/sites\/10\/2026\/01\/tty-no-product-image-7.webp","datePublished":"2026-01-22T13:53:56+00:00","dateModified":"2026-02-28T10:28:12+00:00","description":"Oppdag Molevac for effektiv fjerning av parasitter, tilgjengelig p\u00e5 Transtoyou. St\u00f8tt tarmhelsen din med v\u00e5r dokumenterte formel. F\u00e5 din i dag!","breadcrumb":{"@id":"https:\/\/www.transtoyou.com\/nb\/product\/molevac\/#breadcrumb"},"inLanguage":"nb-NO","potentialAction":[{"@type":"ReadAction","target":["https:\/\/www.transtoyou.com\/nb\/product\/molevac\/"]}]},{"@type":"ImageObject","inLanguage":"nb-NO","@id":"https:\/\/www.transtoyou.com\/nb\/product\/molevac\/#primaryimage","url":"https:\/\/www.transtoyou.com\/nb\/wp-content\/uploads\/sites\/10\/2026\/01\/tty-no-product-image-7.webp","contentUrl":"https:\/\/www.transtoyou.com\/nb\/wp-content\/uploads\/sites\/10\/2026\/01\/tty-no-product-image-7.webp","width":1000,"height":1000,"caption":"Standard produktbilde"},{"@type":"WebSite","@id":"https:\/\/www.transtoyou.com\/nb\/#website","url":"https:\/\/www.transtoyou.com\/nb\/","name":"Transtoyou - NB","description":"","publisher":{"@id":"https:\/\/www.transtoyou.com\/nb\/#organization"},"potentialAction":[{"@type":"SearchAction","target":{"@type":"EntryPoint","urlTemplate":"https:\/\/www.transtoyou.com\/nb\/?s={search_term_string}"},"query-input":{"@type":"PropertyValueSpecification","valueRequired":true,"valueName":"search_term_string"}}],"inLanguage":"nb-NO"},{"@type":"Organization","@id":"https:\/\/www.transtoyou.com\/nb\/#organization","name":"Transtoyou - NB","url":"https:\/\/www.transtoyou.com\/nb\/","logo":{"@type":"ImageObject","inLanguage":"nb-NO","@id":"https:\/\/www.transtoyou.com\/nb\/#\/schema\/logo\/image\/","url":"https:\/\/www.transtoyou.com\/nb\/wp-content\/uploads\/sites\/10\/2026\/01\/logo-tty-menu-bar-300x87-1.webp","contentUrl":"https:\/\/www.transtoyou.com\/nb\/wp-content\/uploads\/sites\/10\/2026\/01\/logo-tty-menu-bar-300x87-1.webp","width":300,"height":87,"caption":"Transtoyou - NB"},"image":{"@id":"https:\/\/www.transtoyou.com\/nb\/#\/schema\/logo\/image\/"}}]}},"_links":{"self":[{"href":"https:\/\/www.transtoyou.com\/nb\/wp-json\/wp\/v2\/product\/648","targetHints":{"allow":["GET"]}}],"collection":[{"href":"https:\/\/www.transtoyou.com\/nb\/wp-json\/wp\/v2\/product"}],"about":[{"href":"https:\/\/www.transtoyou.com\/nb\/wp-json\/wp\/v2\/types\/product"}],"replies":[{"embeddable":true,"href":"https:\/\/www.transtoyou.com\/nb\/wp-json\/wp\/v2\/comments?post=648"}],"wp:featuredmedia":[{"embeddable":true,"href":"https:\/\/www.transtoyou.com\/nb\/wp-json\/wp\/v2\/media\/649"}],"wp:attachment":[{"href":"https:\/\/www.transtoyou.com\/nb\/wp-json\/wp\/v2\/media?parent=648"}],"wp:term":[{"taxonomy":"product_brand","embeddable":true,"href":"https:\/\/www.transtoyou.com\/nb\/wp-json\/wp\/v2\/product_brand?post=648"},{"taxonomy":"product_cat","embeddable":true,"href":"https:\/\/www.transtoyou.com\/nb\/wp-json\/wp\/v2\/product_cat?post=648"},{"taxonomy":"product_tag","embeddable":true,"href":"https:\/\/www.transtoyou.com\/nb\/wp-json\/wp\/v2\/product_tag?post=648"},{"taxonomy":"expert","embeddable":true,"href":"https:\/\/www.transtoyou.com\/nb\/wp-json\/wp\/v2\/expert?post=648"}],"curies":[{"name":"wp","href":"https:\/\/api.w.org\/{rel}","templated":true}]}}