{"id":653,"date":"2026-01-22T16:28:03","date_gmt":"2026-01-22T14:28:03","guid":{"rendered":"https:\/\/www.transtoyou.com\/nb\/product\/wegovy\/"},"modified":"2026-03-08T12:41:54","modified_gmt":"2026-03-08T10:41:54","slug":"wegovy","status":"publish","type":"product","link":"https:\/\/www.transtoyou.com\/nb\/product\/wegovy\/","title":{"rendered":"Wegovy"},"content":{"rendered":"<p>Wegovy er en reseptbelagt medisin designet for \u00e5 st\u00f8tte langsiktig vektkontroll hos voksne som er overvektige eller fete. Den inneholder semaglutid, en forbindelse som etterligner et naturlig forekommende hormon i kroppen kjent som GLP-1, som spiller en n\u00f8kkelrolle i reguleringen av appetitt og matinntak. Ved \u00e5 m\u00e5lrette spesifikke reseptorer i hjernen, hjelper Wegovy med \u00e5 redusere sult, \u00f8ke f\u00f8lelsen av metthet og begrense det totale kaloriinntaket.<\/p>\n<p>Wegovy administreres som en ukentlig injeksjon under huden ved hjelp av en ferdigfylt penn. Den er ment \u00e5 brukes i kombinasjon med et kaloriredusert kosthold og \u00f8kt fysisk aktivitet. Personer som bruker Wegovy opplever vanligvis gradvis og vedvarende vekttap over tid. Dette st\u00f8tter ikke bare forbedret fysisk helse, men reduserer ogs\u00e5 risikoen for vektrelaterte tilstander som type 2-diabetes, h\u00f8yt blodtrykk og hjerte- og karsykdommer.<\/p>\n<p>Medisinen startes med en lav dose og \u00f8kes gradvis over flere uker til full vedlikeholdsdose. Denne tiln\u00e6rmingen hjelper kroppen med \u00e5 tilpasse seg og reduserer risikoen for bivirkninger, som kvalme, oppkast eller gastrointestinal ubehag. Wegovy fungerer ikke som et stimulerende middel eller p\u00e5virker stoffskiftet direkte, men fremmer sunnere spisevaner ved \u00e5 regulere appetittsignalene.<\/p>\n","protected":false},"excerpt":{"rendered":"<ul>\n<li>Ukentlig injeksjon<\/li>\n<li>Reduserer appetitten<\/li>\n<li>Langsiktig vektst\u00f8tte<\/li>\n<\/ul>\n","protected":false},"featured_media":655,"comment_status":"open","ping_status":"closed","template":"","meta":[],"product_brand":[],"product_cat":[177],"product_tag":[],"expert":[16],"class_list":{"0":"post-653","1":"product","2":"type-product","3":"status-publish","4":"has-post-thumbnail","6":"product_cat-vekttap","7":"expert-dr-c-alexandru","9":"first","10":"instock","11":"shipping-taxable","12":"product-type-variable"},"yoast_head":"<!-- This site is optimized with the Yoast SEO plugin v27.0 - https:\/\/yoast.com\/product\/yoast-seo-wordpress\/ -->\n<title>Wegovy | Effektiv Vektkontroll L\u00f8sning - Transtoyou<\/title>\n<meta name=\"description\" content=\"Oppdag Wegovy for effektiv vektkontroll p\u00e5 Transtoyou. Kj\u00f8p n\u00e5 klinisk godkjente l\u00f8sninger som st\u00f8tter din helse.\" \/>\n<meta name=\"robots\" content=\"noindex, follow, max-snippet:-1, max-image-preview:large, max-video-preview:-1\" \/>\n<meta property=\"og:locale\" content=\"nb_NO\" \/>\n<meta property=\"og:type\" content=\"article\" \/>\n<meta property=\"og:title\" content=\"Wegovy | Effektiv Vektkontroll L\u00f8sning - Transtoyou\" \/>\n<meta property=\"og:description\" content=\"Oppdag Wegovy for effektiv vektkontroll p\u00e5 Transtoyou. Kj\u00f8p n\u00e5 klinisk godkjente l\u00f8sninger som st\u00f8tter din helse.\" \/>\n<meta property=\"og:url\" content=\"https:\/\/www.transtoyou.com\/nb\/product\/wegovy\/\" \/>\n<meta property=\"og:site_name\" content=\"Transtoyou - NB\" \/>\n<meta property=\"article:modified_time\" content=\"2026-03-08T10:41:54+00:00\" \/>\n<meta name=\"twitter:card\" content=\"summary_large_image\" \/>\n<meta name=\"twitter:label1\" content=\"Ansl. lesetid\" \/>\n\t<meta name=\"twitter:data1\" content=\"1 minutt\" \/>\n<script type=\"application\/ld+json\" class=\"yoast-schema-graph\">{\"@context\":\"https:\/\/schema.org\",\"@graph\":[{\"@type\":\"WebPage\",\"@id\":\"https:\/\/www.transtoyou.com\/nb\/product\/wegovy\/\",\"url\":\"https:\/\/www.transtoyou.com\/nb\/product\/wegovy\/\",\"name\":\"Wegovy | Effektiv Vektkontroll L\u00f8sning - Transtoyou\",\"isPartOf\":{\"@id\":\"https:\/\/www.transtoyou.com\/nb\/#website\"},\"primaryImageOfPage\":{\"@id\":\"https:\/\/www.transtoyou.com\/nb\/product\/wegovy\/#primaryimage\"},\"image\":{\"@id\":\"https:\/\/www.transtoyou.com\/nb\/product\/wegovy\/#primaryimage\"},\"thumbnailUrl\":\"https:\/\/www.transtoyou.com\/nb\/wp-content\/uploads\/sites\/10\/2026\/01\/wegovy-transtoyou-overview.png\",\"datePublished\":\"2026-01-22T14:28:03+00:00\",\"dateModified\":\"2026-03-08T10:41:54+00:00\",\"description\":\"Oppdag Wegovy for effektiv vektkontroll p\u00e5 Transtoyou. Kj\u00f8p n\u00e5 klinisk godkjente l\u00f8sninger som st\u00f8tter din helse.\",\"breadcrumb\":{\"@id\":\"https:\/\/www.transtoyou.com\/nb\/product\/wegovy\/#breadcrumb\"},\"inLanguage\":\"nb-NO\",\"potentialAction\":[{\"@type\":\"ReadAction\",\"target\":[\"https:\/\/www.transtoyou.com\/nb\/product\/wegovy\/\"]}]},{\"@type\":\"ImageObject\",\"inLanguage\":\"nb-NO\",\"@id\":\"https:\/\/www.transtoyou.com\/nb\/product\/wegovy\/#primaryimage\",\"url\":\"https:\/\/www.transtoyou.com\/nb\/wp-content\/uploads\/sites\/10\/2026\/01\/wegovy-transtoyou-overview.png\",\"contentUrl\":\"https:\/\/www.transtoyou.com\/nb\/wp-content\/uploads\/sites\/10\/2026\/01\/wegovy-transtoyou-overview.png\",\"width\":1080,\"height\":1080,\"caption\":\"Wegovy Injeksjonspenne - Transtoyou\"},{\"@type\":\"WebSite\",\"@id\":\"https:\/\/www.transtoyou.com\/nb\/#website\",\"url\":\"https:\/\/www.transtoyou.com\/nb\/\",\"name\":\"Transtoyou - NB\",\"description\":\"\",\"publisher\":{\"@id\":\"https:\/\/www.transtoyou.com\/nb\/#organization\"},\"potentialAction\":[{\"@type\":\"SearchAction\",\"target\":{\"@type\":\"EntryPoint\",\"urlTemplate\":\"https:\/\/www.transtoyou.com\/nb\/?s={search_term_string}\"},\"query-input\":{\"@type\":\"PropertyValueSpecification\",\"valueRequired\":true,\"valueName\":\"search_term_string\"}}],\"inLanguage\":\"nb-NO\"},{\"@type\":\"Organization\",\"@id\":\"https:\/\/www.transtoyou.com\/nb\/#organization\",\"name\":\"Transtoyou - NB\",\"url\":\"https:\/\/www.transtoyou.com\/nb\/\",\"logo\":{\"@type\":\"ImageObject\",\"inLanguage\":\"nb-NO\",\"@id\":\"https:\/\/www.transtoyou.com\/nb\/#\/schema\/logo\/image\/\",\"url\":\"https:\/\/www.transtoyou.com\/nb\/wp-content\/uploads\/sites\/10\/2026\/01\/logo-tty-menu-bar-300x87-1.webp\",\"contentUrl\":\"https:\/\/www.transtoyou.com\/nb\/wp-content\/uploads\/sites\/10\/2026\/01\/logo-tty-menu-bar-300x87-1.webp\",\"width\":300,\"height\":87,\"caption\":\"Transtoyou - NB\"},\"image\":{\"@id\":\"https:\/\/www.transtoyou.com\/nb\/#\/schema\/logo\/image\/\"}}]}<\/script>\n<!-- \/ Yoast SEO plugin. -->","yoast_head_json":{"title":"Wegovy | Effektiv Vektkontroll L\u00f8sning - Transtoyou","description":"Oppdag Wegovy for effektiv vektkontroll p\u00e5 Transtoyou. Kj\u00f8p n\u00e5 klinisk godkjente l\u00f8sninger som st\u00f8tter din helse.","robots":{"index":"noindex","follow":"follow","max-snippet":"max-snippet:-1","max-image-preview":"max-image-preview:large","max-video-preview":"max-video-preview:-1"},"og_locale":"nb_NO","og_type":"article","og_title":"Wegovy | Effektiv Vektkontroll L\u00f8sning - Transtoyou","og_description":"Oppdag Wegovy for effektiv vektkontroll p\u00e5 Transtoyou. Kj\u00f8p n\u00e5 klinisk godkjente l\u00f8sninger som st\u00f8tter din helse.","og_url":"https:\/\/www.transtoyou.com\/nb\/product\/wegovy\/","og_site_name":"Transtoyou - NB","article_modified_time":"2026-03-08T10:41:54+00:00","twitter_card":"summary_large_image","twitter_misc":{"Ansl. lesetid":"1 minutt"},"schema":{"@context":"https:\/\/schema.org","@graph":[{"@type":"WebPage","@id":"https:\/\/www.transtoyou.com\/nb\/product\/wegovy\/","url":"https:\/\/www.transtoyou.com\/nb\/product\/wegovy\/","name":"Wegovy | Effektiv Vektkontroll L\u00f8sning - Transtoyou","isPartOf":{"@id":"https:\/\/www.transtoyou.com\/nb\/#website"},"primaryImageOfPage":{"@id":"https:\/\/www.transtoyou.com\/nb\/product\/wegovy\/#primaryimage"},"image":{"@id":"https:\/\/www.transtoyou.com\/nb\/product\/wegovy\/#primaryimage"},"thumbnailUrl":"https:\/\/www.transtoyou.com\/nb\/wp-content\/uploads\/sites\/10\/2026\/01\/wegovy-transtoyou-overview.png","datePublished":"2026-01-22T14:28:03+00:00","dateModified":"2026-03-08T10:41:54+00:00","description":"Oppdag Wegovy for effektiv vektkontroll p\u00e5 Transtoyou. Kj\u00f8p n\u00e5 klinisk godkjente l\u00f8sninger som st\u00f8tter din helse.","breadcrumb":{"@id":"https:\/\/www.transtoyou.com\/nb\/product\/wegovy\/#breadcrumb"},"inLanguage":"nb-NO","potentialAction":[{"@type":"ReadAction","target":["https:\/\/www.transtoyou.com\/nb\/product\/wegovy\/"]}]},{"@type":"ImageObject","inLanguage":"nb-NO","@id":"https:\/\/www.transtoyou.com\/nb\/product\/wegovy\/#primaryimage","url":"https:\/\/www.transtoyou.com\/nb\/wp-content\/uploads\/sites\/10\/2026\/01\/wegovy-transtoyou-overview.png","contentUrl":"https:\/\/www.transtoyou.com\/nb\/wp-content\/uploads\/sites\/10\/2026\/01\/wegovy-transtoyou-overview.png","width":1080,"height":1080,"caption":"Wegovy Injeksjonspenne - Transtoyou"},{"@type":"WebSite","@id":"https:\/\/www.transtoyou.com\/nb\/#website","url":"https:\/\/www.transtoyou.com\/nb\/","name":"Transtoyou - NB","description":"","publisher":{"@id":"https:\/\/www.transtoyou.com\/nb\/#organization"},"potentialAction":[{"@type":"SearchAction","target":{"@type":"EntryPoint","urlTemplate":"https:\/\/www.transtoyou.com\/nb\/?s={search_term_string}"},"query-input":{"@type":"PropertyValueSpecification","valueRequired":true,"valueName":"search_term_string"}}],"inLanguage":"nb-NO"},{"@type":"Organization","@id":"https:\/\/www.transtoyou.com\/nb\/#organization","name":"Transtoyou - NB","url":"https:\/\/www.transtoyou.com\/nb\/","logo":{"@type":"ImageObject","inLanguage":"nb-NO","@id":"https:\/\/www.transtoyou.com\/nb\/#\/schema\/logo\/image\/","url":"https:\/\/www.transtoyou.com\/nb\/wp-content\/uploads\/sites\/10\/2026\/01\/logo-tty-menu-bar-300x87-1.webp","contentUrl":"https:\/\/www.transtoyou.com\/nb\/wp-content\/uploads\/sites\/10\/2026\/01\/logo-tty-menu-bar-300x87-1.webp","width":300,"height":87,"caption":"Transtoyou - NB"},"image":{"@id":"https:\/\/www.transtoyou.com\/nb\/#\/schema\/logo\/image\/"}}]}},"_links":{"self":[{"href":"https:\/\/www.transtoyou.com\/nb\/wp-json\/wp\/v2\/product\/653","targetHints":{"allow":["GET"]}}],"collection":[{"href":"https:\/\/www.transtoyou.com\/nb\/wp-json\/wp\/v2\/product"}],"about":[{"href":"https:\/\/www.transtoyou.com\/nb\/wp-json\/wp\/v2\/types\/product"}],"replies":[{"embeddable":true,"href":"https:\/\/www.transtoyou.com\/nb\/wp-json\/wp\/v2\/comments?post=653"}],"wp:featuredmedia":[{"embeddable":true,"href":"https:\/\/www.transtoyou.com\/nb\/wp-json\/wp\/v2\/media\/655"}],"wp:attachment":[{"href":"https:\/\/www.transtoyou.com\/nb\/wp-json\/wp\/v2\/media?parent=653"}],"wp:term":[{"taxonomy":"product_brand","embeddable":true,"href":"https:\/\/www.transtoyou.com\/nb\/wp-json\/wp\/v2\/product_brand?post=653"},{"taxonomy":"product_cat","embeddable":true,"href":"https:\/\/www.transtoyou.com\/nb\/wp-json\/wp\/v2\/product_cat?post=653"},{"taxonomy":"product_tag","embeddable":true,"href":"https:\/\/www.transtoyou.com\/nb\/wp-json\/wp\/v2\/product_tag?post=653"},{"taxonomy":"expert","embeddable":true,"href":"https:\/\/www.transtoyou.com\/nb\/wp-json\/wp\/v2\/expert?post=653"}],"curies":[{"name":"wp","href":"https:\/\/api.w.org\/{rel}","templated":true}]}}