{"id":656,"date":"2026-01-22T16:45:50","date_gmt":"2026-01-22T14:45:50","guid":{"rendered":"https:\/\/www.transtoyou.com\/nb\/product\/saxenda\/"},"modified":"2026-03-05T11:37:18","modified_gmt":"2026-03-05T09:37:18","slug":"saxenda","status":"publish","type":"product","link":"https:\/\/www.transtoyou.com\/nb\/product\/saxenda\/","title":{"rendered":"Saxenda"},"content":{"rendered":"<p>Saxenda er en injiserbar reseptbelagt medisin utviklet for \u00e5 hjelpe til med vekttap hos voksne som er overvektige eller fete. Den inneholder liraglutid, en forbindelse som etterligner et naturlig hormon i kroppen kjent som GLP-1. Dette hormonet spiller en rolle i reguleringen av appetitt, blodsukker og ford\u00f8yelse. Saxenda virker ved \u00e5 interagere med reseptorer i hjernen for \u00e5 hjelpe deg \u00e5 f\u00f8le deg mett tidligere og redusere sult mellom m\u00e5ltidene.<\/p>\n<p>I motsetning til mange tradisjonelle vekttapspiller, administreres Saxenda via en daglig injeksjon under huden ved hjelp av en ferdigfylt penn. Den er mest effektiv n\u00e5r den brukes sammen med et kalori-redusert kosthold og \u00f8kt fysisk aktivitet. Folk som bruker Saxenda opplever ofte gradvis, jevnt vekttap over tid, noe som kan f\u00f8re til forbedringer i andre helseforhold som type 2-diabetes, h\u00f8yt blodtrykk eller forh\u00f8yet kolesterol.<\/p>\n<p>Saxenda startes vanligvis med en lav dose for \u00e5 la kroppen tilpasse seg, med gradvise \u00f8kninger over flere uker. Denne trinnvise tiln\u00e6rmingen bidrar til \u00e5 minimere vanlige bivirkninger som kvalme eller ubehag i magen. Selv om medisinen p\u00e5virker appetitt og metthetsf\u00f8lelse, \u00f8ker den ikke stoffskiftet eller fungerer som et stimulerende middel.<\/p>\n","protected":false},"excerpt":{"rendered":"<ul>\n<li>St\u00f8tte for appetittregulering<\/li>\n<li>Daglig injeksjon<\/li>\n<li>Fremmer gradvis vekttap<\/li>\n<\/ul>\n","protected":false},"featured_media":658,"comment_status":"open","ping_status":"closed","template":"","meta":[],"product_brand":[],"product_cat":[177],"product_tag":[],"expert":[16],"class_list":{"0":"post-656","1":"product","2":"type-product","3":"status-publish","4":"has-post-thumbnail","6":"product_cat-vekttap","7":"expert-dr-c-alexandru","9":"first","10":"instock","11":"shipping-taxable","12":"product-type-variable"},"yoast_head":"<!-- This site is optimized with the Yoast SEO plugin v27.0 - https:\/\/yoast.com\/product\/yoast-seo-wordpress\/ -->\n<title>Saxenda | Effektiv Vekttap L\u00f8sning - Transtoyou<\/title>\n<meta name=\"description\" content=\"Oppdag Saxenda p\u00e5 Transtoyou for effektiv vektkontroll. Klinisk vurdert, p\u00e5litelig og praktisk. Handle n\u00e5 for helsen din.\" \/>\n<meta name=\"robots\" content=\"noindex, follow, max-snippet:-1, max-image-preview:large, max-video-preview:-1\" \/>\n<meta property=\"og:locale\" content=\"nb_NO\" \/>\n<meta property=\"og:type\" content=\"article\" \/>\n<meta property=\"og:title\" content=\"Saxenda | Effektiv Vekttap L\u00f8sning - Transtoyou\" \/>\n<meta property=\"og:description\" content=\"Oppdag Saxenda p\u00e5 Transtoyou for effektiv vektkontroll. Klinisk vurdert, p\u00e5litelig og praktisk. Handle n\u00e5 for helsen din.\" \/>\n<meta property=\"og:url\" content=\"https:\/\/www.transtoyou.com\/nb\/product\/saxenda\/\" \/>\n<meta property=\"og:site_name\" content=\"Transtoyou - NB\" \/>\n<meta property=\"article:modified_time\" content=\"2026-03-05T09:37:18+00:00\" \/>\n<meta name=\"twitter:card\" content=\"summary_large_image\" \/>\n<meta name=\"twitter:label1\" content=\"Ansl. lesetid\" \/>\n\t<meta name=\"twitter:data1\" content=\"1 minutt\" \/>\n<script type=\"application\/ld+json\" class=\"yoast-schema-graph\">{\"@context\":\"https:\/\/schema.org\",\"@graph\":[{\"@type\":\"WebPage\",\"@id\":\"https:\/\/www.transtoyou.com\/nb\/product\/saxenda\/\",\"url\":\"https:\/\/www.transtoyou.com\/nb\/product\/saxenda\/\",\"name\":\"Saxenda | Effektiv Vekttap L\u00f8sning - Transtoyou\",\"isPartOf\":{\"@id\":\"https:\/\/www.transtoyou.com\/nb\/#website\"},\"primaryImageOfPage\":{\"@id\":\"https:\/\/www.transtoyou.com\/nb\/product\/saxenda\/#primaryimage\"},\"image\":{\"@id\":\"https:\/\/www.transtoyou.com\/nb\/product\/saxenda\/#primaryimage\"},\"thumbnailUrl\":\"https:\/\/www.transtoyou.com\/nb\/wp-content\/uploads\/sites\/10\/2026\/01\/tty-no-product-image-9.webp\",\"datePublished\":\"2026-01-22T14:45:50+00:00\",\"dateModified\":\"2026-03-05T09:37:18+00:00\",\"description\":\"Oppdag Saxenda p\u00e5 Transtoyou for effektiv vektkontroll. Klinisk vurdert, p\u00e5litelig og praktisk. Handle n\u00e5 for helsen din.\",\"breadcrumb\":{\"@id\":\"https:\/\/www.transtoyou.com\/nb\/product\/saxenda\/#breadcrumb\"},\"inLanguage\":\"nb-NO\",\"potentialAction\":[{\"@type\":\"ReadAction\",\"target\":[\"https:\/\/www.transtoyou.com\/nb\/product\/saxenda\/\"]}]},{\"@type\":\"ImageObject\",\"inLanguage\":\"nb-NO\",\"@id\":\"https:\/\/www.transtoyou.com\/nb\/product\/saxenda\/#primaryimage\",\"url\":\"https:\/\/www.transtoyou.com\/nb\/wp-content\/uploads\/sites\/10\/2026\/01\/tty-no-product-image-9.webp\",\"contentUrl\":\"https:\/\/www.transtoyou.com\/nb\/wp-content\/uploads\/sites\/10\/2026\/01\/tty-no-product-image-9.webp\",\"width\":1000,\"height\":1000,\"caption\":\"Standard produktbilde\"},{\"@type\":\"WebSite\",\"@id\":\"https:\/\/www.transtoyou.com\/nb\/#website\",\"url\":\"https:\/\/www.transtoyou.com\/nb\/\",\"name\":\"Transtoyou - NB\",\"description\":\"\",\"publisher\":{\"@id\":\"https:\/\/www.transtoyou.com\/nb\/#organization\"},\"potentialAction\":[{\"@type\":\"SearchAction\",\"target\":{\"@type\":\"EntryPoint\",\"urlTemplate\":\"https:\/\/www.transtoyou.com\/nb\/?s={search_term_string}\"},\"query-input\":{\"@type\":\"PropertyValueSpecification\",\"valueRequired\":true,\"valueName\":\"search_term_string\"}}],\"inLanguage\":\"nb-NO\"},{\"@type\":\"Organization\",\"@id\":\"https:\/\/www.transtoyou.com\/nb\/#organization\",\"name\":\"Transtoyou - NB\",\"url\":\"https:\/\/www.transtoyou.com\/nb\/\",\"logo\":{\"@type\":\"ImageObject\",\"inLanguage\":\"nb-NO\",\"@id\":\"https:\/\/www.transtoyou.com\/nb\/#\/schema\/logo\/image\/\",\"url\":\"https:\/\/www.transtoyou.com\/nb\/wp-content\/uploads\/sites\/10\/2026\/01\/logo-tty-menu-bar-300x87-1.webp\",\"contentUrl\":\"https:\/\/www.transtoyou.com\/nb\/wp-content\/uploads\/sites\/10\/2026\/01\/logo-tty-menu-bar-300x87-1.webp\",\"width\":300,\"height\":87,\"caption\":\"Transtoyou - NB\"},\"image\":{\"@id\":\"https:\/\/www.transtoyou.com\/nb\/#\/schema\/logo\/image\/\"}}]}<\/script>\n<!-- \/ Yoast SEO plugin. -->","yoast_head_json":{"title":"Saxenda | Effektiv Vekttap L\u00f8sning - Transtoyou","description":"Oppdag Saxenda p\u00e5 Transtoyou for effektiv vektkontroll. Klinisk vurdert, p\u00e5litelig og praktisk. Handle n\u00e5 for helsen din.","robots":{"index":"noindex","follow":"follow","max-snippet":"max-snippet:-1","max-image-preview":"max-image-preview:large","max-video-preview":"max-video-preview:-1"},"og_locale":"nb_NO","og_type":"article","og_title":"Saxenda | Effektiv Vekttap L\u00f8sning - Transtoyou","og_description":"Oppdag Saxenda p\u00e5 Transtoyou for effektiv vektkontroll. Klinisk vurdert, p\u00e5litelig og praktisk. Handle n\u00e5 for helsen din.","og_url":"https:\/\/www.transtoyou.com\/nb\/product\/saxenda\/","og_site_name":"Transtoyou - NB","article_modified_time":"2026-03-05T09:37:18+00:00","twitter_card":"summary_large_image","twitter_misc":{"Ansl. lesetid":"1 minutt"},"schema":{"@context":"https:\/\/schema.org","@graph":[{"@type":"WebPage","@id":"https:\/\/www.transtoyou.com\/nb\/product\/saxenda\/","url":"https:\/\/www.transtoyou.com\/nb\/product\/saxenda\/","name":"Saxenda | Effektiv Vekttap L\u00f8sning - Transtoyou","isPartOf":{"@id":"https:\/\/www.transtoyou.com\/nb\/#website"},"primaryImageOfPage":{"@id":"https:\/\/www.transtoyou.com\/nb\/product\/saxenda\/#primaryimage"},"image":{"@id":"https:\/\/www.transtoyou.com\/nb\/product\/saxenda\/#primaryimage"},"thumbnailUrl":"https:\/\/www.transtoyou.com\/nb\/wp-content\/uploads\/sites\/10\/2026\/01\/tty-no-product-image-9.webp","datePublished":"2026-01-22T14:45:50+00:00","dateModified":"2026-03-05T09:37:18+00:00","description":"Oppdag Saxenda p\u00e5 Transtoyou for effektiv vektkontroll. Klinisk vurdert, p\u00e5litelig og praktisk. Handle n\u00e5 for helsen din.","breadcrumb":{"@id":"https:\/\/www.transtoyou.com\/nb\/product\/saxenda\/#breadcrumb"},"inLanguage":"nb-NO","potentialAction":[{"@type":"ReadAction","target":["https:\/\/www.transtoyou.com\/nb\/product\/saxenda\/"]}]},{"@type":"ImageObject","inLanguage":"nb-NO","@id":"https:\/\/www.transtoyou.com\/nb\/product\/saxenda\/#primaryimage","url":"https:\/\/www.transtoyou.com\/nb\/wp-content\/uploads\/sites\/10\/2026\/01\/tty-no-product-image-9.webp","contentUrl":"https:\/\/www.transtoyou.com\/nb\/wp-content\/uploads\/sites\/10\/2026\/01\/tty-no-product-image-9.webp","width":1000,"height":1000,"caption":"Standard produktbilde"},{"@type":"WebSite","@id":"https:\/\/www.transtoyou.com\/nb\/#website","url":"https:\/\/www.transtoyou.com\/nb\/","name":"Transtoyou - NB","description":"","publisher":{"@id":"https:\/\/www.transtoyou.com\/nb\/#organization"},"potentialAction":[{"@type":"SearchAction","target":{"@type":"EntryPoint","urlTemplate":"https:\/\/www.transtoyou.com\/nb\/?s={search_term_string}"},"query-input":{"@type":"PropertyValueSpecification","valueRequired":true,"valueName":"search_term_string"}}],"inLanguage":"nb-NO"},{"@type":"Organization","@id":"https:\/\/www.transtoyou.com\/nb\/#organization","name":"Transtoyou - NB","url":"https:\/\/www.transtoyou.com\/nb\/","logo":{"@type":"ImageObject","inLanguage":"nb-NO","@id":"https:\/\/www.transtoyou.com\/nb\/#\/schema\/logo\/image\/","url":"https:\/\/www.transtoyou.com\/nb\/wp-content\/uploads\/sites\/10\/2026\/01\/logo-tty-menu-bar-300x87-1.webp","contentUrl":"https:\/\/www.transtoyou.com\/nb\/wp-content\/uploads\/sites\/10\/2026\/01\/logo-tty-menu-bar-300x87-1.webp","width":300,"height":87,"caption":"Transtoyou - NB"},"image":{"@id":"https:\/\/www.transtoyou.com\/nb\/#\/schema\/logo\/image\/"}}]}},"_links":{"self":[{"href":"https:\/\/www.transtoyou.com\/nb\/wp-json\/wp\/v2\/product\/656","targetHints":{"allow":["GET"]}}],"collection":[{"href":"https:\/\/www.transtoyou.com\/nb\/wp-json\/wp\/v2\/product"}],"about":[{"href":"https:\/\/www.transtoyou.com\/nb\/wp-json\/wp\/v2\/types\/product"}],"replies":[{"embeddable":true,"href":"https:\/\/www.transtoyou.com\/nb\/wp-json\/wp\/v2\/comments?post=656"}],"wp:featuredmedia":[{"embeddable":true,"href":"https:\/\/www.transtoyou.com\/nb\/wp-json\/wp\/v2\/media\/658"}],"wp:attachment":[{"href":"https:\/\/www.transtoyou.com\/nb\/wp-json\/wp\/v2\/media?parent=656"}],"wp:term":[{"taxonomy":"product_brand","embeddable":true,"href":"https:\/\/www.transtoyou.com\/nb\/wp-json\/wp\/v2\/product_brand?post=656"},{"taxonomy":"product_cat","embeddable":true,"href":"https:\/\/www.transtoyou.com\/nb\/wp-json\/wp\/v2\/product_cat?post=656"},{"taxonomy":"product_tag","embeddable":true,"href":"https:\/\/www.transtoyou.com\/nb\/wp-json\/wp\/v2\/product_tag?post=656"},{"taxonomy":"expert","embeddable":true,"href":"https:\/\/www.transtoyou.com\/nb\/wp-json\/wp\/v2\/expert?post=656"}],"curies":[{"name":"wp","href":"https:\/\/api.w.org\/{rel}","templated":true}]}}