{"id":659,"date":"2026-01-22T17:02:42","date_gmt":"2026-01-22T15:02:42","guid":{"rendered":"https:\/\/www.transtoyou.com\/nb\/product\/orlistat\/"},"modified":"2026-03-01T11:27:54","modified_gmt":"2026-03-01T09:27:54","slug":"orlistat","status":"publish","type":"product","link":"https:\/\/www.transtoyou.com\/nb\/product\/orlistat\/","title":{"rendered":"Orlistat"},"content":{"rendered":"<p>Orlistat er et vekttapmedikament som virker ved \u00e5 hindre opptak av fett fra maten du spiser. Det brukes vanligvis av voksne som er overvektige eller fete og som \u00f8nsker \u00e5 h\u00e5ndtere vekten sin i kombinasjon med et kaloriredusert, lavfett kosthold. I motsetning til appetittdempende midler som p\u00e5virker hjernen, virker Orlistat lokalt i ford\u00f8yelseskanalen, og retter seg mot enzymet lipase. Dette enzymet er ansvarlig for \u00e5 bryte ned kostholdsfett slik at det kan absorberes av kroppen. Ved \u00e5 hemme lipase, s\u00f8rger Orlistat for at omtrent en tredjedel av kostholdsfettet ikke blir absorbert, men i stedet passerer gjennom kroppen naturlig.<\/p>\n<p>Orlistat tas vanligvis tre ganger om dagen med hvert hovedm\u00e5ltid som inneholder fett. Dets effektivitet er n\u00e6rt knyttet til \u00e5 opprettholde et balansert kosthold og \u00e5 delta i regelmessig fysisk aktivitet. De fleste brukere begynner \u00e5 se gradvis vektreduksjon innen noen uker. I tillegg har Orlistat vist seg \u00e5 bidra til \u00e5 forbedre blodtrykk, kolesterolniv\u00e5er og blodsukkerkontroll hos personer med vektrelaterte helseproblemer.<\/p>\n<p>De vanligste bivirkningene er av ford\u00f8yelsesmessig art og inkluderer oljete eller fete avf\u00f8ringer, \u00f8kte avf\u00f8ringsbevegelser, eller ubehag i magen. Disse bivirkningene avtar ofte etter hvert som kroppen tilpasser seg og brukerne tar i bruk et kosthold med lavere fettinnhold. For \u00e5 st\u00f8tte opptaket av fettl\u00f8selige vitaminer, anbefales det ofte \u00e5 ta et multivitamin kosttilskudd p\u00e5 et annet tidspunkt av dagen enn Orlistat-dosen.<\/p>\n","protected":false},"excerpt":{"rendered":"<ul>\n<li>Reduserer fettabsorpsjon<\/li>\n<li>Ikkesystemisk vekttapshjelp<\/li>\n<li>Hjelper med \u00e5 forbedre metabolsk helse<\/li>\n<\/ul>\n","protected":false},"featured_media":661,"comment_status":"open","ping_status":"closed","template":"","meta":[],"product_brand":[],"product_cat":[177],"product_tag":[],"expert":[16],"class_list":{"0":"post-659","1":"product","2":"type-product","3":"status-publish","4":"has-post-thumbnail","6":"product_cat-vekttap","7":"expert-dr-c-alexandru","9":"first","10":"instock","11":"shipping-taxable","12":"product-type-variable"},"yoast_head":"<!-- This site is optimized with the Yoast SEO plugin v27.0 - https:\/\/yoast.com\/product\/yoast-seo-wordpress\/ -->\n<title>Orlistat | Effektiv Vekth\u00e5ndtering - Transtoyou<\/title>\n<meta name=\"description\" content=\"Orlistat: St\u00f8tt vekth\u00e5ndtering med dette effektive produktet, tilgjengelig hos Transtoyou. Kj\u00f8p n\u00e5 for en p\u00e5litelig l\u00f8sning p\u00e5 din helsereise.\" \/>\n<meta name=\"robots\" content=\"noindex, follow, max-snippet:-1, max-image-preview:large, max-video-preview:-1\" \/>\n<meta property=\"og:locale\" content=\"nb_NO\" \/>\n<meta property=\"og:type\" content=\"article\" \/>\n<meta property=\"og:title\" content=\"Orlistat | Effektiv Vekth\u00e5ndtering - Transtoyou\" \/>\n<meta property=\"og:description\" content=\"Orlistat: St\u00f8tt vekth\u00e5ndtering med dette effektive produktet, tilgjengelig hos Transtoyou. Kj\u00f8p n\u00e5 for en p\u00e5litelig l\u00f8sning p\u00e5 din helsereise.\" \/>\n<meta property=\"og:url\" content=\"https:\/\/www.transtoyou.com\/nb\/product\/orlistat\/\" \/>\n<meta property=\"og:site_name\" content=\"Transtoyou - NB\" \/>\n<meta property=\"article:modified_time\" content=\"2026-03-01T09:27:54+00:00\" \/>\n<meta name=\"twitter:card\" content=\"summary_large_image\" \/>\n<meta name=\"twitter:label1\" content=\"Ansl. lesetid\" \/>\n\t<meta name=\"twitter:data1\" content=\"1 minutt\" \/>\n<script type=\"application\/ld+json\" class=\"yoast-schema-graph\">{\"@context\":\"https:\/\/schema.org\",\"@graph\":[{\"@type\":\"WebPage\",\"@id\":\"https:\/\/www.transtoyou.com\/nb\/product\/orlistat\/\",\"url\":\"https:\/\/www.transtoyou.com\/nb\/product\/orlistat\/\",\"name\":\"Orlistat | Effektiv Vekth\u00e5ndtering - Transtoyou\",\"isPartOf\":{\"@id\":\"https:\/\/www.transtoyou.com\/nb\/#website\"},\"primaryImageOfPage\":{\"@id\":\"https:\/\/www.transtoyou.com\/nb\/product\/orlistat\/#primaryimage\"},\"image\":{\"@id\":\"https:\/\/www.transtoyou.com\/nb\/product\/orlistat\/#primaryimage\"},\"thumbnailUrl\":\"https:\/\/www.transtoyou.com\/nb\/wp-content\/uploads\/sites\/10\/2026\/01\/tty-no-product-image-10.webp\",\"datePublished\":\"2026-01-22T15:02:42+00:00\",\"dateModified\":\"2026-03-01T09:27:54+00:00\",\"description\":\"Orlistat: St\u00f8tt vekth\u00e5ndtering med dette effektive produktet, tilgjengelig hos Transtoyou. Kj\u00f8p n\u00e5 for en p\u00e5litelig l\u00f8sning p\u00e5 din helsereise.\",\"breadcrumb\":{\"@id\":\"https:\/\/www.transtoyou.com\/nb\/product\/orlistat\/#breadcrumb\"},\"inLanguage\":\"nb-NO\",\"potentialAction\":[{\"@type\":\"ReadAction\",\"target\":[\"https:\/\/www.transtoyou.com\/nb\/product\/orlistat\/\"]}]},{\"@type\":\"ImageObject\",\"inLanguage\":\"nb-NO\",\"@id\":\"https:\/\/www.transtoyou.com\/nb\/product\/orlistat\/#primaryimage\",\"url\":\"https:\/\/www.transtoyou.com\/nb\/wp-content\/uploads\/sites\/10\/2026\/01\/tty-no-product-image-10.webp\",\"contentUrl\":\"https:\/\/www.transtoyou.com\/nb\/wp-content\/uploads\/sites\/10\/2026\/01\/tty-no-product-image-10.webp\",\"width\":1000,\"height\":1000,\"caption\":\"Standard produktbilde\"},{\"@type\":\"WebSite\",\"@id\":\"https:\/\/www.transtoyou.com\/nb\/#website\",\"url\":\"https:\/\/www.transtoyou.com\/nb\/\",\"name\":\"Transtoyou - NB\",\"description\":\"\",\"publisher\":{\"@id\":\"https:\/\/www.transtoyou.com\/nb\/#organization\"},\"potentialAction\":[{\"@type\":\"SearchAction\",\"target\":{\"@type\":\"EntryPoint\",\"urlTemplate\":\"https:\/\/www.transtoyou.com\/nb\/?s={search_term_string}\"},\"query-input\":{\"@type\":\"PropertyValueSpecification\",\"valueRequired\":true,\"valueName\":\"search_term_string\"}}],\"inLanguage\":\"nb-NO\"},{\"@type\":\"Organization\",\"@id\":\"https:\/\/www.transtoyou.com\/nb\/#organization\",\"name\":\"Transtoyou - NB\",\"url\":\"https:\/\/www.transtoyou.com\/nb\/\",\"logo\":{\"@type\":\"ImageObject\",\"inLanguage\":\"nb-NO\",\"@id\":\"https:\/\/www.transtoyou.com\/nb\/#\/schema\/logo\/image\/\",\"url\":\"https:\/\/www.transtoyou.com\/nb\/wp-content\/uploads\/sites\/10\/2026\/01\/logo-tty-menu-bar-300x87-1.webp\",\"contentUrl\":\"https:\/\/www.transtoyou.com\/nb\/wp-content\/uploads\/sites\/10\/2026\/01\/logo-tty-menu-bar-300x87-1.webp\",\"width\":300,\"height\":87,\"caption\":\"Transtoyou - NB\"},\"image\":{\"@id\":\"https:\/\/www.transtoyou.com\/nb\/#\/schema\/logo\/image\/\"}}]}<\/script>\n<!-- \/ Yoast SEO plugin. -->","yoast_head_json":{"title":"Orlistat | Effektiv Vekth\u00e5ndtering - Transtoyou","description":"Orlistat: St\u00f8tt vekth\u00e5ndtering med dette effektive produktet, tilgjengelig hos Transtoyou. Kj\u00f8p n\u00e5 for en p\u00e5litelig l\u00f8sning p\u00e5 din helsereise.","robots":{"index":"noindex","follow":"follow","max-snippet":"max-snippet:-1","max-image-preview":"max-image-preview:large","max-video-preview":"max-video-preview:-1"},"og_locale":"nb_NO","og_type":"article","og_title":"Orlistat | Effektiv Vekth\u00e5ndtering - Transtoyou","og_description":"Orlistat: St\u00f8tt vekth\u00e5ndtering med dette effektive produktet, tilgjengelig hos Transtoyou. Kj\u00f8p n\u00e5 for en p\u00e5litelig l\u00f8sning p\u00e5 din helsereise.","og_url":"https:\/\/www.transtoyou.com\/nb\/product\/orlistat\/","og_site_name":"Transtoyou - NB","article_modified_time":"2026-03-01T09:27:54+00:00","twitter_card":"summary_large_image","twitter_misc":{"Ansl. lesetid":"1 minutt"},"schema":{"@context":"https:\/\/schema.org","@graph":[{"@type":"WebPage","@id":"https:\/\/www.transtoyou.com\/nb\/product\/orlistat\/","url":"https:\/\/www.transtoyou.com\/nb\/product\/orlistat\/","name":"Orlistat | Effektiv Vekth\u00e5ndtering - Transtoyou","isPartOf":{"@id":"https:\/\/www.transtoyou.com\/nb\/#website"},"primaryImageOfPage":{"@id":"https:\/\/www.transtoyou.com\/nb\/product\/orlistat\/#primaryimage"},"image":{"@id":"https:\/\/www.transtoyou.com\/nb\/product\/orlistat\/#primaryimage"},"thumbnailUrl":"https:\/\/www.transtoyou.com\/nb\/wp-content\/uploads\/sites\/10\/2026\/01\/tty-no-product-image-10.webp","datePublished":"2026-01-22T15:02:42+00:00","dateModified":"2026-03-01T09:27:54+00:00","description":"Orlistat: St\u00f8tt vekth\u00e5ndtering med dette effektive produktet, tilgjengelig hos Transtoyou. Kj\u00f8p n\u00e5 for en p\u00e5litelig l\u00f8sning p\u00e5 din helsereise.","breadcrumb":{"@id":"https:\/\/www.transtoyou.com\/nb\/product\/orlistat\/#breadcrumb"},"inLanguage":"nb-NO","potentialAction":[{"@type":"ReadAction","target":["https:\/\/www.transtoyou.com\/nb\/product\/orlistat\/"]}]},{"@type":"ImageObject","inLanguage":"nb-NO","@id":"https:\/\/www.transtoyou.com\/nb\/product\/orlistat\/#primaryimage","url":"https:\/\/www.transtoyou.com\/nb\/wp-content\/uploads\/sites\/10\/2026\/01\/tty-no-product-image-10.webp","contentUrl":"https:\/\/www.transtoyou.com\/nb\/wp-content\/uploads\/sites\/10\/2026\/01\/tty-no-product-image-10.webp","width":1000,"height":1000,"caption":"Standard produktbilde"},{"@type":"WebSite","@id":"https:\/\/www.transtoyou.com\/nb\/#website","url":"https:\/\/www.transtoyou.com\/nb\/","name":"Transtoyou - NB","description":"","publisher":{"@id":"https:\/\/www.transtoyou.com\/nb\/#organization"},"potentialAction":[{"@type":"SearchAction","target":{"@type":"EntryPoint","urlTemplate":"https:\/\/www.transtoyou.com\/nb\/?s={search_term_string}"},"query-input":{"@type":"PropertyValueSpecification","valueRequired":true,"valueName":"search_term_string"}}],"inLanguage":"nb-NO"},{"@type":"Organization","@id":"https:\/\/www.transtoyou.com\/nb\/#organization","name":"Transtoyou - NB","url":"https:\/\/www.transtoyou.com\/nb\/","logo":{"@type":"ImageObject","inLanguage":"nb-NO","@id":"https:\/\/www.transtoyou.com\/nb\/#\/schema\/logo\/image\/","url":"https:\/\/www.transtoyou.com\/nb\/wp-content\/uploads\/sites\/10\/2026\/01\/logo-tty-menu-bar-300x87-1.webp","contentUrl":"https:\/\/www.transtoyou.com\/nb\/wp-content\/uploads\/sites\/10\/2026\/01\/logo-tty-menu-bar-300x87-1.webp","width":300,"height":87,"caption":"Transtoyou - NB"},"image":{"@id":"https:\/\/www.transtoyou.com\/nb\/#\/schema\/logo\/image\/"}}]}},"_links":{"self":[{"href":"https:\/\/www.transtoyou.com\/nb\/wp-json\/wp\/v2\/product\/659","targetHints":{"allow":["GET"]}}],"collection":[{"href":"https:\/\/www.transtoyou.com\/nb\/wp-json\/wp\/v2\/product"}],"about":[{"href":"https:\/\/www.transtoyou.com\/nb\/wp-json\/wp\/v2\/types\/product"}],"replies":[{"embeddable":true,"href":"https:\/\/www.transtoyou.com\/nb\/wp-json\/wp\/v2\/comments?post=659"}],"wp:featuredmedia":[{"embeddable":true,"href":"https:\/\/www.transtoyou.com\/nb\/wp-json\/wp\/v2\/media\/661"}],"wp:attachment":[{"href":"https:\/\/www.transtoyou.com\/nb\/wp-json\/wp\/v2\/media?parent=659"}],"wp:term":[{"taxonomy":"product_brand","embeddable":true,"href":"https:\/\/www.transtoyou.com\/nb\/wp-json\/wp\/v2\/product_brand?post=659"},{"taxonomy":"product_cat","embeddable":true,"href":"https:\/\/www.transtoyou.com\/nb\/wp-json\/wp\/v2\/product_cat?post=659"},{"taxonomy":"product_tag","embeddable":true,"href":"https:\/\/www.transtoyou.com\/nb\/wp-json\/wp\/v2\/product_tag?post=659"},{"taxonomy":"expert","embeddable":true,"href":"https:\/\/www.transtoyou.com\/nb\/wp-json\/wp\/v2\/expert?post=659"}],"curies":[{"name":"wp","href":"https:\/\/api.w.org\/{rel}","templated":true}]}}