{"id":662,"date":"2026-01-22T17:19:25","date_gmt":"2026-01-22T15:19:25","guid":{"rendered":"https:\/\/www.transtoyou.com\/nb\/product\/xenical\/"},"modified":"2026-03-08T12:52:31","modified_gmt":"2026-03-08T10:52:31","slug":"xenical","status":"publish","type":"product","link":"https:\/\/www.transtoyou.com\/nb\/product\/xenical\/","title":{"rendered":"Xenical"},"content":{"rendered":"<p>Xenical er en reseptbelagt medisin som hjelper til med \u00e5 st\u00f8tte vekttap hos personer som er overvektige eller fete. Den inneholder den aktive ingrediensen orlistat, som virker ved \u00e5 blokkere opptaket av kostholdsfett. I motsetning til appetittdempere, virker Xenical lokalt i ford\u00f8yelsessystemet og kan redusere fettopptaket med omtrent en tredjedel av det inntatte fettet.<\/p>\n<p>Det uopptatte fettet elimineres deretter naturlig gjennom avf\u00f8ringen. Dette bidrar til \u00e5 redusere kaloriinntaket, noe som f\u00f8rer til gradvis og vedvarende vekttap n\u00e5r det kombineres med et kalori-reduksjon, lavfett kosthold. Xenical anbefales vanligvis for personer med en BMI p\u00e5 \u2265 30 kg\/m\u00b2, eller \u2265 28 kg\/m\u00b2 i n\u00e6rv\u00e6r av vektrelaterte helseproblemer som hypertensjon eller type 2 diabetes.<\/p>\n<p>Xenical tas vanligvis tre ganger om dagen med hvert hovedm\u00e5ltid som inneholder fett. Det er viktig \u00e5 f\u00f8lge et ern\u00e6ringsmessig balansert, mildt hypokalorisk kosthold under behandlingen. For \u00e5 sikre riktig opptak av fettl\u00f8selige vitaminer, anbefales et daglig multivitamin kosttilskudd som inneholder vitaminene A, D, E og K, tatt minst to timer f\u00f8r eller etter inntak av Xenical.<\/p>\n<p>Vanlige bivirkninger inkluderer milde gastrointestinale symptomer som oljete eller fete avf\u00f8ringer, \u00f8kt flatulens, eller hyppigere avf\u00f8ringer. Disse effektene forbedres ofte med fortsatt bruk og overholdelse av et lavfett kosthold. Sjeldent har orlistat v\u00e6rt assosiert med forh\u00f8yede leverenzymverdier eller akutt nyreskade; kontakt legen din hvis du opplever magesmerter, m\u00f8rk urin eller blod i avf\u00f8ringen. Observasjonsstudier rapporterer en gjennomsnittlig placebo-korrigert vekttap p\u00e5 3,2 kg etter ett \u00e5r.<\/p>\n<p>Xenical kan bidra til \u00e5 forbedre helsemark\u00f8rer relatert til fedme, inkludert beskjedne reduksjoner i blodsukker, kolesterol og blodtrykk, spesielt n\u00e5r det kombineres med livsstilsendringer. Imidlertid er det ment for kronisk bruk under medisinsk tilsyn.<\/p>\n","protected":false},"excerpt":{"rendered":"<ul>\n<li>Blokkerer absorpsjon av kostholdsfett<\/li>\n<li>Hjelper med gradvis vekttap<\/li>\n<li>St\u00f8tter behandling av fedme under medisinsk veiledning<\/li>\n<\/ul>\n","protected":false},"featured_media":664,"comment_status":"open","ping_status":"closed","template":"","meta":[],"product_brand":[],"product_cat":[177],"product_tag":[],"expert":[19],"class_list":{"0":"post-662","1":"product","2":"type-product","3":"status-publish","4":"has-post-thumbnail","6":"product_cat-vekttap","7":"expert-dr-j-vazquez","9":"first","10":"instock","11":"shipping-taxable","12":"product-type-variable"},"yoast_head":"<!-- This site is optimized with the Yoast SEO plugin v27.0 - https:\/\/yoast.com\/product\/yoast-seo-wordpress\/ -->\n<title>Xenical | Vektkontrollst\u00f8tte - Transtoyou<\/title>\n<meta name=\"description\" content=\"Oppdag Xenical p\u00e5 Transtoyou for effektiv vektkontroll. Handle n\u00e5 for klinisk godkjente helsel\u00f8sninger.\" \/>\n<meta name=\"robots\" content=\"noindex, follow, max-snippet:-1, max-image-preview:large, max-video-preview:-1\" \/>\n<meta property=\"og:locale\" content=\"nb_NO\" \/>\n<meta property=\"og:type\" content=\"article\" \/>\n<meta property=\"og:title\" content=\"Xenical | Vektkontrollst\u00f8tte - Transtoyou\" \/>\n<meta property=\"og:description\" content=\"Oppdag Xenical p\u00e5 Transtoyou for effektiv vektkontroll. Handle n\u00e5 for klinisk godkjente helsel\u00f8sninger.\" \/>\n<meta property=\"og:url\" content=\"https:\/\/www.transtoyou.com\/nb\/product\/xenical\/\" \/>\n<meta property=\"og:site_name\" content=\"Transtoyou - NB\" \/>\n<meta property=\"article:modified_time\" content=\"2026-03-08T10:52:31+00:00\" \/>\n<meta name=\"twitter:card\" content=\"summary_large_image\" \/>\n<meta name=\"twitter:label1\" content=\"Ansl. lesetid\" \/>\n\t<meta name=\"twitter:data1\" content=\"1 minutt\" \/>\n<script type=\"application\/ld+json\" class=\"yoast-schema-graph\">{\"@context\":\"https:\/\/schema.org\",\"@graph\":[{\"@type\":\"WebPage\",\"@id\":\"https:\/\/www.transtoyou.com\/nb\/product\/xenical\/\",\"url\":\"https:\/\/www.transtoyou.com\/nb\/product\/xenical\/\",\"name\":\"Xenical | Vektkontrollst\u00f8tte - Transtoyou\",\"isPartOf\":{\"@id\":\"https:\/\/www.transtoyou.com\/nb\/#website\"},\"primaryImageOfPage\":{\"@id\":\"https:\/\/www.transtoyou.com\/nb\/product\/xenical\/#primaryimage\"},\"image\":{\"@id\":\"https:\/\/www.transtoyou.com\/nb\/product\/xenical\/#primaryimage\"},\"thumbnailUrl\":\"https:\/\/www.transtoyou.com\/nb\/wp-content\/uploads\/sites\/10\/2026\/01\/tty-no-product-image-11.webp\",\"datePublished\":\"2026-01-22T15:19:25+00:00\",\"dateModified\":\"2026-03-08T10:52:31+00:00\",\"description\":\"Oppdag Xenical p\u00e5 Transtoyou for effektiv vektkontroll. Handle n\u00e5 for klinisk godkjente helsel\u00f8sninger.\",\"breadcrumb\":{\"@id\":\"https:\/\/www.transtoyou.com\/nb\/product\/xenical\/#breadcrumb\"},\"inLanguage\":\"nb-NO\",\"potentialAction\":[{\"@type\":\"ReadAction\",\"target\":[\"https:\/\/www.transtoyou.com\/nb\/product\/xenical\/\"]}]},{\"@type\":\"ImageObject\",\"inLanguage\":\"nb-NO\",\"@id\":\"https:\/\/www.transtoyou.com\/nb\/product\/xenical\/#primaryimage\",\"url\":\"https:\/\/www.transtoyou.com\/nb\/wp-content\/uploads\/sites\/10\/2026\/01\/tty-no-product-image-11.webp\",\"contentUrl\":\"https:\/\/www.transtoyou.com\/nb\/wp-content\/uploads\/sites\/10\/2026\/01\/tty-no-product-image-11.webp\",\"width\":1000,\"height\":1000,\"caption\":\"Standard produktbilde\"},{\"@type\":\"WebSite\",\"@id\":\"https:\/\/www.transtoyou.com\/nb\/#website\",\"url\":\"https:\/\/www.transtoyou.com\/nb\/\",\"name\":\"Transtoyou - NB\",\"description\":\"\",\"publisher\":{\"@id\":\"https:\/\/www.transtoyou.com\/nb\/#organization\"},\"potentialAction\":[{\"@type\":\"SearchAction\",\"target\":{\"@type\":\"EntryPoint\",\"urlTemplate\":\"https:\/\/www.transtoyou.com\/nb\/?s={search_term_string}\"},\"query-input\":{\"@type\":\"PropertyValueSpecification\",\"valueRequired\":true,\"valueName\":\"search_term_string\"}}],\"inLanguage\":\"nb-NO\"},{\"@type\":\"Organization\",\"@id\":\"https:\/\/www.transtoyou.com\/nb\/#organization\",\"name\":\"Transtoyou - NB\",\"url\":\"https:\/\/www.transtoyou.com\/nb\/\",\"logo\":{\"@type\":\"ImageObject\",\"inLanguage\":\"nb-NO\",\"@id\":\"https:\/\/www.transtoyou.com\/nb\/#\/schema\/logo\/image\/\",\"url\":\"https:\/\/www.transtoyou.com\/nb\/wp-content\/uploads\/sites\/10\/2026\/01\/logo-tty-menu-bar-300x87-1.webp\",\"contentUrl\":\"https:\/\/www.transtoyou.com\/nb\/wp-content\/uploads\/sites\/10\/2026\/01\/logo-tty-menu-bar-300x87-1.webp\",\"width\":300,\"height\":87,\"caption\":\"Transtoyou - NB\"},\"image\":{\"@id\":\"https:\/\/www.transtoyou.com\/nb\/#\/schema\/logo\/image\/\"}}]}<\/script>\n<!-- \/ Yoast SEO plugin. -->","yoast_head_json":{"title":"Xenical | Vektkontrollst\u00f8tte - Transtoyou","description":"Oppdag Xenical p\u00e5 Transtoyou for effektiv vektkontroll. Handle n\u00e5 for klinisk godkjente helsel\u00f8sninger.","robots":{"index":"noindex","follow":"follow","max-snippet":"max-snippet:-1","max-image-preview":"max-image-preview:large","max-video-preview":"max-video-preview:-1"},"og_locale":"nb_NO","og_type":"article","og_title":"Xenical | Vektkontrollst\u00f8tte - Transtoyou","og_description":"Oppdag Xenical p\u00e5 Transtoyou for effektiv vektkontroll. Handle n\u00e5 for klinisk godkjente helsel\u00f8sninger.","og_url":"https:\/\/www.transtoyou.com\/nb\/product\/xenical\/","og_site_name":"Transtoyou - NB","article_modified_time":"2026-03-08T10:52:31+00:00","twitter_card":"summary_large_image","twitter_misc":{"Ansl. lesetid":"1 minutt"},"schema":{"@context":"https:\/\/schema.org","@graph":[{"@type":"WebPage","@id":"https:\/\/www.transtoyou.com\/nb\/product\/xenical\/","url":"https:\/\/www.transtoyou.com\/nb\/product\/xenical\/","name":"Xenical | Vektkontrollst\u00f8tte - Transtoyou","isPartOf":{"@id":"https:\/\/www.transtoyou.com\/nb\/#website"},"primaryImageOfPage":{"@id":"https:\/\/www.transtoyou.com\/nb\/product\/xenical\/#primaryimage"},"image":{"@id":"https:\/\/www.transtoyou.com\/nb\/product\/xenical\/#primaryimage"},"thumbnailUrl":"https:\/\/www.transtoyou.com\/nb\/wp-content\/uploads\/sites\/10\/2026\/01\/tty-no-product-image-11.webp","datePublished":"2026-01-22T15:19:25+00:00","dateModified":"2026-03-08T10:52:31+00:00","description":"Oppdag Xenical p\u00e5 Transtoyou for effektiv vektkontroll. Handle n\u00e5 for klinisk godkjente helsel\u00f8sninger.","breadcrumb":{"@id":"https:\/\/www.transtoyou.com\/nb\/product\/xenical\/#breadcrumb"},"inLanguage":"nb-NO","potentialAction":[{"@type":"ReadAction","target":["https:\/\/www.transtoyou.com\/nb\/product\/xenical\/"]}]},{"@type":"ImageObject","inLanguage":"nb-NO","@id":"https:\/\/www.transtoyou.com\/nb\/product\/xenical\/#primaryimage","url":"https:\/\/www.transtoyou.com\/nb\/wp-content\/uploads\/sites\/10\/2026\/01\/tty-no-product-image-11.webp","contentUrl":"https:\/\/www.transtoyou.com\/nb\/wp-content\/uploads\/sites\/10\/2026\/01\/tty-no-product-image-11.webp","width":1000,"height":1000,"caption":"Standard produktbilde"},{"@type":"WebSite","@id":"https:\/\/www.transtoyou.com\/nb\/#website","url":"https:\/\/www.transtoyou.com\/nb\/","name":"Transtoyou - NB","description":"","publisher":{"@id":"https:\/\/www.transtoyou.com\/nb\/#organization"},"potentialAction":[{"@type":"SearchAction","target":{"@type":"EntryPoint","urlTemplate":"https:\/\/www.transtoyou.com\/nb\/?s={search_term_string}"},"query-input":{"@type":"PropertyValueSpecification","valueRequired":true,"valueName":"search_term_string"}}],"inLanguage":"nb-NO"},{"@type":"Organization","@id":"https:\/\/www.transtoyou.com\/nb\/#organization","name":"Transtoyou - NB","url":"https:\/\/www.transtoyou.com\/nb\/","logo":{"@type":"ImageObject","inLanguage":"nb-NO","@id":"https:\/\/www.transtoyou.com\/nb\/#\/schema\/logo\/image\/","url":"https:\/\/www.transtoyou.com\/nb\/wp-content\/uploads\/sites\/10\/2026\/01\/logo-tty-menu-bar-300x87-1.webp","contentUrl":"https:\/\/www.transtoyou.com\/nb\/wp-content\/uploads\/sites\/10\/2026\/01\/logo-tty-menu-bar-300x87-1.webp","width":300,"height":87,"caption":"Transtoyou - NB"},"image":{"@id":"https:\/\/www.transtoyou.com\/nb\/#\/schema\/logo\/image\/"}}]}},"_links":{"self":[{"href":"https:\/\/www.transtoyou.com\/nb\/wp-json\/wp\/v2\/product\/662","targetHints":{"allow":["GET"]}}],"collection":[{"href":"https:\/\/www.transtoyou.com\/nb\/wp-json\/wp\/v2\/product"}],"about":[{"href":"https:\/\/www.transtoyou.com\/nb\/wp-json\/wp\/v2\/types\/product"}],"replies":[{"embeddable":true,"href":"https:\/\/www.transtoyou.com\/nb\/wp-json\/wp\/v2\/comments?post=662"}],"wp:featuredmedia":[{"embeddable":true,"href":"https:\/\/www.transtoyou.com\/nb\/wp-json\/wp\/v2\/media\/664"}],"wp:attachment":[{"href":"https:\/\/www.transtoyou.com\/nb\/wp-json\/wp\/v2\/media?parent=662"}],"wp:term":[{"taxonomy":"product_brand","embeddable":true,"href":"https:\/\/www.transtoyou.com\/nb\/wp-json\/wp\/v2\/product_brand?post=662"},{"taxonomy":"product_cat","embeddable":true,"href":"https:\/\/www.transtoyou.com\/nb\/wp-json\/wp\/v2\/product_cat?post=662"},{"taxonomy":"product_tag","embeddable":true,"href":"https:\/\/www.transtoyou.com\/nb\/wp-json\/wp\/v2\/product_tag?post=662"},{"taxonomy":"expert","embeddable":true,"href":"https:\/\/www.transtoyou.com\/nb\/wp-json\/wp\/v2\/expert?post=662"}],"curies":[{"name":"wp","href":"https:\/\/api.w.org\/{rel}","templated":true}]}}