{"id":665,"date":"2026-01-22T17:35:38","date_gmt":"2026-01-22T15:35:38","guid":{"rendered":"https:\/\/www.transtoyou.com\/nb\/product\/diflucan\/"},"modified":"2026-01-22T17:36:44","modified_gmt":"2026-01-22T15:36:44","slug":"diflucan","status":"publish","type":"product","link":"https:\/\/www.transtoyou.com\/nb\/product\/diflucan\/","title":{"rendered":"Diflucan"},"content":{"rendered":"<p>Diflucan er en oral antifungal medisin som brukes for \u00e5 hjelpe til med \u00e5 behandle vaginal soppinfeksjoner for\u00e5rsaket av Candida. Den inneholder fluconazol, et systemisk antifungal middel som retter seg mot \u00e5rsaken ved \u00e5 forstyrre den soppcellemembranen. I motsetning til lokale behandlinger tas den som en enkelt oral dose.<\/p>\n<p>Candida-infeksjoner, ofte kjent som soppinfeksjon, kan for\u00e5rsake kl\u00f8e, irritasjon, hevelse og unormal utflod p\u00e5 grunn av en forstyrrelse av den naturlige vaginale mikrobiotaen. Diflucan virker ved \u00e5 blokkere dannelsen av ergosterol, en essensiell komponent av soppcelleveggen, noe som f\u00f8rer til soppcelled\u00f8d og l\u00f8sning av infeksjonen.<\/p>\n<p>Fordi den tas oralt, virker Diflucan systemisk og kan v\u00e6re spesielt nyttig for personer som foretrekker en engangsbehandling eller ikke kan bruke vaginale produkter. Mange mennesker kan oppleve symptomlindring innen 24 til 48 timer, selv om flere dager kan v\u00e6re n\u00f8dvendig for full l\u00f8sning.<\/p>\n<p>Bivirkninger er vanligvis milde og kan inkludere kvalme, hodepine, magesmerter eller diar\u00e9. Den b\u00f8r brukes med forsiktighet hos personer med leversykdommer eller de som tar medisiner som interagerer med fluconazol, spesielt de som p\u00e5virker hjerterytmen eller leverenzymene.<\/p>\n<p>Diflucan brukes ofte for enkeltst\u00e5ende episoder av soppinfeksjon, men kan ogs\u00e5 forskrives som en del av en langsiktig plan for tilbakevendende infeksjoner. Den anbefales ikke i tidlig graviditet uten medisinsk r\u00e5d; en enkelt 150 mg dose ser ut til \u00e5 medf\u00f8re lave risikoer, men gjentatte eller h\u00f8ye doser kan medf\u00f8re potensiell skade.<\/p>\n","protected":false},"excerpt":{"rendered":"<ul>\n<li>Enkeltdose behandling av soppinfeksjon<\/li>\n<li>Retter seg mot Candida systemisk<\/li>\n<li>Effektiv oral antifungal lindring<\/li>\n<\/ul>\n","protected":false},"featured_media":667,"comment_status":"open","ping_status":"closed","template":"","meta":[],"product_brand":[],"product_cat":[89,174],"product_tag":[],"expert":[19],"class_list":{"0":"post-665","1":"product","2":"type-product","3":"status-publish","4":"has-post-thumbnail","6":"product_cat-candida","7":"product_cat-vaginale-infeksjoner-antifungaler","8":"expert-dr-j-vazquez","10":"first","11":"instock","12":"shipping-taxable","13":"product-type-variable"},"yoast_head":"<!-- This site is optimized with the Yoast SEO plugin v27.0 - https:\/\/yoast.com\/product\/yoast-seo-wordpress\/ -->\n<title>Diflucan | Effektiv Antifungal L\u00f8sning - Transtoyou<\/title>\n<meta name=\"description\" content=\"L\u00f8s soppinfeksjoner med Diflucan, tilgjengelig hos Transtoyou. Kj\u00f8p n\u00e5 for effektiv behandling og lindr symptomene dine i dag.\" \/>\n<meta name=\"robots\" content=\"noindex, follow, max-snippet:-1, max-image-preview:large, max-video-preview:-1\" \/>\n<meta property=\"og:locale\" content=\"nb_NO\" \/>\n<meta property=\"og:type\" content=\"article\" \/>\n<meta property=\"og:title\" content=\"Diflucan | Effektiv Antifungal L\u00f8sning - Transtoyou\" \/>\n<meta property=\"og:description\" content=\"L\u00f8s soppinfeksjoner med Diflucan, tilgjengelig hos Transtoyou. Kj\u00f8p n\u00e5 for effektiv behandling og lindr symptomene dine i dag.\" \/>\n<meta property=\"og:url\" content=\"https:\/\/www.transtoyou.com\/nb\/product\/diflucan\/\" \/>\n<meta property=\"og:site_name\" content=\"Transtoyou - NB\" \/>\n<meta property=\"article:modified_time\" content=\"2026-01-22T15:36:44+00:00\" \/>\n<meta name=\"twitter:card\" content=\"summary_large_image\" \/>\n<meta name=\"twitter:label1\" content=\"Ansl. lesetid\" \/>\n\t<meta name=\"twitter:data1\" content=\"1 minutt\" \/>\n<script type=\"application\/ld+json\" class=\"yoast-schema-graph\">{\"@context\":\"https:\/\/schema.org\",\"@graph\":[{\"@type\":\"WebPage\",\"@id\":\"https:\/\/www.transtoyou.com\/nb\/product\/diflucan\/\",\"url\":\"https:\/\/www.transtoyou.com\/nb\/product\/diflucan\/\",\"name\":\"Diflucan | Effektiv Antifungal L\u00f8sning - Transtoyou\",\"isPartOf\":{\"@id\":\"https:\/\/www.transtoyou.com\/nb\/#website\"},\"primaryImageOfPage\":{\"@id\":\"https:\/\/www.transtoyou.com\/nb\/product\/diflucan\/#primaryimage\"},\"image\":{\"@id\":\"https:\/\/www.transtoyou.com\/nb\/product\/diflucan\/#primaryimage\"},\"thumbnailUrl\":\"https:\/\/www.transtoyou.com\/nb\/wp-content\/uploads\/sites\/10\/2026\/01\/tty-no-product-image-12.webp\",\"datePublished\":\"2026-01-22T15:35:38+00:00\",\"dateModified\":\"2026-01-22T15:36:44+00:00\",\"description\":\"L\u00f8s soppinfeksjoner med Diflucan, tilgjengelig hos Transtoyou. Kj\u00f8p n\u00e5 for effektiv behandling og lindr symptomene dine i dag.\",\"breadcrumb\":{\"@id\":\"https:\/\/www.transtoyou.com\/nb\/product\/diflucan\/#breadcrumb\"},\"inLanguage\":\"nb-NO\",\"potentialAction\":[{\"@type\":\"ReadAction\",\"target\":[\"https:\/\/www.transtoyou.com\/nb\/product\/diflucan\/\"]}]},{\"@type\":\"ImageObject\",\"inLanguage\":\"nb-NO\",\"@id\":\"https:\/\/www.transtoyou.com\/nb\/product\/diflucan\/#primaryimage\",\"url\":\"https:\/\/www.transtoyou.com\/nb\/wp-content\/uploads\/sites\/10\/2026\/01\/tty-no-product-image-12.webp\",\"contentUrl\":\"https:\/\/www.transtoyou.com\/nb\/wp-content\/uploads\/sites\/10\/2026\/01\/tty-no-product-image-12.webp\",\"width\":1000,\"height\":1000,\"caption\":\"Standard produktbilde\"},{\"@type\":\"WebSite\",\"@id\":\"https:\/\/www.transtoyou.com\/nb\/#website\",\"url\":\"https:\/\/www.transtoyou.com\/nb\/\",\"name\":\"Transtoyou - NB\",\"description\":\"\",\"publisher\":{\"@id\":\"https:\/\/www.transtoyou.com\/nb\/#organization\"},\"potentialAction\":[{\"@type\":\"SearchAction\",\"target\":{\"@type\":\"EntryPoint\",\"urlTemplate\":\"https:\/\/www.transtoyou.com\/nb\/?s={search_term_string}\"},\"query-input\":{\"@type\":\"PropertyValueSpecification\",\"valueRequired\":true,\"valueName\":\"search_term_string\"}}],\"inLanguage\":\"nb-NO\"},{\"@type\":\"Organization\",\"@id\":\"https:\/\/www.transtoyou.com\/nb\/#organization\",\"name\":\"Transtoyou - NB\",\"url\":\"https:\/\/www.transtoyou.com\/nb\/\",\"logo\":{\"@type\":\"ImageObject\",\"inLanguage\":\"nb-NO\",\"@id\":\"https:\/\/www.transtoyou.com\/nb\/#\/schema\/logo\/image\/\",\"url\":\"https:\/\/www.transtoyou.com\/nb\/wp-content\/uploads\/sites\/10\/2026\/01\/logo-tty-menu-bar-300x87-1.webp\",\"contentUrl\":\"https:\/\/www.transtoyou.com\/nb\/wp-content\/uploads\/sites\/10\/2026\/01\/logo-tty-menu-bar-300x87-1.webp\",\"width\":300,\"height\":87,\"caption\":\"Transtoyou - NB\"},\"image\":{\"@id\":\"https:\/\/www.transtoyou.com\/nb\/#\/schema\/logo\/image\/\"}}]}<\/script>\n<!-- \/ Yoast SEO plugin. -->","yoast_head_json":{"title":"Diflucan | Effektiv Antifungal L\u00f8sning - Transtoyou","description":"L\u00f8s soppinfeksjoner med Diflucan, tilgjengelig hos Transtoyou. Kj\u00f8p n\u00e5 for effektiv behandling og lindr symptomene dine i dag.","robots":{"index":"noindex","follow":"follow","max-snippet":"max-snippet:-1","max-image-preview":"max-image-preview:large","max-video-preview":"max-video-preview:-1"},"og_locale":"nb_NO","og_type":"article","og_title":"Diflucan | Effektiv Antifungal L\u00f8sning - Transtoyou","og_description":"L\u00f8s soppinfeksjoner med Diflucan, tilgjengelig hos Transtoyou. Kj\u00f8p n\u00e5 for effektiv behandling og lindr symptomene dine i dag.","og_url":"https:\/\/www.transtoyou.com\/nb\/product\/diflucan\/","og_site_name":"Transtoyou - NB","article_modified_time":"2026-01-22T15:36:44+00:00","twitter_card":"summary_large_image","twitter_misc":{"Ansl. lesetid":"1 minutt"},"schema":{"@context":"https:\/\/schema.org","@graph":[{"@type":"WebPage","@id":"https:\/\/www.transtoyou.com\/nb\/product\/diflucan\/","url":"https:\/\/www.transtoyou.com\/nb\/product\/diflucan\/","name":"Diflucan | Effektiv Antifungal L\u00f8sning - Transtoyou","isPartOf":{"@id":"https:\/\/www.transtoyou.com\/nb\/#website"},"primaryImageOfPage":{"@id":"https:\/\/www.transtoyou.com\/nb\/product\/diflucan\/#primaryimage"},"image":{"@id":"https:\/\/www.transtoyou.com\/nb\/product\/diflucan\/#primaryimage"},"thumbnailUrl":"https:\/\/www.transtoyou.com\/nb\/wp-content\/uploads\/sites\/10\/2026\/01\/tty-no-product-image-12.webp","datePublished":"2026-01-22T15:35:38+00:00","dateModified":"2026-01-22T15:36:44+00:00","description":"L\u00f8s soppinfeksjoner med Diflucan, tilgjengelig hos Transtoyou. Kj\u00f8p n\u00e5 for effektiv behandling og lindr symptomene dine i dag.","breadcrumb":{"@id":"https:\/\/www.transtoyou.com\/nb\/product\/diflucan\/#breadcrumb"},"inLanguage":"nb-NO","potentialAction":[{"@type":"ReadAction","target":["https:\/\/www.transtoyou.com\/nb\/product\/diflucan\/"]}]},{"@type":"ImageObject","inLanguage":"nb-NO","@id":"https:\/\/www.transtoyou.com\/nb\/product\/diflucan\/#primaryimage","url":"https:\/\/www.transtoyou.com\/nb\/wp-content\/uploads\/sites\/10\/2026\/01\/tty-no-product-image-12.webp","contentUrl":"https:\/\/www.transtoyou.com\/nb\/wp-content\/uploads\/sites\/10\/2026\/01\/tty-no-product-image-12.webp","width":1000,"height":1000,"caption":"Standard produktbilde"},{"@type":"WebSite","@id":"https:\/\/www.transtoyou.com\/nb\/#website","url":"https:\/\/www.transtoyou.com\/nb\/","name":"Transtoyou - NB","description":"","publisher":{"@id":"https:\/\/www.transtoyou.com\/nb\/#organization"},"potentialAction":[{"@type":"SearchAction","target":{"@type":"EntryPoint","urlTemplate":"https:\/\/www.transtoyou.com\/nb\/?s={search_term_string}"},"query-input":{"@type":"PropertyValueSpecification","valueRequired":true,"valueName":"search_term_string"}}],"inLanguage":"nb-NO"},{"@type":"Organization","@id":"https:\/\/www.transtoyou.com\/nb\/#organization","name":"Transtoyou - NB","url":"https:\/\/www.transtoyou.com\/nb\/","logo":{"@type":"ImageObject","inLanguage":"nb-NO","@id":"https:\/\/www.transtoyou.com\/nb\/#\/schema\/logo\/image\/","url":"https:\/\/www.transtoyou.com\/nb\/wp-content\/uploads\/sites\/10\/2026\/01\/logo-tty-menu-bar-300x87-1.webp","contentUrl":"https:\/\/www.transtoyou.com\/nb\/wp-content\/uploads\/sites\/10\/2026\/01\/logo-tty-menu-bar-300x87-1.webp","width":300,"height":87,"caption":"Transtoyou - NB"},"image":{"@id":"https:\/\/www.transtoyou.com\/nb\/#\/schema\/logo\/image\/"}}]}},"_links":{"self":[{"href":"https:\/\/www.transtoyou.com\/nb\/wp-json\/wp\/v2\/product\/665","targetHints":{"allow":["GET"]}}],"collection":[{"href":"https:\/\/www.transtoyou.com\/nb\/wp-json\/wp\/v2\/product"}],"about":[{"href":"https:\/\/www.transtoyou.com\/nb\/wp-json\/wp\/v2\/types\/product"}],"replies":[{"embeddable":true,"href":"https:\/\/www.transtoyou.com\/nb\/wp-json\/wp\/v2\/comments?post=665"}],"wp:featuredmedia":[{"embeddable":true,"href":"https:\/\/www.transtoyou.com\/nb\/wp-json\/wp\/v2\/media\/667"}],"wp:attachment":[{"href":"https:\/\/www.transtoyou.com\/nb\/wp-json\/wp\/v2\/media?parent=665"}],"wp:term":[{"taxonomy":"product_brand","embeddable":true,"href":"https:\/\/www.transtoyou.com\/nb\/wp-json\/wp\/v2\/product_brand?post=665"},{"taxonomy":"product_cat","embeddable":true,"href":"https:\/\/www.transtoyou.com\/nb\/wp-json\/wp\/v2\/product_cat?post=665"},{"taxonomy":"product_tag","embeddable":true,"href":"https:\/\/www.transtoyou.com\/nb\/wp-json\/wp\/v2\/product_tag?post=665"},{"taxonomy":"expert","embeddable":true,"href":"https:\/\/www.transtoyou.com\/nb\/wp-json\/wp\/v2\/expert?post=665"}],"curies":[{"name":"wp","href":"https:\/\/api.w.org\/{rel}","templated":true}]}}