{"id":671,"date":"2026-01-22T18:07:48","date_gmt":"2026-01-22T16:07:48","guid":{"rendered":"https:\/\/www.transtoyou.com\/nb\/product\/vesicare\/"},"modified":"2026-01-22T18:08:56","modified_gmt":"2026-01-22T16:08:56","slug":"vesicare","status":"publish","type":"product","link":"https:\/\/www.transtoyou.com\/nb\/product\/vesicare\/","title":{"rendered":"Vesicare"},"content":{"rendered":"<p>Vesicare er en medisin som brukes til \u00e5 behandle symptomer p\u00e5 overaktiv bl\u00e6re (OAB), som urinhaste, hyppig vannlating og urgeinkontinens. Den inneholder den aktive ingrediensen solifenacin, som tilh\u00f8rer en klasse medisiner kalt antimuskarinika. Disse legemidlene virker ved \u00e5 blokkere spesifikke reseptorer i bl\u00e6reveggen, noe som hjelper til med \u00e5 slappe av bl\u00e6re-muskelen og \u00f8ke dens kapasitet til \u00e5 lagre urin.<\/p>\n<p>Overaktiv bl\u00e6re kan betydelig p\u00e5virke dagliglivet, og for\u00e5rsake plutselige og ukontrollerbare trang til \u00e5 urinere, hyppige turer til toalettet, og potensielt lekkasje. Vesicare hjelper til med \u00e5 h\u00e5ndtere disse symptomene ved \u00e5 redusere ufrivillige bl\u00e6re-sammentrekninger, noe som gj\u00f8r at enkeltpersoner kan gjenvinne kontroll og selvtillit i daglige aktiviteter.<\/p>\n<p>Vesicare tas en gang daglig, vanligvis p\u00e5 samme tid hver dag, med eller uten mat. Tabletten skal svelges hel med vann. De fleste begynner \u00e5 merke forbedringer i symptomene innen de f\u00f8rste ukene med bruk, selv om det kan ta lengre tid f\u00f8r den fullstendige effekten utvikler seg.<\/p>\n<p>Vanlige bivirkninger av Vesicare inkluderer t\u00f8rr munn, forstoppelse, oppbl\u00e5sthet, kvalme, magesmerter og uklart syn. I noen tilfeller kan svimmelhet eller urinretensjon forekomme. Disse bivirkningene er ofte milde og h\u00e5ndterbare.<\/p>\n<p>Vesicare er ikke egnet for personer med visse medisinske tilstander som alvorlige gastrointestinal problemer, urinretensjon eller ukontrollert glaukom.<\/p>\n","protected":false},"excerpt":{"rendered":"<ul>\n<li>En gang daglig bl\u00e6rekontroll<\/li>\n<li>Reduserer hastverk og lekkasje<\/li>\n<li>Forbedrer bl\u00e6re stabilitet<\/li>\n<\/ul>\n","protected":false},"featured_media":673,"comment_status":"open","ping_status":"closed","template":"","meta":[],"product_brand":[],"product_cat":[173],"product_tag":[],"expert":[18],"class_list":{"0":"post-671","1":"product","2":"type-product","3":"status-publish","4":"has-post-thumbnail","6":"product_cat-urininkontinens","7":"expert-dr-g-varbanov","9":"first","10":"instock","11":"shipping-taxable","12":"product-type-variable"},"yoast_head":"<!-- This site is optimized with the Yoast SEO plugin v27.0 - https:\/\/yoast.com\/product\/yoast-seo-wordpress\/ -->\n<title>Vesicare | Effektiv Bl\u00e6re Kontroll - Transtoyou<\/title>\n<meta name=\"description\" content=\"Vesicare for lindring av overaktiv bl\u00e6re, tilgjengelig n\u00e5 p\u00e5 Transtoyou. Forbedre daglig komfort, handle i dag for effektiv symptomh\u00e5ndtering.\" \/>\n<meta name=\"robots\" content=\"noindex, follow, max-snippet:-1, max-image-preview:large, max-video-preview:-1\" \/>\n<meta property=\"og:locale\" content=\"nb_NO\" \/>\n<meta property=\"og:type\" content=\"article\" \/>\n<meta property=\"og:title\" content=\"Vesicare | Effektiv Bl\u00e6re Kontroll - Transtoyou\" \/>\n<meta property=\"og:description\" content=\"Vesicare for lindring av overaktiv bl\u00e6re, tilgjengelig n\u00e5 p\u00e5 Transtoyou. Forbedre daglig komfort, handle i dag for effektiv symptomh\u00e5ndtering.\" \/>\n<meta property=\"og:url\" content=\"https:\/\/www.transtoyou.com\/nb\/product\/vesicare\/\" \/>\n<meta property=\"og:site_name\" content=\"Transtoyou - NB\" \/>\n<meta property=\"article:modified_time\" content=\"2026-01-22T16:08:56+00:00\" \/>\n<meta name=\"twitter:card\" content=\"summary_large_image\" \/>\n<meta name=\"twitter:label1\" content=\"Ansl. lesetid\" \/>\n\t<meta name=\"twitter:data1\" content=\"1 minutt\" \/>\n<script type=\"application\/ld+json\" class=\"yoast-schema-graph\">{\"@context\":\"https:\/\/schema.org\",\"@graph\":[{\"@type\":\"WebPage\",\"@id\":\"https:\/\/www.transtoyou.com\/nb\/product\/vesicare\/\",\"url\":\"https:\/\/www.transtoyou.com\/nb\/product\/vesicare\/\",\"name\":\"Vesicare | Effektiv Bl\u00e6re Kontroll - Transtoyou\",\"isPartOf\":{\"@id\":\"https:\/\/www.transtoyou.com\/nb\/#website\"},\"primaryImageOfPage\":{\"@id\":\"https:\/\/www.transtoyou.com\/nb\/product\/vesicare\/#primaryimage\"},\"image\":{\"@id\":\"https:\/\/www.transtoyou.com\/nb\/product\/vesicare\/#primaryimage\"},\"thumbnailUrl\":\"https:\/\/www.transtoyou.com\/nb\/wp-content\/uploads\/sites\/10\/2026\/01\/tty-no-product-image-14.webp\",\"datePublished\":\"2026-01-22T16:07:48+00:00\",\"dateModified\":\"2026-01-22T16:08:56+00:00\",\"description\":\"Vesicare for lindring av overaktiv bl\u00e6re, tilgjengelig n\u00e5 p\u00e5 Transtoyou. Forbedre daglig komfort, handle i dag for effektiv symptomh\u00e5ndtering.\",\"breadcrumb\":{\"@id\":\"https:\/\/www.transtoyou.com\/nb\/product\/vesicare\/#breadcrumb\"},\"inLanguage\":\"nb-NO\",\"potentialAction\":[{\"@type\":\"ReadAction\",\"target\":[\"https:\/\/www.transtoyou.com\/nb\/product\/vesicare\/\"]}]},{\"@type\":\"ImageObject\",\"inLanguage\":\"nb-NO\",\"@id\":\"https:\/\/www.transtoyou.com\/nb\/product\/vesicare\/#primaryimage\",\"url\":\"https:\/\/www.transtoyou.com\/nb\/wp-content\/uploads\/sites\/10\/2026\/01\/tty-no-product-image-14.webp\",\"contentUrl\":\"https:\/\/www.transtoyou.com\/nb\/wp-content\/uploads\/sites\/10\/2026\/01\/tty-no-product-image-14.webp\",\"width\":1000,\"height\":1000,\"caption\":\"Standard produktbilde\"},{\"@type\":\"WebSite\",\"@id\":\"https:\/\/www.transtoyou.com\/nb\/#website\",\"url\":\"https:\/\/www.transtoyou.com\/nb\/\",\"name\":\"Transtoyou - NB\",\"description\":\"\",\"publisher\":{\"@id\":\"https:\/\/www.transtoyou.com\/nb\/#organization\"},\"potentialAction\":[{\"@type\":\"SearchAction\",\"target\":{\"@type\":\"EntryPoint\",\"urlTemplate\":\"https:\/\/www.transtoyou.com\/nb\/?s={search_term_string}\"},\"query-input\":{\"@type\":\"PropertyValueSpecification\",\"valueRequired\":true,\"valueName\":\"search_term_string\"}}],\"inLanguage\":\"nb-NO\"},{\"@type\":\"Organization\",\"@id\":\"https:\/\/www.transtoyou.com\/nb\/#organization\",\"name\":\"Transtoyou - NB\",\"url\":\"https:\/\/www.transtoyou.com\/nb\/\",\"logo\":{\"@type\":\"ImageObject\",\"inLanguage\":\"nb-NO\",\"@id\":\"https:\/\/www.transtoyou.com\/nb\/#\/schema\/logo\/image\/\",\"url\":\"https:\/\/www.transtoyou.com\/nb\/wp-content\/uploads\/sites\/10\/2026\/01\/logo-tty-menu-bar-300x87-1.webp\",\"contentUrl\":\"https:\/\/www.transtoyou.com\/nb\/wp-content\/uploads\/sites\/10\/2026\/01\/logo-tty-menu-bar-300x87-1.webp\",\"width\":300,\"height\":87,\"caption\":\"Transtoyou - NB\"},\"image\":{\"@id\":\"https:\/\/www.transtoyou.com\/nb\/#\/schema\/logo\/image\/\"}}]}<\/script>\n<!-- \/ Yoast SEO plugin. -->","yoast_head_json":{"title":"Vesicare | Effektiv Bl\u00e6re Kontroll - Transtoyou","description":"Vesicare for lindring av overaktiv bl\u00e6re, tilgjengelig n\u00e5 p\u00e5 Transtoyou. Forbedre daglig komfort, handle i dag for effektiv symptomh\u00e5ndtering.","robots":{"index":"noindex","follow":"follow","max-snippet":"max-snippet:-1","max-image-preview":"max-image-preview:large","max-video-preview":"max-video-preview:-1"},"og_locale":"nb_NO","og_type":"article","og_title":"Vesicare | Effektiv Bl\u00e6re Kontroll - Transtoyou","og_description":"Vesicare for lindring av overaktiv bl\u00e6re, tilgjengelig n\u00e5 p\u00e5 Transtoyou. Forbedre daglig komfort, handle i dag for effektiv symptomh\u00e5ndtering.","og_url":"https:\/\/www.transtoyou.com\/nb\/product\/vesicare\/","og_site_name":"Transtoyou - NB","article_modified_time":"2026-01-22T16:08:56+00:00","twitter_card":"summary_large_image","twitter_misc":{"Ansl. lesetid":"1 minutt"},"schema":{"@context":"https:\/\/schema.org","@graph":[{"@type":"WebPage","@id":"https:\/\/www.transtoyou.com\/nb\/product\/vesicare\/","url":"https:\/\/www.transtoyou.com\/nb\/product\/vesicare\/","name":"Vesicare | Effektiv Bl\u00e6re Kontroll - Transtoyou","isPartOf":{"@id":"https:\/\/www.transtoyou.com\/nb\/#website"},"primaryImageOfPage":{"@id":"https:\/\/www.transtoyou.com\/nb\/product\/vesicare\/#primaryimage"},"image":{"@id":"https:\/\/www.transtoyou.com\/nb\/product\/vesicare\/#primaryimage"},"thumbnailUrl":"https:\/\/www.transtoyou.com\/nb\/wp-content\/uploads\/sites\/10\/2026\/01\/tty-no-product-image-14.webp","datePublished":"2026-01-22T16:07:48+00:00","dateModified":"2026-01-22T16:08:56+00:00","description":"Vesicare for lindring av overaktiv bl\u00e6re, tilgjengelig n\u00e5 p\u00e5 Transtoyou. Forbedre daglig komfort, handle i dag for effektiv symptomh\u00e5ndtering.","breadcrumb":{"@id":"https:\/\/www.transtoyou.com\/nb\/product\/vesicare\/#breadcrumb"},"inLanguage":"nb-NO","potentialAction":[{"@type":"ReadAction","target":["https:\/\/www.transtoyou.com\/nb\/product\/vesicare\/"]}]},{"@type":"ImageObject","inLanguage":"nb-NO","@id":"https:\/\/www.transtoyou.com\/nb\/product\/vesicare\/#primaryimage","url":"https:\/\/www.transtoyou.com\/nb\/wp-content\/uploads\/sites\/10\/2026\/01\/tty-no-product-image-14.webp","contentUrl":"https:\/\/www.transtoyou.com\/nb\/wp-content\/uploads\/sites\/10\/2026\/01\/tty-no-product-image-14.webp","width":1000,"height":1000,"caption":"Standard produktbilde"},{"@type":"WebSite","@id":"https:\/\/www.transtoyou.com\/nb\/#website","url":"https:\/\/www.transtoyou.com\/nb\/","name":"Transtoyou - NB","description":"","publisher":{"@id":"https:\/\/www.transtoyou.com\/nb\/#organization"},"potentialAction":[{"@type":"SearchAction","target":{"@type":"EntryPoint","urlTemplate":"https:\/\/www.transtoyou.com\/nb\/?s={search_term_string}"},"query-input":{"@type":"PropertyValueSpecification","valueRequired":true,"valueName":"search_term_string"}}],"inLanguage":"nb-NO"},{"@type":"Organization","@id":"https:\/\/www.transtoyou.com\/nb\/#organization","name":"Transtoyou - NB","url":"https:\/\/www.transtoyou.com\/nb\/","logo":{"@type":"ImageObject","inLanguage":"nb-NO","@id":"https:\/\/www.transtoyou.com\/nb\/#\/schema\/logo\/image\/","url":"https:\/\/www.transtoyou.com\/nb\/wp-content\/uploads\/sites\/10\/2026\/01\/logo-tty-menu-bar-300x87-1.webp","contentUrl":"https:\/\/www.transtoyou.com\/nb\/wp-content\/uploads\/sites\/10\/2026\/01\/logo-tty-menu-bar-300x87-1.webp","width":300,"height":87,"caption":"Transtoyou - NB"},"image":{"@id":"https:\/\/www.transtoyou.com\/nb\/#\/schema\/logo\/image\/"}}]}},"_links":{"self":[{"href":"https:\/\/www.transtoyou.com\/nb\/wp-json\/wp\/v2\/product\/671","targetHints":{"allow":["GET"]}}],"collection":[{"href":"https:\/\/www.transtoyou.com\/nb\/wp-json\/wp\/v2\/product"}],"about":[{"href":"https:\/\/www.transtoyou.com\/nb\/wp-json\/wp\/v2\/types\/product"}],"replies":[{"embeddable":true,"href":"https:\/\/www.transtoyou.com\/nb\/wp-json\/wp\/v2\/comments?post=671"}],"wp:featuredmedia":[{"embeddable":true,"href":"https:\/\/www.transtoyou.com\/nb\/wp-json\/wp\/v2\/media\/673"}],"wp:attachment":[{"href":"https:\/\/www.transtoyou.com\/nb\/wp-json\/wp\/v2\/media?parent=671"}],"wp:term":[{"taxonomy":"product_brand","embeddable":true,"href":"https:\/\/www.transtoyou.com\/nb\/wp-json\/wp\/v2\/product_brand?post=671"},{"taxonomy":"product_cat","embeddable":true,"href":"https:\/\/www.transtoyou.com\/nb\/wp-json\/wp\/v2\/product_cat?post=671"},{"taxonomy":"product_tag","embeddable":true,"href":"https:\/\/www.transtoyou.com\/nb\/wp-json\/wp\/v2\/product_tag?post=671"},{"taxonomy":"expert","embeddable":true,"href":"https:\/\/www.transtoyou.com\/nb\/wp-json\/wp\/v2\/expert?post=671"}],"curies":[{"name":"wp","href":"https:\/\/api.w.org\/{rel}","templated":true}]}}