{"id":680,"date":"2026-01-22T18:56:57","date_gmt":"2026-01-22T16:56:57","guid":{"rendered":"https:\/\/www.transtoyou.com\/nb\/product\/euthyrox\/"},"modified":"2026-01-22T18:58:10","modified_gmt":"2026-01-22T16:58:10","slug":"euthyrox","status":"publish","type":"product","link":"https:\/\/www.transtoyou.com\/nb\/product\/euthyrox\/","title":{"rendered":"Euthyrox"},"content":{"rendered":"<p>Euthyrox er en syntetisk form for levotyroksin, et hormon som er identisk med det naturlige tyroksinet som produseres av skjoldbruskkjertelen. Det brukes til \u00e5 behandle hypotyreose, en tilstand der skjoldbruskkjertelen er underaktiv og ikke produserer nok hormon. Tyroksin er essensielt for \u00e5 regulere kroppens metabolisme, energiniv\u00e5er, temperaturkontroll og mange andre viktige funksjoner.<\/p>\n<p>N\u00e5r skjoldbruskkjertelen ikke produserer nok hormon, kan symptomer som tretthet, vekt\u00f8kning, t\u00f8rr hud, forstoppelse, depresjon og kuldeintoleranse utvikle seg. Euthyrox hjelper til med \u00e5 gjenopprette hormon niv\u00e5ene til det normale, slik at kroppens systemer kan fungere skikkelig igjen. Ved \u00e5 korrigere hormon ubalansen kan det forbedre energi, konsentrasjon, hum\u00f8r og metabolsk stabilitet.<\/p>\n<p>Euthyrox tas en gang daglig, helst om morgenen, p\u00e5 tom mage minst 30\u201360 minutter f\u00f8r man spiser eller drikker noe annet enn vann. Det absorberes gjennom ford\u00f8yelseskanalen og distribueres i hele kroppen for \u00e5 ut\u00f8ve sine effekter.<\/p>\n<p>De fleste begynner \u00e5 merke en forbedring i symptomene innen en til to uker etter oppstart av behandlingen, selv om det kan ta lengre tid for full effekt. Siden hypotyreose ofte er en livslang tilstand, tas Euthyrox vanligvis som en langtids daglig medisin.<\/p>\n<p>Det tolereres generelt godt n\u00e5r det tas i riktig dose. Bivirkninger kan oppst\u00e5 hvis dosen er for h\u00f8y og kan inkludere symptomer p\u00e5 hypertyreose som rastl\u00f8shet, svette, hjertebank eller s\u00f8vnproblemer. Euthyrox er kontraindisert hos pasienter med ubehandlet binyrebarkinsuffisiens, akutt tyroksikose, eller kjent overf\u00f8lsomhet for levotyroksin eller noen hjelpestoff i formuleringen.<\/p>\n","protected":false},"excerpt":{"rendered":"<ul>\n<li>Daglig erstatning av skjoldbruskhormoner<\/li>\n<li>Forbedrer energi og metabolisme<\/li>\n<li>St\u00f8tter hormonbalansen<\/li>\n<\/ul>\n","protected":false},"featured_media":682,"comment_status":"open","ping_status":"closed","template":"","meta":[],"product_brand":[],"product_cat":[170],"product_tag":[],"expert":[21],"class_list":{"0":"post-680","1":"product","2":"type-product","3":"status-publish","4":"has-post-thumbnail","6":"product_cat-sykdommer-i-skjoldbruskkjertelen","7":"expert-dr-m-sharoyko","9":"first","10":"instock","11":"shipping-taxable","12":"product-type-variable"},"yoast_head":"<!-- This site is optimized with the Yoast SEO plugin v27.0 - https:\/\/yoast.com\/product\/yoast-seo-wordpress\/ -->\n<title>Euthyrox | Gjenopprett Skjoldbruskkjertelbalansen - Transtoyou<\/title>\n<meta name=\"description\" content=\"Euthyrox, en syntetisk levotyroksin, behandler hypotyreose effektivt. Kj\u00f8p n\u00e5 p\u00e5 Transtoyou for p\u00e5litelig st\u00f8tte til skjoldbruskhormoner.\" \/>\n<meta name=\"robots\" content=\"noindex, follow, max-snippet:-1, max-image-preview:large, max-video-preview:-1\" \/>\n<meta property=\"og:locale\" content=\"nb_NO\" \/>\n<meta property=\"og:type\" content=\"article\" \/>\n<meta property=\"og:title\" content=\"Euthyrox | Gjenopprett Skjoldbruskkjertelbalansen - Transtoyou\" \/>\n<meta property=\"og:description\" content=\"Euthyrox, en syntetisk levotyroksin, behandler hypotyreose effektivt. Kj\u00f8p n\u00e5 p\u00e5 Transtoyou for p\u00e5litelig st\u00f8tte til skjoldbruskhormoner.\" \/>\n<meta property=\"og:url\" content=\"https:\/\/www.transtoyou.com\/nb\/product\/euthyrox\/\" \/>\n<meta property=\"og:site_name\" content=\"Transtoyou - NB\" \/>\n<meta property=\"article:modified_time\" content=\"2026-01-22T16:58:10+00:00\" \/>\n<meta name=\"twitter:card\" content=\"summary_large_image\" \/>\n<meta name=\"twitter:label1\" content=\"Ansl. lesetid\" \/>\n\t<meta name=\"twitter:data1\" content=\"1 minutt\" \/>\n<script type=\"application\/ld+json\" class=\"yoast-schema-graph\">{\"@context\":\"https:\/\/schema.org\",\"@graph\":[{\"@type\":\"WebPage\",\"@id\":\"https:\/\/www.transtoyou.com\/nb\/product\/euthyrox\/\",\"url\":\"https:\/\/www.transtoyou.com\/nb\/product\/euthyrox\/\",\"name\":\"Euthyrox | Gjenopprett Skjoldbruskkjertelbalansen - Transtoyou\",\"isPartOf\":{\"@id\":\"https:\/\/www.transtoyou.com\/nb\/#website\"},\"primaryImageOfPage\":{\"@id\":\"https:\/\/www.transtoyou.com\/nb\/product\/euthyrox\/#primaryimage\"},\"image\":{\"@id\":\"https:\/\/www.transtoyou.com\/nb\/product\/euthyrox\/#primaryimage\"},\"thumbnailUrl\":\"https:\/\/www.transtoyou.com\/nb\/wp-content\/uploads\/sites\/10\/2026\/01\/tty-no-product-image-17.webp\",\"datePublished\":\"2026-01-22T16:56:57+00:00\",\"dateModified\":\"2026-01-22T16:58:10+00:00\",\"description\":\"Euthyrox, en syntetisk levotyroksin, behandler hypotyreose effektivt. Kj\u00f8p n\u00e5 p\u00e5 Transtoyou for p\u00e5litelig st\u00f8tte til skjoldbruskhormoner.\",\"breadcrumb\":{\"@id\":\"https:\/\/www.transtoyou.com\/nb\/product\/euthyrox\/#breadcrumb\"},\"inLanguage\":\"nb-NO\",\"potentialAction\":[{\"@type\":\"ReadAction\",\"target\":[\"https:\/\/www.transtoyou.com\/nb\/product\/euthyrox\/\"]}]},{\"@type\":\"ImageObject\",\"inLanguage\":\"nb-NO\",\"@id\":\"https:\/\/www.transtoyou.com\/nb\/product\/euthyrox\/#primaryimage\",\"url\":\"https:\/\/www.transtoyou.com\/nb\/wp-content\/uploads\/sites\/10\/2026\/01\/tty-no-product-image-17.webp\",\"contentUrl\":\"https:\/\/www.transtoyou.com\/nb\/wp-content\/uploads\/sites\/10\/2026\/01\/tty-no-product-image-17.webp\",\"width\":1000,\"height\":1000,\"caption\":\"Standard produktbilde\"},{\"@type\":\"WebSite\",\"@id\":\"https:\/\/www.transtoyou.com\/nb\/#website\",\"url\":\"https:\/\/www.transtoyou.com\/nb\/\",\"name\":\"Transtoyou - NB\",\"description\":\"\",\"publisher\":{\"@id\":\"https:\/\/www.transtoyou.com\/nb\/#organization\"},\"potentialAction\":[{\"@type\":\"SearchAction\",\"target\":{\"@type\":\"EntryPoint\",\"urlTemplate\":\"https:\/\/www.transtoyou.com\/nb\/?s={search_term_string}\"},\"query-input\":{\"@type\":\"PropertyValueSpecification\",\"valueRequired\":true,\"valueName\":\"search_term_string\"}}],\"inLanguage\":\"nb-NO\"},{\"@type\":\"Organization\",\"@id\":\"https:\/\/www.transtoyou.com\/nb\/#organization\",\"name\":\"Transtoyou - NB\",\"url\":\"https:\/\/www.transtoyou.com\/nb\/\",\"logo\":{\"@type\":\"ImageObject\",\"inLanguage\":\"nb-NO\",\"@id\":\"https:\/\/www.transtoyou.com\/nb\/#\/schema\/logo\/image\/\",\"url\":\"https:\/\/www.transtoyou.com\/nb\/wp-content\/uploads\/sites\/10\/2026\/01\/logo-tty-menu-bar-300x87-1.webp\",\"contentUrl\":\"https:\/\/www.transtoyou.com\/nb\/wp-content\/uploads\/sites\/10\/2026\/01\/logo-tty-menu-bar-300x87-1.webp\",\"width\":300,\"height\":87,\"caption\":\"Transtoyou - NB\"},\"image\":{\"@id\":\"https:\/\/www.transtoyou.com\/nb\/#\/schema\/logo\/image\/\"}}]}<\/script>\n<!-- \/ Yoast SEO plugin. -->","yoast_head_json":{"title":"Euthyrox | Gjenopprett Skjoldbruskkjertelbalansen - Transtoyou","description":"Euthyrox, en syntetisk levotyroksin, behandler hypotyreose effektivt. Kj\u00f8p n\u00e5 p\u00e5 Transtoyou for p\u00e5litelig st\u00f8tte til skjoldbruskhormoner.","robots":{"index":"noindex","follow":"follow","max-snippet":"max-snippet:-1","max-image-preview":"max-image-preview:large","max-video-preview":"max-video-preview:-1"},"og_locale":"nb_NO","og_type":"article","og_title":"Euthyrox | Gjenopprett Skjoldbruskkjertelbalansen - Transtoyou","og_description":"Euthyrox, en syntetisk levotyroksin, behandler hypotyreose effektivt. Kj\u00f8p n\u00e5 p\u00e5 Transtoyou for p\u00e5litelig st\u00f8tte til skjoldbruskhormoner.","og_url":"https:\/\/www.transtoyou.com\/nb\/product\/euthyrox\/","og_site_name":"Transtoyou - NB","article_modified_time":"2026-01-22T16:58:10+00:00","twitter_card":"summary_large_image","twitter_misc":{"Ansl. lesetid":"1 minutt"},"schema":{"@context":"https:\/\/schema.org","@graph":[{"@type":"WebPage","@id":"https:\/\/www.transtoyou.com\/nb\/product\/euthyrox\/","url":"https:\/\/www.transtoyou.com\/nb\/product\/euthyrox\/","name":"Euthyrox | Gjenopprett Skjoldbruskkjertelbalansen - Transtoyou","isPartOf":{"@id":"https:\/\/www.transtoyou.com\/nb\/#website"},"primaryImageOfPage":{"@id":"https:\/\/www.transtoyou.com\/nb\/product\/euthyrox\/#primaryimage"},"image":{"@id":"https:\/\/www.transtoyou.com\/nb\/product\/euthyrox\/#primaryimage"},"thumbnailUrl":"https:\/\/www.transtoyou.com\/nb\/wp-content\/uploads\/sites\/10\/2026\/01\/tty-no-product-image-17.webp","datePublished":"2026-01-22T16:56:57+00:00","dateModified":"2026-01-22T16:58:10+00:00","description":"Euthyrox, en syntetisk levotyroksin, behandler hypotyreose effektivt. Kj\u00f8p n\u00e5 p\u00e5 Transtoyou for p\u00e5litelig st\u00f8tte til skjoldbruskhormoner.","breadcrumb":{"@id":"https:\/\/www.transtoyou.com\/nb\/product\/euthyrox\/#breadcrumb"},"inLanguage":"nb-NO","potentialAction":[{"@type":"ReadAction","target":["https:\/\/www.transtoyou.com\/nb\/product\/euthyrox\/"]}]},{"@type":"ImageObject","inLanguage":"nb-NO","@id":"https:\/\/www.transtoyou.com\/nb\/product\/euthyrox\/#primaryimage","url":"https:\/\/www.transtoyou.com\/nb\/wp-content\/uploads\/sites\/10\/2026\/01\/tty-no-product-image-17.webp","contentUrl":"https:\/\/www.transtoyou.com\/nb\/wp-content\/uploads\/sites\/10\/2026\/01\/tty-no-product-image-17.webp","width":1000,"height":1000,"caption":"Standard produktbilde"},{"@type":"WebSite","@id":"https:\/\/www.transtoyou.com\/nb\/#website","url":"https:\/\/www.transtoyou.com\/nb\/","name":"Transtoyou - NB","description":"","publisher":{"@id":"https:\/\/www.transtoyou.com\/nb\/#organization"},"potentialAction":[{"@type":"SearchAction","target":{"@type":"EntryPoint","urlTemplate":"https:\/\/www.transtoyou.com\/nb\/?s={search_term_string}"},"query-input":{"@type":"PropertyValueSpecification","valueRequired":true,"valueName":"search_term_string"}}],"inLanguage":"nb-NO"},{"@type":"Organization","@id":"https:\/\/www.transtoyou.com\/nb\/#organization","name":"Transtoyou - NB","url":"https:\/\/www.transtoyou.com\/nb\/","logo":{"@type":"ImageObject","inLanguage":"nb-NO","@id":"https:\/\/www.transtoyou.com\/nb\/#\/schema\/logo\/image\/","url":"https:\/\/www.transtoyou.com\/nb\/wp-content\/uploads\/sites\/10\/2026\/01\/logo-tty-menu-bar-300x87-1.webp","contentUrl":"https:\/\/www.transtoyou.com\/nb\/wp-content\/uploads\/sites\/10\/2026\/01\/logo-tty-menu-bar-300x87-1.webp","width":300,"height":87,"caption":"Transtoyou - NB"},"image":{"@id":"https:\/\/www.transtoyou.com\/nb\/#\/schema\/logo\/image\/"}}]}},"_links":{"self":[{"href":"https:\/\/www.transtoyou.com\/nb\/wp-json\/wp\/v2\/product\/680","targetHints":{"allow":["GET"]}}],"collection":[{"href":"https:\/\/www.transtoyou.com\/nb\/wp-json\/wp\/v2\/product"}],"about":[{"href":"https:\/\/www.transtoyou.com\/nb\/wp-json\/wp\/v2\/types\/product"}],"replies":[{"embeddable":true,"href":"https:\/\/www.transtoyou.com\/nb\/wp-json\/wp\/v2\/comments?post=680"}],"wp:featuredmedia":[{"embeddable":true,"href":"https:\/\/www.transtoyou.com\/nb\/wp-json\/wp\/v2\/media\/682"}],"wp:attachment":[{"href":"https:\/\/www.transtoyou.com\/nb\/wp-json\/wp\/v2\/media?parent=680"}],"wp:term":[{"taxonomy":"product_brand","embeddable":true,"href":"https:\/\/www.transtoyou.com\/nb\/wp-json\/wp\/v2\/product_brand?post=680"},{"taxonomy":"product_cat","embeddable":true,"href":"https:\/\/www.transtoyou.com\/nb\/wp-json\/wp\/v2\/product_cat?post=680"},{"taxonomy":"product_tag","embeddable":true,"href":"https:\/\/www.transtoyou.com\/nb\/wp-json\/wp\/v2\/product_tag?post=680"},{"taxonomy":"expert","embeddable":true,"href":"https:\/\/www.transtoyou.com\/nb\/wp-json\/wp\/v2\/expert?post=680"}],"curies":[{"name":"wp","href":"https:\/\/api.w.org\/{rel}","templated":true}]}}