{"id":683,"date":"2026-01-22T19:13:51","date_gmt":"2026-01-22T17:13:51","guid":{"rendered":"https:\/\/www.transtoyou.com\/nb\/product\/aciclovir\/"},"modified":"2026-02-12T16:05:58","modified_gmt":"2026-02-12T14:05:58","slug":"aciclovir","status":"publish","type":"product","link":"https:\/\/www.transtoyou.com\/nb\/product\/aciclovir\/","title":{"rendered":"Aciklovir"},"content":{"rendered":"<p>Aciklovir er et antiviralt legemiddel som brukes til \u00e5 behandle infeksjoner for\u00e5rsaket av herpesvirus (som HSV og VZV), inkludert genital herpes, forkj\u00f8lelsess\u00e5r og helvetesild. Det virker ved \u00e5 bremse veksten og spredningen av herpesviruset i kroppen, noe som bidrar til \u00e5 redusere alvorlighetsgraden og varigheten av utbrudd. Aciklovir kurerer ikke herpesinfeksjoner, men kan effektivt h\u00e5ndtere symptomer og redusere hyppigheten av tilbakefall.<\/p>\n<p>Legemidlet er tilgjengelig i ulike former, inkludert tabletter, kremer og intraven\u00f8se l\u00f8sninger. For hudrelaterte utbrudd som forkj\u00f8lelsess\u00e5r eller helvetesild, p\u00e5f\u00f8res kremen ofte direkte p\u00e5 det ber\u00f8rte omr\u00e5det. I tilfeller med mer utbredte eller alvorlige infeksjoner, er tabletter eller intraven\u00f8s administrasjon indikert.<\/p>\n<p>Aciklovir virker ved \u00e5 forstyrre virusets evne til \u00e5 replikere sitt genetiske materiale. Dette betyr at mens viruset forblir latent i kroppen, blir aktiv replikasjon undertrykt, noe som bidrar til \u00e5 begrense infeksjonen og fremme raskere helbredelse.<\/p>\n<p>De fleste merker symptomlindring innen noen dager etter at behandlingen er startet, spesielt n\u00e5r det tas ved de f\u00f8rste tegnene p\u00e5 et utbrudd.<\/p>\n<p>Typiske behandlingsforl\u00f8p varer fem til ti dager, avhengig av tilstanden og administrasjonsformen. For genital herpes er en typisk dosering for voksne 400 mg tre ganger daglig i 5 til 10 dager. For tilbakevendende utbrudd kan noen individer ta Aciklovir daglig som en undertrykkende terapi for \u00e5 redusere utbrudd.<\/p>\n","protected":false},"excerpt":{"rendered":"<ul>\n<li>Effektiv mot herpesvirus<\/li>\n<li>Reduserer alvorlighetsgraden og varigheten av utbrudd<\/li>\n<li>Tilgjengelig i krem- og tablettform<\/li>\n<\/ul>\n","protected":false},"featured_media":1357,"comment_status":"open","ping_status":"closed","template":"","meta":[],"product_brand":[],"product_cat":[93,135,163],"product_tag":[],"expert":[21],"class_list":{"0":"post-683","1":"product","2":"type-product","3":"status-publish","4":"has-post-thumbnail","6":"product_cat-forkjolelsessar","7":"product_cat-herpes","8":"product_cat-takshingel","9":"expert-dr-m-sharoyko","11":"first","12":"instock","13":"shipping-taxable","14":"purchasable","15":"product-type-variable"},"yoast_head":"<!-- This site is optimized with the Yoast SEO plugin v27.0 - https:\/\/yoast.com\/product\/yoast-seo-wordpress\/ -->\n<title>Aciklovir | Effektiv antiviral lindring - Transtoyou<\/title>\n<meta name=\"description\" content=\"Aciklovir tilgjengelig hos Transtoyou, din p\u00e5litelige kilde for effektiv behandling av virus. Kj\u00f8p n\u00e5 for rask tilgang til kvalitetshelseprodukter.\" \/>\n<meta name=\"robots\" content=\"noindex, follow, max-snippet:-1, max-image-preview:large, max-video-preview:-1\" \/>\n<meta property=\"og:locale\" content=\"nb_NO\" \/>\n<meta property=\"og:type\" content=\"article\" \/>\n<meta property=\"og:title\" content=\"Aciklovir | Effektiv antiviral lindring - Transtoyou\" \/>\n<meta property=\"og:description\" content=\"Aciklovir tilgjengelig hos Transtoyou, din p\u00e5litelige kilde for effektiv behandling av virus. Kj\u00f8p n\u00e5 for rask tilgang til kvalitetshelseprodukter.\" \/>\n<meta property=\"og:url\" content=\"https:\/\/www.transtoyou.com\/nb\/product\/aciclovir\/\" \/>\n<meta property=\"og:site_name\" content=\"Transtoyou - NB\" \/>\n<meta property=\"article:modified_time\" content=\"2026-02-12T14:05:58+00:00\" \/>\n<meta name=\"twitter:card\" content=\"summary_large_image\" \/>\n<meta name=\"twitter:label1\" content=\"Ansl. lesetid\" \/>\n\t<meta name=\"twitter:data1\" content=\"1 minutt\" \/>\n<script type=\"application\/ld+json\" class=\"yoast-schema-graph\">{\"@context\":\"https:\/\/schema.org\",\"@graph\":[{\"@type\":\"WebPage\",\"@id\":\"https:\/\/www.transtoyou.com\/nb\/product\/aciclovir\/\",\"url\":\"https:\/\/www.transtoyou.com\/nb\/product\/aciclovir\/\",\"name\":\"Aciklovir | Effektiv antiviral lindring - Transtoyou\",\"isPartOf\":{\"@id\":\"https:\/\/www.transtoyou.com\/nb\/#website\"},\"primaryImageOfPage\":{\"@id\":\"https:\/\/www.transtoyou.com\/nb\/product\/aciclovir\/#primaryimage\"},\"image\":{\"@id\":\"https:\/\/www.transtoyou.com\/nb\/product\/aciclovir\/#primaryimage\"},\"thumbnailUrl\":\"https:\/\/www.transtoyou.com\/nb\/wp-content\/uploads\/sites\/10\/2026\/02\/Aciclovir-mean-image.png\",\"datePublished\":\"2026-01-22T17:13:51+00:00\",\"dateModified\":\"2026-02-12T14:05:58+00:00\",\"description\":\"Aciklovir tilgjengelig hos Transtoyou, din p\u00e5litelige kilde for effektiv behandling av virus. Kj\u00f8p n\u00e5 for rask tilgang til kvalitetshelseprodukter.\",\"breadcrumb\":{\"@id\":\"https:\/\/www.transtoyou.com\/nb\/product\/aciclovir\/#breadcrumb\"},\"inLanguage\":\"nb-NO\",\"potentialAction\":[{\"@type\":\"ReadAction\",\"target\":[\"https:\/\/www.transtoyou.com\/nb\/product\/aciclovir\/\"]}]},{\"@type\":\"ImageObject\",\"inLanguage\":\"nb-NO\",\"@id\":\"https:\/\/www.transtoyou.com\/nb\/product\/aciclovir\/#primaryimage\",\"url\":\"https:\/\/www.transtoyou.com\/nb\/wp-content\/uploads\/sites\/10\/2026\/02\/Aciclovir-mean-image.png\",\"contentUrl\":\"https:\/\/www.transtoyou.com\/nb\/wp-content\/uploads\/sites\/10\/2026\/02\/Aciclovir-mean-image.png\",\"width\":1080,\"height\":1080,\"caption\":\"Aciklovir bestill online - Transtoyou\"},{\"@type\":\"WebSite\",\"@id\":\"https:\/\/www.transtoyou.com\/nb\/#website\",\"url\":\"https:\/\/www.transtoyou.com\/nb\/\",\"name\":\"Transtoyou - NB\",\"description\":\"\",\"publisher\":{\"@id\":\"https:\/\/www.transtoyou.com\/nb\/#organization\"},\"potentialAction\":[{\"@type\":\"SearchAction\",\"target\":{\"@type\":\"EntryPoint\",\"urlTemplate\":\"https:\/\/www.transtoyou.com\/nb\/?s={search_term_string}\"},\"query-input\":{\"@type\":\"PropertyValueSpecification\",\"valueRequired\":true,\"valueName\":\"search_term_string\"}}],\"inLanguage\":\"nb-NO\"},{\"@type\":\"Organization\",\"@id\":\"https:\/\/www.transtoyou.com\/nb\/#organization\",\"name\":\"Transtoyou - NB\",\"url\":\"https:\/\/www.transtoyou.com\/nb\/\",\"logo\":{\"@type\":\"ImageObject\",\"inLanguage\":\"nb-NO\",\"@id\":\"https:\/\/www.transtoyou.com\/nb\/#\/schema\/logo\/image\/\",\"url\":\"https:\/\/www.transtoyou.com\/nb\/wp-content\/uploads\/sites\/10\/2026\/01\/logo-tty-menu-bar-300x87-1.webp\",\"contentUrl\":\"https:\/\/www.transtoyou.com\/nb\/wp-content\/uploads\/sites\/10\/2026\/01\/logo-tty-menu-bar-300x87-1.webp\",\"width\":300,\"height\":87,\"caption\":\"Transtoyou - NB\"},\"image\":{\"@id\":\"https:\/\/www.transtoyou.com\/nb\/#\/schema\/logo\/image\/\"}}]}<\/script>\n<!-- \/ Yoast SEO plugin. -->","yoast_head_json":{"title":"Aciklovir | Effektiv antiviral lindring - Transtoyou","description":"Aciklovir tilgjengelig hos Transtoyou, din p\u00e5litelige kilde for effektiv behandling av virus. Kj\u00f8p n\u00e5 for rask tilgang til kvalitetshelseprodukter.","robots":{"index":"noindex","follow":"follow","max-snippet":"max-snippet:-1","max-image-preview":"max-image-preview:large","max-video-preview":"max-video-preview:-1"},"og_locale":"nb_NO","og_type":"article","og_title":"Aciklovir | Effektiv antiviral lindring - Transtoyou","og_description":"Aciklovir tilgjengelig hos Transtoyou, din p\u00e5litelige kilde for effektiv behandling av virus. Kj\u00f8p n\u00e5 for rask tilgang til kvalitetshelseprodukter.","og_url":"https:\/\/www.transtoyou.com\/nb\/product\/aciclovir\/","og_site_name":"Transtoyou - NB","article_modified_time":"2026-02-12T14:05:58+00:00","twitter_card":"summary_large_image","twitter_misc":{"Ansl. lesetid":"1 minutt"},"schema":{"@context":"https:\/\/schema.org","@graph":[{"@type":"WebPage","@id":"https:\/\/www.transtoyou.com\/nb\/product\/aciclovir\/","url":"https:\/\/www.transtoyou.com\/nb\/product\/aciclovir\/","name":"Aciklovir | Effektiv antiviral lindring - Transtoyou","isPartOf":{"@id":"https:\/\/www.transtoyou.com\/nb\/#website"},"primaryImageOfPage":{"@id":"https:\/\/www.transtoyou.com\/nb\/product\/aciclovir\/#primaryimage"},"image":{"@id":"https:\/\/www.transtoyou.com\/nb\/product\/aciclovir\/#primaryimage"},"thumbnailUrl":"https:\/\/www.transtoyou.com\/nb\/wp-content\/uploads\/sites\/10\/2026\/02\/Aciclovir-mean-image.png","datePublished":"2026-01-22T17:13:51+00:00","dateModified":"2026-02-12T14:05:58+00:00","description":"Aciklovir tilgjengelig hos Transtoyou, din p\u00e5litelige kilde for effektiv behandling av virus. Kj\u00f8p n\u00e5 for rask tilgang til kvalitetshelseprodukter.","breadcrumb":{"@id":"https:\/\/www.transtoyou.com\/nb\/product\/aciclovir\/#breadcrumb"},"inLanguage":"nb-NO","potentialAction":[{"@type":"ReadAction","target":["https:\/\/www.transtoyou.com\/nb\/product\/aciclovir\/"]}]},{"@type":"ImageObject","inLanguage":"nb-NO","@id":"https:\/\/www.transtoyou.com\/nb\/product\/aciclovir\/#primaryimage","url":"https:\/\/www.transtoyou.com\/nb\/wp-content\/uploads\/sites\/10\/2026\/02\/Aciclovir-mean-image.png","contentUrl":"https:\/\/www.transtoyou.com\/nb\/wp-content\/uploads\/sites\/10\/2026\/02\/Aciclovir-mean-image.png","width":1080,"height":1080,"caption":"Aciklovir bestill online - Transtoyou"},{"@type":"WebSite","@id":"https:\/\/www.transtoyou.com\/nb\/#website","url":"https:\/\/www.transtoyou.com\/nb\/","name":"Transtoyou - NB","description":"","publisher":{"@id":"https:\/\/www.transtoyou.com\/nb\/#organization"},"potentialAction":[{"@type":"SearchAction","target":{"@type":"EntryPoint","urlTemplate":"https:\/\/www.transtoyou.com\/nb\/?s={search_term_string}"},"query-input":{"@type":"PropertyValueSpecification","valueRequired":true,"valueName":"search_term_string"}}],"inLanguage":"nb-NO"},{"@type":"Organization","@id":"https:\/\/www.transtoyou.com\/nb\/#organization","name":"Transtoyou - NB","url":"https:\/\/www.transtoyou.com\/nb\/","logo":{"@type":"ImageObject","inLanguage":"nb-NO","@id":"https:\/\/www.transtoyou.com\/nb\/#\/schema\/logo\/image\/","url":"https:\/\/www.transtoyou.com\/nb\/wp-content\/uploads\/sites\/10\/2026\/01\/logo-tty-menu-bar-300x87-1.webp","contentUrl":"https:\/\/www.transtoyou.com\/nb\/wp-content\/uploads\/sites\/10\/2026\/01\/logo-tty-menu-bar-300x87-1.webp","width":300,"height":87,"caption":"Transtoyou - NB"},"image":{"@id":"https:\/\/www.transtoyou.com\/nb\/#\/schema\/logo\/image\/"}}]}},"_links":{"self":[{"href":"https:\/\/www.transtoyou.com\/nb\/wp-json\/wp\/v2\/product\/683","targetHints":{"allow":["GET"]}}],"collection":[{"href":"https:\/\/www.transtoyou.com\/nb\/wp-json\/wp\/v2\/product"}],"about":[{"href":"https:\/\/www.transtoyou.com\/nb\/wp-json\/wp\/v2\/types\/product"}],"replies":[{"embeddable":true,"href":"https:\/\/www.transtoyou.com\/nb\/wp-json\/wp\/v2\/comments?post=683"}],"wp:featuredmedia":[{"embeddable":true,"href":"https:\/\/www.transtoyou.com\/nb\/wp-json\/wp\/v2\/media\/1357"}],"wp:attachment":[{"href":"https:\/\/www.transtoyou.com\/nb\/wp-json\/wp\/v2\/media?parent=683"}],"wp:term":[{"taxonomy":"product_brand","embeddable":true,"href":"https:\/\/www.transtoyou.com\/nb\/wp-json\/wp\/v2\/product_brand?post=683"},{"taxonomy":"product_cat","embeddable":true,"href":"https:\/\/www.transtoyou.com\/nb\/wp-json\/wp\/v2\/product_cat?post=683"},{"taxonomy":"product_tag","embeddable":true,"href":"https:\/\/www.transtoyou.com\/nb\/wp-json\/wp\/v2\/product_tag?post=683"},{"taxonomy":"expert","embeddable":true,"href":"https:\/\/www.transtoyou.com\/nb\/wp-json\/wp\/v2\/expert?post=683"}],"curies":[{"name":"wp","href":"https:\/\/api.w.org\/{rel}","templated":true}]}}