{"id":686,"date":"2026-01-22T19:30:18","date_gmt":"2026-01-22T17:30:18","guid":{"rendered":"https:\/\/www.transtoyou.com\/nb\/product\/aldara\/"},"modified":"2026-02-12T09:36:00","modified_gmt":"2026-02-12T07:36:00","slug":"aldara","status":"publish","type":"product","link":"https:\/\/www.transtoyou.com\/nb\/product\/aldara\/","title":{"rendered":"Aldara"},"content":{"rendered":"<p>Aldara er en aktuell krem som inneholder imiquimod, en immunresponsmodifikator som brukes til \u00e5 behandle eksterne kj\u00f8nns- og analvorter, samt andre typer hudtilstander som vanlige vorter og visse forstadier til kreft eller kreftformer som aktinisk keratose og overfladisk basalcellekarcinom. Denne kremen virker ved \u00e5 stimulere kroppens immunsystem til \u00e5 bekjempe unormale hudvekster for\u00e5rsaket av virus som humant papillomavirus (HPV) eller av solskader.<\/p>\n<p>Hovedingrediensen, imiquimod, oppmuntrer huden til \u00e5 produsere naturlige kjemikalier som interferon, som hjelper til med \u00e5 \u00f8delegge virusinfiserte celler. I motsetning til behandlinger som fysisk fjerner vorter, aktiverer Aldara immunsystemet til \u00e5 gjenkjenne og eliminere \u00e5rsaken fra innsiden av huden. Denne tiln\u00e6rmingen kan redusere sjansen for tilbakefall og bekjempe viruset fra innsiden av huden selv. Denne tiln\u00e6rmingen reduserer sjansen for tilbakefall og er spesielt verdifull for behandling av sensitive omr\u00e5der som kj\u00f8nns- eller analregionen.<\/p>\n<p>Aldara p\u00e5f\u00f8res vanligvis direkte p\u00e5 det ber\u00f8rte omr\u00e5det tre ganger i uken, vanligvis ved sengetid. Den blir liggende p\u00e5 huden i seks til ti timer og vaskes deretter av. Behandlingsvarigheten kan variere, men synlig forbedring kan forventes innen noen uker. Den fulle behandlingen kan vare opptil 16 uker, avhengig av respons.<\/p>\n<p>Brukere b\u00f8r vaske hendene f\u00f8r og etter p\u00e5f\u00f8ring, og kremen b\u00f8r ikke brukes p\u00e5 slimhinner eller \u00e5pne s\u00e5r. Vanlige bivirkninger inkluderer mild r\u00f8dhet, kl\u00f8e, svie og flassing p\u00e5 p\u00e5f\u00f8ringsstedet. Disse er vanligvis midlertidige og kan indikere at immunresponsen aktiveres. Hvis reaksjonen blir alvorlig, kan behandlingen pauses i noen dager.<\/p>\n","protected":false},"excerpt":{"rendered":"<ul>\n<li>Stimulerer immunrespons<\/li>\n<li>Aktinisk keratose og overfladisk basocellul\u00e6rt karsinom<\/li>\n<li>Topisk, selvadministrert behandling<\/li>\n<\/ul>\n","protected":false},"featured_media":1446,"comment_status":"open","ping_status":"closed","template":"","meta":[],"product_brand":[],"product_cat":[124,176],"product_tag":[],"expert":[21],"class_list":{"0":"post-686","1":"product","2":"type-product","3":"status-publish","4":"has-post-thumbnail","6":"product_cat-kjonnsvorter","7":"product_cat-vorter","8":"expert-dr-m-sharoyko","10":"first","11":"instock","12":"shipping-taxable","13":"purchasable","14":"product-type-variable"},"yoast_head":"<!-- This site is optimized with the Yoast SEO plugin v27.0 - https:\/\/yoast.com\/product\/yoast-seo-wordpress\/ -->\n<title>Aldara | Hudhelse i Toppklasse - Transtoyou<\/title>\n<meta name=\"description\" content=\"Aldara krem er tilgjengelig p\u00e5 Transtoyou og behandler spesifikke hudtilstander effektivt. Kj\u00f8p n\u00e5 for en enkel l\u00f8sning p\u00e5 hudpleiebehovene dine.\" \/>\n<meta name=\"robots\" content=\"noindex, follow, max-snippet:-1, max-image-preview:large, max-video-preview:-1\" \/>\n<meta property=\"og:locale\" content=\"nb_NO\" \/>\n<meta property=\"og:type\" content=\"article\" \/>\n<meta property=\"og:title\" content=\"Aldara | Hudhelse i Toppklasse - Transtoyou\" \/>\n<meta property=\"og:description\" content=\"Aldara krem er tilgjengelig p\u00e5 Transtoyou og behandler spesifikke hudtilstander effektivt. Kj\u00f8p n\u00e5 for en enkel l\u00f8sning p\u00e5 hudpleiebehovene dine.\" \/>\n<meta property=\"og:url\" content=\"https:\/\/www.transtoyou.com\/nb\/product\/aldara\/\" \/>\n<meta property=\"og:site_name\" content=\"Transtoyou - NB\" \/>\n<meta property=\"article:modified_time\" content=\"2026-02-12T07:36:00+00:00\" \/>\n<meta name=\"twitter:card\" content=\"summary_large_image\" \/>\n<meta name=\"twitter:label1\" content=\"Ansl. lesetid\" \/>\n\t<meta name=\"twitter:data1\" content=\"1 minutt\" \/>\n<script type=\"application\/ld+json\" class=\"yoast-schema-graph\">{\"@context\":\"https:\/\/schema.org\",\"@graph\":[{\"@type\":\"WebPage\",\"@id\":\"https:\/\/www.transtoyou.com\/nb\/product\/aldara\/\",\"url\":\"https:\/\/www.transtoyou.com\/nb\/product\/aldara\/\",\"name\":\"Aldara | Hudhelse i Toppklasse - Transtoyou\",\"isPartOf\":{\"@id\":\"https:\/\/www.transtoyou.com\/nb\/#website\"},\"primaryImageOfPage\":{\"@id\":\"https:\/\/www.transtoyou.com\/nb\/product\/aldara\/#primaryimage\"},\"image\":{\"@id\":\"https:\/\/www.transtoyou.com\/nb\/product\/aldara\/#primaryimage\"},\"thumbnailUrl\":\"https:\/\/www.transtoyou.com\/nb\/wp-content\/uploads\/sites\/10\/2026\/02\/Aldara-5-2.png\",\"datePublished\":\"2026-01-22T17:30:18+00:00\",\"dateModified\":\"2026-02-12T07:36:00+00:00\",\"description\":\"Aldara krem er tilgjengelig p\u00e5 Transtoyou og behandler spesifikke hudtilstander effektivt. Kj\u00f8p n\u00e5 for en enkel l\u00f8sning p\u00e5 hudpleiebehovene dine.\",\"breadcrumb\":{\"@id\":\"https:\/\/www.transtoyou.com\/nb\/product\/aldara\/#breadcrumb\"},\"inLanguage\":\"nb-NO\",\"potentialAction\":[{\"@type\":\"ReadAction\",\"target\":[\"https:\/\/www.transtoyou.com\/nb\/product\/aldara\/\"]}]},{\"@type\":\"ImageObject\",\"inLanguage\":\"nb-NO\",\"@id\":\"https:\/\/www.transtoyou.com\/nb\/product\/aldara\/#primaryimage\",\"url\":\"https:\/\/www.transtoyou.com\/nb\/wp-content\/uploads\/sites\/10\/2026\/02\/Aldara-5-2.png\",\"contentUrl\":\"https:\/\/www.transtoyou.com\/nb\/wp-content\/uploads\/sites\/10\/2026\/02\/Aldara-5-2.png\",\"width\":1080,\"height\":1080,\"caption\":\"Aldara 5% boks 12 stk. krem - Transtoyou\"},{\"@type\":\"WebSite\",\"@id\":\"https:\/\/www.transtoyou.com\/nb\/#website\",\"url\":\"https:\/\/www.transtoyou.com\/nb\/\",\"name\":\"Transtoyou - NB\",\"description\":\"\",\"publisher\":{\"@id\":\"https:\/\/www.transtoyou.com\/nb\/#organization\"},\"potentialAction\":[{\"@type\":\"SearchAction\",\"target\":{\"@type\":\"EntryPoint\",\"urlTemplate\":\"https:\/\/www.transtoyou.com\/nb\/?s={search_term_string}\"},\"query-input\":{\"@type\":\"PropertyValueSpecification\",\"valueRequired\":true,\"valueName\":\"search_term_string\"}}],\"inLanguage\":\"nb-NO\"},{\"@type\":\"Organization\",\"@id\":\"https:\/\/www.transtoyou.com\/nb\/#organization\",\"name\":\"Transtoyou - NB\",\"url\":\"https:\/\/www.transtoyou.com\/nb\/\",\"logo\":{\"@type\":\"ImageObject\",\"inLanguage\":\"nb-NO\",\"@id\":\"https:\/\/www.transtoyou.com\/nb\/#\/schema\/logo\/image\/\",\"url\":\"https:\/\/www.transtoyou.com\/nb\/wp-content\/uploads\/sites\/10\/2026\/01\/logo-tty-menu-bar-300x87-1.webp\",\"contentUrl\":\"https:\/\/www.transtoyou.com\/nb\/wp-content\/uploads\/sites\/10\/2026\/01\/logo-tty-menu-bar-300x87-1.webp\",\"width\":300,\"height\":87,\"caption\":\"Transtoyou - NB\"},\"image\":{\"@id\":\"https:\/\/www.transtoyou.com\/nb\/#\/schema\/logo\/image\/\"}}]}<\/script>\n<!-- \/ Yoast SEO plugin. -->","yoast_head_json":{"title":"Aldara | Hudhelse i Toppklasse - Transtoyou","description":"Aldara krem er tilgjengelig p\u00e5 Transtoyou og behandler spesifikke hudtilstander effektivt. Kj\u00f8p n\u00e5 for en enkel l\u00f8sning p\u00e5 hudpleiebehovene dine.","robots":{"index":"noindex","follow":"follow","max-snippet":"max-snippet:-1","max-image-preview":"max-image-preview:large","max-video-preview":"max-video-preview:-1"},"og_locale":"nb_NO","og_type":"article","og_title":"Aldara | Hudhelse i Toppklasse - Transtoyou","og_description":"Aldara krem er tilgjengelig p\u00e5 Transtoyou og behandler spesifikke hudtilstander effektivt. Kj\u00f8p n\u00e5 for en enkel l\u00f8sning p\u00e5 hudpleiebehovene dine.","og_url":"https:\/\/www.transtoyou.com\/nb\/product\/aldara\/","og_site_name":"Transtoyou - NB","article_modified_time":"2026-02-12T07:36:00+00:00","twitter_card":"summary_large_image","twitter_misc":{"Ansl. lesetid":"1 minutt"},"schema":{"@context":"https:\/\/schema.org","@graph":[{"@type":"WebPage","@id":"https:\/\/www.transtoyou.com\/nb\/product\/aldara\/","url":"https:\/\/www.transtoyou.com\/nb\/product\/aldara\/","name":"Aldara | Hudhelse i Toppklasse - Transtoyou","isPartOf":{"@id":"https:\/\/www.transtoyou.com\/nb\/#website"},"primaryImageOfPage":{"@id":"https:\/\/www.transtoyou.com\/nb\/product\/aldara\/#primaryimage"},"image":{"@id":"https:\/\/www.transtoyou.com\/nb\/product\/aldara\/#primaryimage"},"thumbnailUrl":"https:\/\/www.transtoyou.com\/nb\/wp-content\/uploads\/sites\/10\/2026\/02\/Aldara-5-2.png","datePublished":"2026-01-22T17:30:18+00:00","dateModified":"2026-02-12T07:36:00+00:00","description":"Aldara krem er tilgjengelig p\u00e5 Transtoyou og behandler spesifikke hudtilstander effektivt. Kj\u00f8p n\u00e5 for en enkel l\u00f8sning p\u00e5 hudpleiebehovene dine.","breadcrumb":{"@id":"https:\/\/www.transtoyou.com\/nb\/product\/aldara\/#breadcrumb"},"inLanguage":"nb-NO","potentialAction":[{"@type":"ReadAction","target":["https:\/\/www.transtoyou.com\/nb\/product\/aldara\/"]}]},{"@type":"ImageObject","inLanguage":"nb-NO","@id":"https:\/\/www.transtoyou.com\/nb\/product\/aldara\/#primaryimage","url":"https:\/\/www.transtoyou.com\/nb\/wp-content\/uploads\/sites\/10\/2026\/02\/Aldara-5-2.png","contentUrl":"https:\/\/www.transtoyou.com\/nb\/wp-content\/uploads\/sites\/10\/2026\/02\/Aldara-5-2.png","width":1080,"height":1080,"caption":"Aldara 5% boks 12 stk. krem - Transtoyou"},{"@type":"WebSite","@id":"https:\/\/www.transtoyou.com\/nb\/#website","url":"https:\/\/www.transtoyou.com\/nb\/","name":"Transtoyou - NB","description":"","publisher":{"@id":"https:\/\/www.transtoyou.com\/nb\/#organization"},"potentialAction":[{"@type":"SearchAction","target":{"@type":"EntryPoint","urlTemplate":"https:\/\/www.transtoyou.com\/nb\/?s={search_term_string}"},"query-input":{"@type":"PropertyValueSpecification","valueRequired":true,"valueName":"search_term_string"}}],"inLanguage":"nb-NO"},{"@type":"Organization","@id":"https:\/\/www.transtoyou.com\/nb\/#organization","name":"Transtoyou - NB","url":"https:\/\/www.transtoyou.com\/nb\/","logo":{"@type":"ImageObject","inLanguage":"nb-NO","@id":"https:\/\/www.transtoyou.com\/nb\/#\/schema\/logo\/image\/","url":"https:\/\/www.transtoyou.com\/nb\/wp-content\/uploads\/sites\/10\/2026\/01\/logo-tty-menu-bar-300x87-1.webp","contentUrl":"https:\/\/www.transtoyou.com\/nb\/wp-content\/uploads\/sites\/10\/2026\/01\/logo-tty-menu-bar-300x87-1.webp","width":300,"height":87,"caption":"Transtoyou - NB"},"image":{"@id":"https:\/\/www.transtoyou.com\/nb\/#\/schema\/logo\/image\/"}}]}},"_links":{"self":[{"href":"https:\/\/www.transtoyou.com\/nb\/wp-json\/wp\/v2\/product\/686","targetHints":{"allow":["GET"]}}],"collection":[{"href":"https:\/\/www.transtoyou.com\/nb\/wp-json\/wp\/v2\/product"}],"about":[{"href":"https:\/\/www.transtoyou.com\/nb\/wp-json\/wp\/v2\/types\/product"}],"replies":[{"embeddable":true,"href":"https:\/\/www.transtoyou.com\/nb\/wp-json\/wp\/v2\/comments?post=686"}],"wp:featuredmedia":[{"embeddable":true,"href":"https:\/\/www.transtoyou.com\/nb\/wp-json\/wp\/v2\/media\/1446"}],"wp:attachment":[{"href":"https:\/\/www.transtoyou.com\/nb\/wp-json\/wp\/v2\/media?parent=686"}],"wp:term":[{"taxonomy":"product_brand","embeddable":true,"href":"https:\/\/www.transtoyou.com\/nb\/wp-json\/wp\/v2\/product_brand?post=686"},{"taxonomy":"product_cat","embeddable":true,"href":"https:\/\/www.transtoyou.com\/nb\/wp-json\/wp\/v2\/product_cat?post=686"},{"taxonomy":"product_tag","embeddable":true,"href":"https:\/\/www.transtoyou.com\/nb\/wp-json\/wp\/v2\/product_tag?post=686"},{"taxonomy":"expert","embeddable":true,"href":"https:\/\/www.transtoyou.com\/nb\/wp-json\/wp\/v2\/expert?post=686"}],"curies":[{"name":"wp","href":"https:\/\/api.w.org\/{rel}","templated":true}]}}