{"id":689,"date":"2026-01-22T19:46:03","date_gmt":"2026-01-22T17:46:03","guid":{"rendered":"https:\/\/www.transtoyou.com\/nb\/product\/metronidazole-flagyl\/"},"modified":"2026-02-25T14:41:04","modified_gmt":"2026-02-25T12:41:04","slug":"metronidazol-flagyl","status":"publish","type":"product","link":"https:\/\/www.transtoyou.com\/nb\/product\/metronidazol-flagyl\/","title":{"rendered":"Metronidazol (Flagyl)"},"content":{"rendered":"<p>Metronidazol, ofte kjent under merkenavnet Flagyl, er et mye brukt antibiotikum og antiprotozoal medikament. Det foreskrives vanligvis for infeksjoner for\u00e5rsaket av anaerobe bakterier og visse parasitter. En av hovedbruksomr\u00e5dene er behandling av trichomoniasis, en vanlig seksuelt overf\u00f8rt infeksjon for\u00e5rsaket av en protozoan parasitt. I tillegg er det effektivt mot bakteriell vaginose, bekkenbetennelsessykdom (som en del av kombinasjonsbehandling) og infeksjoner i mage-tarmkanalen og urinveiene.<\/p>\n<p>Metronidazol virker ved \u00e5 trenge inn i mikrobiell celler og forstyrre deres DNA. Denne handlingen hindrer bakteriene eller protozoene i \u00e5 reprodusere seg og f\u00f8rer til at de til slutt elimineres fra kroppen. Medisinen er tilgjengelig i forskjellige former, inkludert tabletter, topiske geler og vaginale kremer, avhengig av hvor og hvilken type infeksjon som behandles.<\/p>\n<p>Vanligvis tas oral metronidazol en til tre ganger daglig over en periode p\u00e5 5 til 7 dager, selv om kortere eller lengre behandlinger kan foreskrives. Mange brukere merker en forbedring i symptomene innen noen dager, men det er viktig \u00e5 fullf\u00f8re hele behandlingen selv om symptomene forsvinner tidlig.<\/p>\n<p>Vanlige bivirkninger inkluderer kvalme, metallsmak og urolig mage. Kombinasjon med alkohol kan f\u00f8re til disulfiram-lignende reaksjoner som r\u00f8dming, kvalme, oppkast, hodepine og hjertebank. Derfor anbefales det \u00e5 unng\u00e5 alkohol under behandlingen og i minst 48 timer etterp\u00e5.<\/p>\n","protected":false},"excerpt":{"rendered":"<ul>\n<li>Retter seg mot anaerobe bakterier og protozoer<\/li>\n<li>Effektiv mot bakterielle, parasittiske og seksuelt overf\u00f8rbare infeksjoner<\/li>\n<li>Tilgjengelig i orale, topiske og vaginale former<\/li>\n<\/ul>\n","protected":false},"featured_media":691,"comment_status":"open","ping_status":"closed","template":"","meta":[],"product_brand":[],"product_cat":[79,172],"product_tag":[],"expert":[21],"class_list":{"0":"post-689","1":"product","2":"type-product","3":"status-publish","4":"has-post-thumbnail","6":"product_cat-antibiotika-infeksjon","7":"product_cat-trichomoniasis","8":"expert-dr-m-sharoyko","10":"first","11":"instock","12":"shipping-taxable","13":"product-type-variable"},"yoast_head":"<!-- This site is optimized with the Yoast SEO plugin v27.0 - https:\/\/yoast.com\/product\/yoast-seo-wordpress\/ -->\n<title>Metronidazol (Flagyl) | P\u00e5litelig antibiotikabehandling - Transtoyou<\/title>\n<meta name=\"description\" content=\"Oppdag Metronidazol (Flagyl) p\u00e5 Transtoyou, effektivt mot infeksjoner som trichomoniasis. Handle n\u00e5 for p\u00e5litelige antibiotiske l\u00f8sninger.\" \/>\n<meta name=\"robots\" content=\"noindex, follow, max-snippet:-1, max-image-preview:large, max-video-preview:-1\" \/>\n<meta property=\"og:locale\" content=\"nb_NO\" \/>\n<meta property=\"og:type\" content=\"article\" \/>\n<meta property=\"og:title\" content=\"Metronidazol (Flagyl) | P\u00e5litelig antibiotikabehandling - Transtoyou\" \/>\n<meta property=\"og:description\" content=\"Oppdag Metronidazol (Flagyl) p\u00e5 Transtoyou, effektivt mot infeksjoner som trichomoniasis. Handle n\u00e5 for p\u00e5litelige antibiotiske l\u00f8sninger.\" \/>\n<meta property=\"og:url\" content=\"https:\/\/www.transtoyou.com\/nb\/product\/metronidazole-flagyl\/\" \/>\n<meta property=\"og:site_name\" content=\"Transtoyou - NB\" \/>\n<meta property=\"article:modified_time\" content=\"2026-02-25T12:41:04+00:00\" \/>\n<meta name=\"twitter:card\" content=\"summary_large_image\" \/>\n<meta name=\"twitter:label1\" content=\"Ansl. lesetid\" \/>\n\t<meta name=\"twitter:data1\" content=\"1 minutt\" \/>\n<script type=\"application\/ld+json\" class=\"yoast-schema-graph\">{\"@context\":\"https:\/\/schema.org\",\"@graph\":[{\"@type\":\"WebPage\",\"@id\":\"https:\/\/www.transtoyou.com\/nb\/product\/metronidazole-flagyl\/\",\"url\":\"https:\/\/www.transtoyou.com\/nb\/product\/metronidazole-flagyl\/\",\"name\":\"Metronidazol (Flagyl) | P\u00e5litelig antibiotikabehandling - Transtoyou\",\"isPartOf\":{\"@id\":\"https:\/\/www.transtoyou.com\/nb\/#website\"},\"primaryImageOfPage\":{\"@id\":\"https:\/\/www.transtoyou.com\/nb\/product\/metronidazole-flagyl\/#primaryimage\"},\"image\":{\"@id\":\"https:\/\/www.transtoyou.com\/nb\/product\/metronidazole-flagyl\/#primaryimage\"},\"thumbnailUrl\":\"https:\/\/www.transtoyou.com\/nb\/wp-content\/uploads\/sites\/10\/2026\/01\/tty-no-product-image-20.webp\",\"datePublished\":\"2026-01-22T17:46:03+00:00\",\"dateModified\":\"2026-02-25T12:41:04+00:00\",\"description\":\"Oppdag Metronidazol (Flagyl) p\u00e5 Transtoyou, effektivt mot infeksjoner som trichomoniasis. Handle n\u00e5 for p\u00e5litelige antibiotiske l\u00f8sninger.\",\"breadcrumb\":{\"@id\":\"https:\/\/www.transtoyou.com\/nb\/product\/metronidazole-flagyl\/#breadcrumb\"},\"inLanguage\":\"nb-NO\",\"potentialAction\":[{\"@type\":\"ReadAction\",\"target\":[\"https:\/\/www.transtoyou.com\/nb\/product\/metronidazole-flagyl\/\"]}]},{\"@type\":\"ImageObject\",\"inLanguage\":\"nb-NO\",\"@id\":\"https:\/\/www.transtoyou.com\/nb\/product\/metronidazole-flagyl\/#primaryimage\",\"url\":\"https:\/\/www.transtoyou.com\/nb\/wp-content\/uploads\/sites\/10\/2026\/01\/tty-no-product-image-20.webp\",\"contentUrl\":\"https:\/\/www.transtoyou.com\/nb\/wp-content\/uploads\/sites\/10\/2026\/01\/tty-no-product-image-20.webp\",\"width\":1000,\"height\":1000,\"caption\":\"Standard produktbilde\"},{\"@type\":\"WebSite\",\"@id\":\"https:\/\/www.transtoyou.com\/nb\/#website\",\"url\":\"https:\/\/www.transtoyou.com\/nb\/\",\"name\":\"Transtoyou - NB\",\"description\":\"\",\"publisher\":{\"@id\":\"https:\/\/www.transtoyou.com\/nb\/#organization\"},\"potentialAction\":[{\"@type\":\"SearchAction\",\"target\":{\"@type\":\"EntryPoint\",\"urlTemplate\":\"https:\/\/www.transtoyou.com\/nb\/?s={search_term_string}\"},\"query-input\":{\"@type\":\"PropertyValueSpecification\",\"valueRequired\":true,\"valueName\":\"search_term_string\"}}],\"inLanguage\":\"nb-NO\"},{\"@type\":\"Organization\",\"@id\":\"https:\/\/www.transtoyou.com\/nb\/#organization\",\"name\":\"Transtoyou - NB\",\"url\":\"https:\/\/www.transtoyou.com\/nb\/\",\"logo\":{\"@type\":\"ImageObject\",\"inLanguage\":\"nb-NO\",\"@id\":\"https:\/\/www.transtoyou.com\/nb\/#\/schema\/logo\/image\/\",\"url\":\"https:\/\/www.transtoyou.com\/nb\/wp-content\/uploads\/sites\/10\/2026\/01\/logo-tty-menu-bar-300x87-1.webp\",\"contentUrl\":\"https:\/\/www.transtoyou.com\/nb\/wp-content\/uploads\/sites\/10\/2026\/01\/logo-tty-menu-bar-300x87-1.webp\",\"width\":300,\"height\":87,\"caption\":\"Transtoyou - NB\"},\"image\":{\"@id\":\"https:\/\/www.transtoyou.com\/nb\/#\/schema\/logo\/image\/\"}}]}<\/script>\n<!-- \/ Yoast SEO plugin. -->","yoast_head_json":{"title":"Metronidazol (Flagyl) | P\u00e5litelig antibiotikabehandling - Transtoyou","description":"Oppdag Metronidazol (Flagyl) p\u00e5 Transtoyou, effektivt mot infeksjoner som trichomoniasis. Handle n\u00e5 for p\u00e5litelige antibiotiske l\u00f8sninger.","robots":{"index":"noindex","follow":"follow","max-snippet":"max-snippet:-1","max-image-preview":"max-image-preview:large","max-video-preview":"max-video-preview:-1"},"og_locale":"nb_NO","og_type":"article","og_title":"Metronidazol (Flagyl) | P\u00e5litelig antibiotikabehandling - Transtoyou","og_description":"Oppdag Metronidazol (Flagyl) p\u00e5 Transtoyou, effektivt mot infeksjoner som trichomoniasis. Handle n\u00e5 for p\u00e5litelige antibiotiske l\u00f8sninger.","og_url":"https:\/\/www.transtoyou.com\/nb\/product\/metronidazole-flagyl\/","og_site_name":"Transtoyou - NB","article_modified_time":"2026-02-25T12:41:04+00:00","twitter_card":"summary_large_image","twitter_misc":{"Ansl. lesetid":"1 minutt"},"schema":{"@context":"https:\/\/schema.org","@graph":[{"@type":"WebPage","@id":"https:\/\/www.transtoyou.com\/nb\/product\/metronidazole-flagyl\/","url":"https:\/\/www.transtoyou.com\/nb\/product\/metronidazole-flagyl\/","name":"Metronidazol (Flagyl) | P\u00e5litelig antibiotikabehandling - Transtoyou","isPartOf":{"@id":"https:\/\/www.transtoyou.com\/nb\/#website"},"primaryImageOfPage":{"@id":"https:\/\/www.transtoyou.com\/nb\/product\/metronidazole-flagyl\/#primaryimage"},"image":{"@id":"https:\/\/www.transtoyou.com\/nb\/product\/metronidazole-flagyl\/#primaryimage"},"thumbnailUrl":"https:\/\/www.transtoyou.com\/nb\/wp-content\/uploads\/sites\/10\/2026\/01\/tty-no-product-image-20.webp","datePublished":"2026-01-22T17:46:03+00:00","dateModified":"2026-02-25T12:41:04+00:00","description":"Oppdag Metronidazol (Flagyl) p\u00e5 Transtoyou, effektivt mot infeksjoner som trichomoniasis. Handle n\u00e5 for p\u00e5litelige antibiotiske l\u00f8sninger.","breadcrumb":{"@id":"https:\/\/www.transtoyou.com\/nb\/product\/metronidazole-flagyl\/#breadcrumb"},"inLanguage":"nb-NO","potentialAction":[{"@type":"ReadAction","target":["https:\/\/www.transtoyou.com\/nb\/product\/metronidazole-flagyl\/"]}]},{"@type":"ImageObject","inLanguage":"nb-NO","@id":"https:\/\/www.transtoyou.com\/nb\/product\/metronidazole-flagyl\/#primaryimage","url":"https:\/\/www.transtoyou.com\/nb\/wp-content\/uploads\/sites\/10\/2026\/01\/tty-no-product-image-20.webp","contentUrl":"https:\/\/www.transtoyou.com\/nb\/wp-content\/uploads\/sites\/10\/2026\/01\/tty-no-product-image-20.webp","width":1000,"height":1000,"caption":"Standard produktbilde"},{"@type":"WebSite","@id":"https:\/\/www.transtoyou.com\/nb\/#website","url":"https:\/\/www.transtoyou.com\/nb\/","name":"Transtoyou - NB","description":"","publisher":{"@id":"https:\/\/www.transtoyou.com\/nb\/#organization"},"potentialAction":[{"@type":"SearchAction","target":{"@type":"EntryPoint","urlTemplate":"https:\/\/www.transtoyou.com\/nb\/?s={search_term_string}"},"query-input":{"@type":"PropertyValueSpecification","valueRequired":true,"valueName":"search_term_string"}}],"inLanguage":"nb-NO"},{"@type":"Organization","@id":"https:\/\/www.transtoyou.com\/nb\/#organization","name":"Transtoyou - NB","url":"https:\/\/www.transtoyou.com\/nb\/","logo":{"@type":"ImageObject","inLanguage":"nb-NO","@id":"https:\/\/www.transtoyou.com\/nb\/#\/schema\/logo\/image\/","url":"https:\/\/www.transtoyou.com\/nb\/wp-content\/uploads\/sites\/10\/2026\/01\/logo-tty-menu-bar-300x87-1.webp","contentUrl":"https:\/\/www.transtoyou.com\/nb\/wp-content\/uploads\/sites\/10\/2026\/01\/logo-tty-menu-bar-300x87-1.webp","width":300,"height":87,"caption":"Transtoyou - NB"},"image":{"@id":"https:\/\/www.transtoyou.com\/nb\/#\/schema\/logo\/image\/"}}]}},"_links":{"self":[{"href":"https:\/\/www.transtoyou.com\/nb\/wp-json\/wp\/v2\/product\/689","targetHints":{"allow":["GET"]}}],"collection":[{"href":"https:\/\/www.transtoyou.com\/nb\/wp-json\/wp\/v2\/product"}],"about":[{"href":"https:\/\/www.transtoyou.com\/nb\/wp-json\/wp\/v2\/types\/product"}],"replies":[{"embeddable":true,"href":"https:\/\/www.transtoyou.com\/nb\/wp-json\/wp\/v2\/comments?post=689"}],"wp:featuredmedia":[{"embeddable":true,"href":"https:\/\/www.transtoyou.com\/nb\/wp-json\/wp\/v2\/media\/691"}],"wp:attachment":[{"href":"https:\/\/www.transtoyou.com\/nb\/wp-json\/wp\/v2\/media?parent=689"}],"wp:term":[{"taxonomy":"product_brand","embeddable":true,"href":"https:\/\/www.transtoyou.com\/nb\/wp-json\/wp\/v2\/product_brand?post=689"},{"taxonomy":"product_cat","embeddable":true,"href":"https:\/\/www.transtoyou.com\/nb\/wp-json\/wp\/v2\/product_cat?post=689"},{"taxonomy":"product_tag","embeddable":true,"href":"https:\/\/www.transtoyou.com\/nb\/wp-json\/wp\/v2\/product_tag?post=689"},{"taxonomy":"expert","embeddable":true,"href":"https:\/\/www.transtoyou.com\/nb\/wp-json\/wp\/v2\/expert?post=689"}],"curies":[{"name":"wp","href":"https:\/\/api.w.org\/{rel}","templated":true}]}}