{"id":695,"date":"2026-01-22T20:18:32","date_gmt":"2026-01-22T18:18:32","guid":{"rendered":"https:\/\/www.transtoyou.com\/nb\/product\/zyban\/"},"modified":"2026-01-22T20:19:44","modified_gmt":"2026-01-22T18:19:44","slug":"zyban","status":"publish","type":"product","link":"https:\/\/www.transtoyou.com\/nb\/product\/zyban\/","title":{"rendered":"Zyban"},"content":{"rendered":"<p>Zyban er en reseptbelagt medisin som brukes for \u00e5 hjelpe folk med \u00e5 slutte \u00e5 r\u00f8yke. Den inneholder bupropion, en forbindelse som opprinnelig ble utviklet som et antidepressivum, men som senere ble funnet \u00e5 redusere nikotinsug og abstinenssymptomer betydelig. I motsetning til nikotinerstatningsterapier, inneholder ikke Zyban nikotin. I stedet virker den ved \u00e5 endre niv\u00e5ene av visse nevrotransmittere i hjernen, spesielt dopamin og noradrenalin, som er involvert i avhengighet og hum\u00f8rregulering.<\/p>\n<p>Zyban tas som en tablett, vanligvis startet en til to uker f\u00f8r den planlagte sluttdatoen. Dette gir medisinen tid til \u00e5 bygge seg opp i systemet og begynne \u00e5 redusere suget n\u00e5r r\u00f8yking stopper. Behandlingen fortsetter vanligvis i 7 til 12 uker, avhengig av individuell fremgang og legens anbefalinger.<\/p>\n<p>Zyban er spesielt nyttig for personer som har pr\u00f8vd andre hjelpemidler for \u00e5 slutte \u00e5 r\u00f8yke uten suksess, eller for de som foretrekker en ikke-nikotinbasert tiln\u00e6rming. N\u00e5r den brukes sammen med atferdsst\u00f8tte, har Zyban vist seg \u00e5 \u00f8ke sjansene for \u00e5 slutte med suksess betydelig.<\/p>\n<p>Bivirkninger kan inkludere t\u00f8rr munn, s\u00f8vnl\u00f8shet, hodepine eller endringer i appetitt. Det er viktig \u00e5 ikke overskride den foreskrevne dosen, da h\u00f8yere doser kan \u00f8ke risikoen for anfall. Zyban b\u00f8r ikke brukes i kombinasjon med andre medisiner som ogs\u00e5 p\u00e5virker serotonin eller hos personer med en historie med anfall eller spiseforstyrrelser.<\/p>\n","protected":false},"excerpt":{"rendered":"<ul>\n<li>R\u00f8ykesluttmiddel uten nikotin<\/li>\n<li>Reduserer cravings og abstinenser<\/li>\n<li>Begynn 1 uke f\u00f8r sluttdato<\/li>\n<\/ul>\n","protected":false},"featured_media":697,"comment_status":"open","ping_status":"closed","template":"","meta":[],"product_brand":[],"product_cat":[166],"product_tag":[],"expert":[16],"class_list":{"0":"post-695","1":"product","2":"type-product","3":"status-publish","4":"has-post-thumbnail","6":"product_cat-slutt-pa-royking-hjelpemidler","7":"expert-dr-c-alexandru","9":"first","10":"instock","11":"shipping-taxable","12":"product-type-variable"},"yoast_head":"<!-- This site is optimized with the Yoast SEO plugin v27.0 - https:\/\/yoast.com\/product\/yoast-seo-wordpress\/ -->\n<title>Zyban | Hjelpemiddel for R\u00f8ykeslutt - Transtoyou<\/title>\n<meta name=\"description\" content=\"Oppdag Zyban hos Transtoyou, din p\u00e5litelige kilde for helsel\u00f8sninger. Kj\u00f8p n\u00e5 for effektiv st\u00f8tte til \u00e5 slutte \u00e5 r\u00f8yke. F\u00e5 din i dag!\" \/>\n<meta name=\"robots\" content=\"noindex, follow, max-snippet:-1, max-image-preview:large, max-video-preview:-1\" \/>\n<meta property=\"og:locale\" content=\"nb_NO\" \/>\n<meta property=\"og:type\" content=\"article\" \/>\n<meta property=\"og:title\" content=\"Zyban | Hjelpemiddel for R\u00f8ykeslutt - Transtoyou\" \/>\n<meta property=\"og:description\" content=\"Oppdag Zyban hos Transtoyou, din p\u00e5litelige kilde for helsel\u00f8sninger. Kj\u00f8p n\u00e5 for effektiv st\u00f8tte til \u00e5 slutte \u00e5 r\u00f8yke. F\u00e5 din i dag!\" \/>\n<meta property=\"og:url\" content=\"https:\/\/www.transtoyou.com\/nb\/product\/zyban\/\" \/>\n<meta property=\"og:site_name\" content=\"Transtoyou - NB\" \/>\n<meta property=\"article:modified_time\" content=\"2026-01-22T18:19:44+00:00\" \/>\n<meta name=\"twitter:card\" content=\"summary_large_image\" \/>\n<meta name=\"twitter:label1\" content=\"Ansl. lesetid\" \/>\n\t<meta name=\"twitter:data1\" content=\"1 minutt\" \/>\n<script type=\"application\/ld+json\" class=\"yoast-schema-graph\">{\"@context\":\"https:\/\/schema.org\",\"@graph\":[{\"@type\":\"WebPage\",\"@id\":\"https:\/\/www.transtoyou.com\/nb\/product\/zyban\/\",\"url\":\"https:\/\/www.transtoyou.com\/nb\/product\/zyban\/\",\"name\":\"Zyban | Hjelpemiddel for R\u00f8ykeslutt - Transtoyou\",\"isPartOf\":{\"@id\":\"https:\/\/www.transtoyou.com\/nb\/#website\"},\"primaryImageOfPage\":{\"@id\":\"https:\/\/www.transtoyou.com\/nb\/product\/zyban\/#primaryimage\"},\"image\":{\"@id\":\"https:\/\/www.transtoyou.com\/nb\/product\/zyban\/#primaryimage\"},\"thumbnailUrl\":\"https:\/\/www.transtoyou.com\/nb\/wp-content\/uploads\/sites\/10\/2026\/01\/tty-no-product-image-22.webp\",\"datePublished\":\"2026-01-22T18:18:32+00:00\",\"dateModified\":\"2026-01-22T18:19:44+00:00\",\"description\":\"Oppdag Zyban hos Transtoyou, din p\u00e5litelige kilde for helsel\u00f8sninger. Kj\u00f8p n\u00e5 for effektiv st\u00f8tte til \u00e5 slutte \u00e5 r\u00f8yke. F\u00e5 din i dag!\",\"breadcrumb\":{\"@id\":\"https:\/\/www.transtoyou.com\/nb\/product\/zyban\/#breadcrumb\"},\"inLanguage\":\"nb-NO\",\"potentialAction\":[{\"@type\":\"ReadAction\",\"target\":[\"https:\/\/www.transtoyou.com\/nb\/product\/zyban\/\"]}]},{\"@type\":\"ImageObject\",\"inLanguage\":\"nb-NO\",\"@id\":\"https:\/\/www.transtoyou.com\/nb\/product\/zyban\/#primaryimage\",\"url\":\"https:\/\/www.transtoyou.com\/nb\/wp-content\/uploads\/sites\/10\/2026\/01\/tty-no-product-image-22.webp\",\"contentUrl\":\"https:\/\/www.transtoyou.com\/nb\/wp-content\/uploads\/sites\/10\/2026\/01\/tty-no-product-image-22.webp\",\"width\":1000,\"height\":1000,\"caption\":\"Standard produktbilde\"},{\"@type\":\"WebSite\",\"@id\":\"https:\/\/www.transtoyou.com\/nb\/#website\",\"url\":\"https:\/\/www.transtoyou.com\/nb\/\",\"name\":\"Transtoyou - NB\",\"description\":\"\",\"publisher\":{\"@id\":\"https:\/\/www.transtoyou.com\/nb\/#organization\"},\"potentialAction\":[{\"@type\":\"SearchAction\",\"target\":{\"@type\":\"EntryPoint\",\"urlTemplate\":\"https:\/\/www.transtoyou.com\/nb\/?s={search_term_string}\"},\"query-input\":{\"@type\":\"PropertyValueSpecification\",\"valueRequired\":true,\"valueName\":\"search_term_string\"}}],\"inLanguage\":\"nb-NO\"},{\"@type\":\"Organization\",\"@id\":\"https:\/\/www.transtoyou.com\/nb\/#organization\",\"name\":\"Transtoyou - NB\",\"url\":\"https:\/\/www.transtoyou.com\/nb\/\",\"logo\":{\"@type\":\"ImageObject\",\"inLanguage\":\"nb-NO\",\"@id\":\"https:\/\/www.transtoyou.com\/nb\/#\/schema\/logo\/image\/\",\"url\":\"https:\/\/www.transtoyou.com\/nb\/wp-content\/uploads\/sites\/10\/2026\/01\/logo-tty-menu-bar-300x87-1.webp\",\"contentUrl\":\"https:\/\/www.transtoyou.com\/nb\/wp-content\/uploads\/sites\/10\/2026\/01\/logo-tty-menu-bar-300x87-1.webp\",\"width\":300,\"height\":87,\"caption\":\"Transtoyou - NB\"},\"image\":{\"@id\":\"https:\/\/www.transtoyou.com\/nb\/#\/schema\/logo\/image\/\"}}]}<\/script>\n<!-- \/ Yoast SEO plugin. -->","yoast_head_json":{"title":"Zyban | Hjelpemiddel for R\u00f8ykeslutt - Transtoyou","description":"Oppdag Zyban hos Transtoyou, din p\u00e5litelige kilde for helsel\u00f8sninger. Kj\u00f8p n\u00e5 for effektiv st\u00f8tte til \u00e5 slutte \u00e5 r\u00f8yke. F\u00e5 din i dag!","robots":{"index":"noindex","follow":"follow","max-snippet":"max-snippet:-1","max-image-preview":"max-image-preview:large","max-video-preview":"max-video-preview:-1"},"og_locale":"nb_NO","og_type":"article","og_title":"Zyban | Hjelpemiddel for R\u00f8ykeslutt - Transtoyou","og_description":"Oppdag Zyban hos Transtoyou, din p\u00e5litelige kilde for helsel\u00f8sninger. Kj\u00f8p n\u00e5 for effektiv st\u00f8tte til \u00e5 slutte \u00e5 r\u00f8yke. F\u00e5 din i dag!","og_url":"https:\/\/www.transtoyou.com\/nb\/product\/zyban\/","og_site_name":"Transtoyou - NB","article_modified_time":"2026-01-22T18:19:44+00:00","twitter_card":"summary_large_image","twitter_misc":{"Ansl. lesetid":"1 minutt"},"schema":{"@context":"https:\/\/schema.org","@graph":[{"@type":"WebPage","@id":"https:\/\/www.transtoyou.com\/nb\/product\/zyban\/","url":"https:\/\/www.transtoyou.com\/nb\/product\/zyban\/","name":"Zyban | Hjelpemiddel for R\u00f8ykeslutt - Transtoyou","isPartOf":{"@id":"https:\/\/www.transtoyou.com\/nb\/#website"},"primaryImageOfPage":{"@id":"https:\/\/www.transtoyou.com\/nb\/product\/zyban\/#primaryimage"},"image":{"@id":"https:\/\/www.transtoyou.com\/nb\/product\/zyban\/#primaryimage"},"thumbnailUrl":"https:\/\/www.transtoyou.com\/nb\/wp-content\/uploads\/sites\/10\/2026\/01\/tty-no-product-image-22.webp","datePublished":"2026-01-22T18:18:32+00:00","dateModified":"2026-01-22T18:19:44+00:00","description":"Oppdag Zyban hos Transtoyou, din p\u00e5litelige kilde for helsel\u00f8sninger. Kj\u00f8p n\u00e5 for effektiv st\u00f8tte til \u00e5 slutte \u00e5 r\u00f8yke. F\u00e5 din i dag!","breadcrumb":{"@id":"https:\/\/www.transtoyou.com\/nb\/product\/zyban\/#breadcrumb"},"inLanguage":"nb-NO","potentialAction":[{"@type":"ReadAction","target":["https:\/\/www.transtoyou.com\/nb\/product\/zyban\/"]}]},{"@type":"ImageObject","inLanguage":"nb-NO","@id":"https:\/\/www.transtoyou.com\/nb\/product\/zyban\/#primaryimage","url":"https:\/\/www.transtoyou.com\/nb\/wp-content\/uploads\/sites\/10\/2026\/01\/tty-no-product-image-22.webp","contentUrl":"https:\/\/www.transtoyou.com\/nb\/wp-content\/uploads\/sites\/10\/2026\/01\/tty-no-product-image-22.webp","width":1000,"height":1000,"caption":"Standard produktbilde"},{"@type":"WebSite","@id":"https:\/\/www.transtoyou.com\/nb\/#website","url":"https:\/\/www.transtoyou.com\/nb\/","name":"Transtoyou - NB","description":"","publisher":{"@id":"https:\/\/www.transtoyou.com\/nb\/#organization"},"potentialAction":[{"@type":"SearchAction","target":{"@type":"EntryPoint","urlTemplate":"https:\/\/www.transtoyou.com\/nb\/?s={search_term_string}"},"query-input":{"@type":"PropertyValueSpecification","valueRequired":true,"valueName":"search_term_string"}}],"inLanguage":"nb-NO"},{"@type":"Organization","@id":"https:\/\/www.transtoyou.com\/nb\/#organization","name":"Transtoyou - NB","url":"https:\/\/www.transtoyou.com\/nb\/","logo":{"@type":"ImageObject","inLanguage":"nb-NO","@id":"https:\/\/www.transtoyou.com\/nb\/#\/schema\/logo\/image\/","url":"https:\/\/www.transtoyou.com\/nb\/wp-content\/uploads\/sites\/10\/2026\/01\/logo-tty-menu-bar-300x87-1.webp","contentUrl":"https:\/\/www.transtoyou.com\/nb\/wp-content\/uploads\/sites\/10\/2026\/01\/logo-tty-menu-bar-300x87-1.webp","width":300,"height":87,"caption":"Transtoyou - NB"},"image":{"@id":"https:\/\/www.transtoyou.com\/nb\/#\/schema\/logo\/image\/"}}]}},"_links":{"self":[{"href":"https:\/\/www.transtoyou.com\/nb\/wp-json\/wp\/v2\/product\/695","targetHints":{"allow":["GET"]}}],"collection":[{"href":"https:\/\/www.transtoyou.com\/nb\/wp-json\/wp\/v2\/product"}],"about":[{"href":"https:\/\/www.transtoyou.com\/nb\/wp-json\/wp\/v2\/types\/product"}],"replies":[{"embeddable":true,"href":"https:\/\/www.transtoyou.com\/nb\/wp-json\/wp\/v2\/comments?post=695"}],"wp:featuredmedia":[{"embeddable":true,"href":"https:\/\/www.transtoyou.com\/nb\/wp-json\/wp\/v2\/media\/697"}],"wp:attachment":[{"href":"https:\/\/www.transtoyou.com\/nb\/wp-json\/wp\/v2\/media?parent=695"}],"wp:term":[{"taxonomy":"product_brand","embeddable":true,"href":"https:\/\/www.transtoyou.com\/nb\/wp-json\/wp\/v2\/product_brand?post=695"},{"taxonomy":"product_cat","embeddable":true,"href":"https:\/\/www.transtoyou.com\/nb\/wp-json\/wp\/v2\/product_cat?post=695"},{"taxonomy":"product_tag","embeddable":true,"href":"https:\/\/www.transtoyou.com\/nb\/wp-json\/wp\/v2\/product_tag?post=695"},{"taxonomy":"expert","embeddable":true,"href":"https:\/\/www.transtoyou.com\/nb\/wp-json\/wp\/v2\/expert?post=695"}],"curies":[{"name":"wp","href":"https:\/\/api.w.org\/{rel}","templated":true}]}}