{"id":698,"date":"2026-01-22T20:35:13","date_gmt":"2026-01-22T18:35:13","guid":{"rendered":"https:\/\/www.transtoyou.com\/nb\/product\/nicorette\/"},"modified":"2026-01-22T20:36:23","modified_gmt":"2026-01-22T18:36:23","slug":"nicorette","status":"publish","type":"product","link":"https:\/\/www.transtoyou.com\/nb\/product\/nicorette\/","title":{"rendered":"Nicorette"},"content":{"rendered":"<p>Nicorette er et anerkjent merke av nikotinerstatningsterapi (NRT) designet for \u00e5 st\u00f8tte personer som pr\u00f8ver \u00e5 slutte \u00e5 r\u00f8yke. Den er tilgjengelig i ulike former. Nicorette leverer kontrollerte mengder nikotin til kroppen uten de skadelige stoffene som finnes i sigaretter. Dette bidrar til \u00e5 redusere abstinenssymptomer og trang, noe som gj\u00f8r overgangen bort fra r\u00f8yking mer h\u00e5ndterlig.<\/p>\n<p>Ved gradvis \u00e5 redusere kroppens avhengighet av nikotin, lar Nicorette r\u00f8ykere fokusere p\u00e5 \u00e5 bryte den atferdsmessige vanen med r\u00f8yking uten \u00e5 oppleve intense fysiske abstinenser. Hvert Nicorette-produkt tilbyr en fleksibel m\u00e5te \u00e5 tilpasse slutteplanen til individuelle preferanser og livsstiler. For eksempel gir plaster jevn nikotin gjennom dagen, mens tyggegummi eller pastiller gir mer umiddelbar lindring under trang.<\/p>\n<p>Nicorette-produkter brukes vanligvis i en periode p\u00e5 8 til 12 uker, med dosering som reduseres over tid. De kan brukes alene eller i kombinasjon, for eksempel ved \u00e5 kombinere et plaster med tyggegummi.<\/p>\n<p>Bivirkninger kan inkludere mild irritasjon i halsen eller munnen, hikke, hudf\u00f8lsomhet (fra plaster) eller urolig mage. Disse effektene er vanligvis midlertidige. Nicorette anbefales ikke under graviditet eller amming med mindre godkjent av en lege.<\/p>\n","protected":false},"excerpt":{"rendered":"<ul>\n<li>Reduserer nikotinsug<\/li>\n<li>Flere formater tilgjengelig<\/li>\n<li>Hjelper med \u00e5 slutte \u00e5 r\u00f8yke gradvis<\/li>\n<\/ul>\n","protected":false},"featured_media":700,"comment_status":"open","ping_status":"closed","template":"","meta":[],"product_brand":[],"product_cat":[166],"product_tag":[],"expert":[16],"class_list":{"0":"post-698","1":"product","2":"type-product","3":"status-publish","4":"has-post-thumbnail","6":"product_cat-slutt-pa-royking-hjelpemidler","7":"expert-dr-c-alexandru","9":"first","10":"instock","11":"shipping-taxable","12":"product-type-variable"},"yoast_head":"<!-- This site is optimized with the Yoast SEO plugin v27.0 - https:\/\/yoast.com\/product\/yoast-seo-wordpress\/ -->\n<title>Nicorette | Hjelp til \u00e5 slutte \u00e5 r\u00f8yke &amp; Lindre trang - Transtoyou<\/title>\n<meta name=\"description\" content=\"Nicorette, tilgjengelig p\u00e5 Transtoyou, hjelper med \u00e5 lindre r\u00f8ykeavvenning ved \u00e5 levere kontrollert nikotin. Kj\u00f8p n\u00e5 for fleksible slutteplaner tilpasset deg.\" \/>\n<meta name=\"robots\" content=\"noindex, follow, max-snippet:-1, max-image-preview:large, max-video-preview:-1\" \/>\n<meta property=\"og:locale\" content=\"nb_NO\" \/>\n<meta property=\"og:type\" content=\"article\" \/>\n<meta property=\"og:title\" content=\"Nicorette | Hjelp til \u00e5 slutte \u00e5 r\u00f8yke &amp; Lindre trang - Transtoyou\" \/>\n<meta property=\"og:description\" content=\"Nicorette, tilgjengelig p\u00e5 Transtoyou, hjelper med \u00e5 lindre r\u00f8ykeavvenning ved \u00e5 levere kontrollert nikotin. Kj\u00f8p n\u00e5 for fleksible slutteplaner tilpasset deg.\" \/>\n<meta property=\"og:url\" content=\"https:\/\/www.transtoyou.com\/nb\/product\/nicorette\/\" \/>\n<meta property=\"og:site_name\" content=\"Transtoyou - NB\" \/>\n<meta property=\"article:modified_time\" content=\"2026-01-22T18:36:23+00:00\" \/>\n<meta name=\"twitter:card\" content=\"summary_large_image\" \/>\n<meta name=\"twitter:label1\" content=\"Ansl. lesetid\" \/>\n\t<meta name=\"twitter:data1\" content=\"1 minutt\" \/>\n<script type=\"application\/ld+json\" class=\"yoast-schema-graph\">{\"@context\":\"https:\/\/schema.org\",\"@graph\":[{\"@type\":\"WebPage\",\"@id\":\"https:\/\/www.transtoyou.com\/nb\/product\/nicorette\/\",\"url\":\"https:\/\/www.transtoyou.com\/nb\/product\/nicorette\/\",\"name\":\"Nicorette | Hjelp til \u00e5 slutte \u00e5 r\u00f8yke & Lindre trang - Transtoyou\",\"isPartOf\":{\"@id\":\"https:\/\/www.transtoyou.com\/nb\/#website\"},\"primaryImageOfPage\":{\"@id\":\"https:\/\/www.transtoyou.com\/nb\/product\/nicorette\/#primaryimage\"},\"image\":{\"@id\":\"https:\/\/www.transtoyou.com\/nb\/product\/nicorette\/#primaryimage\"},\"thumbnailUrl\":\"https:\/\/www.transtoyou.com\/nb\/wp-content\/uploads\/sites\/10\/2026\/01\/tty-no-product-image-23.webp\",\"datePublished\":\"2026-01-22T18:35:13+00:00\",\"dateModified\":\"2026-01-22T18:36:23+00:00\",\"description\":\"Nicorette, tilgjengelig p\u00e5 Transtoyou, hjelper med \u00e5 lindre r\u00f8ykeavvenning ved \u00e5 levere kontrollert nikotin. Kj\u00f8p n\u00e5 for fleksible slutteplaner tilpasset deg.\",\"breadcrumb\":{\"@id\":\"https:\/\/www.transtoyou.com\/nb\/product\/nicorette\/#breadcrumb\"},\"inLanguage\":\"nb-NO\",\"potentialAction\":[{\"@type\":\"ReadAction\",\"target\":[\"https:\/\/www.transtoyou.com\/nb\/product\/nicorette\/\"]}]},{\"@type\":\"ImageObject\",\"inLanguage\":\"nb-NO\",\"@id\":\"https:\/\/www.transtoyou.com\/nb\/product\/nicorette\/#primaryimage\",\"url\":\"https:\/\/www.transtoyou.com\/nb\/wp-content\/uploads\/sites\/10\/2026\/01\/tty-no-product-image-23.webp\",\"contentUrl\":\"https:\/\/www.transtoyou.com\/nb\/wp-content\/uploads\/sites\/10\/2026\/01\/tty-no-product-image-23.webp\",\"width\":1000,\"height\":1000,\"caption\":\"Standard produktbilde\"},{\"@type\":\"WebSite\",\"@id\":\"https:\/\/www.transtoyou.com\/nb\/#website\",\"url\":\"https:\/\/www.transtoyou.com\/nb\/\",\"name\":\"Transtoyou - NB\",\"description\":\"\",\"publisher\":{\"@id\":\"https:\/\/www.transtoyou.com\/nb\/#organization\"},\"potentialAction\":[{\"@type\":\"SearchAction\",\"target\":{\"@type\":\"EntryPoint\",\"urlTemplate\":\"https:\/\/www.transtoyou.com\/nb\/?s={search_term_string}\"},\"query-input\":{\"@type\":\"PropertyValueSpecification\",\"valueRequired\":true,\"valueName\":\"search_term_string\"}}],\"inLanguage\":\"nb-NO\"},{\"@type\":\"Organization\",\"@id\":\"https:\/\/www.transtoyou.com\/nb\/#organization\",\"name\":\"Transtoyou - NB\",\"url\":\"https:\/\/www.transtoyou.com\/nb\/\",\"logo\":{\"@type\":\"ImageObject\",\"inLanguage\":\"nb-NO\",\"@id\":\"https:\/\/www.transtoyou.com\/nb\/#\/schema\/logo\/image\/\",\"url\":\"https:\/\/www.transtoyou.com\/nb\/wp-content\/uploads\/sites\/10\/2026\/01\/logo-tty-menu-bar-300x87-1.webp\",\"contentUrl\":\"https:\/\/www.transtoyou.com\/nb\/wp-content\/uploads\/sites\/10\/2026\/01\/logo-tty-menu-bar-300x87-1.webp\",\"width\":300,\"height\":87,\"caption\":\"Transtoyou - NB\"},\"image\":{\"@id\":\"https:\/\/www.transtoyou.com\/nb\/#\/schema\/logo\/image\/\"}}]}<\/script>\n<!-- \/ Yoast SEO plugin. -->","yoast_head_json":{"title":"Nicorette | Hjelp til \u00e5 slutte \u00e5 r\u00f8yke & Lindre trang - Transtoyou","description":"Nicorette, tilgjengelig p\u00e5 Transtoyou, hjelper med \u00e5 lindre r\u00f8ykeavvenning ved \u00e5 levere kontrollert nikotin. Kj\u00f8p n\u00e5 for fleksible slutteplaner tilpasset deg.","robots":{"index":"noindex","follow":"follow","max-snippet":"max-snippet:-1","max-image-preview":"max-image-preview:large","max-video-preview":"max-video-preview:-1"},"og_locale":"nb_NO","og_type":"article","og_title":"Nicorette | Hjelp til \u00e5 slutte \u00e5 r\u00f8yke & Lindre trang - Transtoyou","og_description":"Nicorette, tilgjengelig p\u00e5 Transtoyou, hjelper med \u00e5 lindre r\u00f8ykeavvenning ved \u00e5 levere kontrollert nikotin. Kj\u00f8p n\u00e5 for fleksible slutteplaner tilpasset deg.","og_url":"https:\/\/www.transtoyou.com\/nb\/product\/nicorette\/","og_site_name":"Transtoyou - NB","article_modified_time":"2026-01-22T18:36:23+00:00","twitter_card":"summary_large_image","twitter_misc":{"Ansl. lesetid":"1 minutt"},"schema":{"@context":"https:\/\/schema.org","@graph":[{"@type":"WebPage","@id":"https:\/\/www.transtoyou.com\/nb\/product\/nicorette\/","url":"https:\/\/www.transtoyou.com\/nb\/product\/nicorette\/","name":"Nicorette | Hjelp til \u00e5 slutte \u00e5 r\u00f8yke & Lindre trang - Transtoyou","isPartOf":{"@id":"https:\/\/www.transtoyou.com\/nb\/#website"},"primaryImageOfPage":{"@id":"https:\/\/www.transtoyou.com\/nb\/product\/nicorette\/#primaryimage"},"image":{"@id":"https:\/\/www.transtoyou.com\/nb\/product\/nicorette\/#primaryimage"},"thumbnailUrl":"https:\/\/www.transtoyou.com\/nb\/wp-content\/uploads\/sites\/10\/2026\/01\/tty-no-product-image-23.webp","datePublished":"2026-01-22T18:35:13+00:00","dateModified":"2026-01-22T18:36:23+00:00","description":"Nicorette, tilgjengelig p\u00e5 Transtoyou, hjelper med \u00e5 lindre r\u00f8ykeavvenning ved \u00e5 levere kontrollert nikotin. Kj\u00f8p n\u00e5 for fleksible slutteplaner tilpasset deg.","breadcrumb":{"@id":"https:\/\/www.transtoyou.com\/nb\/product\/nicorette\/#breadcrumb"},"inLanguage":"nb-NO","potentialAction":[{"@type":"ReadAction","target":["https:\/\/www.transtoyou.com\/nb\/product\/nicorette\/"]}]},{"@type":"ImageObject","inLanguage":"nb-NO","@id":"https:\/\/www.transtoyou.com\/nb\/product\/nicorette\/#primaryimage","url":"https:\/\/www.transtoyou.com\/nb\/wp-content\/uploads\/sites\/10\/2026\/01\/tty-no-product-image-23.webp","contentUrl":"https:\/\/www.transtoyou.com\/nb\/wp-content\/uploads\/sites\/10\/2026\/01\/tty-no-product-image-23.webp","width":1000,"height":1000,"caption":"Standard produktbilde"},{"@type":"WebSite","@id":"https:\/\/www.transtoyou.com\/nb\/#website","url":"https:\/\/www.transtoyou.com\/nb\/","name":"Transtoyou - NB","description":"","publisher":{"@id":"https:\/\/www.transtoyou.com\/nb\/#organization"},"potentialAction":[{"@type":"SearchAction","target":{"@type":"EntryPoint","urlTemplate":"https:\/\/www.transtoyou.com\/nb\/?s={search_term_string}"},"query-input":{"@type":"PropertyValueSpecification","valueRequired":true,"valueName":"search_term_string"}}],"inLanguage":"nb-NO"},{"@type":"Organization","@id":"https:\/\/www.transtoyou.com\/nb\/#organization","name":"Transtoyou - NB","url":"https:\/\/www.transtoyou.com\/nb\/","logo":{"@type":"ImageObject","inLanguage":"nb-NO","@id":"https:\/\/www.transtoyou.com\/nb\/#\/schema\/logo\/image\/","url":"https:\/\/www.transtoyou.com\/nb\/wp-content\/uploads\/sites\/10\/2026\/01\/logo-tty-menu-bar-300x87-1.webp","contentUrl":"https:\/\/www.transtoyou.com\/nb\/wp-content\/uploads\/sites\/10\/2026\/01\/logo-tty-menu-bar-300x87-1.webp","width":300,"height":87,"caption":"Transtoyou - NB"},"image":{"@id":"https:\/\/www.transtoyou.com\/nb\/#\/schema\/logo\/image\/"}}]}},"_links":{"self":[{"href":"https:\/\/www.transtoyou.com\/nb\/wp-json\/wp\/v2\/product\/698","targetHints":{"allow":["GET"]}}],"collection":[{"href":"https:\/\/www.transtoyou.com\/nb\/wp-json\/wp\/v2\/product"}],"about":[{"href":"https:\/\/www.transtoyou.com\/nb\/wp-json\/wp\/v2\/types\/product"}],"replies":[{"embeddable":true,"href":"https:\/\/www.transtoyou.com\/nb\/wp-json\/wp\/v2\/comments?post=698"}],"wp:featuredmedia":[{"embeddable":true,"href":"https:\/\/www.transtoyou.com\/nb\/wp-json\/wp\/v2\/media\/700"}],"wp:attachment":[{"href":"https:\/\/www.transtoyou.com\/nb\/wp-json\/wp\/v2\/media?parent=698"}],"wp:term":[{"taxonomy":"product_brand","embeddable":true,"href":"https:\/\/www.transtoyou.com\/nb\/wp-json\/wp\/v2\/product_brand?post=698"},{"taxonomy":"product_cat","embeddable":true,"href":"https:\/\/www.transtoyou.com\/nb\/wp-json\/wp\/v2\/product_cat?post=698"},{"taxonomy":"product_tag","embeddable":true,"href":"https:\/\/www.transtoyou.com\/nb\/wp-json\/wp\/v2\/product_tag?post=698"},{"taxonomy":"expert","embeddable":true,"href":"https:\/\/www.transtoyou.com\/nb\/wp-json\/wp\/v2\/expert?post=698"}],"curies":[{"name":"wp","href":"https:\/\/api.w.org\/{rel}","templated":true}]}}