{"id":701,"date":"2026-01-22T20:51:12","date_gmt":"2026-01-22T18:51:12","guid":{"rendered":"https:\/\/www.transtoyou.com\/nb\/product\/decigatan\/"},"modified":"2026-01-22T20:52:17","modified_gmt":"2026-01-22T18:52:17","slug":"decigatan","status":"publish","type":"product","link":"https:\/\/www.transtoyou.com\/nb\/product\/decigatan\/","title":{"rendered":"Decigatan"},"content":{"rendered":"<p>Decigatan er en reseptbelagt medisin designet for \u00e5 st\u00f8tte personer som \u00f8nsker \u00e5 slutte \u00e5 r\u00f8yke. Den inneholder cytisin, en plantebasert forbindelse som bidrar til \u00e5 redusere cravings og abstinenssymptomer ved \u00e5 delvis stimulere nikotinreseptorer i hjernen. Denne virkningen letter overgangen bort fra nikotinavhengighet og reduserer de bel\u00f8nnende effektene av r\u00f8yking.<\/p>\n<p>I motsetning til nikotinerstatningsterapier som tilf\u00f8rer nikotin til kroppen, fungerer Decigatan ved \u00e5 etterligne noen av nikotins effekter samtidig som den blokkerer de sterkere avhengighetsskapende egenskapene. Denne doble mekanismen hjelper r\u00f8ykere med \u00e5 gradvis redusere avhengigheten av sigaretter, samtidig som de opplever f\u00e6rre cravings og mindre ubehag under slutteprosessen.<\/p>\n<p>Decigatan tas vanligvis over en 25-dagers periode, med en gradvis reduserende dosering. I l\u00f8pet av denne tiden oppfordres brukerne til \u00e5 slutte \u00e5 r\u00f8yke helt innen de f\u00f8rste fem dagene. Den strukturerte behandlingsplanen st\u00f8tter b\u00e5de fysiske og psykologiske abstinenser, noe som gj\u00f8r det lettere \u00e5 bryte r\u00f8ykevanen.<\/p>\n<p>De fleste brukere t\u00e5ler Decigatan godt, selv om noen kan oppleve milde bivirkninger som kvalme, t\u00f8rr munn eller s\u00f8vnforstyrrelser. Som med alle medisiner, er det viktig \u00e5 f\u00f8lge doseringsplanen n\u00f8ye og unng\u00e5 \u00e5 r\u00f8yke mens man tar behandlingen, da kombinasjonen av begge kan f\u00f8re til bivirkninger eller redusert effekt.<\/p>\n<p>Decigatan anbefales ikke under graviditet eller amming og b\u00f8r ikke brukes av personer med visse medisinske tilstander uten medisinsk veiledning.<\/p>\n","protected":false},"excerpt":{"rendered":"<ul>\n<li>Reduserer nikotintrang<\/li>\n<li>25-dagers behandlingskurs<\/li>\n<li>Plantebasert aktiv ingrediens<\/li>\n<\/ul>\n","protected":false},"featured_media":703,"comment_status":"open","ping_status":"closed","template":"","meta":[],"product_brand":[],"product_cat":[166],"product_tag":[],"expert":[16],"class_list":{"0":"post-701","1":"product","2":"type-product","3":"status-publish","4":"has-post-thumbnail","6":"product_cat-slutt-pa-royking-hjelpemidler","7":"expert-dr-c-alexandru","9":"first","10":"instock","11":"shipping-taxable","12":"product-type-variable"},"yoast_head":"<!-- This site is optimized with the Yoast SEO plugin v27.0 - https:\/\/yoast.com\/product\/yoast-seo-wordpress\/ -->\n<title>Decigatan | St\u00f8tte for \u00e5 Slutte \u00e5 R\u00f8yke - Transtoyou<\/title>\n<meta name=\"description\" content=\"Decigatan, et reseptbelagt hjelpemiddel for \u00e5 slutte \u00e5 r\u00f8yke, reduserer cravings og abstinenser. Konsulter v\u00e5re leger for en skreddersydd behandlingsplan.\" \/>\n<meta name=\"robots\" content=\"noindex, follow, max-snippet:-1, max-image-preview:large, max-video-preview:-1\" \/>\n<meta property=\"og:locale\" content=\"nb_NO\" \/>\n<meta property=\"og:type\" content=\"article\" \/>\n<meta property=\"og:title\" content=\"Decigatan | St\u00f8tte for \u00e5 Slutte \u00e5 R\u00f8yke - Transtoyou\" \/>\n<meta property=\"og:description\" content=\"Decigatan, et reseptbelagt hjelpemiddel for \u00e5 slutte \u00e5 r\u00f8yke, reduserer cravings og abstinenser. Konsulter v\u00e5re leger for en skreddersydd behandlingsplan.\" \/>\n<meta property=\"og:url\" content=\"https:\/\/www.transtoyou.com\/nb\/product\/decigatan\/\" \/>\n<meta property=\"og:site_name\" content=\"Transtoyou - NB\" \/>\n<meta property=\"article:modified_time\" content=\"2026-01-22T18:52:17+00:00\" \/>\n<meta name=\"twitter:card\" content=\"summary_large_image\" \/>\n<meta name=\"twitter:label1\" content=\"Ansl. lesetid\" \/>\n\t<meta name=\"twitter:data1\" content=\"1 minutt\" \/>\n<script type=\"application\/ld+json\" class=\"yoast-schema-graph\">{\"@context\":\"https:\/\/schema.org\",\"@graph\":[{\"@type\":\"WebPage\",\"@id\":\"https:\/\/www.transtoyou.com\/nb\/product\/decigatan\/\",\"url\":\"https:\/\/www.transtoyou.com\/nb\/product\/decigatan\/\",\"name\":\"Decigatan | St\u00f8tte for \u00e5 Slutte \u00e5 R\u00f8yke - Transtoyou\",\"isPartOf\":{\"@id\":\"https:\/\/www.transtoyou.com\/nb\/#website\"},\"primaryImageOfPage\":{\"@id\":\"https:\/\/www.transtoyou.com\/nb\/product\/decigatan\/#primaryimage\"},\"image\":{\"@id\":\"https:\/\/www.transtoyou.com\/nb\/product\/decigatan\/#primaryimage\"},\"thumbnailUrl\":\"https:\/\/www.transtoyou.com\/nb\/wp-content\/uploads\/sites\/10\/2026\/01\/tty-no-product-image-24.webp\",\"datePublished\":\"2026-01-22T18:51:12+00:00\",\"dateModified\":\"2026-01-22T18:52:17+00:00\",\"description\":\"Decigatan, et reseptbelagt hjelpemiddel for \u00e5 slutte \u00e5 r\u00f8yke, reduserer cravings og abstinenser. Konsulter v\u00e5re leger for en skreddersydd behandlingsplan.\",\"breadcrumb\":{\"@id\":\"https:\/\/www.transtoyou.com\/nb\/product\/decigatan\/#breadcrumb\"},\"inLanguage\":\"nb-NO\",\"potentialAction\":[{\"@type\":\"ReadAction\",\"target\":[\"https:\/\/www.transtoyou.com\/nb\/product\/decigatan\/\"]}]},{\"@type\":\"ImageObject\",\"inLanguage\":\"nb-NO\",\"@id\":\"https:\/\/www.transtoyou.com\/nb\/product\/decigatan\/#primaryimage\",\"url\":\"https:\/\/www.transtoyou.com\/nb\/wp-content\/uploads\/sites\/10\/2026\/01\/tty-no-product-image-24.webp\",\"contentUrl\":\"https:\/\/www.transtoyou.com\/nb\/wp-content\/uploads\/sites\/10\/2026\/01\/tty-no-product-image-24.webp\",\"width\":1000,\"height\":1000,\"caption\":\"Standard produktbilde\"},{\"@type\":\"WebSite\",\"@id\":\"https:\/\/www.transtoyou.com\/nb\/#website\",\"url\":\"https:\/\/www.transtoyou.com\/nb\/\",\"name\":\"Transtoyou - NB\",\"description\":\"\",\"publisher\":{\"@id\":\"https:\/\/www.transtoyou.com\/nb\/#organization\"},\"potentialAction\":[{\"@type\":\"SearchAction\",\"target\":{\"@type\":\"EntryPoint\",\"urlTemplate\":\"https:\/\/www.transtoyou.com\/nb\/?s={search_term_string}\"},\"query-input\":{\"@type\":\"PropertyValueSpecification\",\"valueRequired\":true,\"valueName\":\"search_term_string\"}}],\"inLanguage\":\"nb-NO\"},{\"@type\":\"Organization\",\"@id\":\"https:\/\/www.transtoyou.com\/nb\/#organization\",\"name\":\"Transtoyou - NB\",\"url\":\"https:\/\/www.transtoyou.com\/nb\/\",\"logo\":{\"@type\":\"ImageObject\",\"inLanguage\":\"nb-NO\",\"@id\":\"https:\/\/www.transtoyou.com\/nb\/#\/schema\/logo\/image\/\",\"url\":\"https:\/\/www.transtoyou.com\/nb\/wp-content\/uploads\/sites\/10\/2026\/01\/logo-tty-menu-bar-300x87-1.webp\",\"contentUrl\":\"https:\/\/www.transtoyou.com\/nb\/wp-content\/uploads\/sites\/10\/2026\/01\/logo-tty-menu-bar-300x87-1.webp\",\"width\":300,\"height\":87,\"caption\":\"Transtoyou - NB\"},\"image\":{\"@id\":\"https:\/\/www.transtoyou.com\/nb\/#\/schema\/logo\/image\/\"}}]}<\/script>\n<!-- \/ Yoast SEO plugin. -->","yoast_head_json":{"title":"Decigatan | St\u00f8tte for \u00e5 Slutte \u00e5 R\u00f8yke - Transtoyou","description":"Decigatan, et reseptbelagt hjelpemiddel for \u00e5 slutte \u00e5 r\u00f8yke, reduserer cravings og abstinenser. Konsulter v\u00e5re leger for en skreddersydd behandlingsplan.","robots":{"index":"noindex","follow":"follow","max-snippet":"max-snippet:-1","max-image-preview":"max-image-preview:large","max-video-preview":"max-video-preview:-1"},"og_locale":"nb_NO","og_type":"article","og_title":"Decigatan | St\u00f8tte for \u00e5 Slutte \u00e5 R\u00f8yke - Transtoyou","og_description":"Decigatan, et reseptbelagt hjelpemiddel for \u00e5 slutte \u00e5 r\u00f8yke, reduserer cravings og abstinenser. Konsulter v\u00e5re leger for en skreddersydd behandlingsplan.","og_url":"https:\/\/www.transtoyou.com\/nb\/product\/decigatan\/","og_site_name":"Transtoyou - NB","article_modified_time":"2026-01-22T18:52:17+00:00","twitter_card":"summary_large_image","twitter_misc":{"Ansl. lesetid":"1 minutt"},"schema":{"@context":"https:\/\/schema.org","@graph":[{"@type":"WebPage","@id":"https:\/\/www.transtoyou.com\/nb\/product\/decigatan\/","url":"https:\/\/www.transtoyou.com\/nb\/product\/decigatan\/","name":"Decigatan | St\u00f8tte for \u00e5 Slutte \u00e5 R\u00f8yke - Transtoyou","isPartOf":{"@id":"https:\/\/www.transtoyou.com\/nb\/#website"},"primaryImageOfPage":{"@id":"https:\/\/www.transtoyou.com\/nb\/product\/decigatan\/#primaryimage"},"image":{"@id":"https:\/\/www.transtoyou.com\/nb\/product\/decigatan\/#primaryimage"},"thumbnailUrl":"https:\/\/www.transtoyou.com\/nb\/wp-content\/uploads\/sites\/10\/2026\/01\/tty-no-product-image-24.webp","datePublished":"2026-01-22T18:51:12+00:00","dateModified":"2026-01-22T18:52:17+00:00","description":"Decigatan, et reseptbelagt hjelpemiddel for \u00e5 slutte \u00e5 r\u00f8yke, reduserer cravings og abstinenser. Konsulter v\u00e5re leger for en skreddersydd behandlingsplan.","breadcrumb":{"@id":"https:\/\/www.transtoyou.com\/nb\/product\/decigatan\/#breadcrumb"},"inLanguage":"nb-NO","potentialAction":[{"@type":"ReadAction","target":["https:\/\/www.transtoyou.com\/nb\/product\/decigatan\/"]}]},{"@type":"ImageObject","inLanguage":"nb-NO","@id":"https:\/\/www.transtoyou.com\/nb\/product\/decigatan\/#primaryimage","url":"https:\/\/www.transtoyou.com\/nb\/wp-content\/uploads\/sites\/10\/2026\/01\/tty-no-product-image-24.webp","contentUrl":"https:\/\/www.transtoyou.com\/nb\/wp-content\/uploads\/sites\/10\/2026\/01\/tty-no-product-image-24.webp","width":1000,"height":1000,"caption":"Standard produktbilde"},{"@type":"WebSite","@id":"https:\/\/www.transtoyou.com\/nb\/#website","url":"https:\/\/www.transtoyou.com\/nb\/","name":"Transtoyou - NB","description":"","publisher":{"@id":"https:\/\/www.transtoyou.com\/nb\/#organization"},"potentialAction":[{"@type":"SearchAction","target":{"@type":"EntryPoint","urlTemplate":"https:\/\/www.transtoyou.com\/nb\/?s={search_term_string}"},"query-input":{"@type":"PropertyValueSpecification","valueRequired":true,"valueName":"search_term_string"}}],"inLanguage":"nb-NO"},{"@type":"Organization","@id":"https:\/\/www.transtoyou.com\/nb\/#organization","name":"Transtoyou - NB","url":"https:\/\/www.transtoyou.com\/nb\/","logo":{"@type":"ImageObject","inLanguage":"nb-NO","@id":"https:\/\/www.transtoyou.com\/nb\/#\/schema\/logo\/image\/","url":"https:\/\/www.transtoyou.com\/nb\/wp-content\/uploads\/sites\/10\/2026\/01\/logo-tty-menu-bar-300x87-1.webp","contentUrl":"https:\/\/www.transtoyou.com\/nb\/wp-content\/uploads\/sites\/10\/2026\/01\/logo-tty-menu-bar-300x87-1.webp","width":300,"height":87,"caption":"Transtoyou - NB"},"image":{"@id":"https:\/\/www.transtoyou.com\/nb\/#\/schema\/logo\/image\/"}}]}},"_links":{"self":[{"href":"https:\/\/www.transtoyou.com\/nb\/wp-json\/wp\/v2\/product\/701","targetHints":{"allow":["GET"]}}],"collection":[{"href":"https:\/\/www.transtoyou.com\/nb\/wp-json\/wp\/v2\/product"}],"about":[{"href":"https:\/\/www.transtoyou.com\/nb\/wp-json\/wp\/v2\/types\/product"}],"replies":[{"embeddable":true,"href":"https:\/\/www.transtoyou.com\/nb\/wp-json\/wp\/v2\/comments?post=701"}],"wp:featuredmedia":[{"embeddable":true,"href":"https:\/\/www.transtoyou.com\/nb\/wp-json\/wp\/v2\/media\/703"}],"wp:attachment":[{"href":"https:\/\/www.transtoyou.com\/nb\/wp-json\/wp\/v2\/media?parent=701"}],"wp:term":[{"taxonomy":"product_brand","embeddable":true,"href":"https:\/\/www.transtoyou.com\/nb\/wp-json\/wp\/v2\/product_brand?post=701"},{"taxonomy":"product_cat","embeddable":true,"href":"https:\/\/www.transtoyou.com\/nb\/wp-json\/wp\/v2\/product_cat?post=701"},{"taxonomy":"product_tag","embeddable":true,"href":"https:\/\/www.transtoyou.com\/nb\/wp-json\/wp\/v2\/product_tag?post=701"},{"taxonomy":"expert","embeddable":true,"href":"https:\/\/www.transtoyou.com\/nb\/wp-json\/wp\/v2\/expert?post=701"}],"curies":[{"name":"wp","href":"https:\/\/api.w.org\/{rel}","templated":true}]}}