{"id":707,"date":"2026-01-22T21:21:13","date_gmt":"2026-01-22T19:21:13","guid":{"rendered":"https:\/\/www.transtoyou.com\/nb\/product\/valtrex\/"},"modified":"2026-01-22T21:22:14","modified_gmt":"2026-01-22T19:22:14","slug":"valtrex","status":"publish","type":"product","link":"https:\/\/www.transtoyou.com\/nb\/product\/valtrex\/","title":{"rendered":"Valtrex"},"content":{"rendered":"<p>Valtrex er en antiviral medisin (virusbekjempende medisin) som brukes til \u00e5 behandle infeksjoner for\u00e5rsaket av herpesvirus. Det er et prodrug av aciklovir, noe som betyr at kroppen din omdanner det til sin aktive form (aciklovir) etter inntak. Aciklovir virker ved \u00e5 stoppe viruset fra \u00e5 replikere sitt DNA (genetisk materiale), noe som hindrer det i \u00e5 formere seg og spre seg (blokkerer viral replikasjon).<\/p>\n<p>Valtrex foreskrives hovedsakelig for infeksjoner for\u00e5rsaket av herpesvirus, inkludert munns\u00e5r (oral herpes), genital herpes, helvetesild (herpes zoster), \u00f8yeinfeksjoner p\u00e5 grunn av herpes, og for \u00e5 forhindre cytomegalovirus (CMV) infeksjoner hos personer som har hatt en organtransplantasjon. Det brukes ogs\u00e5 p\u00e5 lang sikt for \u00e5 redusere hyppigheten av utbrudd.<\/p>\n<p>Valtrex p\u00e5virker kroppen ved \u00e5 kontrollere viruset under aktive utbrudd og ved \u00e5 redusere risikoen for fremtidige tilbakefall. Det fungerer godt n\u00e5r det startes tidlig i symptomforl\u00f8pet, ofte innen de f\u00f8rste 1\u20131,5 timene. Fordi det kun retter seg mot virusinfiserte celler, blir friske celler vanligvis spart, noe som resulterer i f\u00e6rre bivirkninger.<\/p>\n<p>De viktigste fordelene med Valtrex er rask virkning, enkel bruk (oral tablett), f\u00e6rre daglige doser sammenlignet med eldre antivirale midler, og sterk dokumentasjon p\u00e5 effektivitet. Det reduserer smerte og helsetid under utbrudd og kan ogs\u00e5 redusere sjansene for \u00e5 overf\u00f8re viruset til andre n\u00e5r det brukes daglig.<\/p>\n<p>Valtrex kurerer ikke herpes, men hjelper til med \u00e5 h\u00e5ndtere det effektivt og gj\u00f8r det lettere \u00e5 leve med tilstanden.<\/p>\n","protected":false},"excerpt":{"rendered":"<ul>\n<li>Antiviral mot herpesvirus<\/li>\n<li>Hjelper med \u00e5 redusere utbrudd og symptomer<\/li>\n<li>Engang-daglig alternativ for forebygging<\/li>\n<\/ul>\n","protected":false},"featured_media":709,"comment_status":"open","ping_status":"closed","template":"","meta":[],"product_brand":[],"product_cat":[93,135,163],"product_tag":[],"expert":[17],"class_list":{"0":"post-707","1":"product","2":"type-product","3":"status-publish","4":"has-post-thumbnail","6":"product_cat-forkjolelsessar","7":"product_cat-herpes","8":"product_cat-takshingel","9":"expert-dr-c-munoz-parada","11":"first","12":"instock","13":"shipping-taxable","14":"product-type-variable"},"yoast_head":"<!-- This site is optimized with the Yoast SEO plugin v27.0 - https:\/\/yoast.com\/product\/yoast-seo-wordpress\/ -->\n<title>Valtrex | Effektiv antiviral st\u00f8tte - Transtoyou<\/title>\n<meta name=\"description\" content=\"Valtrex tilgjengelig p\u00e5 Transtoyou, som tilbyr p\u00e5litelig antiviral st\u00f8tte. Utforsk fordelene for \u00e5 h\u00e5ndtere herpes symptomer. Kj\u00f8p n\u00e5 for effektiv behandling.\" \/>\n<meta name=\"robots\" content=\"noindex, follow, max-snippet:-1, max-image-preview:large, max-video-preview:-1\" \/>\n<meta property=\"og:locale\" content=\"nb_NO\" \/>\n<meta property=\"og:type\" content=\"article\" \/>\n<meta property=\"og:title\" content=\"Valtrex | Effektiv antiviral st\u00f8tte - Transtoyou\" \/>\n<meta property=\"og:description\" content=\"Valtrex tilgjengelig p\u00e5 Transtoyou, som tilbyr p\u00e5litelig antiviral st\u00f8tte. Utforsk fordelene for \u00e5 h\u00e5ndtere herpes symptomer. Kj\u00f8p n\u00e5 for effektiv behandling.\" \/>\n<meta property=\"og:url\" content=\"https:\/\/www.transtoyou.com\/nb\/product\/valtrex\/\" \/>\n<meta property=\"og:site_name\" content=\"Transtoyou - NB\" \/>\n<meta property=\"article:modified_time\" content=\"2026-01-22T19:22:14+00:00\" \/>\n<meta name=\"twitter:card\" content=\"summary_large_image\" \/>\n<meta name=\"twitter:label1\" content=\"Ansl. lesetid\" \/>\n\t<meta name=\"twitter:data1\" content=\"1 minutt\" \/>\n<script type=\"application\/ld+json\" class=\"yoast-schema-graph\">{\"@context\":\"https:\/\/schema.org\",\"@graph\":[{\"@type\":\"WebPage\",\"@id\":\"https:\/\/www.transtoyou.com\/nb\/product\/valtrex\/\",\"url\":\"https:\/\/www.transtoyou.com\/nb\/product\/valtrex\/\",\"name\":\"Valtrex | Effektiv antiviral st\u00f8tte - Transtoyou\",\"isPartOf\":{\"@id\":\"https:\/\/www.transtoyou.com\/nb\/#website\"},\"primaryImageOfPage\":{\"@id\":\"https:\/\/www.transtoyou.com\/nb\/product\/valtrex\/#primaryimage\"},\"image\":{\"@id\":\"https:\/\/www.transtoyou.com\/nb\/product\/valtrex\/#primaryimage\"},\"thumbnailUrl\":\"https:\/\/www.transtoyou.com\/nb\/wp-content\/uploads\/sites\/10\/2026\/01\/tty-no-product-image-26.webp\",\"datePublished\":\"2026-01-22T19:21:13+00:00\",\"dateModified\":\"2026-01-22T19:22:14+00:00\",\"description\":\"Valtrex tilgjengelig p\u00e5 Transtoyou, som tilbyr p\u00e5litelig antiviral st\u00f8tte. Utforsk fordelene for \u00e5 h\u00e5ndtere herpes symptomer. Kj\u00f8p n\u00e5 for effektiv behandling.\",\"breadcrumb\":{\"@id\":\"https:\/\/www.transtoyou.com\/nb\/product\/valtrex\/#breadcrumb\"},\"inLanguage\":\"nb-NO\",\"potentialAction\":[{\"@type\":\"ReadAction\",\"target\":[\"https:\/\/www.transtoyou.com\/nb\/product\/valtrex\/\"]}]},{\"@type\":\"ImageObject\",\"inLanguage\":\"nb-NO\",\"@id\":\"https:\/\/www.transtoyou.com\/nb\/product\/valtrex\/#primaryimage\",\"url\":\"https:\/\/www.transtoyou.com\/nb\/wp-content\/uploads\/sites\/10\/2026\/01\/tty-no-product-image-26.webp\",\"contentUrl\":\"https:\/\/www.transtoyou.com\/nb\/wp-content\/uploads\/sites\/10\/2026\/01\/tty-no-product-image-26.webp\",\"width\":1000,\"height\":1000,\"caption\":\"Standard produktbilde\"},{\"@type\":\"WebSite\",\"@id\":\"https:\/\/www.transtoyou.com\/nb\/#website\",\"url\":\"https:\/\/www.transtoyou.com\/nb\/\",\"name\":\"Transtoyou - NB\",\"description\":\"\",\"publisher\":{\"@id\":\"https:\/\/www.transtoyou.com\/nb\/#organization\"},\"potentialAction\":[{\"@type\":\"SearchAction\",\"target\":{\"@type\":\"EntryPoint\",\"urlTemplate\":\"https:\/\/www.transtoyou.com\/nb\/?s={search_term_string}\"},\"query-input\":{\"@type\":\"PropertyValueSpecification\",\"valueRequired\":true,\"valueName\":\"search_term_string\"}}],\"inLanguage\":\"nb-NO\"},{\"@type\":\"Organization\",\"@id\":\"https:\/\/www.transtoyou.com\/nb\/#organization\",\"name\":\"Transtoyou - NB\",\"url\":\"https:\/\/www.transtoyou.com\/nb\/\",\"logo\":{\"@type\":\"ImageObject\",\"inLanguage\":\"nb-NO\",\"@id\":\"https:\/\/www.transtoyou.com\/nb\/#\/schema\/logo\/image\/\",\"url\":\"https:\/\/www.transtoyou.com\/nb\/wp-content\/uploads\/sites\/10\/2026\/01\/logo-tty-menu-bar-300x87-1.webp\",\"contentUrl\":\"https:\/\/www.transtoyou.com\/nb\/wp-content\/uploads\/sites\/10\/2026\/01\/logo-tty-menu-bar-300x87-1.webp\",\"width\":300,\"height\":87,\"caption\":\"Transtoyou - NB\"},\"image\":{\"@id\":\"https:\/\/www.transtoyou.com\/nb\/#\/schema\/logo\/image\/\"}}]}<\/script>\n<!-- \/ Yoast SEO plugin. -->","yoast_head_json":{"title":"Valtrex | Effektiv antiviral st\u00f8tte - Transtoyou","description":"Valtrex tilgjengelig p\u00e5 Transtoyou, som tilbyr p\u00e5litelig antiviral st\u00f8tte. Utforsk fordelene for \u00e5 h\u00e5ndtere herpes symptomer. Kj\u00f8p n\u00e5 for effektiv behandling.","robots":{"index":"noindex","follow":"follow","max-snippet":"max-snippet:-1","max-image-preview":"max-image-preview:large","max-video-preview":"max-video-preview:-1"},"og_locale":"nb_NO","og_type":"article","og_title":"Valtrex | Effektiv antiviral st\u00f8tte - Transtoyou","og_description":"Valtrex tilgjengelig p\u00e5 Transtoyou, som tilbyr p\u00e5litelig antiviral st\u00f8tte. Utforsk fordelene for \u00e5 h\u00e5ndtere herpes symptomer. Kj\u00f8p n\u00e5 for effektiv behandling.","og_url":"https:\/\/www.transtoyou.com\/nb\/product\/valtrex\/","og_site_name":"Transtoyou - NB","article_modified_time":"2026-01-22T19:22:14+00:00","twitter_card":"summary_large_image","twitter_misc":{"Ansl. lesetid":"1 minutt"},"schema":{"@context":"https:\/\/schema.org","@graph":[{"@type":"WebPage","@id":"https:\/\/www.transtoyou.com\/nb\/product\/valtrex\/","url":"https:\/\/www.transtoyou.com\/nb\/product\/valtrex\/","name":"Valtrex | Effektiv antiviral st\u00f8tte - Transtoyou","isPartOf":{"@id":"https:\/\/www.transtoyou.com\/nb\/#website"},"primaryImageOfPage":{"@id":"https:\/\/www.transtoyou.com\/nb\/product\/valtrex\/#primaryimage"},"image":{"@id":"https:\/\/www.transtoyou.com\/nb\/product\/valtrex\/#primaryimage"},"thumbnailUrl":"https:\/\/www.transtoyou.com\/nb\/wp-content\/uploads\/sites\/10\/2026\/01\/tty-no-product-image-26.webp","datePublished":"2026-01-22T19:21:13+00:00","dateModified":"2026-01-22T19:22:14+00:00","description":"Valtrex tilgjengelig p\u00e5 Transtoyou, som tilbyr p\u00e5litelig antiviral st\u00f8tte. Utforsk fordelene for \u00e5 h\u00e5ndtere herpes symptomer. Kj\u00f8p n\u00e5 for effektiv behandling.","breadcrumb":{"@id":"https:\/\/www.transtoyou.com\/nb\/product\/valtrex\/#breadcrumb"},"inLanguage":"nb-NO","potentialAction":[{"@type":"ReadAction","target":["https:\/\/www.transtoyou.com\/nb\/product\/valtrex\/"]}]},{"@type":"ImageObject","inLanguage":"nb-NO","@id":"https:\/\/www.transtoyou.com\/nb\/product\/valtrex\/#primaryimage","url":"https:\/\/www.transtoyou.com\/nb\/wp-content\/uploads\/sites\/10\/2026\/01\/tty-no-product-image-26.webp","contentUrl":"https:\/\/www.transtoyou.com\/nb\/wp-content\/uploads\/sites\/10\/2026\/01\/tty-no-product-image-26.webp","width":1000,"height":1000,"caption":"Standard produktbilde"},{"@type":"WebSite","@id":"https:\/\/www.transtoyou.com\/nb\/#website","url":"https:\/\/www.transtoyou.com\/nb\/","name":"Transtoyou - NB","description":"","publisher":{"@id":"https:\/\/www.transtoyou.com\/nb\/#organization"},"potentialAction":[{"@type":"SearchAction","target":{"@type":"EntryPoint","urlTemplate":"https:\/\/www.transtoyou.com\/nb\/?s={search_term_string}"},"query-input":{"@type":"PropertyValueSpecification","valueRequired":true,"valueName":"search_term_string"}}],"inLanguage":"nb-NO"},{"@type":"Organization","@id":"https:\/\/www.transtoyou.com\/nb\/#organization","name":"Transtoyou - NB","url":"https:\/\/www.transtoyou.com\/nb\/","logo":{"@type":"ImageObject","inLanguage":"nb-NO","@id":"https:\/\/www.transtoyou.com\/nb\/#\/schema\/logo\/image\/","url":"https:\/\/www.transtoyou.com\/nb\/wp-content\/uploads\/sites\/10\/2026\/01\/logo-tty-menu-bar-300x87-1.webp","contentUrl":"https:\/\/www.transtoyou.com\/nb\/wp-content\/uploads\/sites\/10\/2026\/01\/logo-tty-menu-bar-300x87-1.webp","width":300,"height":87,"caption":"Transtoyou - NB"},"image":{"@id":"https:\/\/www.transtoyou.com\/nb\/#\/schema\/logo\/image\/"}}]}},"_links":{"self":[{"href":"https:\/\/www.transtoyou.com\/nb\/wp-json\/wp\/v2\/product\/707","targetHints":{"allow":["GET"]}}],"collection":[{"href":"https:\/\/www.transtoyou.com\/nb\/wp-json\/wp\/v2\/product"}],"about":[{"href":"https:\/\/www.transtoyou.com\/nb\/wp-json\/wp\/v2\/types\/product"}],"replies":[{"embeddable":true,"href":"https:\/\/www.transtoyou.com\/nb\/wp-json\/wp\/v2\/comments?post=707"}],"wp:featuredmedia":[{"embeddable":true,"href":"https:\/\/www.transtoyou.com\/nb\/wp-json\/wp\/v2\/media\/709"}],"wp:attachment":[{"href":"https:\/\/www.transtoyou.com\/nb\/wp-json\/wp\/v2\/media?parent=707"}],"wp:term":[{"taxonomy":"product_brand","embeddable":true,"href":"https:\/\/www.transtoyou.com\/nb\/wp-json\/wp\/v2\/product_brand?post=707"},{"taxonomy":"product_cat","embeddable":true,"href":"https:\/\/www.transtoyou.com\/nb\/wp-json\/wp\/v2\/product_cat?post=707"},{"taxonomy":"product_tag","embeddable":true,"href":"https:\/\/www.transtoyou.com\/nb\/wp-json\/wp\/v2\/product_tag?post=707"},{"taxonomy":"expert","embeddable":true,"href":"https:\/\/www.transtoyou.com\/nb\/wp-json\/wp\/v2\/expert?post=707"}],"curies":[{"name":"wp","href":"https:\/\/api.w.org\/{rel}","templated":true}]}}