{"id":710,"date":"2026-01-22T21:35:31","date_gmt":"2026-01-22T19:35:31","guid":{"rendered":"https:\/\/www.transtoyou.com\/nb\/product\/valaciclovir\/"},"modified":"2026-03-06T16:53:53","modified_gmt":"2026-03-06T14:53:53","slug":"valaciclovir","status":"publish","type":"product","link":"https:\/\/www.transtoyou.com\/nb\/product\/valaciclovir\/","title":{"rendered":"Valaciclovir"},"content":{"rendered":"<p>Valaciclovir er et antiviralt medikament (virusbekjempende medisin) som brukes til \u00e5 behandle infeksjoner for\u00e5rsaket av herpesvirus. Det er et prodrug av aciklovir, noe som betyr at kroppen din omdanner det til sin aktive form (aciklovir) etter inntak. Aciklovir virker ved \u00e5 forstyrre virusets evne til \u00e5 kopiere sitt DNA (blokkerer viral reproduksjon), og stopper det effektivt fra \u00e5 formere seg og spre seg.<\/p>\n<p>Valaciclovir brukes prim\u00e6rt til \u00e5 behandle og forebygge herpes simplex-infeksjoner, inkludert forkj\u00f8lelsess\u00e5r og genital herpes, helvetesild (herpes zoster) eller \u00f8yeinfeksjoner for\u00e5rsaket av herpes. Det er spesielt nyttig for \u00e5 redusere smerte, varighet og tilbakefall av symptomer.<\/p>\n<p>Denne medisinen bidrar til \u00e5 redusere alvorlighetsgraden av utbrudd og kan forkorte helbredelsestiden. N\u00e5r den brukes som en forebyggende behandling, reduserer den antallet tilbakefall og kan gj\u00f8re utbrudd mindre alvorlige. Den begynner \u00e5 virke raskt (innen 1\u20131,5 timer etter inntak), og fordi den tas oralt, er den praktisk og enkel \u00e5 bruke. Mange mennesker drar nytte av dens langvarige effekt med relativt f\u00e5 bivirkninger.<\/p>\n<p>Valaciclovir kurerer ikke herpes, men det gj\u00f8r det lettere \u00e5 leve med viruset ved \u00e5 begrense dets innvirkning p\u00e5 hverdagen.<\/p>\n","protected":false},"excerpt":{"rendered":"<ul>\n<li>Antiviralt mot herpesvirus<\/li>\n<li>Hjelper med \u00e5 redusere utbrudd og symptomer<\/li>\n<li>Engang-daglig alternativ for forebygging<\/li>\n<\/ul>\n","protected":false},"featured_media":712,"comment_status":"open","ping_status":"closed","template":"","meta":[],"product_brand":[],"product_cat":[93,135,163],"product_tag":[],"expert":[17],"class_list":{"0":"post-710","1":"product","2":"type-product","3":"status-publish","4":"has-post-thumbnail","6":"product_cat-forkjolelsessar","7":"product_cat-herpes","8":"product_cat-takshingel","9":"expert-dr-c-munoz-parada","11":"first","12":"instock","13":"shipping-taxable","14":"product-type-variable"},"yoast_head":"<!-- This site is optimized with the Yoast SEO plugin v27.0 - https:\/\/yoast.com\/product\/yoast-seo-wordpress\/ -->\n<title>Valaciclovir | Bekjemp herpes og helvetesild raskt - Transtoyou<\/title>\n<meta name=\"description\" content=\"Valaciclovir, en effektiv antiviral for behandling av herpes, reduserer symptomer og tilbakefall. Oppdag fordelene hos Transtoyou i dag.\" \/>\n<meta name=\"robots\" content=\"noindex, follow, max-snippet:-1, max-image-preview:large, max-video-preview:-1\" \/>\n<meta property=\"og:locale\" content=\"nb_NO\" \/>\n<meta property=\"og:type\" content=\"article\" \/>\n<meta property=\"og:title\" content=\"Valaciclovir | Bekjemp herpes og helvetesild raskt - Transtoyou\" \/>\n<meta property=\"og:description\" content=\"Valaciclovir, en effektiv antiviral for behandling av herpes, reduserer symptomer og tilbakefall. Oppdag fordelene hos Transtoyou i dag.\" \/>\n<meta property=\"og:url\" content=\"https:\/\/www.transtoyou.com\/nb\/product\/valaciclovir\/\" \/>\n<meta property=\"og:site_name\" content=\"Transtoyou - NB\" \/>\n<meta property=\"article:modified_time\" content=\"2026-03-06T14:53:53+00:00\" \/>\n<meta name=\"twitter:card\" content=\"summary_large_image\" \/>\n<meta name=\"twitter:label1\" content=\"Ansl. lesetid\" \/>\n\t<meta name=\"twitter:data1\" content=\"1 minutt\" \/>\n<script type=\"application\/ld+json\" class=\"yoast-schema-graph\">{\"@context\":\"https:\/\/schema.org\",\"@graph\":[{\"@type\":\"WebPage\",\"@id\":\"https:\/\/www.transtoyou.com\/nb\/product\/valaciclovir\/\",\"url\":\"https:\/\/www.transtoyou.com\/nb\/product\/valaciclovir\/\",\"name\":\"Valaciclovir | Bekjemp herpes og helvetesild raskt - Transtoyou\",\"isPartOf\":{\"@id\":\"https:\/\/www.transtoyou.com\/nb\/#website\"},\"primaryImageOfPage\":{\"@id\":\"https:\/\/www.transtoyou.com\/nb\/product\/valaciclovir\/#primaryimage\"},\"image\":{\"@id\":\"https:\/\/www.transtoyou.com\/nb\/product\/valaciclovir\/#primaryimage\"},\"thumbnailUrl\":\"https:\/\/www.transtoyou.com\/nb\/wp-content\/uploads\/sites\/10\/2026\/01\/tty-no-product-image-27.webp\",\"datePublished\":\"2026-01-22T19:35:31+00:00\",\"dateModified\":\"2026-03-06T14:53:53+00:00\",\"description\":\"Valaciclovir, en effektiv antiviral for behandling av herpes, reduserer symptomer og tilbakefall. Oppdag fordelene hos Transtoyou i dag.\",\"breadcrumb\":{\"@id\":\"https:\/\/www.transtoyou.com\/nb\/product\/valaciclovir\/#breadcrumb\"},\"inLanguage\":\"nb-NO\",\"potentialAction\":[{\"@type\":\"ReadAction\",\"target\":[\"https:\/\/www.transtoyou.com\/nb\/product\/valaciclovir\/\"]}]},{\"@type\":\"ImageObject\",\"inLanguage\":\"nb-NO\",\"@id\":\"https:\/\/www.transtoyou.com\/nb\/product\/valaciclovir\/#primaryimage\",\"url\":\"https:\/\/www.transtoyou.com\/nb\/wp-content\/uploads\/sites\/10\/2026\/01\/tty-no-product-image-27.webp\",\"contentUrl\":\"https:\/\/www.transtoyou.com\/nb\/wp-content\/uploads\/sites\/10\/2026\/01\/tty-no-product-image-27.webp\",\"width\":1000,\"height\":1000,\"caption\":\"Standard produktbilde\"},{\"@type\":\"WebSite\",\"@id\":\"https:\/\/www.transtoyou.com\/nb\/#website\",\"url\":\"https:\/\/www.transtoyou.com\/nb\/\",\"name\":\"Transtoyou - NB\",\"description\":\"\",\"publisher\":{\"@id\":\"https:\/\/www.transtoyou.com\/nb\/#organization\"},\"potentialAction\":[{\"@type\":\"SearchAction\",\"target\":{\"@type\":\"EntryPoint\",\"urlTemplate\":\"https:\/\/www.transtoyou.com\/nb\/?s={search_term_string}\"},\"query-input\":{\"@type\":\"PropertyValueSpecification\",\"valueRequired\":true,\"valueName\":\"search_term_string\"}}],\"inLanguage\":\"nb-NO\"},{\"@type\":\"Organization\",\"@id\":\"https:\/\/www.transtoyou.com\/nb\/#organization\",\"name\":\"Transtoyou - NB\",\"url\":\"https:\/\/www.transtoyou.com\/nb\/\",\"logo\":{\"@type\":\"ImageObject\",\"inLanguage\":\"nb-NO\",\"@id\":\"https:\/\/www.transtoyou.com\/nb\/#\/schema\/logo\/image\/\",\"url\":\"https:\/\/www.transtoyou.com\/nb\/wp-content\/uploads\/sites\/10\/2026\/01\/logo-tty-menu-bar-300x87-1.webp\",\"contentUrl\":\"https:\/\/www.transtoyou.com\/nb\/wp-content\/uploads\/sites\/10\/2026\/01\/logo-tty-menu-bar-300x87-1.webp\",\"width\":300,\"height\":87,\"caption\":\"Transtoyou - NB\"},\"image\":{\"@id\":\"https:\/\/www.transtoyou.com\/nb\/#\/schema\/logo\/image\/\"}}]}<\/script>\n<!-- \/ Yoast SEO plugin. -->","yoast_head_json":{"title":"Valaciclovir | Bekjemp herpes og helvetesild raskt - Transtoyou","description":"Valaciclovir, en effektiv antiviral for behandling av herpes, reduserer symptomer og tilbakefall. Oppdag fordelene hos Transtoyou i dag.","robots":{"index":"noindex","follow":"follow","max-snippet":"max-snippet:-1","max-image-preview":"max-image-preview:large","max-video-preview":"max-video-preview:-1"},"og_locale":"nb_NO","og_type":"article","og_title":"Valaciclovir | Bekjemp herpes og helvetesild raskt - Transtoyou","og_description":"Valaciclovir, en effektiv antiviral for behandling av herpes, reduserer symptomer og tilbakefall. Oppdag fordelene hos Transtoyou i dag.","og_url":"https:\/\/www.transtoyou.com\/nb\/product\/valaciclovir\/","og_site_name":"Transtoyou - NB","article_modified_time":"2026-03-06T14:53:53+00:00","twitter_card":"summary_large_image","twitter_misc":{"Ansl. lesetid":"1 minutt"},"schema":{"@context":"https:\/\/schema.org","@graph":[{"@type":"WebPage","@id":"https:\/\/www.transtoyou.com\/nb\/product\/valaciclovir\/","url":"https:\/\/www.transtoyou.com\/nb\/product\/valaciclovir\/","name":"Valaciclovir | Bekjemp herpes og helvetesild raskt - Transtoyou","isPartOf":{"@id":"https:\/\/www.transtoyou.com\/nb\/#website"},"primaryImageOfPage":{"@id":"https:\/\/www.transtoyou.com\/nb\/product\/valaciclovir\/#primaryimage"},"image":{"@id":"https:\/\/www.transtoyou.com\/nb\/product\/valaciclovir\/#primaryimage"},"thumbnailUrl":"https:\/\/www.transtoyou.com\/nb\/wp-content\/uploads\/sites\/10\/2026\/01\/tty-no-product-image-27.webp","datePublished":"2026-01-22T19:35:31+00:00","dateModified":"2026-03-06T14:53:53+00:00","description":"Valaciclovir, en effektiv antiviral for behandling av herpes, reduserer symptomer og tilbakefall. Oppdag fordelene hos Transtoyou i dag.","breadcrumb":{"@id":"https:\/\/www.transtoyou.com\/nb\/product\/valaciclovir\/#breadcrumb"},"inLanguage":"nb-NO","potentialAction":[{"@type":"ReadAction","target":["https:\/\/www.transtoyou.com\/nb\/product\/valaciclovir\/"]}]},{"@type":"ImageObject","inLanguage":"nb-NO","@id":"https:\/\/www.transtoyou.com\/nb\/product\/valaciclovir\/#primaryimage","url":"https:\/\/www.transtoyou.com\/nb\/wp-content\/uploads\/sites\/10\/2026\/01\/tty-no-product-image-27.webp","contentUrl":"https:\/\/www.transtoyou.com\/nb\/wp-content\/uploads\/sites\/10\/2026\/01\/tty-no-product-image-27.webp","width":1000,"height":1000,"caption":"Standard produktbilde"},{"@type":"WebSite","@id":"https:\/\/www.transtoyou.com\/nb\/#website","url":"https:\/\/www.transtoyou.com\/nb\/","name":"Transtoyou - NB","description":"","publisher":{"@id":"https:\/\/www.transtoyou.com\/nb\/#organization"},"potentialAction":[{"@type":"SearchAction","target":{"@type":"EntryPoint","urlTemplate":"https:\/\/www.transtoyou.com\/nb\/?s={search_term_string}"},"query-input":{"@type":"PropertyValueSpecification","valueRequired":true,"valueName":"search_term_string"}}],"inLanguage":"nb-NO"},{"@type":"Organization","@id":"https:\/\/www.transtoyou.com\/nb\/#organization","name":"Transtoyou - NB","url":"https:\/\/www.transtoyou.com\/nb\/","logo":{"@type":"ImageObject","inLanguage":"nb-NO","@id":"https:\/\/www.transtoyou.com\/nb\/#\/schema\/logo\/image\/","url":"https:\/\/www.transtoyou.com\/nb\/wp-content\/uploads\/sites\/10\/2026\/01\/logo-tty-menu-bar-300x87-1.webp","contentUrl":"https:\/\/www.transtoyou.com\/nb\/wp-content\/uploads\/sites\/10\/2026\/01\/logo-tty-menu-bar-300x87-1.webp","width":300,"height":87,"caption":"Transtoyou - NB"},"image":{"@id":"https:\/\/www.transtoyou.com\/nb\/#\/schema\/logo\/image\/"}}]}},"_links":{"self":[{"href":"https:\/\/www.transtoyou.com\/nb\/wp-json\/wp\/v2\/product\/710","targetHints":{"allow":["GET"]}}],"collection":[{"href":"https:\/\/www.transtoyou.com\/nb\/wp-json\/wp\/v2\/product"}],"about":[{"href":"https:\/\/www.transtoyou.com\/nb\/wp-json\/wp\/v2\/types\/product"}],"replies":[{"embeddable":true,"href":"https:\/\/www.transtoyou.com\/nb\/wp-json\/wp\/v2\/comments?post=710"}],"wp:featuredmedia":[{"embeddable":true,"href":"https:\/\/www.transtoyou.com\/nb\/wp-json\/wp\/v2\/media\/712"}],"wp:attachment":[{"href":"https:\/\/www.transtoyou.com\/nb\/wp-json\/wp\/v2\/media?parent=710"}],"wp:term":[{"taxonomy":"product_brand","embeddable":true,"href":"https:\/\/www.transtoyou.com\/nb\/wp-json\/wp\/v2\/product_brand?post=710"},{"taxonomy":"product_cat","embeddable":true,"href":"https:\/\/www.transtoyou.com\/nb\/wp-json\/wp\/v2\/product_cat?post=710"},{"taxonomy":"product_tag","embeddable":true,"href":"https:\/\/www.transtoyou.com\/nb\/wp-json\/wp\/v2\/product_tag?post=710"},{"taxonomy":"expert","embeddable":true,"href":"https:\/\/www.transtoyou.com\/nb\/wp-json\/wp\/v2\/expert?post=710"}],"curies":[{"name":"wp","href":"https:\/\/api.w.org\/{rel}","templated":true}]}}