{"id":713,"date":"2026-01-22T21:49:02","date_gmt":"2026-01-22T19:49:02","guid":{"rendered":"https:\/\/www.transtoyou.com\/nb\/product\/xyloproct\/"},"modified":"2026-03-08T12:55:05","modified_gmt":"2026-03-08T10:55:05","slug":"xyloproct","status":"publish","type":"product","link":"https:\/\/www.transtoyou.com\/nb\/product\/xyloproct\/","title":{"rendered":"Xyloproct"},"content":{"rendered":"<p>Xyloproct er en lokal behandling designet for \u00e5 lindre symptomer for\u00e5rsaket av hemoroider og andre anal- eller rektale tilstander. Den kombinerer lidokain (et lokalbed\u00f8vende middel) og hydrokortison (et betennelsesdempende steroid). Disse ingrediensene jobber sammen for \u00e5 gi rask lindring fra smerte, kl\u00f8e, hevelse og irritasjon (beroliger betennelse og ubehag).<\/p>\n<p>Lidokain bed\u00f8ver omr\u00e5det (lindrer smerte og kl\u00f8e ved \u00e5 blokkere nervesignaler), mens hydrokortison reduserer r\u00f8dhet, hevelse og kl\u00f8e (betennelsesdempende og kl\u00f8elindrende effekt).<\/p>\n<p>Xyloproct brukes til \u00e5 behandle betennelse og kl\u00f8e assosiert med hemoroider (hevede blod\u00e5rer i rektalomr\u00e5det) og analubehag. Den gir m\u00e5lrettet, hurtigvirkende lindring for symptomer som smerte, hevelse, kl\u00f8e og \u00f8mhet. Formuleringen leveres vanligvis som en myk salve.<\/p>\n<p>De viktigste fordelene med Xyloproct inkluderer rask symptomlindring, kombinert terapeutisk effekt (bed\u00f8vende, betennelsesdempende, antiseptisk og helbredende), og enkel bruk. Det er en omfattende behandling for akutte hemoroidepisoder og tilknyttede rektale ubehag.<\/p>\n","protected":false},"excerpt":{"rendered":"<ul>\n<li>Lindrer hemoroidesymptomer raskt<\/li>\n<li>Kombinerer smertelindring og betennelsesdempende<\/li>\n<li>Brukervennlig rektal applikator<\/li>\n<\/ul>\n","protected":false},"featured_media":715,"comment_status":"open","ping_status":"closed","template":"","meta":[],"product_brand":[],"product_cat":[133],"product_tag":[],"expert":[17],"class_list":{"0":"post-713","1":"product","2":"type-product","3":"status-publish","4":"has-post-thumbnail","6":"product_cat-hemoroider","7":"expert-dr-c-munoz-parada","9":"first","10":"instock","11":"shipping-taxable","12":"product-type-variable"},"yoast_head":"<!-- This site is optimized with the Yoast SEO plugin v27.0 - https:\/\/yoast.com\/product\/yoast-seo-wordpress\/ -->\n<title>Xyloproct | Rask lindring for hemoroider - Transtoyou<\/title>\n<meta name=\"description\" content=\"Xyloproct, tilgjengelig her, gir rask lindring av hemoroidesymptomer med lidokain og hydrokortison. F\u00e5 m\u00e5lrettet komfort i dag!\" \/>\n<meta name=\"robots\" content=\"noindex, follow, max-snippet:-1, max-image-preview:large, max-video-preview:-1\" \/>\n<meta property=\"og:locale\" content=\"nb_NO\" \/>\n<meta property=\"og:type\" content=\"article\" \/>\n<meta property=\"og:title\" content=\"Xyloproct | Rask lindring for hemoroider - Transtoyou\" \/>\n<meta property=\"og:description\" content=\"Xyloproct, tilgjengelig her, gir rask lindring av hemoroidesymptomer med lidokain og hydrokortison. F\u00e5 m\u00e5lrettet komfort i dag!\" \/>\n<meta property=\"og:url\" content=\"https:\/\/www.transtoyou.com\/nb\/product\/xyloproct\/\" \/>\n<meta property=\"og:site_name\" content=\"Transtoyou - NB\" \/>\n<meta property=\"article:modified_time\" content=\"2026-03-08T10:55:05+00:00\" \/>\n<meta name=\"twitter:card\" content=\"summary_large_image\" \/>\n<meta name=\"twitter:label1\" content=\"Ansl. lesetid\" \/>\n\t<meta name=\"twitter:data1\" content=\"1 minutt\" \/>\n<script type=\"application\/ld+json\" class=\"yoast-schema-graph\">{\"@context\":\"https:\/\/schema.org\",\"@graph\":[{\"@type\":\"WebPage\",\"@id\":\"https:\/\/www.transtoyou.com\/nb\/product\/xyloproct\/\",\"url\":\"https:\/\/www.transtoyou.com\/nb\/product\/xyloproct\/\",\"name\":\"Xyloproct | Rask lindring for hemoroider - Transtoyou\",\"isPartOf\":{\"@id\":\"https:\/\/www.transtoyou.com\/nb\/#website\"},\"primaryImageOfPage\":{\"@id\":\"https:\/\/www.transtoyou.com\/nb\/product\/xyloproct\/#primaryimage\"},\"image\":{\"@id\":\"https:\/\/www.transtoyou.com\/nb\/product\/xyloproct\/#primaryimage\"},\"thumbnailUrl\":\"https:\/\/www.transtoyou.com\/nb\/wp-content\/uploads\/sites\/10\/2026\/01\/tty-no-product-image-28.webp\",\"datePublished\":\"2026-01-22T19:49:02+00:00\",\"dateModified\":\"2026-03-08T10:55:05+00:00\",\"description\":\"Xyloproct, tilgjengelig her, gir rask lindring av hemoroidesymptomer med lidokain og hydrokortison. F\u00e5 m\u00e5lrettet komfort i dag!\",\"breadcrumb\":{\"@id\":\"https:\/\/www.transtoyou.com\/nb\/product\/xyloproct\/#breadcrumb\"},\"inLanguage\":\"nb-NO\",\"potentialAction\":[{\"@type\":\"ReadAction\",\"target\":[\"https:\/\/www.transtoyou.com\/nb\/product\/xyloproct\/\"]}]},{\"@type\":\"ImageObject\",\"inLanguage\":\"nb-NO\",\"@id\":\"https:\/\/www.transtoyou.com\/nb\/product\/xyloproct\/#primaryimage\",\"url\":\"https:\/\/www.transtoyou.com\/nb\/wp-content\/uploads\/sites\/10\/2026\/01\/tty-no-product-image-28.webp\",\"contentUrl\":\"https:\/\/www.transtoyou.com\/nb\/wp-content\/uploads\/sites\/10\/2026\/01\/tty-no-product-image-28.webp\",\"width\":1000,\"height\":1000,\"caption\":\"Standard produktbilde\"},{\"@type\":\"WebSite\",\"@id\":\"https:\/\/www.transtoyou.com\/nb\/#website\",\"url\":\"https:\/\/www.transtoyou.com\/nb\/\",\"name\":\"Transtoyou - NB\",\"description\":\"\",\"publisher\":{\"@id\":\"https:\/\/www.transtoyou.com\/nb\/#organization\"},\"potentialAction\":[{\"@type\":\"SearchAction\",\"target\":{\"@type\":\"EntryPoint\",\"urlTemplate\":\"https:\/\/www.transtoyou.com\/nb\/?s={search_term_string}\"},\"query-input\":{\"@type\":\"PropertyValueSpecification\",\"valueRequired\":true,\"valueName\":\"search_term_string\"}}],\"inLanguage\":\"nb-NO\"},{\"@type\":\"Organization\",\"@id\":\"https:\/\/www.transtoyou.com\/nb\/#organization\",\"name\":\"Transtoyou - NB\",\"url\":\"https:\/\/www.transtoyou.com\/nb\/\",\"logo\":{\"@type\":\"ImageObject\",\"inLanguage\":\"nb-NO\",\"@id\":\"https:\/\/www.transtoyou.com\/nb\/#\/schema\/logo\/image\/\",\"url\":\"https:\/\/www.transtoyou.com\/nb\/wp-content\/uploads\/sites\/10\/2026\/01\/logo-tty-menu-bar-300x87-1.webp\",\"contentUrl\":\"https:\/\/www.transtoyou.com\/nb\/wp-content\/uploads\/sites\/10\/2026\/01\/logo-tty-menu-bar-300x87-1.webp\",\"width\":300,\"height\":87,\"caption\":\"Transtoyou - NB\"},\"image\":{\"@id\":\"https:\/\/www.transtoyou.com\/nb\/#\/schema\/logo\/image\/\"}}]}<\/script>\n<!-- \/ Yoast SEO plugin. -->","yoast_head_json":{"title":"Xyloproct | Rask lindring for hemoroider - Transtoyou","description":"Xyloproct, tilgjengelig her, gir rask lindring av hemoroidesymptomer med lidokain og hydrokortison. F\u00e5 m\u00e5lrettet komfort i dag!","robots":{"index":"noindex","follow":"follow","max-snippet":"max-snippet:-1","max-image-preview":"max-image-preview:large","max-video-preview":"max-video-preview:-1"},"og_locale":"nb_NO","og_type":"article","og_title":"Xyloproct | Rask lindring for hemoroider - Transtoyou","og_description":"Xyloproct, tilgjengelig her, gir rask lindring av hemoroidesymptomer med lidokain og hydrokortison. F\u00e5 m\u00e5lrettet komfort i dag!","og_url":"https:\/\/www.transtoyou.com\/nb\/product\/xyloproct\/","og_site_name":"Transtoyou - NB","article_modified_time":"2026-03-08T10:55:05+00:00","twitter_card":"summary_large_image","twitter_misc":{"Ansl. lesetid":"1 minutt"},"schema":{"@context":"https:\/\/schema.org","@graph":[{"@type":"WebPage","@id":"https:\/\/www.transtoyou.com\/nb\/product\/xyloproct\/","url":"https:\/\/www.transtoyou.com\/nb\/product\/xyloproct\/","name":"Xyloproct | Rask lindring for hemoroider - Transtoyou","isPartOf":{"@id":"https:\/\/www.transtoyou.com\/nb\/#website"},"primaryImageOfPage":{"@id":"https:\/\/www.transtoyou.com\/nb\/product\/xyloproct\/#primaryimage"},"image":{"@id":"https:\/\/www.transtoyou.com\/nb\/product\/xyloproct\/#primaryimage"},"thumbnailUrl":"https:\/\/www.transtoyou.com\/nb\/wp-content\/uploads\/sites\/10\/2026\/01\/tty-no-product-image-28.webp","datePublished":"2026-01-22T19:49:02+00:00","dateModified":"2026-03-08T10:55:05+00:00","description":"Xyloproct, tilgjengelig her, gir rask lindring av hemoroidesymptomer med lidokain og hydrokortison. F\u00e5 m\u00e5lrettet komfort i dag!","breadcrumb":{"@id":"https:\/\/www.transtoyou.com\/nb\/product\/xyloproct\/#breadcrumb"},"inLanguage":"nb-NO","potentialAction":[{"@type":"ReadAction","target":["https:\/\/www.transtoyou.com\/nb\/product\/xyloproct\/"]}]},{"@type":"ImageObject","inLanguage":"nb-NO","@id":"https:\/\/www.transtoyou.com\/nb\/product\/xyloproct\/#primaryimage","url":"https:\/\/www.transtoyou.com\/nb\/wp-content\/uploads\/sites\/10\/2026\/01\/tty-no-product-image-28.webp","contentUrl":"https:\/\/www.transtoyou.com\/nb\/wp-content\/uploads\/sites\/10\/2026\/01\/tty-no-product-image-28.webp","width":1000,"height":1000,"caption":"Standard produktbilde"},{"@type":"WebSite","@id":"https:\/\/www.transtoyou.com\/nb\/#website","url":"https:\/\/www.transtoyou.com\/nb\/","name":"Transtoyou - NB","description":"","publisher":{"@id":"https:\/\/www.transtoyou.com\/nb\/#organization"},"potentialAction":[{"@type":"SearchAction","target":{"@type":"EntryPoint","urlTemplate":"https:\/\/www.transtoyou.com\/nb\/?s={search_term_string}"},"query-input":{"@type":"PropertyValueSpecification","valueRequired":true,"valueName":"search_term_string"}}],"inLanguage":"nb-NO"},{"@type":"Organization","@id":"https:\/\/www.transtoyou.com\/nb\/#organization","name":"Transtoyou - NB","url":"https:\/\/www.transtoyou.com\/nb\/","logo":{"@type":"ImageObject","inLanguage":"nb-NO","@id":"https:\/\/www.transtoyou.com\/nb\/#\/schema\/logo\/image\/","url":"https:\/\/www.transtoyou.com\/nb\/wp-content\/uploads\/sites\/10\/2026\/01\/logo-tty-menu-bar-300x87-1.webp","contentUrl":"https:\/\/www.transtoyou.com\/nb\/wp-content\/uploads\/sites\/10\/2026\/01\/logo-tty-menu-bar-300x87-1.webp","width":300,"height":87,"caption":"Transtoyou - NB"},"image":{"@id":"https:\/\/www.transtoyou.com\/nb\/#\/schema\/logo\/image\/"}}]}},"_links":{"self":[{"href":"https:\/\/www.transtoyou.com\/nb\/wp-json\/wp\/v2\/product\/713","targetHints":{"allow":["GET"]}}],"collection":[{"href":"https:\/\/www.transtoyou.com\/nb\/wp-json\/wp\/v2\/product"}],"about":[{"href":"https:\/\/www.transtoyou.com\/nb\/wp-json\/wp\/v2\/types\/product"}],"replies":[{"embeddable":true,"href":"https:\/\/www.transtoyou.com\/nb\/wp-json\/wp\/v2\/comments?post=713"}],"wp:featuredmedia":[{"embeddable":true,"href":"https:\/\/www.transtoyou.com\/nb\/wp-json\/wp\/v2\/media\/715"}],"wp:attachment":[{"href":"https:\/\/www.transtoyou.com\/nb\/wp-json\/wp\/v2\/media?parent=713"}],"wp:term":[{"taxonomy":"product_brand","embeddable":true,"href":"https:\/\/www.transtoyou.com\/nb\/wp-json\/wp\/v2\/product_brand?post=713"},{"taxonomy":"product_cat","embeddable":true,"href":"https:\/\/www.transtoyou.com\/nb\/wp-json\/wp\/v2\/product_cat?post=713"},{"taxonomy":"product_tag","embeddable":true,"href":"https:\/\/www.transtoyou.com\/nb\/wp-json\/wp\/v2\/product_tag?post=713"},{"taxonomy":"expert","embeddable":true,"href":"https:\/\/www.transtoyou.com\/nb\/wp-json\/wp\/v2\/expert?post=713"}],"curies":[{"name":"wp","href":"https:\/\/api.w.org\/{rel}","templated":true}]}}