{"id":719,"date":"2026-01-22T22:17:45","date_gmt":"2026-01-22T20:17:45","guid":{"rendered":"https:\/\/www.transtoyou.com\/nb\/product\/sildenafil\/"},"modified":"2026-03-05T12:11:02","modified_gmt":"2026-03-05T10:11:02","slug":"sildenafil","status":"publish","type":"product","link":"https:\/\/www.transtoyou.com\/nb\/product\/sildenafil\/","title":{"rendered":"Sildenafil"},"content":{"rendered":"<p>Sildenafil er en behandling for erektil dysfunksjon, en tilstand der en mann har vanskeligheter med \u00e5 oppn\u00e5 eller opprettholde en ereksjon. Den aktive substansen, ogs\u00e5 kalt sildenafil, virker ved \u00e5 forbedre blodstr\u00f8mmen til penis n\u00e5r en mann er seksuelt opphisset. Den \u00f8ker ikke libido, men st\u00f8tter den fysiske responsen p\u00e5 seksuell stimulering.<\/p>\n<p>Opprinnelig utviklet for hjerte-relaterte brystsmerter, ble sildenafil senere funnet \u00e5 v\u00e6re effektivt i behandlingen av ereksjonsvansker. Det brukes ofte under merkenavnet Viagra, selv om generiske versjoner er like effektive. Sildenafil begynner vanligvis \u00e5 virke innen 30 til 60 minutter og kan forbli effektivt i omtrent fire timer, noe som gir en mer avslappet opplevelse.<\/p>\n<p>Den standard anbefalte dosen er 50 mg, tatt etter behov f\u00f8r seksuell aktivitet. Imidlertid kan noen mennesker ha nytte av lavere eller h\u00f8yere doser avhengig av individuell toleranse og respons. Det b\u00f8r ikke tas mer enn \u00e9n gang per dag og b\u00f8r svelges med vann. Et tungt m\u00e5ltid kan forsinke effekten.<\/p>\n<p>Vanlige bivirkninger kan inkludere hodepine, ansiktsr\u00f8dme, nesetetthet og svimmelhet. Mer alvorlige effekter som synsforandringer eller langvarige ereksjoner er sjeldne, men krever medisinsk oppmerksomhet. Sildenafil b\u00f8r ikke brukes sammen med medisiner som inneholder nitrater eller visse blodtrykksmedisiner p\u00e5 grunn av risikoen for alvorlige blodtrykksfall.<\/p>\n","protected":false},"excerpt":{"rendered":"<ul>\n<li>Begynner \u00e5 virke innen 30 til 60 minutter<\/li>\n<li>Effektene varer i opptil 4 timer<\/li>\n<li>Hjelper med \u00e5 st\u00f8tte naturlige ereksjoner<\/li>\n<\/ul>\n","protected":false},"featured_media":721,"comment_status":"open","ping_status":"closed","template":"","meta":[],"product_brand":[],"product_cat":[115],"product_tag":[],"expert":[16],"class_list":{"0":"post-719","1":"product","2":"type-product","3":"status-publish","4":"has-post-thumbnail","6":"product_cat-behandlinger-for-erektil-dysfunksjon","7":"expert-dr-c-alexandru","9":"first","10":"instock","11":"shipping-taxable","12":"purchasable","13":"product-type-variable"},"yoast_head":"<!-- This site is optimized with the Yoast SEO plugin v27.0 - https:\/\/yoast.com\/product\/yoast-seo-wordpress\/ -->\n<title>Sildenafil | Forbedre Ytelsen Diskret - Transtoyou<\/title>\n<meta name=\"description\" content=\"Utforsk Sildenafil p\u00e5 Transtoyou, din p\u00e5litelige kilde for kvalitetshelseprodukter. Oppdag fordelene og handle enkelt. Tilgjengelig n\u00e5.\" \/>\n<meta name=\"robots\" content=\"noindex, follow, max-snippet:-1, max-image-preview:large, max-video-preview:-1\" \/>\n<meta property=\"og:locale\" content=\"nb_NO\" \/>\n<meta property=\"og:type\" content=\"article\" \/>\n<meta property=\"og:title\" content=\"Sildenafil | Forbedre Ytelsen Diskret - Transtoyou\" \/>\n<meta property=\"og:description\" content=\"Utforsk Sildenafil p\u00e5 Transtoyou, din p\u00e5litelige kilde for kvalitetshelseprodukter. Oppdag fordelene og handle enkelt. Tilgjengelig n\u00e5.\" \/>\n<meta property=\"og:url\" content=\"https:\/\/www.transtoyou.com\/nb\/product\/sildenafil\/\" \/>\n<meta property=\"og:site_name\" content=\"Transtoyou - NB\" \/>\n<meta property=\"article:modified_time\" content=\"2026-03-05T10:11:02+00:00\" \/>\n<meta name=\"twitter:card\" content=\"summary_large_image\" \/>\n<meta name=\"twitter:label1\" content=\"Ansl. lesetid\" \/>\n\t<meta name=\"twitter:data1\" content=\"1 minutt\" \/>\n<script type=\"application\/ld+json\" class=\"yoast-schema-graph\">{\"@context\":\"https:\/\/schema.org\",\"@graph\":[{\"@type\":\"WebPage\",\"@id\":\"https:\/\/www.transtoyou.com\/nb\/product\/sildenafil\/\",\"url\":\"https:\/\/www.transtoyou.com\/nb\/product\/sildenafil\/\",\"name\":\"Sildenafil | Forbedre Ytelsen Diskret - Transtoyou\",\"isPartOf\":{\"@id\":\"https:\/\/www.transtoyou.com\/nb\/#website\"},\"primaryImageOfPage\":{\"@id\":\"https:\/\/www.transtoyou.com\/nb\/product\/sildenafil\/#primaryimage\"},\"image\":{\"@id\":\"https:\/\/www.transtoyou.com\/nb\/product\/sildenafil\/#primaryimage\"},\"thumbnailUrl\":\"https:\/\/www.transtoyou.com\/nb\/wp-content\/uploads\/sites\/10\/2026\/01\/tty-no-product-image-30.webp\",\"datePublished\":\"2026-01-22T20:17:45+00:00\",\"dateModified\":\"2026-03-05T10:11:02+00:00\",\"description\":\"Utforsk Sildenafil p\u00e5 Transtoyou, din p\u00e5litelige kilde for kvalitetshelseprodukter. Oppdag fordelene og handle enkelt. Tilgjengelig n\u00e5.\",\"breadcrumb\":{\"@id\":\"https:\/\/www.transtoyou.com\/nb\/product\/sildenafil\/#breadcrumb\"},\"inLanguage\":\"nb-NO\",\"potentialAction\":[{\"@type\":\"ReadAction\",\"target\":[\"https:\/\/www.transtoyou.com\/nb\/product\/sildenafil\/\"]}]},{\"@type\":\"ImageObject\",\"inLanguage\":\"nb-NO\",\"@id\":\"https:\/\/www.transtoyou.com\/nb\/product\/sildenafil\/#primaryimage\",\"url\":\"https:\/\/www.transtoyou.com\/nb\/wp-content\/uploads\/sites\/10\/2026\/01\/tty-no-product-image-30.webp\",\"contentUrl\":\"https:\/\/www.transtoyou.com\/nb\/wp-content\/uploads\/sites\/10\/2026\/01\/tty-no-product-image-30.webp\",\"width\":1000,\"height\":1000,\"caption\":\"Standard produktbilde\"},{\"@type\":\"WebSite\",\"@id\":\"https:\/\/www.transtoyou.com\/nb\/#website\",\"url\":\"https:\/\/www.transtoyou.com\/nb\/\",\"name\":\"Transtoyou - NB\",\"description\":\"\",\"publisher\":{\"@id\":\"https:\/\/www.transtoyou.com\/nb\/#organization\"},\"potentialAction\":[{\"@type\":\"SearchAction\",\"target\":{\"@type\":\"EntryPoint\",\"urlTemplate\":\"https:\/\/www.transtoyou.com\/nb\/?s={search_term_string}\"},\"query-input\":{\"@type\":\"PropertyValueSpecification\",\"valueRequired\":true,\"valueName\":\"search_term_string\"}}],\"inLanguage\":\"nb-NO\"},{\"@type\":\"Organization\",\"@id\":\"https:\/\/www.transtoyou.com\/nb\/#organization\",\"name\":\"Transtoyou - NB\",\"url\":\"https:\/\/www.transtoyou.com\/nb\/\",\"logo\":{\"@type\":\"ImageObject\",\"inLanguage\":\"nb-NO\",\"@id\":\"https:\/\/www.transtoyou.com\/nb\/#\/schema\/logo\/image\/\",\"url\":\"https:\/\/www.transtoyou.com\/nb\/wp-content\/uploads\/sites\/10\/2026\/01\/logo-tty-menu-bar-300x87-1.webp\",\"contentUrl\":\"https:\/\/www.transtoyou.com\/nb\/wp-content\/uploads\/sites\/10\/2026\/01\/logo-tty-menu-bar-300x87-1.webp\",\"width\":300,\"height\":87,\"caption\":\"Transtoyou - NB\"},\"image\":{\"@id\":\"https:\/\/www.transtoyou.com\/nb\/#\/schema\/logo\/image\/\"}}]}<\/script>\n<!-- \/ Yoast SEO plugin. -->","yoast_head_json":{"title":"Sildenafil | Forbedre Ytelsen Diskret - Transtoyou","description":"Utforsk Sildenafil p\u00e5 Transtoyou, din p\u00e5litelige kilde for kvalitetshelseprodukter. Oppdag fordelene og handle enkelt. Tilgjengelig n\u00e5.","robots":{"index":"noindex","follow":"follow","max-snippet":"max-snippet:-1","max-image-preview":"max-image-preview:large","max-video-preview":"max-video-preview:-1"},"og_locale":"nb_NO","og_type":"article","og_title":"Sildenafil | Forbedre Ytelsen Diskret - Transtoyou","og_description":"Utforsk Sildenafil p\u00e5 Transtoyou, din p\u00e5litelige kilde for kvalitetshelseprodukter. Oppdag fordelene og handle enkelt. Tilgjengelig n\u00e5.","og_url":"https:\/\/www.transtoyou.com\/nb\/product\/sildenafil\/","og_site_name":"Transtoyou - NB","article_modified_time":"2026-03-05T10:11:02+00:00","twitter_card":"summary_large_image","twitter_misc":{"Ansl. lesetid":"1 minutt"},"schema":{"@context":"https:\/\/schema.org","@graph":[{"@type":"WebPage","@id":"https:\/\/www.transtoyou.com\/nb\/product\/sildenafil\/","url":"https:\/\/www.transtoyou.com\/nb\/product\/sildenafil\/","name":"Sildenafil | Forbedre Ytelsen Diskret - Transtoyou","isPartOf":{"@id":"https:\/\/www.transtoyou.com\/nb\/#website"},"primaryImageOfPage":{"@id":"https:\/\/www.transtoyou.com\/nb\/product\/sildenafil\/#primaryimage"},"image":{"@id":"https:\/\/www.transtoyou.com\/nb\/product\/sildenafil\/#primaryimage"},"thumbnailUrl":"https:\/\/www.transtoyou.com\/nb\/wp-content\/uploads\/sites\/10\/2026\/01\/tty-no-product-image-30.webp","datePublished":"2026-01-22T20:17:45+00:00","dateModified":"2026-03-05T10:11:02+00:00","description":"Utforsk Sildenafil p\u00e5 Transtoyou, din p\u00e5litelige kilde for kvalitetshelseprodukter. Oppdag fordelene og handle enkelt. Tilgjengelig n\u00e5.","breadcrumb":{"@id":"https:\/\/www.transtoyou.com\/nb\/product\/sildenafil\/#breadcrumb"},"inLanguage":"nb-NO","potentialAction":[{"@type":"ReadAction","target":["https:\/\/www.transtoyou.com\/nb\/product\/sildenafil\/"]}]},{"@type":"ImageObject","inLanguage":"nb-NO","@id":"https:\/\/www.transtoyou.com\/nb\/product\/sildenafil\/#primaryimage","url":"https:\/\/www.transtoyou.com\/nb\/wp-content\/uploads\/sites\/10\/2026\/01\/tty-no-product-image-30.webp","contentUrl":"https:\/\/www.transtoyou.com\/nb\/wp-content\/uploads\/sites\/10\/2026\/01\/tty-no-product-image-30.webp","width":1000,"height":1000,"caption":"Standard produktbilde"},{"@type":"WebSite","@id":"https:\/\/www.transtoyou.com\/nb\/#website","url":"https:\/\/www.transtoyou.com\/nb\/","name":"Transtoyou - NB","description":"","publisher":{"@id":"https:\/\/www.transtoyou.com\/nb\/#organization"},"potentialAction":[{"@type":"SearchAction","target":{"@type":"EntryPoint","urlTemplate":"https:\/\/www.transtoyou.com\/nb\/?s={search_term_string}"},"query-input":{"@type":"PropertyValueSpecification","valueRequired":true,"valueName":"search_term_string"}}],"inLanguage":"nb-NO"},{"@type":"Organization","@id":"https:\/\/www.transtoyou.com\/nb\/#organization","name":"Transtoyou - NB","url":"https:\/\/www.transtoyou.com\/nb\/","logo":{"@type":"ImageObject","inLanguage":"nb-NO","@id":"https:\/\/www.transtoyou.com\/nb\/#\/schema\/logo\/image\/","url":"https:\/\/www.transtoyou.com\/nb\/wp-content\/uploads\/sites\/10\/2026\/01\/logo-tty-menu-bar-300x87-1.webp","contentUrl":"https:\/\/www.transtoyou.com\/nb\/wp-content\/uploads\/sites\/10\/2026\/01\/logo-tty-menu-bar-300x87-1.webp","width":300,"height":87,"caption":"Transtoyou - NB"},"image":{"@id":"https:\/\/www.transtoyou.com\/nb\/#\/schema\/logo\/image\/"}}]}},"_links":{"self":[{"href":"https:\/\/www.transtoyou.com\/nb\/wp-json\/wp\/v2\/product\/719","targetHints":{"allow":["GET"]}}],"collection":[{"href":"https:\/\/www.transtoyou.com\/nb\/wp-json\/wp\/v2\/product"}],"about":[{"href":"https:\/\/www.transtoyou.com\/nb\/wp-json\/wp\/v2\/types\/product"}],"replies":[{"embeddable":true,"href":"https:\/\/www.transtoyou.com\/nb\/wp-json\/wp\/v2\/comments?post=719"}],"wp:featuredmedia":[{"embeddable":true,"href":"https:\/\/www.transtoyou.com\/nb\/wp-json\/wp\/v2\/media\/721"}],"wp:attachment":[{"href":"https:\/\/www.transtoyou.com\/nb\/wp-json\/wp\/v2\/media?parent=719"}],"wp:term":[{"taxonomy":"product_brand","embeddable":true,"href":"https:\/\/www.transtoyou.com\/nb\/wp-json\/wp\/v2\/product_brand?post=719"},{"taxonomy":"product_cat","embeddable":true,"href":"https:\/\/www.transtoyou.com\/nb\/wp-json\/wp\/v2\/product_cat?post=719"},{"taxonomy":"product_tag","embeddable":true,"href":"https:\/\/www.transtoyou.com\/nb\/wp-json\/wp\/v2\/product_tag?post=719"},{"taxonomy":"expert","embeddable":true,"href":"https:\/\/www.transtoyou.com\/nb\/wp-json\/wp\/v2\/expert?post=719"}],"curies":[{"name":"wp","href":"https:\/\/api.w.org\/{rel}","templated":true}]}}