{"id":814,"date":"2026-01-23T17:50:54","date_gmt":"2026-01-23T15:50:54","guid":{"rendered":"https:\/\/www.transtoyou.com\/nb\/product\/levitra\/"},"modified":"2026-01-23T17:51:58","modified_gmt":"2026-01-23T15:51:58","slug":"levitra","status":"publish","type":"product","link":"https:\/\/www.transtoyou.com\/nb\/product\/levitra\/","title":{"rendered":"Levitra"},"content":{"rendered":"<p>Levitra er en medisin for menn som opplever erektil dysfunksjon, en tilstand der det blir vanskelig \u00e5 oppn\u00e5 eller opprettholde en ereksjon. Den inneholder den aktive ingrediensen vardenafil, som tilh\u00f8rer en gruppe medisiner kjent som fosfodiesterase type 5 (PDE5) hemmere. Disse medisinene virker ved \u00e5 \u00f8ke blodstr\u00f8mmen til penis under seksuell stimulering, noe som hjelper til med \u00e5 oppn\u00e5 en fastere og mer b\u00e6rekraftig ereksjon.<\/p>\n<p>Erektil dysfunksjon kan ha b\u00e5de fysiske og emosjonelle \u00e5rsaker. Levitra \u00f8ker ikke seksuell lyst, men forbedrer den fysiske responsen p\u00e5 stimulering. N\u00e5r den tas, begynner den \u00e5 virke innen 30 til 60 minutter og forblir effektiv i opptil fem timer. Dette gir en mer naturlig og mindre tidspresset opplevelse.<\/p>\n<p>Levitra tas vanligvis etter behov og b\u00f8r svelges hel med vann. Den kan tas med eller uten mat, selv om et veldig tungt eller fett m\u00e5ltid kan forsinke effekten. Den anbefalte startdosen er vanligvis 10 mg, men dette kan justeres avhengig av hvor effektiv den er og om bivirkninger oppst\u00e5r.<\/p>\n<p>Vanlige bivirkninger inkluderer hodepine, r\u00f8dming, nesetetthet og svimmelhet. Disse er vanligvis milde og kortvarige. Levitra b\u00f8r ikke brukes sammen med nitratmedisiner eller visse hjerte medisiner, da kombinasjonen kan for\u00e5rsake et betydelig fall i blodtrykket.<\/p>\n","protected":false},"excerpt":{"rendered":"<ul>\n<li>Effektiv innen 30\u201360 minutter<\/li>\n<li>Varer i opptil 5 timer<\/li>\n<li>St\u00f8tter naturlig ereksjonsrespons<\/li>\n<\/ul>\n","protected":false},"featured_media":816,"comment_status":"open","ping_status":"closed","template":"","meta":[],"product_brand":[],"product_cat":[115],"product_tag":[],"expert":[16],"class_list":{"0":"post-814","1":"product","2":"type-product","3":"status-publish","4":"has-post-thumbnail","6":"product_cat-behandlinger-for-erektil-dysfunksjon","7":"expert-dr-c-alexandru","9":"first","10":"instock","11":"shipping-taxable","12":"purchasable","13":"product-type-variable"},"yoast_head":"<!-- This site is optimized with the Yoast SEO plugin v27.0 - https:\/\/yoast.com\/product\/yoast-seo-wordpress\/ -->\n<title>Levitra | Forbedrer Intimitet og Selvtillit - Transtoyou<\/title>\n<meta name=\"description\" content=\"Oppdag Levitra p\u00e5 Transtoyou, en p\u00e5litelig digital helseplattform. Forbedre din velv\u00e6re med klinisk vurderte helseprodukter i dag.\" \/>\n<meta name=\"robots\" content=\"noindex, follow, max-snippet:-1, max-image-preview:large, max-video-preview:-1\" \/>\n<meta property=\"og:locale\" content=\"nb_NO\" \/>\n<meta property=\"og:type\" content=\"article\" \/>\n<meta property=\"og:title\" content=\"Levitra | Forbedrer Intimitet og Selvtillit - Transtoyou\" \/>\n<meta property=\"og:description\" content=\"Oppdag Levitra p\u00e5 Transtoyou, en p\u00e5litelig digital helseplattform. Forbedre din velv\u00e6re med klinisk vurderte helseprodukter i dag.\" \/>\n<meta property=\"og:url\" content=\"https:\/\/www.transtoyou.com\/nb\/product\/levitra\/\" \/>\n<meta property=\"og:site_name\" content=\"Transtoyou - NB\" \/>\n<meta property=\"article:modified_time\" content=\"2026-01-23T15:51:58+00:00\" \/>\n<meta name=\"twitter:card\" content=\"summary_large_image\" \/>\n<meta name=\"twitter:label1\" content=\"Ansl. lesetid\" \/>\n\t<meta name=\"twitter:data1\" content=\"1 minutt\" \/>\n<script type=\"application\/ld+json\" class=\"yoast-schema-graph\">{\"@context\":\"https:\/\/schema.org\",\"@graph\":[{\"@type\":\"WebPage\",\"@id\":\"https:\/\/www.transtoyou.com\/nb\/product\/levitra\/\",\"url\":\"https:\/\/www.transtoyou.com\/nb\/product\/levitra\/\",\"name\":\"Levitra | Forbedrer Intimitet og Selvtillit - Transtoyou\",\"isPartOf\":{\"@id\":\"https:\/\/www.transtoyou.com\/nb\/#website\"},\"primaryImageOfPage\":{\"@id\":\"https:\/\/www.transtoyou.com\/nb\/product\/levitra\/#primaryimage\"},\"image\":{\"@id\":\"https:\/\/www.transtoyou.com\/nb\/product\/levitra\/#primaryimage\"},\"thumbnailUrl\":\"https:\/\/www.transtoyou.com\/nb\/wp-content\/uploads\/sites\/10\/2026\/01\/tty-no-product-image-31.webp\",\"datePublished\":\"2026-01-23T15:50:54+00:00\",\"dateModified\":\"2026-01-23T15:51:58+00:00\",\"description\":\"Oppdag Levitra p\u00e5 Transtoyou, en p\u00e5litelig digital helseplattform. Forbedre din velv\u00e6re med klinisk vurderte helseprodukter i dag.\",\"breadcrumb\":{\"@id\":\"https:\/\/www.transtoyou.com\/nb\/product\/levitra\/#breadcrumb\"},\"inLanguage\":\"nb-NO\",\"potentialAction\":[{\"@type\":\"ReadAction\",\"target\":[\"https:\/\/www.transtoyou.com\/nb\/product\/levitra\/\"]}]},{\"@type\":\"ImageObject\",\"inLanguage\":\"nb-NO\",\"@id\":\"https:\/\/www.transtoyou.com\/nb\/product\/levitra\/#primaryimage\",\"url\":\"https:\/\/www.transtoyou.com\/nb\/wp-content\/uploads\/sites\/10\/2026\/01\/tty-no-product-image-31.webp\",\"contentUrl\":\"https:\/\/www.transtoyou.com\/nb\/wp-content\/uploads\/sites\/10\/2026\/01\/tty-no-product-image-31.webp\",\"width\":1000,\"height\":1000,\"caption\":\"Standard produktbilde\"},{\"@type\":\"WebSite\",\"@id\":\"https:\/\/www.transtoyou.com\/nb\/#website\",\"url\":\"https:\/\/www.transtoyou.com\/nb\/\",\"name\":\"Transtoyou - NB\",\"description\":\"\",\"publisher\":{\"@id\":\"https:\/\/www.transtoyou.com\/nb\/#organization\"},\"potentialAction\":[{\"@type\":\"SearchAction\",\"target\":{\"@type\":\"EntryPoint\",\"urlTemplate\":\"https:\/\/www.transtoyou.com\/nb\/?s={search_term_string}\"},\"query-input\":{\"@type\":\"PropertyValueSpecification\",\"valueRequired\":true,\"valueName\":\"search_term_string\"}}],\"inLanguage\":\"nb-NO\"},{\"@type\":\"Organization\",\"@id\":\"https:\/\/www.transtoyou.com\/nb\/#organization\",\"name\":\"Transtoyou - NB\",\"url\":\"https:\/\/www.transtoyou.com\/nb\/\",\"logo\":{\"@type\":\"ImageObject\",\"inLanguage\":\"nb-NO\",\"@id\":\"https:\/\/www.transtoyou.com\/nb\/#\/schema\/logo\/image\/\",\"url\":\"https:\/\/www.transtoyou.com\/nb\/wp-content\/uploads\/sites\/10\/2026\/01\/logo-tty-menu-bar-300x87-1.webp\",\"contentUrl\":\"https:\/\/www.transtoyou.com\/nb\/wp-content\/uploads\/sites\/10\/2026\/01\/logo-tty-menu-bar-300x87-1.webp\",\"width\":300,\"height\":87,\"caption\":\"Transtoyou - NB\"},\"image\":{\"@id\":\"https:\/\/www.transtoyou.com\/nb\/#\/schema\/logo\/image\/\"}}]}<\/script>\n<!-- \/ Yoast SEO plugin. -->","yoast_head_json":{"title":"Levitra | Forbedrer Intimitet og Selvtillit - Transtoyou","description":"Oppdag Levitra p\u00e5 Transtoyou, en p\u00e5litelig digital helseplattform. Forbedre din velv\u00e6re med klinisk vurderte helseprodukter i dag.","robots":{"index":"noindex","follow":"follow","max-snippet":"max-snippet:-1","max-image-preview":"max-image-preview:large","max-video-preview":"max-video-preview:-1"},"og_locale":"nb_NO","og_type":"article","og_title":"Levitra | Forbedrer Intimitet og Selvtillit - Transtoyou","og_description":"Oppdag Levitra p\u00e5 Transtoyou, en p\u00e5litelig digital helseplattform. Forbedre din velv\u00e6re med klinisk vurderte helseprodukter i dag.","og_url":"https:\/\/www.transtoyou.com\/nb\/product\/levitra\/","og_site_name":"Transtoyou - NB","article_modified_time":"2026-01-23T15:51:58+00:00","twitter_card":"summary_large_image","twitter_misc":{"Ansl. lesetid":"1 minutt"},"schema":{"@context":"https:\/\/schema.org","@graph":[{"@type":"WebPage","@id":"https:\/\/www.transtoyou.com\/nb\/product\/levitra\/","url":"https:\/\/www.transtoyou.com\/nb\/product\/levitra\/","name":"Levitra | Forbedrer Intimitet og Selvtillit - Transtoyou","isPartOf":{"@id":"https:\/\/www.transtoyou.com\/nb\/#website"},"primaryImageOfPage":{"@id":"https:\/\/www.transtoyou.com\/nb\/product\/levitra\/#primaryimage"},"image":{"@id":"https:\/\/www.transtoyou.com\/nb\/product\/levitra\/#primaryimage"},"thumbnailUrl":"https:\/\/www.transtoyou.com\/nb\/wp-content\/uploads\/sites\/10\/2026\/01\/tty-no-product-image-31.webp","datePublished":"2026-01-23T15:50:54+00:00","dateModified":"2026-01-23T15:51:58+00:00","description":"Oppdag Levitra p\u00e5 Transtoyou, en p\u00e5litelig digital helseplattform. Forbedre din velv\u00e6re med klinisk vurderte helseprodukter i dag.","breadcrumb":{"@id":"https:\/\/www.transtoyou.com\/nb\/product\/levitra\/#breadcrumb"},"inLanguage":"nb-NO","potentialAction":[{"@type":"ReadAction","target":["https:\/\/www.transtoyou.com\/nb\/product\/levitra\/"]}]},{"@type":"ImageObject","inLanguage":"nb-NO","@id":"https:\/\/www.transtoyou.com\/nb\/product\/levitra\/#primaryimage","url":"https:\/\/www.transtoyou.com\/nb\/wp-content\/uploads\/sites\/10\/2026\/01\/tty-no-product-image-31.webp","contentUrl":"https:\/\/www.transtoyou.com\/nb\/wp-content\/uploads\/sites\/10\/2026\/01\/tty-no-product-image-31.webp","width":1000,"height":1000,"caption":"Standard produktbilde"},{"@type":"WebSite","@id":"https:\/\/www.transtoyou.com\/nb\/#website","url":"https:\/\/www.transtoyou.com\/nb\/","name":"Transtoyou - NB","description":"","publisher":{"@id":"https:\/\/www.transtoyou.com\/nb\/#organization"},"potentialAction":[{"@type":"SearchAction","target":{"@type":"EntryPoint","urlTemplate":"https:\/\/www.transtoyou.com\/nb\/?s={search_term_string}"},"query-input":{"@type":"PropertyValueSpecification","valueRequired":true,"valueName":"search_term_string"}}],"inLanguage":"nb-NO"},{"@type":"Organization","@id":"https:\/\/www.transtoyou.com\/nb\/#organization","name":"Transtoyou - NB","url":"https:\/\/www.transtoyou.com\/nb\/","logo":{"@type":"ImageObject","inLanguage":"nb-NO","@id":"https:\/\/www.transtoyou.com\/nb\/#\/schema\/logo\/image\/","url":"https:\/\/www.transtoyou.com\/nb\/wp-content\/uploads\/sites\/10\/2026\/01\/logo-tty-menu-bar-300x87-1.webp","contentUrl":"https:\/\/www.transtoyou.com\/nb\/wp-content\/uploads\/sites\/10\/2026\/01\/logo-tty-menu-bar-300x87-1.webp","width":300,"height":87,"caption":"Transtoyou - NB"},"image":{"@id":"https:\/\/www.transtoyou.com\/nb\/#\/schema\/logo\/image\/"}}]}},"_links":{"self":[{"href":"https:\/\/www.transtoyou.com\/nb\/wp-json\/wp\/v2\/product\/814","targetHints":{"allow":["GET"]}}],"collection":[{"href":"https:\/\/www.transtoyou.com\/nb\/wp-json\/wp\/v2\/product"}],"about":[{"href":"https:\/\/www.transtoyou.com\/nb\/wp-json\/wp\/v2\/types\/product"}],"replies":[{"embeddable":true,"href":"https:\/\/www.transtoyou.com\/nb\/wp-json\/wp\/v2\/comments?post=814"}],"wp:featuredmedia":[{"embeddable":true,"href":"https:\/\/www.transtoyou.com\/nb\/wp-json\/wp\/v2\/media\/816"}],"wp:attachment":[{"href":"https:\/\/www.transtoyou.com\/nb\/wp-json\/wp\/v2\/media?parent=814"}],"wp:term":[{"taxonomy":"product_brand","embeddable":true,"href":"https:\/\/www.transtoyou.com\/nb\/wp-json\/wp\/v2\/product_brand?post=814"},{"taxonomy":"product_cat","embeddable":true,"href":"https:\/\/www.transtoyou.com\/nb\/wp-json\/wp\/v2\/product_cat?post=814"},{"taxonomy":"product_tag","embeddable":true,"href":"https:\/\/www.transtoyou.com\/nb\/wp-json\/wp\/v2\/product_tag?post=814"},{"taxonomy":"expert","embeddable":true,"href":"https:\/\/www.transtoyou.com\/nb\/wp-json\/wp\/v2\/expert?post=814"}],"curies":[{"name":"wp","href":"https:\/\/api.w.org\/{rel}","templated":true}]}}