{"id":817,"date":"2026-01-23T17:59:43","date_gmt":"2026-01-23T15:59:43","guid":{"rendered":"https:\/\/www.transtoyou.com\/nb\/product\/sandrena\/"},"modified":"2026-02-17T15:31:24","modified_gmt":"2026-02-17T13:31:24","slug":"sandrena","status":"publish","type":"product","link":"https:\/\/www.transtoyou.com\/nb\/product\/sandrena\/","title":{"rendered":"Sandrena"},"content":{"rendered":"<p>Sandrena er en transdermal gel som inneholder estradiol hemihydrat, en form for \u00f8strogen. Den behandler symptomer assosiert med \u00f8strogenmangel under naturlig eller kirurgisk menopause, som hetetokter, nattesvette og vaginal t\u00f8rrhet. Sandrena kan ogs\u00e5 brukes i tidlig forebygging av postmenopausal osteoporose.<\/p>\n<p>Medikamentet virker ved \u00e5 levere estradiol direkte gjennom huden inn i blodstr\u00f8mmen, og omg\u00e5r leveren, noe som reduserer hormonfluktuasjoner sammenlignet med orale \u00f8strogener. Estradiol binder seg til \u00f8strogenreseptorer, og ut\u00f8ver anti-osteoporotiske, lipidregulerende og vasomotorisk stabiliserende effekter. Det opprettholder ogs\u00e5 helsen til huden, urinveiene og bein.<\/p>\n<p>I kroppen hever Sandrena effektivt estradiolniv\u00e5ene for \u00e5 gjenopprette hormonbalansen, forbedre symptomer p\u00e5 menopause samtidig som det opprettholder et gunstig estradiol-til-estron-forhold. Det tilbyr stabile blodniv\u00e5er med minimale daglige fluktuasjoner og kan enkelt justeres basert p\u00e5 individuelle terapeutiske behov.<\/p>\n<p>Sandrena tolereres generelt godt, selv om det krever kombinasjon med et progestogen hos kvinner med intakt livmor for \u00e5 forhindre endometrial hyperplasi.<\/p>\n","protected":false},"excerpt":{"rendered":"<ul>\n<li>Lindring av symptomer p\u00e5 overgangsalder<\/li>\n<li>Transdermal \u00f8strogen gelbehandling<\/li>\n<li>Hjelper med \u00e5 forebygge tidlig osteoporose<\/li>\n<\/ul>\n","protected":false},"featured_media":819,"comment_status":"open","ping_status":"closed","template":"","meta":[],"product_brand":[],"product_cat":[139,116],"product_tag":[],"expert":[17],"class_list":{"0":"post-817","1":"product","2":"type-product","3":"status-publish","4":"has-post-thumbnail","6":"product_cat-hormonerstatningsterapi-hrt","7":"product_cat-ostrogen-og-feminiserende-terapi","8":"expert-dr-c-munoz-parada","10":"first","11":"instock","12":"shipping-taxable","13":"purchasable","14":"product-type-variable"},"yoast_head":"<!-- This site is optimized with the Yoast SEO plugin v27.0 - https:\/\/yoast.com\/product\/yoast-seo-wordpress\/ -->\n<title>Sandrena | P\u00e5litelig St\u00f8tte for Hormonbalanse - Transtoyou<\/title>\n<meta name=\"description\" content=\"Sandrena er n\u00e5 tilgjengelig p\u00e5 Transtoyou, og tilbyr hormonst\u00f8tte med klinisk vurderte fordeler. Handle i dag for p\u00e5litelige helse-l\u00f8sninger.\" \/>\n<meta name=\"robots\" content=\"noindex, follow, max-snippet:-1, max-image-preview:large, max-video-preview:-1\" \/>\n<meta property=\"og:locale\" content=\"nb_NO\" \/>\n<meta property=\"og:type\" content=\"article\" \/>\n<meta property=\"og:title\" content=\"Sandrena | P\u00e5litelig St\u00f8tte for Hormonbalanse - Transtoyou\" \/>\n<meta property=\"og:description\" content=\"Sandrena er n\u00e5 tilgjengelig p\u00e5 Transtoyou, og tilbyr hormonst\u00f8tte med klinisk vurderte fordeler. Handle i dag for p\u00e5litelige helse-l\u00f8sninger.\" \/>\n<meta property=\"og:url\" content=\"https:\/\/www.transtoyou.com\/nb\/product\/sandrena\/\" \/>\n<meta property=\"og:site_name\" content=\"Transtoyou - NB\" \/>\n<meta property=\"article:modified_time\" content=\"2026-02-17T13:31:24+00:00\" \/>\n<meta name=\"twitter:card\" content=\"summary_large_image\" \/>\n<meta name=\"twitter:label1\" content=\"Ansl. lesetid\" \/>\n\t<meta name=\"twitter:data1\" content=\"1 minutt\" \/>\n<script type=\"application\/ld+json\" class=\"yoast-schema-graph\">{\"@context\":\"https:\/\/schema.org\",\"@graph\":[{\"@type\":\"WebPage\",\"@id\":\"https:\/\/www.transtoyou.com\/nb\/product\/sandrena\/\",\"url\":\"https:\/\/www.transtoyou.com\/nb\/product\/sandrena\/\",\"name\":\"Sandrena | P\u00e5litelig St\u00f8tte for Hormonbalanse - Transtoyou\",\"isPartOf\":{\"@id\":\"https:\/\/www.transtoyou.com\/nb\/#website\"},\"primaryImageOfPage\":{\"@id\":\"https:\/\/www.transtoyou.com\/nb\/product\/sandrena\/#primaryimage\"},\"image\":{\"@id\":\"https:\/\/www.transtoyou.com\/nb\/product\/sandrena\/#primaryimage\"},\"thumbnailUrl\":\"https:\/\/www.transtoyou.com\/nb\/wp-content\/uploads\/sites\/10\/2026\/01\/tty-no-product-image-32.webp\",\"datePublished\":\"2026-01-23T15:59:43+00:00\",\"dateModified\":\"2026-02-17T13:31:24+00:00\",\"description\":\"Sandrena er n\u00e5 tilgjengelig p\u00e5 Transtoyou, og tilbyr hormonst\u00f8tte med klinisk vurderte fordeler. Handle i dag for p\u00e5litelige helse-l\u00f8sninger.\",\"breadcrumb\":{\"@id\":\"https:\/\/www.transtoyou.com\/nb\/product\/sandrena\/#breadcrumb\"},\"inLanguage\":\"nb-NO\",\"potentialAction\":[{\"@type\":\"ReadAction\",\"target\":[\"https:\/\/www.transtoyou.com\/nb\/product\/sandrena\/\"]}]},{\"@type\":\"ImageObject\",\"inLanguage\":\"nb-NO\",\"@id\":\"https:\/\/www.transtoyou.com\/nb\/product\/sandrena\/#primaryimage\",\"url\":\"https:\/\/www.transtoyou.com\/nb\/wp-content\/uploads\/sites\/10\/2026\/01\/tty-no-product-image-32.webp\",\"contentUrl\":\"https:\/\/www.transtoyou.com\/nb\/wp-content\/uploads\/sites\/10\/2026\/01\/tty-no-product-image-32.webp\",\"width\":1000,\"height\":1000,\"caption\":\"Standard produktbilde\"},{\"@type\":\"WebSite\",\"@id\":\"https:\/\/www.transtoyou.com\/nb\/#website\",\"url\":\"https:\/\/www.transtoyou.com\/nb\/\",\"name\":\"Transtoyou - NB\",\"description\":\"\",\"publisher\":{\"@id\":\"https:\/\/www.transtoyou.com\/nb\/#organization\"},\"potentialAction\":[{\"@type\":\"SearchAction\",\"target\":{\"@type\":\"EntryPoint\",\"urlTemplate\":\"https:\/\/www.transtoyou.com\/nb\/?s={search_term_string}\"},\"query-input\":{\"@type\":\"PropertyValueSpecification\",\"valueRequired\":true,\"valueName\":\"search_term_string\"}}],\"inLanguage\":\"nb-NO\"},{\"@type\":\"Organization\",\"@id\":\"https:\/\/www.transtoyou.com\/nb\/#organization\",\"name\":\"Transtoyou - NB\",\"url\":\"https:\/\/www.transtoyou.com\/nb\/\",\"logo\":{\"@type\":\"ImageObject\",\"inLanguage\":\"nb-NO\",\"@id\":\"https:\/\/www.transtoyou.com\/nb\/#\/schema\/logo\/image\/\",\"url\":\"https:\/\/www.transtoyou.com\/nb\/wp-content\/uploads\/sites\/10\/2026\/01\/logo-tty-menu-bar-300x87-1.webp\",\"contentUrl\":\"https:\/\/www.transtoyou.com\/nb\/wp-content\/uploads\/sites\/10\/2026\/01\/logo-tty-menu-bar-300x87-1.webp\",\"width\":300,\"height\":87,\"caption\":\"Transtoyou - NB\"},\"image\":{\"@id\":\"https:\/\/www.transtoyou.com\/nb\/#\/schema\/logo\/image\/\"}}]}<\/script>\n<!-- \/ Yoast SEO plugin. -->","yoast_head_json":{"title":"Sandrena | P\u00e5litelig St\u00f8tte for Hormonbalanse - Transtoyou","description":"Sandrena er n\u00e5 tilgjengelig p\u00e5 Transtoyou, og tilbyr hormonst\u00f8tte med klinisk vurderte fordeler. Handle i dag for p\u00e5litelige helse-l\u00f8sninger.","robots":{"index":"noindex","follow":"follow","max-snippet":"max-snippet:-1","max-image-preview":"max-image-preview:large","max-video-preview":"max-video-preview:-1"},"og_locale":"nb_NO","og_type":"article","og_title":"Sandrena | P\u00e5litelig St\u00f8tte for Hormonbalanse - Transtoyou","og_description":"Sandrena er n\u00e5 tilgjengelig p\u00e5 Transtoyou, og tilbyr hormonst\u00f8tte med klinisk vurderte fordeler. Handle i dag for p\u00e5litelige helse-l\u00f8sninger.","og_url":"https:\/\/www.transtoyou.com\/nb\/product\/sandrena\/","og_site_name":"Transtoyou - NB","article_modified_time":"2026-02-17T13:31:24+00:00","twitter_card":"summary_large_image","twitter_misc":{"Ansl. lesetid":"1 minutt"},"schema":{"@context":"https:\/\/schema.org","@graph":[{"@type":"WebPage","@id":"https:\/\/www.transtoyou.com\/nb\/product\/sandrena\/","url":"https:\/\/www.transtoyou.com\/nb\/product\/sandrena\/","name":"Sandrena | P\u00e5litelig St\u00f8tte for Hormonbalanse - Transtoyou","isPartOf":{"@id":"https:\/\/www.transtoyou.com\/nb\/#website"},"primaryImageOfPage":{"@id":"https:\/\/www.transtoyou.com\/nb\/product\/sandrena\/#primaryimage"},"image":{"@id":"https:\/\/www.transtoyou.com\/nb\/product\/sandrena\/#primaryimage"},"thumbnailUrl":"https:\/\/www.transtoyou.com\/nb\/wp-content\/uploads\/sites\/10\/2026\/01\/tty-no-product-image-32.webp","datePublished":"2026-01-23T15:59:43+00:00","dateModified":"2026-02-17T13:31:24+00:00","description":"Sandrena er n\u00e5 tilgjengelig p\u00e5 Transtoyou, og tilbyr hormonst\u00f8tte med klinisk vurderte fordeler. Handle i dag for p\u00e5litelige helse-l\u00f8sninger.","breadcrumb":{"@id":"https:\/\/www.transtoyou.com\/nb\/product\/sandrena\/#breadcrumb"},"inLanguage":"nb-NO","potentialAction":[{"@type":"ReadAction","target":["https:\/\/www.transtoyou.com\/nb\/product\/sandrena\/"]}]},{"@type":"ImageObject","inLanguage":"nb-NO","@id":"https:\/\/www.transtoyou.com\/nb\/product\/sandrena\/#primaryimage","url":"https:\/\/www.transtoyou.com\/nb\/wp-content\/uploads\/sites\/10\/2026\/01\/tty-no-product-image-32.webp","contentUrl":"https:\/\/www.transtoyou.com\/nb\/wp-content\/uploads\/sites\/10\/2026\/01\/tty-no-product-image-32.webp","width":1000,"height":1000,"caption":"Standard produktbilde"},{"@type":"WebSite","@id":"https:\/\/www.transtoyou.com\/nb\/#website","url":"https:\/\/www.transtoyou.com\/nb\/","name":"Transtoyou - NB","description":"","publisher":{"@id":"https:\/\/www.transtoyou.com\/nb\/#organization"},"potentialAction":[{"@type":"SearchAction","target":{"@type":"EntryPoint","urlTemplate":"https:\/\/www.transtoyou.com\/nb\/?s={search_term_string}"},"query-input":{"@type":"PropertyValueSpecification","valueRequired":true,"valueName":"search_term_string"}}],"inLanguage":"nb-NO"},{"@type":"Organization","@id":"https:\/\/www.transtoyou.com\/nb\/#organization","name":"Transtoyou - NB","url":"https:\/\/www.transtoyou.com\/nb\/","logo":{"@type":"ImageObject","inLanguage":"nb-NO","@id":"https:\/\/www.transtoyou.com\/nb\/#\/schema\/logo\/image\/","url":"https:\/\/www.transtoyou.com\/nb\/wp-content\/uploads\/sites\/10\/2026\/01\/logo-tty-menu-bar-300x87-1.webp","contentUrl":"https:\/\/www.transtoyou.com\/nb\/wp-content\/uploads\/sites\/10\/2026\/01\/logo-tty-menu-bar-300x87-1.webp","width":300,"height":87,"caption":"Transtoyou - NB"},"image":{"@id":"https:\/\/www.transtoyou.com\/nb\/#\/schema\/logo\/image\/"}}]}},"_links":{"self":[{"href":"https:\/\/www.transtoyou.com\/nb\/wp-json\/wp\/v2\/product\/817","targetHints":{"allow":["GET"]}}],"collection":[{"href":"https:\/\/www.transtoyou.com\/nb\/wp-json\/wp\/v2\/product"}],"about":[{"href":"https:\/\/www.transtoyou.com\/nb\/wp-json\/wp\/v2\/types\/product"}],"replies":[{"embeddable":true,"href":"https:\/\/www.transtoyou.com\/nb\/wp-json\/wp\/v2\/comments?post=817"}],"wp:featuredmedia":[{"embeddable":true,"href":"https:\/\/www.transtoyou.com\/nb\/wp-json\/wp\/v2\/media\/819"}],"wp:attachment":[{"href":"https:\/\/www.transtoyou.com\/nb\/wp-json\/wp\/v2\/media?parent=817"}],"wp:term":[{"taxonomy":"product_brand","embeddable":true,"href":"https:\/\/www.transtoyou.com\/nb\/wp-json\/wp\/v2\/product_brand?post=817"},{"taxonomy":"product_cat","embeddable":true,"href":"https:\/\/www.transtoyou.com\/nb\/wp-json\/wp\/v2\/product_cat?post=817"},{"taxonomy":"product_tag","embeddable":true,"href":"https:\/\/www.transtoyou.com\/nb\/wp-json\/wp\/v2\/product_tag?post=817"},{"taxonomy":"expert","embeddable":true,"href":"https:\/\/www.transtoyou.com\/nb\/wp-json\/wp\/v2\/expert?post=817"}],"curies":[{"name":"wp","href":"https:\/\/api.w.org\/{rel}","templated":true}]}}