{"id":820,"date":"2026-01-23T18:14:25","date_gmt":"2026-01-23T16:14:25","guid":{"rendered":"https:\/\/www.transtoyou.com\/nb\/product\/spedra\/"},"modified":"2026-03-05T13:18:18","modified_gmt":"2026-03-05T11:18:18","slug":"spedra","status":"publish","type":"product","link":"https:\/\/www.transtoyou.com\/nb\/product\/spedra\/","title":{"rendered":"Spedra"},"content":{"rendered":"<p>Spedra er en hurtigvirkende medikasjon som brukes til \u00e5 behandle erektil dysfunksjon (ED). Den inneholder avanafil, en selektiv fosfodiesterase type 5 (PDE5) hemmer. N\u00e5r en mann blir seksuelt stimulert, \u00f8ker blodstr\u00f8mmen, noe som gir en ereksjon. Avanafil blokkerer PDE5-enzymet for \u00e5 forlenge ereksjonsprosessen.<\/p>\n<p>Spedra er indikert for ED, inkludert de med milde til alvorlige symptomer, s\u00e5 lenge seksuell stimulering er til stede. Den er ikke effektiv uten det. Virkningen begynner p\u00e5 s\u00e5 lite som 15\u201330 minutter, og effekten kan vare i opptil 2 timer, avhengig av individet.<\/p>\n<p>Denne medikasjonen tolereres godt og har en gunstig sikkerhetsprofil n\u00e5r den brukes som foreskrevet. Den kan brukes av alle aldre, inkludert eldre voksne, og har fordelen av \u00e5 bli raskt absorbert. I motsetning til noen PDE5-hemmere, er Spedras matinteraksjoner minimale, selv om et m\u00e5ltid med h\u00f8yt fettinnhold kan forsinke absorpsjonen litt.<\/p>\n","protected":false},"excerpt":{"rendered":"<ul>\n<li>Rask effekt innen 15\u201330 minutter<\/li>\n<li>Effektiv i opptil 2 timer<\/li>\n<li>Kan tas med eller uten mat<\/li>\n<\/ul>\n","protected":false},"featured_media":822,"comment_status":"open","ping_status":"closed","template":"","meta":[],"product_brand":[],"product_cat":[115],"product_tag":[],"expert":[17],"class_list":{"0":"post-820","1":"product","2":"type-product","3":"status-publish","4":"has-post-thumbnail","6":"product_cat-behandlinger-for-erektil-dysfunksjon","7":"expert-dr-c-munoz-parada","9":"first","10":"instock","11":"shipping-taxable","12":"product-type-variable"},"yoast_head":"<!-- This site is optimized with the Yoast SEO plugin v27.0 - https:\/\/yoast.com\/product\/yoast-seo-wordpress\/ -->\n<title>Spedra | Rasktvirkende ED-l\u00f8sning - Transtoyou<\/title>\n<meta name=\"description\" content=\"Spedra, tilgjengelig n\u00e5 p\u00e5 Transtoyou. Forbedre helsen din med dette unike produktet. Oppdag fordelene og bestill i dag!\" \/>\n<meta name=\"robots\" content=\"noindex, follow, max-snippet:-1, max-image-preview:large, max-video-preview:-1\" \/>\n<meta property=\"og:locale\" content=\"nb_NO\" \/>\n<meta property=\"og:type\" content=\"article\" \/>\n<meta property=\"og:title\" content=\"Spedra | Rasktvirkende ED-l\u00f8sning - Transtoyou\" \/>\n<meta property=\"og:description\" content=\"Spedra, tilgjengelig n\u00e5 p\u00e5 Transtoyou. Forbedre helsen din med dette unike produktet. Oppdag fordelene og bestill i dag!\" \/>\n<meta property=\"og:url\" content=\"https:\/\/www.transtoyou.com\/nb\/product\/spedra\/\" \/>\n<meta property=\"og:site_name\" content=\"Transtoyou - NB\" \/>\n<meta property=\"article:modified_time\" content=\"2026-03-05T11:18:18+00:00\" \/>\n<meta name=\"twitter:card\" content=\"summary_large_image\" \/>\n<meta name=\"twitter:label1\" content=\"Ansl. lesetid\" \/>\n\t<meta name=\"twitter:data1\" content=\"1 minutt\" \/>\n<script type=\"application\/ld+json\" class=\"yoast-schema-graph\">{\"@context\":\"https:\/\/schema.org\",\"@graph\":[{\"@type\":\"WebPage\",\"@id\":\"https:\/\/www.transtoyou.com\/nb\/product\/spedra\/\",\"url\":\"https:\/\/www.transtoyou.com\/nb\/product\/spedra\/\",\"name\":\"Spedra | Rasktvirkende ED-l\u00f8sning - Transtoyou\",\"isPartOf\":{\"@id\":\"https:\/\/www.transtoyou.com\/nb\/#website\"},\"primaryImageOfPage\":{\"@id\":\"https:\/\/www.transtoyou.com\/nb\/product\/spedra\/#primaryimage\"},\"image\":{\"@id\":\"https:\/\/www.transtoyou.com\/nb\/product\/spedra\/#primaryimage\"},\"thumbnailUrl\":\"https:\/\/www.transtoyou.com\/nb\/wp-content\/uploads\/sites\/10\/2026\/01\/tty-no-product-image-33.webp\",\"datePublished\":\"2026-01-23T16:14:25+00:00\",\"dateModified\":\"2026-03-05T11:18:18+00:00\",\"description\":\"Spedra, tilgjengelig n\u00e5 p\u00e5 Transtoyou. Forbedre helsen din med dette unike produktet. Oppdag fordelene og bestill i dag!\",\"breadcrumb\":{\"@id\":\"https:\/\/www.transtoyou.com\/nb\/product\/spedra\/#breadcrumb\"},\"inLanguage\":\"nb-NO\",\"potentialAction\":[{\"@type\":\"ReadAction\",\"target\":[\"https:\/\/www.transtoyou.com\/nb\/product\/spedra\/\"]}]},{\"@type\":\"ImageObject\",\"inLanguage\":\"nb-NO\",\"@id\":\"https:\/\/www.transtoyou.com\/nb\/product\/spedra\/#primaryimage\",\"url\":\"https:\/\/www.transtoyou.com\/nb\/wp-content\/uploads\/sites\/10\/2026\/01\/tty-no-product-image-33.webp\",\"contentUrl\":\"https:\/\/www.transtoyou.com\/nb\/wp-content\/uploads\/sites\/10\/2026\/01\/tty-no-product-image-33.webp\",\"width\":1000,\"height\":1000,\"caption\":\"Standard produktbilde\"},{\"@type\":\"WebSite\",\"@id\":\"https:\/\/www.transtoyou.com\/nb\/#website\",\"url\":\"https:\/\/www.transtoyou.com\/nb\/\",\"name\":\"Transtoyou - NB\",\"description\":\"\",\"publisher\":{\"@id\":\"https:\/\/www.transtoyou.com\/nb\/#organization\"},\"potentialAction\":[{\"@type\":\"SearchAction\",\"target\":{\"@type\":\"EntryPoint\",\"urlTemplate\":\"https:\/\/www.transtoyou.com\/nb\/?s={search_term_string}\"},\"query-input\":{\"@type\":\"PropertyValueSpecification\",\"valueRequired\":true,\"valueName\":\"search_term_string\"}}],\"inLanguage\":\"nb-NO\"},{\"@type\":\"Organization\",\"@id\":\"https:\/\/www.transtoyou.com\/nb\/#organization\",\"name\":\"Transtoyou - NB\",\"url\":\"https:\/\/www.transtoyou.com\/nb\/\",\"logo\":{\"@type\":\"ImageObject\",\"inLanguage\":\"nb-NO\",\"@id\":\"https:\/\/www.transtoyou.com\/nb\/#\/schema\/logo\/image\/\",\"url\":\"https:\/\/www.transtoyou.com\/nb\/wp-content\/uploads\/sites\/10\/2026\/01\/logo-tty-menu-bar-300x87-1.webp\",\"contentUrl\":\"https:\/\/www.transtoyou.com\/nb\/wp-content\/uploads\/sites\/10\/2026\/01\/logo-tty-menu-bar-300x87-1.webp\",\"width\":300,\"height\":87,\"caption\":\"Transtoyou - NB\"},\"image\":{\"@id\":\"https:\/\/www.transtoyou.com\/nb\/#\/schema\/logo\/image\/\"}}]}<\/script>\n<!-- \/ Yoast SEO plugin. -->","yoast_head_json":{"title":"Spedra | Rasktvirkende ED-l\u00f8sning - Transtoyou","description":"Spedra, tilgjengelig n\u00e5 p\u00e5 Transtoyou. Forbedre helsen din med dette unike produktet. Oppdag fordelene og bestill i dag!","robots":{"index":"noindex","follow":"follow","max-snippet":"max-snippet:-1","max-image-preview":"max-image-preview:large","max-video-preview":"max-video-preview:-1"},"og_locale":"nb_NO","og_type":"article","og_title":"Spedra | Rasktvirkende ED-l\u00f8sning - Transtoyou","og_description":"Spedra, tilgjengelig n\u00e5 p\u00e5 Transtoyou. Forbedre helsen din med dette unike produktet. Oppdag fordelene og bestill i dag!","og_url":"https:\/\/www.transtoyou.com\/nb\/product\/spedra\/","og_site_name":"Transtoyou - NB","article_modified_time":"2026-03-05T11:18:18+00:00","twitter_card":"summary_large_image","twitter_misc":{"Ansl. lesetid":"1 minutt"},"schema":{"@context":"https:\/\/schema.org","@graph":[{"@type":"WebPage","@id":"https:\/\/www.transtoyou.com\/nb\/product\/spedra\/","url":"https:\/\/www.transtoyou.com\/nb\/product\/spedra\/","name":"Spedra | Rasktvirkende ED-l\u00f8sning - Transtoyou","isPartOf":{"@id":"https:\/\/www.transtoyou.com\/nb\/#website"},"primaryImageOfPage":{"@id":"https:\/\/www.transtoyou.com\/nb\/product\/spedra\/#primaryimage"},"image":{"@id":"https:\/\/www.transtoyou.com\/nb\/product\/spedra\/#primaryimage"},"thumbnailUrl":"https:\/\/www.transtoyou.com\/nb\/wp-content\/uploads\/sites\/10\/2026\/01\/tty-no-product-image-33.webp","datePublished":"2026-01-23T16:14:25+00:00","dateModified":"2026-03-05T11:18:18+00:00","description":"Spedra, tilgjengelig n\u00e5 p\u00e5 Transtoyou. Forbedre helsen din med dette unike produktet. Oppdag fordelene og bestill i dag!","breadcrumb":{"@id":"https:\/\/www.transtoyou.com\/nb\/product\/spedra\/#breadcrumb"},"inLanguage":"nb-NO","potentialAction":[{"@type":"ReadAction","target":["https:\/\/www.transtoyou.com\/nb\/product\/spedra\/"]}]},{"@type":"ImageObject","inLanguage":"nb-NO","@id":"https:\/\/www.transtoyou.com\/nb\/product\/spedra\/#primaryimage","url":"https:\/\/www.transtoyou.com\/nb\/wp-content\/uploads\/sites\/10\/2026\/01\/tty-no-product-image-33.webp","contentUrl":"https:\/\/www.transtoyou.com\/nb\/wp-content\/uploads\/sites\/10\/2026\/01\/tty-no-product-image-33.webp","width":1000,"height":1000,"caption":"Standard produktbilde"},{"@type":"WebSite","@id":"https:\/\/www.transtoyou.com\/nb\/#website","url":"https:\/\/www.transtoyou.com\/nb\/","name":"Transtoyou - NB","description":"","publisher":{"@id":"https:\/\/www.transtoyou.com\/nb\/#organization"},"potentialAction":[{"@type":"SearchAction","target":{"@type":"EntryPoint","urlTemplate":"https:\/\/www.transtoyou.com\/nb\/?s={search_term_string}"},"query-input":{"@type":"PropertyValueSpecification","valueRequired":true,"valueName":"search_term_string"}}],"inLanguage":"nb-NO"},{"@type":"Organization","@id":"https:\/\/www.transtoyou.com\/nb\/#organization","name":"Transtoyou - NB","url":"https:\/\/www.transtoyou.com\/nb\/","logo":{"@type":"ImageObject","inLanguage":"nb-NO","@id":"https:\/\/www.transtoyou.com\/nb\/#\/schema\/logo\/image\/","url":"https:\/\/www.transtoyou.com\/nb\/wp-content\/uploads\/sites\/10\/2026\/01\/logo-tty-menu-bar-300x87-1.webp","contentUrl":"https:\/\/www.transtoyou.com\/nb\/wp-content\/uploads\/sites\/10\/2026\/01\/logo-tty-menu-bar-300x87-1.webp","width":300,"height":87,"caption":"Transtoyou - NB"},"image":{"@id":"https:\/\/www.transtoyou.com\/nb\/#\/schema\/logo\/image\/"}}]}},"_links":{"self":[{"href":"https:\/\/www.transtoyou.com\/nb\/wp-json\/wp\/v2\/product\/820","targetHints":{"allow":["GET"]}}],"collection":[{"href":"https:\/\/www.transtoyou.com\/nb\/wp-json\/wp\/v2\/product"}],"about":[{"href":"https:\/\/www.transtoyou.com\/nb\/wp-json\/wp\/v2\/types\/product"}],"replies":[{"embeddable":true,"href":"https:\/\/www.transtoyou.com\/nb\/wp-json\/wp\/v2\/comments?post=820"}],"wp:featuredmedia":[{"embeddable":true,"href":"https:\/\/www.transtoyou.com\/nb\/wp-json\/wp\/v2\/media\/822"}],"wp:attachment":[{"href":"https:\/\/www.transtoyou.com\/nb\/wp-json\/wp\/v2\/media?parent=820"}],"wp:term":[{"taxonomy":"product_brand","embeddable":true,"href":"https:\/\/www.transtoyou.com\/nb\/wp-json\/wp\/v2\/product_brand?post=820"},{"taxonomy":"product_cat","embeddable":true,"href":"https:\/\/www.transtoyou.com\/nb\/wp-json\/wp\/v2\/product_cat?post=820"},{"taxonomy":"product_tag","embeddable":true,"href":"https:\/\/www.transtoyou.com\/nb\/wp-json\/wp\/v2\/product_tag?post=820"},{"taxonomy":"expert","embeddable":true,"href":"https:\/\/www.transtoyou.com\/nb\/wp-json\/wp\/v2\/expert?post=820"}],"curies":[{"name":"wp","href":"https:\/\/api.w.org\/{rel}","templated":true}]}}