{"id":826,"date":"2026-01-23T18:43:26","date_gmt":"2026-01-23T16:43:26","guid":{"rendered":"https:\/\/www.transtoyou.com\/nb\/product\/diprosone\/"},"modified":"2026-02-17T15:31:24","modified_gmt":"2026-02-17T13:31:24","slug":"diprosone","status":"publish","type":"product","link":"https:\/\/www.transtoyou.com\/nb\/product\/diprosone\/","title":{"rendered":"Diprosone"},"content":{"rendered":"<p>Diprosone er et potent topisk kortikosteroid som inneholder betametason. Det virker ved \u00e5 redusere betennelse, hevelse, r\u00f8dhet og kl\u00f8e ved hudtilstander som responderer p\u00e5 kortikosteroider. Dets betennelsesdempende effekt skyldes evnen til \u00e5 undertrykke aktiviteten til stoffer i kroppen som for\u00e5rsaker betennelse, som prostaglandiner, histaminer og kinin. Det fungerer ogs\u00e5 som et immunsuppressivt middel og antiproliferativt, og hjelper med \u00e5 dempe hudutbrudd og redusere overvekst av hudceller.<\/p>\n<p>Denne medisinen er prim\u00e6rt indikert for betennelses- og kl\u00f8ende hudtilstander som eksem, psoriasis, kontakteksem, seborreisk dermatitt, insektbitt og andre hudtilstander.<\/p>\n<p>N\u00e5r det p\u00e5f\u00f8res direkte p\u00e5 huden, lindrer Diprosone symptomer ved \u00e5 smalne blod\u00e5rene i det ber\u00f8rte omr\u00e5det, noe som reduserer r\u00f8dhet og hevelse. Det beroliger ogs\u00e5 overaktive immunresponser og bremser ned overdreven produksjon av hudceller, noe som ofte sees ved kroniske tilstander som psoriasis.<\/p>\n<p>De viktigste fordelene med Diprosone inkluderer rask lindring av r\u00f8dhet, kl\u00f8e og betennelse, selv ved motstandsdyktige hudtilstander. Det foreskrives ofte for kortvarig bruk og er tilgjengelig i forskjellige formuleringer (krem, salve, lotion) avhengig av plasseringen og alvorlighetsgraden av hudproblemet. Selv om det er effektivt og godt tolerert, b\u00f8r bruken begrenses til sm\u00e5 omr\u00e5der og korte perioder for \u00e5 redusere risikoen for tynnere hud eller systemisk absorpsjon.<\/p>\n","protected":false},"excerpt":{"rendered":"<ul>\n<li>Rask lindring for betent hud<\/li>\n<li>Hjelper med \u00e5 redusere kl\u00f8e og r\u00f8dhet<\/li>\n<li>Egnet for eksem og psoriasis<\/li>\n<\/ul>\n","protected":false},"featured_media":828,"comment_status":"open","ping_status":"closed","template":"","meta":[],"product_brand":[],"product_cat":[109,159],"product_tag":[],"expert":[17],"class_list":{"0":"post-826","1":"product","2":"type-product","3":"status-publish","4":"has-post-thumbnail","6":"product_cat-eksem","7":"product_cat-psoriasis","8":"expert-dr-c-munoz-parada","10":"first","11":"instock","12":"shipping-taxable","13":"purchasable","14":"product-type-variable"},"yoast_head":"<!-- This site is optimized with the Yoast SEO plugin v27.0 - https:\/\/yoast.com\/product\/yoast-seo-wordpress\/ -->\n<title>Diprosone | Avansert Hudpleie Lindring - Transtoyou<\/title>\n<meta name=\"description\" content=\"Diprosone, tilgjengelig her p\u00e5 Transtoyou, gir effektiv lindring for hudbetennelse. Kj\u00f8p n\u00e5 for p\u00e5litelig behandling og ekspertst\u00f8ttede velv\u00e6re l\u00f8sninger.\" \/>\n<meta name=\"robots\" content=\"noindex, follow, max-snippet:-1, max-image-preview:large, max-video-preview:-1\" \/>\n<meta property=\"og:locale\" content=\"nb_NO\" \/>\n<meta property=\"og:type\" content=\"article\" \/>\n<meta property=\"og:title\" content=\"Diprosone | Avansert Hudpleie Lindring - Transtoyou\" \/>\n<meta property=\"og:description\" content=\"Diprosone, tilgjengelig her p\u00e5 Transtoyou, gir effektiv lindring for hudbetennelse. Kj\u00f8p n\u00e5 for p\u00e5litelig behandling og ekspertst\u00f8ttede velv\u00e6re l\u00f8sninger.\" \/>\n<meta property=\"og:url\" content=\"https:\/\/www.transtoyou.com\/nb\/product\/diprosone\/\" \/>\n<meta property=\"og:site_name\" content=\"Transtoyou - NB\" \/>\n<meta property=\"article:modified_time\" content=\"2026-02-17T13:31:24+00:00\" \/>\n<meta name=\"twitter:card\" content=\"summary_large_image\" \/>\n<meta name=\"twitter:label1\" content=\"Ansl. lesetid\" \/>\n\t<meta name=\"twitter:data1\" content=\"1 minutt\" \/>\n<script type=\"application\/ld+json\" class=\"yoast-schema-graph\">{\"@context\":\"https:\/\/schema.org\",\"@graph\":[{\"@type\":\"WebPage\",\"@id\":\"https:\/\/www.transtoyou.com\/nb\/product\/diprosone\/\",\"url\":\"https:\/\/www.transtoyou.com\/nb\/product\/diprosone\/\",\"name\":\"Diprosone | Avansert Hudpleie Lindring - Transtoyou\",\"isPartOf\":{\"@id\":\"https:\/\/www.transtoyou.com\/nb\/#website\"},\"primaryImageOfPage\":{\"@id\":\"https:\/\/www.transtoyou.com\/nb\/product\/diprosone\/#primaryimage\"},\"image\":{\"@id\":\"https:\/\/www.transtoyou.com\/nb\/product\/diprosone\/#primaryimage\"},\"thumbnailUrl\":\"https:\/\/www.transtoyou.com\/nb\/wp-content\/uploads\/sites\/10\/2026\/01\/tty-no-product-image-35.webp\",\"datePublished\":\"2026-01-23T16:43:26+00:00\",\"dateModified\":\"2026-02-17T13:31:24+00:00\",\"description\":\"Diprosone, tilgjengelig her p\u00e5 Transtoyou, gir effektiv lindring for hudbetennelse. Kj\u00f8p n\u00e5 for p\u00e5litelig behandling og ekspertst\u00f8ttede velv\u00e6re l\u00f8sninger.\",\"breadcrumb\":{\"@id\":\"https:\/\/www.transtoyou.com\/nb\/product\/diprosone\/#breadcrumb\"},\"inLanguage\":\"nb-NO\",\"potentialAction\":[{\"@type\":\"ReadAction\",\"target\":[\"https:\/\/www.transtoyou.com\/nb\/product\/diprosone\/\"]}]},{\"@type\":\"ImageObject\",\"inLanguage\":\"nb-NO\",\"@id\":\"https:\/\/www.transtoyou.com\/nb\/product\/diprosone\/#primaryimage\",\"url\":\"https:\/\/www.transtoyou.com\/nb\/wp-content\/uploads\/sites\/10\/2026\/01\/tty-no-product-image-35.webp\",\"contentUrl\":\"https:\/\/www.transtoyou.com\/nb\/wp-content\/uploads\/sites\/10\/2026\/01\/tty-no-product-image-35.webp\",\"width\":1000,\"height\":1000,\"caption\":\"Standard produktbilde\"},{\"@type\":\"WebSite\",\"@id\":\"https:\/\/www.transtoyou.com\/nb\/#website\",\"url\":\"https:\/\/www.transtoyou.com\/nb\/\",\"name\":\"Transtoyou - NB\",\"description\":\"\",\"publisher\":{\"@id\":\"https:\/\/www.transtoyou.com\/nb\/#organization\"},\"potentialAction\":[{\"@type\":\"SearchAction\",\"target\":{\"@type\":\"EntryPoint\",\"urlTemplate\":\"https:\/\/www.transtoyou.com\/nb\/?s={search_term_string}\"},\"query-input\":{\"@type\":\"PropertyValueSpecification\",\"valueRequired\":true,\"valueName\":\"search_term_string\"}}],\"inLanguage\":\"nb-NO\"},{\"@type\":\"Organization\",\"@id\":\"https:\/\/www.transtoyou.com\/nb\/#organization\",\"name\":\"Transtoyou - NB\",\"url\":\"https:\/\/www.transtoyou.com\/nb\/\",\"logo\":{\"@type\":\"ImageObject\",\"inLanguage\":\"nb-NO\",\"@id\":\"https:\/\/www.transtoyou.com\/nb\/#\/schema\/logo\/image\/\",\"url\":\"https:\/\/www.transtoyou.com\/nb\/wp-content\/uploads\/sites\/10\/2026\/01\/logo-tty-menu-bar-300x87-1.webp\",\"contentUrl\":\"https:\/\/www.transtoyou.com\/nb\/wp-content\/uploads\/sites\/10\/2026\/01\/logo-tty-menu-bar-300x87-1.webp\",\"width\":300,\"height\":87,\"caption\":\"Transtoyou - NB\"},\"image\":{\"@id\":\"https:\/\/www.transtoyou.com\/nb\/#\/schema\/logo\/image\/\"}}]}<\/script>\n<!-- \/ Yoast SEO plugin. -->","yoast_head_json":{"title":"Diprosone | Avansert Hudpleie Lindring - Transtoyou","description":"Diprosone, tilgjengelig her p\u00e5 Transtoyou, gir effektiv lindring for hudbetennelse. Kj\u00f8p n\u00e5 for p\u00e5litelig behandling og ekspertst\u00f8ttede velv\u00e6re l\u00f8sninger.","robots":{"index":"noindex","follow":"follow","max-snippet":"max-snippet:-1","max-image-preview":"max-image-preview:large","max-video-preview":"max-video-preview:-1"},"og_locale":"nb_NO","og_type":"article","og_title":"Diprosone | Avansert Hudpleie Lindring - Transtoyou","og_description":"Diprosone, tilgjengelig her p\u00e5 Transtoyou, gir effektiv lindring for hudbetennelse. Kj\u00f8p n\u00e5 for p\u00e5litelig behandling og ekspertst\u00f8ttede velv\u00e6re l\u00f8sninger.","og_url":"https:\/\/www.transtoyou.com\/nb\/product\/diprosone\/","og_site_name":"Transtoyou - NB","article_modified_time":"2026-02-17T13:31:24+00:00","twitter_card":"summary_large_image","twitter_misc":{"Ansl. lesetid":"1 minutt"},"schema":{"@context":"https:\/\/schema.org","@graph":[{"@type":"WebPage","@id":"https:\/\/www.transtoyou.com\/nb\/product\/diprosone\/","url":"https:\/\/www.transtoyou.com\/nb\/product\/diprosone\/","name":"Diprosone | Avansert Hudpleie Lindring - Transtoyou","isPartOf":{"@id":"https:\/\/www.transtoyou.com\/nb\/#website"},"primaryImageOfPage":{"@id":"https:\/\/www.transtoyou.com\/nb\/product\/diprosone\/#primaryimage"},"image":{"@id":"https:\/\/www.transtoyou.com\/nb\/product\/diprosone\/#primaryimage"},"thumbnailUrl":"https:\/\/www.transtoyou.com\/nb\/wp-content\/uploads\/sites\/10\/2026\/01\/tty-no-product-image-35.webp","datePublished":"2026-01-23T16:43:26+00:00","dateModified":"2026-02-17T13:31:24+00:00","description":"Diprosone, tilgjengelig her p\u00e5 Transtoyou, gir effektiv lindring for hudbetennelse. Kj\u00f8p n\u00e5 for p\u00e5litelig behandling og ekspertst\u00f8ttede velv\u00e6re l\u00f8sninger.","breadcrumb":{"@id":"https:\/\/www.transtoyou.com\/nb\/product\/diprosone\/#breadcrumb"},"inLanguage":"nb-NO","potentialAction":[{"@type":"ReadAction","target":["https:\/\/www.transtoyou.com\/nb\/product\/diprosone\/"]}]},{"@type":"ImageObject","inLanguage":"nb-NO","@id":"https:\/\/www.transtoyou.com\/nb\/product\/diprosone\/#primaryimage","url":"https:\/\/www.transtoyou.com\/nb\/wp-content\/uploads\/sites\/10\/2026\/01\/tty-no-product-image-35.webp","contentUrl":"https:\/\/www.transtoyou.com\/nb\/wp-content\/uploads\/sites\/10\/2026\/01\/tty-no-product-image-35.webp","width":1000,"height":1000,"caption":"Standard produktbilde"},{"@type":"WebSite","@id":"https:\/\/www.transtoyou.com\/nb\/#website","url":"https:\/\/www.transtoyou.com\/nb\/","name":"Transtoyou - NB","description":"","publisher":{"@id":"https:\/\/www.transtoyou.com\/nb\/#organization"},"potentialAction":[{"@type":"SearchAction","target":{"@type":"EntryPoint","urlTemplate":"https:\/\/www.transtoyou.com\/nb\/?s={search_term_string}"},"query-input":{"@type":"PropertyValueSpecification","valueRequired":true,"valueName":"search_term_string"}}],"inLanguage":"nb-NO"},{"@type":"Organization","@id":"https:\/\/www.transtoyou.com\/nb\/#organization","name":"Transtoyou - NB","url":"https:\/\/www.transtoyou.com\/nb\/","logo":{"@type":"ImageObject","inLanguage":"nb-NO","@id":"https:\/\/www.transtoyou.com\/nb\/#\/schema\/logo\/image\/","url":"https:\/\/www.transtoyou.com\/nb\/wp-content\/uploads\/sites\/10\/2026\/01\/logo-tty-menu-bar-300x87-1.webp","contentUrl":"https:\/\/www.transtoyou.com\/nb\/wp-content\/uploads\/sites\/10\/2026\/01\/logo-tty-menu-bar-300x87-1.webp","width":300,"height":87,"caption":"Transtoyou - NB"},"image":{"@id":"https:\/\/www.transtoyou.com\/nb\/#\/schema\/logo\/image\/"}}]}},"_links":{"self":[{"href":"https:\/\/www.transtoyou.com\/nb\/wp-json\/wp\/v2\/product\/826","targetHints":{"allow":["GET"]}}],"collection":[{"href":"https:\/\/www.transtoyou.com\/nb\/wp-json\/wp\/v2\/product"}],"about":[{"href":"https:\/\/www.transtoyou.com\/nb\/wp-json\/wp\/v2\/types\/product"}],"replies":[{"embeddable":true,"href":"https:\/\/www.transtoyou.com\/nb\/wp-json\/wp\/v2\/comments?post=826"}],"wp:featuredmedia":[{"embeddable":true,"href":"https:\/\/www.transtoyou.com\/nb\/wp-json\/wp\/v2\/media\/828"}],"wp:attachment":[{"href":"https:\/\/www.transtoyou.com\/nb\/wp-json\/wp\/v2\/media?parent=826"}],"wp:term":[{"taxonomy":"product_brand","embeddable":true,"href":"https:\/\/www.transtoyou.com\/nb\/wp-json\/wp\/v2\/product_brand?post=826"},{"taxonomy":"product_cat","embeddable":true,"href":"https:\/\/www.transtoyou.com\/nb\/wp-json\/wp\/v2\/product_cat?post=826"},{"taxonomy":"product_tag","embeddable":true,"href":"https:\/\/www.transtoyou.com\/nb\/wp-json\/wp\/v2\/product_tag?post=826"},{"taxonomy":"expert","embeddable":true,"href":"https:\/\/www.transtoyou.com\/nb\/wp-json\/wp\/v2\/expert?post=826"}],"curies":[{"name":"wp","href":"https:\/\/api.w.org\/{rel}","templated":true}]}}