{"id":829,"date":"2026-01-23T18:57:53","date_gmt":"2026-01-23T16:57:53","guid":{"rendered":"https:\/\/www.transtoyou.com\/nb\/product\/elidel\/"},"modified":"2026-01-23T18:58:51","modified_gmt":"2026-01-23T16:58:51","slug":"elidel","status":"publish","type":"product","link":"https:\/\/www.transtoyou.com\/nb\/product\/elidel\/","title":{"rendered":"Elidel"},"content":{"rendered":"<p>Elidel er en krem som brukes til \u00e5 behandle mild til moderat atopisk dermatitt (eksem). Den tilh\u00f8rer en gruppe medisiner kalt topiske kalsineurinhindrere. I motsetning til kortikosteroider tynner den ikke ut huden og er spesielt nyttig for sensitive omr\u00e5der som ansiktet, nakken og hudfolder.<\/p>\n<p>Pimecrolimus, den aktive ingrediensen i Elidel, virker ved \u00e5 m\u00e5lrette immunsystemet i huden. Den blokkerer et spesifikt enzym kalt kalsineurin, som er ansvarlig for \u00e5 aktivere betennelsesceller. Ved \u00e5 hemme denne prosessen reduserer Elidel frigj\u00f8ringen av proinflammatoriske stoffer som interleukiner og histamin, noe som bidrar til \u00e5 lindre r\u00f8dhet, kl\u00f8e og hevelse. Den forhindrer ogs\u00e5 aktiveringen av mastceller, som er involvert i allergiske reaksjoner.<\/p>\n<p>Elidel er indikert for personer som ikke kan bruke kortikosteroider eller for omr\u00e5der der steroider ikke er egnet, som ansiktet eller nakken.<\/p>\n<p>Elidel virker direkte der den p\u00e5f\u00f8res, og bare sm\u00e5 mengder kommer inn i blodstr\u00f8mmen. Den hjelper med \u00e5 stoppe forverring av utbrudd og kan brukes p\u00e5 lang sikt for \u00e5 h\u00e5ndtere tilbakevendende utbrudd. De viktigste fordelene med Elidel inkluderer dens effektivitet i \u00e5 redusere betennelse og kl\u00f8e, samt dens egnethet for delikate omr\u00e5der av huden.<\/p>\n<p>De fleste brukere opplever forbedring innen de f\u00f8rste ukene. Den kan trygt brukes p\u00e5 lang sikt i intervaller for \u00e5 h\u00e5ndtere symptomer og opprettholde kontroll over eksem.<\/p>\n","protected":false},"excerpt":{"rendered":"<ul>\n<li>Steroidfri eksembehandling<\/li>\n<li>Egnet for sensitive hudomr\u00e5der<\/li>\n<li>For langvarig intermitterende bruk<\/li>\n<\/ul>\n","protected":false},"featured_media":831,"comment_status":"open","ping_status":"closed","template":"","meta":[],"product_brand":[],"product_cat":[109],"product_tag":[],"expert":[17],"class_list":{"0":"post-829","1":"product","2":"type-product","3":"status-publish","4":"has-post-thumbnail","6":"product_cat-eksem","7":"expert-dr-c-munoz-parada","9":"first","10":"instock","11":"shipping-taxable","12":"product-type-variable"},"yoast_head":"<!-- This site is optimized with the Yoast SEO plugin v27.0 - https:\/\/yoast.com\/product\/yoast-seo-wordpress\/ -->\n<title>Elidel | Lindrer eksem, sk\u00e5nsom mot huden - Transtoyou<\/title>\n<meta name=\"description\" content=\"Elidel krem behandler eksem effektivt, retter seg mot betennelse uten \u00e5 tynne ut huden. Ideell for sensitive omr\u00e5der. Tilgjengelig her for enkel bestilling.\" \/>\n<meta name=\"robots\" content=\"noindex, follow, max-snippet:-1, max-image-preview:large, max-video-preview:-1\" \/>\n<meta property=\"og:locale\" content=\"nb_NO\" \/>\n<meta property=\"og:type\" content=\"article\" \/>\n<meta property=\"og:title\" content=\"Elidel | Lindrer eksem, sk\u00e5nsom mot huden - Transtoyou\" \/>\n<meta property=\"og:description\" content=\"Elidel krem behandler eksem effektivt, retter seg mot betennelse uten \u00e5 tynne ut huden. Ideell for sensitive omr\u00e5der. Tilgjengelig her for enkel bestilling.\" \/>\n<meta property=\"og:url\" content=\"https:\/\/www.transtoyou.com\/nb\/product\/elidel\/\" \/>\n<meta property=\"og:site_name\" content=\"Transtoyou - NB\" \/>\n<meta property=\"article:modified_time\" content=\"2026-01-23T16:58:51+00:00\" \/>\n<meta name=\"twitter:card\" content=\"summary_large_image\" \/>\n<meta name=\"twitter:label1\" content=\"Ansl. lesetid\" \/>\n\t<meta name=\"twitter:data1\" content=\"1 minutt\" \/>\n<script type=\"application\/ld+json\" class=\"yoast-schema-graph\">{\"@context\":\"https:\/\/schema.org\",\"@graph\":[{\"@type\":\"WebPage\",\"@id\":\"https:\/\/www.transtoyou.com\/nb\/product\/elidel\/\",\"url\":\"https:\/\/www.transtoyou.com\/nb\/product\/elidel\/\",\"name\":\"Elidel | Lindrer eksem, sk\u00e5nsom mot huden - Transtoyou\",\"isPartOf\":{\"@id\":\"https:\/\/www.transtoyou.com\/nb\/#website\"},\"primaryImageOfPage\":{\"@id\":\"https:\/\/www.transtoyou.com\/nb\/product\/elidel\/#primaryimage\"},\"image\":{\"@id\":\"https:\/\/www.transtoyou.com\/nb\/product\/elidel\/#primaryimage\"},\"thumbnailUrl\":\"https:\/\/www.transtoyou.com\/nb\/wp-content\/uploads\/sites\/10\/2026\/01\/tty-no-product-image-36.webp\",\"datePublished\":\"2026-01-23T16:57:53+00:00\",\"dateModified\":\"2026-01-23T16:58:51+00:00\",\"description\":\"Elidel krem behandler eksem effektivt, retter seg mot betennelse uten \u00e5 tynne ut huden. Ideell for sensitive omr\u00e5der. Tilgjengelig her for enkel bestilling.\",\"breadcrumb\":{\"@id\":\"https:\/\/www.transtoyou.com\/nb\/product\/elidel\/#breadcrumb\"},\"inLanguage\":\"nb-NO\",\"potentialAction\":[{\"@type\":\"ReadAction\",\"target\":[\"https:\/\/www.transtoyou.com\/nb\/product\/elidel\/\"]}]},{\"@type\":\"ImageObject\",\"inLanguage\":\"nb-NO\",\"@id\":\"https:\/\/www.transtoyou.com\/nb\/product\/elidel\/#primaryimage\",\"url\":\"https:\/\/www.transtoyou.com\/nb\/wp-content\/uploads\/sites\/10\/2026\/01\/tty-no-product-image-36.webp\",\"contentUrl\":\"https:\/\/www.transtoyou.com\/nb\/wp-content\/uploads\/sites\/10\/2026\/01\/tty-no-product-image-36.webp\",\"width\":1000,\"height\":1000,\"caption\":\"Standard produktbilde\"},{\"@type\":\"WebSite\",\"@id\":\"https:\/\/www.transtoyou.com\/nb\/#website\",\"url\":\"https:\/\/www.transtoyou.com\/nb\/\",\"name\":\"Transtoyou - NB\",\"description\":\"\",\"publisher\":{\"@id\":\"https:\/\/www.transtoyou.com\/nb\/#organization\"},\"potentialAction\":[{\"@type\":\"SearchAction\",\"target\":{\"@type\":\"EntryPoint\",\"urlTemplate\":\"https:\/\/www.transtoyou.com\/nb\/?s={search_term_string}\"},\"query-input\":{\"@type\":\"PropertyValueSpecification\",\"valueRequired\":true,\"valueName\":\"search_term_string\"}}],\"inLanguage\":\"nb-NO\"},{\"@type\":\"Organization\",\"@id\":\"https:\/\/www.transtoyou.com\/nb\/#organization\",\"name\":\"Transtoyou - NB\",\"url\":\"https:\/\/www.transtoyou.com\/nb\/\",\"logo\":{\"@type\":\"ImageObject\",\"inLanguage\":\"nb-NO\",\"@id\":\"https:\/\/www.transtoyou.com\/nb\/#\/schema\/logo\/image\/\",\"url\":\"https:\/\/www.transtoyou.com\/nb\/wp-content\/uploads\/sites\/10\/2026\/01\/logo-tty-menu-bar-300x87-1.webp\",\"contentUrl\":\"https:\/\/www.transtoyou.com\/nb\/wp-content\/uploads\/sites\/10\/2026\/01\/logo-tty-menu-bar-300x87-1.webp\",\"width\":300,\"height\":87,\"caption\":\"Transtoyou - NB\"},\"image\":{\"@id\":\"https:\/\/www.transtoyou.com\/nb\/#\/schema\/logo\/image\/\"}}]}<\/script>\n<!-- \/ Yoast SEO plugin. -->","yoast_head_json":{"title":"Elidel | Lindrer eksem, sk\u00e5nsom mot huden - Transtoyou","description":"Elidel krem behandler eksem effektivt, retter seg mot betennelse uten \u00e5 tynne ut huden. Ideell for sensitive omr\u00e5der. Tilgjengelig her for enkel bestilling.","robots":{"index":"noindex","follow":"follow","max-snippet":"max-snippet:-1","max-image-preview":"max-image-preview:large","max-video-preview":"max-video-preview:-1"},"og_locale":"nb_NO","og_type":"article","og_title":"Elidel | Lindrer eksem, sk\u00e5nsom mot huden - Transtoyou","og_description":"Elidel krem behandler eksem effektivt, retter seg mot betennelse uten \u00e5 tynne ut huden. Ideell for sensitive omr\u00e5der. Tilgjengelig her for enkel bestilling.","og_url":"https:\/\/www.transtoyou.com\/nb\/product\/elidel\/","og_site_name":"Transtoyou - NB","article_modified_time":"2026-01-23T16:58:51+00:00","twitter_card":"summary_large_image","twitter_misc":{"Ansl. lesetid":"1 minutt"},"schema":{"@context":"https:\/\/schema.org","@graph":[{"@type":"WebPage","@id":"https:\/\/www.transtoyou.com\/nb\/product\/elidel\/","url":"https:\/\/www.transtoyou.com\/nb\/product\/elidel\/","name":"Elidel | Lindrer eksem, sk\u00e5nsom mot huden - Transtoyou","isPartOf":{"@id":"https:\/\/www.transtoyou.com\/nb\/#website"},"primaryImageOfPage":{"@id":"https:\/\/www.transtoyou.com\/nb\/product\/elidel\/#primaryimage"},"image":{"@id":"https:\/\/www.transtoyou.com\/nb\/product\/elidel\/#primaryimage"},"thumbnailUrl":"https:\/\/www.transtoyou.com\/nb\/wp-content\/uploads\/sites\/10\/2026\/01\/tty-no-product-image-36.webp","datePublished":"2026-01-23T16:57:53+00:00","dateModified":"2026-01-23T16:58:51+00:00","description":"Elidel krem behandler eksem effektivt, retter seg mot betennelse uten \u00e5 tynne ut huden. Ideell for sensitive omr\u00e5der. Tilgjengelig her for enkel bestilling.","breadcrumb":{"@id":"https:\/\/www.transtoyou.com\/nb\/product\/elidel\/#breadcrumb"},"inLanguage":"nb-NO","potentialAction":[{"@type":"ReadAction","target":["https:\/\/www.transtoyou.com\/nb\/product\/elidel\/"]}]},{"@type":"ImageObject","inLanguage":"nb-NO","@id":"https:\/\/www.transtoyou.com\/nb\/product\/elidel\/#primaryimage","url":"https:\/\/www.transtoyou.com\/nb\/wp-content\/uploads\/sites\/10\/2026\/01\/tty-no-product-image-36.webp","contentUrl":"https:\/\/www.transtoyou.com\/nb\/wp-content\/uploads\/sites\/10\/2026\/01\/tty-no-product-image-36.webp","width":1000,"height":1000,"caption":"Standard produktbilde"},{"@type":"WebSite","@id":"https:\/\/www.transtoyou.com\/nb\/#website","url":"https:\/\/www.transtoyou.com\/nb\/","name":"Transtoyou - NB","description":"","publisher":{"@id":"https:\/\/www.transtoyou.com\/nb\/#organization"},"potentialAction":[{"@type":"SearchAction","target":{"@type":"EntryPoint","urlTemplate":"https:\/\/www.transtoyou.com\/nb\/?s={search_term_string}"},"query-input":{"@type":"PropertyValueSpecification","valueRequired":true,"valueName":"search_term_string"}}],"inLanguage":"nb-NO"},{"@type":"Organization","@id":"https:\/\/www.transtoyou.com\/nb\/#organization","name":"Transtoyou - NB","url":"https:\/\/www.transtoyou.com\/nb\/","logo":{"@type":"ImageObject","inLanguage":"nb-NO","@id":"https:\/\/www.transtoyou.com\/nb\/#\/schema\/logo\/image\/","url":"https:\/\/www.transtoyou.com\/nb\/wp-content\/uploads\/sites\/10\/2026\/01\/logo-tty-menu-bar-300x87-1.webp","contentUrl":"https:\/\/www.transtoyou.com\/nb\/wp-content\/uploads\/sites\/10\/2026\/01\/logo-tty-menu-bar-300x87-1.webp","width":300,"height":87,"caption":"Transtoyou - NB"},"image":{"@id":"https:\/\/www.transtoyou.com\/nb\/#\/schema\/logo\/image\/"}}]}},"_links":{"self":[{"href":"https:\/\/www.transtoyou.com\/nb\/wp-json\/wp\/v2\/product\/829","targetHints":{"allow":["GET"]}}],"collection":[{"href":"https:\/\/www.transtoyou.com\/nb\/wp-json\/wp\/v2\/product"}],"about":[{"href":"https:\/\/www.transtoyou.com\/nb\/wp-json\/wp\/v2\/types\/product"}],"replies":[{"embeddable":true,"href":"https:\/\/www.transtoyou.com\/nb\/wp-json\/wp\/v2\/comments?post=829"}],"wp:featuredmedia":[{"embeddable":true,"href":"https:\/\/www.transtoyou.com\/nb\/wp-json\/wp\/v2\/media\/831"}],"wp:attachment":[{"href":"https:\/\/www.transtoyou.com\/nb\/wp-json\/wp\/v2\/media?parent=829"}],"wp:term":[{"taxonomy":"product_brand","embeddable":true,"href":"https:\/\/www.transtoyou.com\/nb\/wp-json\/wp\/v2\/product_brand?post=829"},{"taxonomy":"product_cat","embeddable":true,"href":"https:\/\/www.transtoyou.com\/nb\/wp-json\/wp\/v2\/product_cat?post=829"},{"taxonomy":"product_tag","embeddable":true,"href":"https:\/\/www.transtoyou.com\/nb\/wp-json\/wp\/v2\/product_tag?post=829"},{"taxonomy":"expert","embeddable":true,"href":"https:\/\/www.transtoyou.com\/nb\/wp-json\/wp\/v2\/expert?post=829"}],"curies":[{"name":"wp","href":"https:\/\/api.w.org\/{rel}","templated":true}]}}