{"id":838,"date":"2026-01-23T19:42:37","date_gmt":"2026-01-23T17:42:37","guid":{"rendered":"https:\/\/www.transtoyou.com\/nb\/product\/movicol\/"},"modified":"2026-02-17T15:31:24","modified_gmt":"2026-02-17T13:31:24","slug":"movicol","status":"publish","type":"product","link":"https:\/\/www.transtoyou.com\/nb\/product\/movicol\/","title":{"rendered":"Movicol"},"content":{"rendered":"<p>Movicol er et osmotisk avf\u00f8ringsmiddel som brukes til \u00e5 behandle kronisk forstoppelse og fecal impaction. Dets aktive ingrediens, makrogol 3350, er et stort polymer som ikke absorberes i blodstr\u00f8mmen. N\u00e5r det tas oralt, forblir det i tarmene og trekker vann inn i tarmen. Denne \u00f8kningen i vanninnholdet mykgj\u00f8r avf\u00f8ringen, \u00f8ker volumet og utl\u00f8ser den naturlige refleksen til \u00e5 defekere. Formuleringen inkluderer ogs\u00e5 essensielle elektrolytter (natrium, kalium og bikarbonat) for \u00e5 forhindre dehydrering og opprettholde elektrolyttbalansen under behandlingen.<\/p>\n<p>Movicol er prim\u00e6rt indikert for to tilstander: behandlingen av kronisk forstoppelse og oppl\u00f8sningen av fecal impaction, som er en mer alvorlig form for forstoppelse der herdet avf\u00f8ring akkumuleres i endetarmen eller tykktarmen og blir vanskelig \u00e5 passere.<\/p>\n<p>Dets effekter p\u00e5 kroppen er hovedsakelig lokale og gastrointestinale. Ved \u00e5 hydrere og mykgj\u00f8re avf\u00f8ringen stimulerer det regelmessige tarmbevegelser uten \u00e5 irritere tarmslimhinnen. I motsetning til stimulerende avf\u00f8ringsmidler, virker det ikke p\u00e5 nervene eller musklene i tarmen, noe som gj\u00f8r det egnet for mer sensitive pasienter eller de som trenger langvarig behandling under tilsyn.<\/p>\n<p>Blant de viktigste fordelene med Movicol er dens forutsigbare og milde avf\u00f8ringsmiddelvirkning, med minimal systemisk absorpsjon og generelt milde bivirkninger. Det kan v\u00e6re spesielt nyttig for eldre pasienter og de med kroniske nevrologiske tilstander som Parkinsons sykdom eller multippel sklerose som er utsatt for refrakt\u00e6r forstoppelse. Det er ogs\u00e5 egnet under graviditet eller amming om n\u00f8dvendig, da dens systemiske eksponering er minimal.<\/p>\n<p>Movicol kan tas med eller uten mat og oppl\u00f8ses i vann f\u00f8r bruk. Det tolereres generelt godt, og dets bivirkninger, som oppbl\u00e5sthet eller kvalme, er vanligvis milde og doseavhengige.<\/p>\n","protected":false},"excerpt":{"rendered":"<ul>\n<li>Lindrer kronisk forstoppelse og avf\u00f8ringstopp<\/li>\n<li>Sk\u00e5nsom og effektiv osmotisk virkning<\/li>\n<li>Inneholder elektrolytter for \u00e5 forhindre ubalanse<\/li>\n<\/ul>\n","protected":false},"featured_media":840,"comment_status":"open","ping_status":"closed","template":"","meta":[],"product_brand":[],"product_cat":[95],"product_tag":[],"expert":[17],"class_list":{"0":"post-838","1":"product","2":"type-product","3":"status-publish","4":"has-post-thumbnail","6":"product_cat-forstoppelse","7":"expert-dr-c-munoz-parada","9":"first","10":"instock","11":"shipping-taxable","12":"purchasable","13":"product-type-variable"},"yoast_head":"<!-- This site is optimized with the Yoast SEO plugin v27.0 - https:\/\/yoast.com\/product\/yoast-seo-wordpress\/ -->\n<title>Movicol | Effektiv Lindring av Forstoppelse - Transtoyou<\/title>\n<meta name=\"description\" content=\"Movicol, et osmotisk avf\u00f8ringsmiddel, behandler kronisk forstoppelse og fecal impaction effektivt. Tilgjengelig her, oppretthold tarmhelsen enkelt.\" \/>\n<meta name=\"robots\" content=\"noindex, follow, max-snippet:-1, max-image-preview:large, max-video-preview:-1\" \/>\n<meta property=\"og:locale\" content=\"nb_NO\" \/>\n<meta property=\"og:type\" content=\"article\" \/>\n<meta property=\"og:title\" content=\"Movicol | Effektiv Lindring av Forstoppelse - Transtoyou\" \/>\n<meta property=\"og:description\" content=\"Movicol, et osmotisk avf\u00f8ringsmiddel, behandler kronisk forstoppelse og fecal impaction effektivt. Tilgjengelig her, oppretthold tarmhelsen enkelt.\" \/>\n<meta property=\"og:url\" content=\"https:\/\/www.transtoyou.com\/nb\/product\/movicol\/\" \/>\n<meta property=\"og:site_name\" content=\"Transtoyou - NB\" \/>\n<meta property=\"article:modified_time\" content=\"2026-02-17T13:31:24+00:00\" \/>\n<meta name=\"twitter:card\" content=\"summary_large_image\" \/>\n<meta name=\"twitter:label1\" content=\"Ansl. lesetid\" \/>\n\t<meta name=\"twitter:data1\" content=\"1 minutt\" \/>\n<script type=\"application\/ld+json\" class=\"yoast-schema-graph\">{\"@context\":\"https:\/\/schema.org\",\"@graph\":[{\"@type\":\"WebPage\",\"@id\":\"https:\/\/www.transtoyou.com\/nb\/product\/movicol\/\",\"url\":\"https:\/\/www.transtoyou.com\/nb\/product\/movicol\/\",\"name\":\"Movicol | Effektiv Lindring av Forstoppelse - Transtoyou\",\"isPartOf\":{\"@id\":\"https:\/\/www.transtoyou.com\/nb\/#website\"},\"primaryImageOfPage\":{\"@id\":\"https:\/\/www.transtoyou.com\/nb\/product\/movicol\/#primaryimage\"},\"image\":{\"@id\":\"https:\/\/www.transtoyou.com\/nb\/product\/movicol\/#primaryimage\"},\"thumbnailUrl\":\"https:\/\/www.transtoyou.com\/nb\/wp-content\/uploads\/sites\/10\/2026\/01\/tty-no-product-image-39.webp\",\"datePublished\":\"2026-01-23T17:42:37+00:00\",\"dateModified\":\"2026-02-17T13:31:24+00:00\",\"description\":\"Movicol, et osmotisk avf\u00f8ringsmiddel, behandler kronisk forstoppelse og fecal impaction effektivt. Tilgjengelig her, oppretthold tarmhelsen enkelt.\",\"breadcrumb\":{\"@id\":\"https:\/\/www.transtoyou.com\/nb\/product\/movicol\/#breadcrumb\"},\"inLanguage\":\"nb-NO\",\"potentialAction\":[{\"@type\":\"ReadAction\",\"target\":[\"https:\/\/www.transtoyou.com\/nb\/product\/movicol\/\"]}]},{\"@type\":\"ImageObject\",\"inLanguage\":\"nb-NO\",\"@id\":\"https:\/\/www.transtoyou.com\/nb\/product\/movicol\/#primaryimage\",\"url\":\"https:\/\/www.transtoyou.com\/nb\/wp-content\/uploads\/sites\/10\/2026\/01\/tty-no-product-image-39.webp\",\"contentUrl\":\"https:\/\/www.transtoyou.com\/nb\/wp-content\/uploads\/sites\/10\/2026\/01\/tty-no-product-image-39.webp\",\"width\":1000,\"height\":1000,\"caption\":\"Standard produktbilde\"},{\"@type\":\"WebSite\",\"@id\":\"https:\/\/www.transtoyou.com\/nb\/#website\",\"url\":\"https:\/\/www.transtoyou.com\/nb\/\",\"name\":\"Transtoyou - NB\",\"description\":\"\",\"publisher\":{\"@id\":\"https:\/\/www.transtoyou.com\/nb\/#organization\"},\"potentialAction\":[{\"@type\":\"SearchAction\",\"target\":{\"@type\":\"EntryPoint\",\"urlTemplate\":\"https:\/\/www.transtoyou.com\/nb\/?s={search_term_string}\"},\"query-input\":{\"@type\":\"PropertyValueSpecification\",\"valueRequired\":true,\"valueName\":\"search_term_string\"}}],\"inLanguage\":\"nb-NO\"},{\"@type\":\"Organization\",\"@id\":\"https:\/\/www.transtoyou.com\/nb\/#organization\",\"name\":\"Transtoyou - NB\",\"url\":\"https:\/\/www.transtoyou.com\/nb\/\",\"logo\":{\"@type\":\"ImageObject\",\"inLanguage\":\"nb-NO\",\"@id\":\"https:\/\/www.transtoyou.com\/nb\/#\/schema\/logo\/image\/\",\"url\":\"https:\/\/www.transtoyou.com\/nb\/wp-content\/uploads\/sites\/10\/2026\/01\/logo-tty-menu-bar-300x87-1.webp\",\"contentUrl\":\"https:\/\/www.transtoyou.com\/nb\/wp-content\/uploads\/sites\/10\/2026\/01\/logo-tty-menu-bar-300x87-1.webp\",\"width\":300,\"height\":87,\"caption\":\"Transtoyou - NB\"},\"image\":{\"@id\":\"https:\/\/www.transtoyou.com\/nb\/#\/schema\/logo\/image\/\"}}]}<\/script>\n<!-- \/ Yoast SEO plugin. -->","yoast_head_json":{"title":"Movicol | Effektiv Lindring av Forstoppelse - Transtoyou","description":"Movicol, et osmotisk avf\u00f8ringsmiddel, behandler kronisk forstoppelse og fecal impaction effektivt. Tilgjengelig her, oppretthold tarmhelsen enkelt.","robots":{"index":"noindex","follow":"follow","max-snippet":"max-snippet:-1","max-image-preview":"max-image-preview:large","max-video-preview":"max-video-preview:-1"},"og_locale":"nb_NO","og_type":"article","og_title":"Movicol | Effektiv Lindring av Forstoppelse - Transtoyou","og_description":"Movicol, et osmotisk avf\u00f8ringsmiddel, behandler kronisk forstoppelse og fecal impaction effektivt. Tilgjengelig her, oppretthold tarmhelsen enkelt.","og_url":"https:\/\/www.transtoyou.com\/nb\/product\/movicol\/","og_site_name":"Transtoyou - NB","article_modified_time":"2026-02-17T13:31:24+00:00","twitter_card":"summary_large_image","twitter_misc":{"Ansl. lesetid":"1 minutt"},"schema":{"@context":"https:\/\/schema.org","@graph":[{"@type":"WebPage","@id":"https:\/\/www.transtoyou.com\/nb\/product\/movicol\/","url":"https:\/\/www.transtoyou.com\/nb\/product\/movicol\/","name":"Movicol | Effektiv Lindring av Forstoppelse - Transtoyou","isPartOf":{"@id":"https:\/\/www.transtoyou.com\/nb\/#website"},"primaryImageOfPage":{"@id":"https:\/\/www.transtoyou.com\/nb\/product\/movicol\/#primaryimage"},"image":{"@id":"https:\/\/www.transtoyou.com\/nb\/product\/movicol\/#primaryimage"},"thumbnailUrl":"https:\/\/www.transtoyou.com\/nb\/wp-content\/uploads\/sites\/10\/2026\/01\/tty-no-product-image-39.webp","datePublished":"2026-01-23T17:42:37+00:00","dateModified":"2026-02-17T13:31:24+00:00","description":"Movicol, et osmotisk avf\u00f8ringsmiddel, behandler kronisk forstoppelse og fecal impaction effektivt. Tilgjengelig her, oppretthold tarmhelsen enkelt.","breadcrumb":{"@id":"https:\/\/www.transtoyou.com\/nb\/product\/movicol\/#breadcrumb"},"inLanguage":"nb-NO","potentialAction":[{"@type":"ReadAction","target":["https:\/\/www.transtoyou.com\/nb\/product\/movicol\/"]}]},{"@type":"ImageObject","inLanguage":"nb-NO","@id":"https:\/\/www.transtoyou.com\/nb\/product\/movicol\/#primaryimage","url":"https:\/\/www.transtoyou.com\/nb\/wp-content\/uploads\/sites\/10\/2026\/01\/tty-no-product-image-39.webp","contentUrl":"https:\/\/www.transtoyou.com\/nb\/wp-content\/uploads\/sites\/10\/2026\/01\/tty-no-product-image-39.webp","width":1000,"height":1000,"caption":"Standard produktbilde"},{"@type":"WebSite","@id":"https:\/\/www.transtoyou.com\/nb\/#website","url":"https:\/\/www.transtoyou.com\/nb\/","name":"Transtoyou - NB","description":"","publisher":{"@id":"https:\/\/www.transtoyou.com\/nb\/#organization"},"potentialAction":[{"@type":"SearchAction","target":{"@type":"EntryPoint","urlTemplate":"https:\/\/www.transtoyou.com\/nb\/?s={search_term_string}"},"query-input":{"@type":"PropertyValueSpecification","valueRequired":true,"valueName":"search_term_string"}}],"inLanguage":"nb-NO"},{"@type":"Organization","@id":"https:\/\/www.transtoyou.com\/nb\/#organization","name":"Transtoyou - NB","url":"https:\/\/www.transtoyou.com\/nb\/","logo":{"@type":"ImageObject","inLanguage":"nb-NO","@id":"https:\/\/www.transtoyou.com\/nb\/#\/schema\/logo\/image\/","url":"https:\/\/www.transtoyou.com\/nb\/wp-content\/uploads\/sites\/10\/2026\/01\/logo-tty-menu-bar-300x87-1.webp","contentUrl":"https:\/\/www.transtoyou.com\/nb\/wp-content\/uploads\/sites\/10\/2026\/01\/logo-tty-menu-bar-300x87-1.webp","width":300,"height":87,"caption":"Transtoyou - NB"},"image":{"@id":"https:\/\/www.transtoyou.com\/nb\/#\/schema\/logo\/image\/"}}]}},"_links":{"self":[{"href":"https:\/\/www.transtoyou.com\/nb\/wp-json\/wp\/v2\/product\/838","targetHints":{"allow":["GET"]}}],"collection":[{"href":"https:\/\/www.transtoyou.com\/nb\/wp-json\/wp\/v2\/product"}],"about":[{"href":"https:\/\/www.transtoyou.com\/nb\/wp-json\/wp\/v2\/types\/product"}],"replies":[{"embeddable":true,"href":"https:\/\/www.transtoyou.com\/nb\/wp-json\/wp\/v2\/comments?post=838"}],"wp:featuredmedia":[{"embeddable":true,"href":"https:\/\/www.transtoyou.com\/nb\/wp-json\/wp\/v2\/media\/840"}],"wp:attachment":[{"href":"https:\/\/www.transtoyou.com\/nb\/wp-json\/wp\/v2\/media?parent=838"}],"wp:term":[{"taxonomy":"product_brand","embeddable":true,"href":"https:\/\/www.transtoyou.com\/nb\/wp-json\/wp\/v2\/product_brand?post=838"},{"taxonomy":"product_cat","embeddable":true,"href":"https:\/\/www.transtoyou.com\/nb\/wp-json\/wp\/v2\/product_cat?post=838"},{"taxonomy":"product_tag","embeddable":true,"href":"https:\/\/www.transtoyou.com\/nb\/wp-json\/wp\/v2\/product_tag?post=838"},{"taxonomy":"expert","embeddable":true,"href":"https:\/\/www.transtoyou.com\/nb\/wp-json\/wp\/v2\/expert?post=838"}],"curies":[{"name":"wp","href":"https:\/\/api.w.org\/{rel}","templated":true}]}}