{"id":844,"date":"2026-01-23T20:12:50","date_gmt":"2026-01-23T18:12:50","guid":{"rendered":"https:\/\/www.transtoyou.com\/nb\/product\/yasmin\/"},"modified":"2026-03-08T13:04:56","modified_gmt":"2026-03-08T11:04:56","slug":"yasmin","status":"publish","type":"product","link":"https:\/\/www.transtoyou.com\/nb\/product\/yasmin\/","title":{"rendered":"Yasmin"},"content":{"rendered":"<p>Yasmin er en kombinasjonspille som inneholder to aktive ingredienser: etinyl\u00f8stradiol (et \u00f8strogen) og drospirenon (et gestagen). Den brukes for \u00e5 forhindre graviditet og tas daglig i 21 dager, etterfulgt av en 7-dagers pause. Yasmin fungerer prim\u00e6rt ved \u00e5 forhindre eggl\u00f8sning (utl\u00f8sning av et egg fra eggstokkene). Den tykner ogs\u00e5 livmorhalsslimet, noe som gj\u00f8r det vanskeligere for sperm \u00e5 n\u00e5 egget, og endrer livmorens slimhinne for \u00e5 forhindre implantering.<\/p>\n<p>Yasmin er indikert for prevensjon hos voksne kvinner. Selv om hovedform\u00e5let er \u00e5 forhindre graviditet, opplever mange ogs\u00e5 ekstra fordeler, som mer regelmessige menstruasjonssykluser, lettere menstruasjoner og mindre menstruasjonssmerter. Noen merker ogs\u00e5 forbedringer i akne og fet hud p\u00e5 grunn av den anti-androgene effekten av drospirenon.<\/p>\n<p>I kroppen etterligner hormonene i Yasmin naturlige kvinnelige kj\u00f8nnshormoner, som hjelper til med \u00e5 regulere menstruasjonssyklusen og redusere hormonelle svingninger. I motsetning til noen andre gestagener har drospirenon anti-androgene egenskaper, noe som betyr at det kan motvirke effekten av mannlige hormoner som testosteron. Dette kan bidra til \u00e5 redusere akne, v\u00e6skeretensjon og oppbl\u00e5sthet. Hos transmenn som tar testosteron og fortsatt trenger prevensjon, kan denne anti-androgene effekten noe redusere noen maskuliniserende endringer.<\/p>\n<p>Yasmin tas \u00e9n gang daglig, helst til samme tid hver dag. Den prevensjonseffekten er p\u00e5litelig n\u00e5r den tas riktig og konsekvent. En av fordelene med Yasmin er at den kombinerer h\u00f8y prevensjonseffektivitet med en gunstig bivirkningsprofil hos de fleste brukere. Den er ogs\u00e5 assosiert med en lavere risiko for v\u00e6skeretensjon og vekt\u00f8kning sammenlignet med andre piller.<\/p>\n","protected":false},"excerpt":{"rendered":"<ul>\n<li>Effektiv daglig hormonell prevensjon<\/li>\n<li>Hjelper med \u00e5 redusere akne og oppbl\u00e5sthet<\/li>\n<li>Regulerer menstruasjonssykluser konsekvent<\/li>\n<\/ul>\n","protected":false},"featured_media":846,"comment_status":"open","ping_status":"closed","template":"","meta":[],"product_brand":[],"product_cat":[94],"product_tag":[],"expert":[17],"class_list":{"0":"post-844","1":"product","2":"type-product","3":"status-publish","4":"has-post-thumbnail","6":"product_cat-kombinasjonspille","7":"expert-dr-c-munoz-parada","9":"first","10":"instock","11":"shipping-taxable","12":"product-type-variable"},"yoast_head":"<!-- This site is optimized with the Yoast SEO plugin v27.0 - https:\/\/yoast.com\/product\/yoast-seo-wordpress\/ -->\n<title>Yasmin | P\u00e5litelig prevensjonsl\u00f8sning - Transtoyou<\/title>\n<meta name=\"description\" content=\"Oppdag Yasmin p\u00e5 Transtoyou. F\u00e5 p\u00e5litelig prevensjonsst\u00f8tte. Handle n\u00e5 for bekvemmelighet og kvalitetshelsetjenester.\" \/>\n<meta name=\"robots\" content=\"noindex, follow, max-snippet:-1, max-image-preview:large, max-video-preview:-1\" \/>\n<meta property=\"og:locale\" content=\"nb_NO\" \/>\n<meta property=\"og:type\" content=\"article\" \/>\n<meta property=\"og:title\" content=\"Yasmin | P\u00e5litelig prevensjonsl\u00f8sning - Transtoyou\" \/>\n<meta property=\"og:description\" content=\"Oppdag Yasmin p\u00e5 Transtoyou. F\u00e5 p\u00e5litelig prevensjonsst\u00f8tte. Handle n\u00e5 for bekvemmelighet og kvalitetshelsetjenester.\" \/>\n<meta property=\"og:url\" content=\"https:\/\/www.transtoyou.com\/nb\/product\/yasmin\/\" \/>\n<meta property=\"og:site_name\" content=\"Transtoyou - NB\" \/>\n<meta property=\"article:modified_time\" content=\"2026-03-08T11:04:56+00:00\" \/>\n<meta name=\"twitter:card\" content=\"summary_large_image\" \/>\n<meta name=\"twitter:label1\" content=\"Ansl. lesetid\" \/>\n\t<meta name=\"twitter:data1\" content=\"1 minutt\" \/>\n<script type=\"application\/ld+json\" class=\"yoast-schema-graph\">{\"@context\":\"https:\/\/schema.org\",\"@graph\":[{\"@type\":\"WebPage\",\"@id\":\"https:\/\/www.transtoyou.com\/nb\/product\/yasmin\/\",\"url\":\"https:\/\/www.transtoyou.com\/nb\/product\/yasmin\/\",\"name\":\"Yasmin | P\u00e5litelig prevensjonsl\u00f8sning - Transtoyou\",\"isPartOf\":{\"@id\":\"https:\/\/www.transtoyou.com\/nb\/#website\"},\"primaryImageOfPage\":{\"@id\":\"https:\/\/www.transtoyou.com\/nb\/product\/yasmin\/#primaryimage\"},\"image\":{\"@id\":\"https:\/\/www.transtoyou.com\/nb\/product\/yasmin\/#primaryimage\"},\"thumbnailUrl\":\"https:\/\/www.transtoyou.com\/nb\/wp-content\/uploads\/sites\/10\/2026\/01\/tty-no-product-image-41.webp\",\"datePublished\":\"2026-01-23T18:12:50+00:00\",\"dateModified\":\"2026-03-08T11:04:56+00:00\",\"description\":\"Oppdag Yasmin p\u00e5 Transtoyou. F\u00e5 p\u00e5litelig prevensjonsst\u00f8tte. Handle n\u00e5 for bekvemmelighet og kvalitetshelsetjenester.\",\"breadcrumb\":{\"@id\":\"https:\/\/www.transtoyou.com\/nb\/product\/yasmin\/#breadcrumb\"},\"inLanguage\":\"nb-NO\",\"potentialAction\":[{\"@type\":\"ReadAction\",\"target\":[\"https:\/\/www.transtoyou.com\/nb\/product\/yasmin\/\"]}]},{\"@type\":\"ImageObject\",\"inLanguage\":\"nb-NO\",\"@id\":\"https:\/\/www.transtoyou.com\/nb\/product\/yasmin\/#primaryimage\",\"url\":\"https:\/\/www.transtoyou.com\/nb\/wp-content\/uploads\/sites\/10\/2026\/01\/tty-no-product-image-41.webp\",\"contentUrl\":\"https:\/\/www.transtoyou.com\/nb\/wp-content\/uploads\/sites\/10\/2026\/01\/tty-no-product-image-41.webp\",\"width\":1000,\"height\":1000,\"caption\":\"Standard produktbilde\"},{\"@type\":\"WebSite\",\"@id\":\"https:\/\/www.transtoyou.com\/nb\/#website\",\"url\":\"https:\/\/www.transtoyou.com\/nb\/\",\"name\":\"Transtoyou - NB\",\"description\":\"\",\"publisher\":{\"@id\":\"https:\/\/www.transtoyou.com\/nb\/#organization\"},\"potentialAction\":[{\"@type\":\"SearchAction\",\"target\":{\"@type\":\"EntryPoint\",\"urlTemplate\":\"https:\/\/www.transtoyou.com\/nb\/?s={search_term_string}\"},\"query-input\":{\"@type\":\"PropertyValueSpecification\",\"valueRequired\":true,\"valueName\":\"search_term_string\"}}],\"inLanguage\":\"nb-NO\"},{\"@type\":\"Organization\",\"@id\":\"https:\/\/www.transtoyou.com\/nb\/#organization\",\"name\":\"Transtoyou - NB\",\"url\":\"https:\/\/www.transtoyou.com\/nb\/\",\"logo\":{\"@type\":\"ImageObject\",\"inLanguage\":\"nb-NO\",\"@id\":\"https:\/\/www.transtoyou.com\/nb\/#\/schema\/logo\/image\/\",\"url\":\"https:\/\/www.transtoyou.com\/nb\/wp-content\/uploads\/sites\/10\/2026\/01\/logo-tty-menu-bar-300x87-1.webp\",\"contentUrl\":\"https:\/\/www.transtoyou.com\/nb\/wp-content\/uploads\/sites\/10\/2026\/01\/logo-tty-menu-bar-300x87-1.webp\",\"width\":300,\"height\":87,\"caption\":\"Transtoyou - NB\"},\"image\":{\"@id\":\"https:\/\/www.transtoyou.com\/nb\/#\/schema\/logo\/image\/\"}}]}<\/script>\n<!-- \/ Yoast SEO plugin. -->","yoast_head_json":{"title":"Yasmin | P\u00e5litelig prevensjonsl\u00f8sning - Transtoyou","description":"Oppdag Yasmin p\u00e5 Transtoyou. F\u00e5 p\u00e5litelig prevensjonsst\u00f8tte. Handle n\u00e5 for bekvemmelighet og kvalitetshelsetjenester.","robots":{"index":"noindex","follow":"follow","max-snippet":"max-snippet:-1","max-image-preview":"max-image-preview:large","max-video-preview":"max-video-preview:-1"},"og_locale":"nb_NO","og_type":"article","og_title":"Yasmin | P\u00e5litelig prevensjonsl\u00f8sning - Transtoyou","og_description":"Oppdag Yasmin p\u00e5 Transtoyou. F\u00e5 p\u00e5litelig prevensjonsst\u00f8tte. Handle n\u00e5 for bekvemmelighet og kvalitetshelsetjenester.","og_url":"https:\/\/www.transtoyou.com\/nb\/product\/yasmin\/","og_site_name":"Transtoyou - NB","article_modified_time":"2026-03-08T11:04:56+00:00","twitter_card":"summary_large_image","twitter_misc":{"Ansl. lesetid":"1 minutt"},"schema":{"@context":"https:\/\/schema.org","@graph":[{"@type":"WebPage","@id":"https:\/\/www.transtoyou.com\/nb\/product\/yasmin\/","url":"https:\/\/www.transtoyou.com\/nb\/product\/yasmin\/","name":"Yasmin | P\u00e5litelig prevensjonsl\u00f8sning - Transtoyou","isPartOf":{"@id":"https:\/\/www.transtoyou.com\/nb\/#website"},"primaryImageOfPage":{"@id":"https:\/\/www.transtoyou.com\/nb\/product\/yasmin\/#primaryimage"},"image":{"@id":"https:\/\/www.transtoyou.com\/nb\/product\/yasmin\/#primaryimage"},"thumbnailUrl":"https:\/\/www.transtoyou.com\/nb\/wp-content\/uploads\/sites\/10\/2026\/01\/tty-no-product-image-41.webp","datePublished":"2026-01-23T18:12:50+00:00","dateModified":"2026-03-08T11:04:56+00:00","description":"Oppdag Yasmin p\u00e5 Transtoyou. F\u00e5 p\u00e5litelig prevensjonsst\u00f8tte. Handle n\u00e5 for bekvemmelighet og kvalitetshelsetjenester.","breadcrumb":{"@id":"https:\/\/www.transtoyou.com\/nb\/product\/yasmin\/#breadcrumb"},"inLanguage":"nb-NO","potentialAction":[{"@type":"ReadAction","target":["https:\/\/www.transtoyou.com\/nb\/product\/yasmin\/"]}]},{"@type":"ImageObject","inLanguage":"nb-NO","@id":"https:\/\/www.transtoyou.com\/nb\/product\/yasmin\/#primaryimage","url":"https:\/\/www.transtoyou.com\/nb\/wp-content\/uploads\/sites\/10\/2026\/01\/tty-no-product-image-41.webp","contentUrl":"https:\/\/www.transtoyou.com\/nb\/wp-content\/uploads\/sites\/10\/2026\/01\/tty-no-product-image-41.webp","width":1000,"height":1000,"caption":"Standard produktbilde"},{"@type":"WebSite","@id":"https:\/\/www.transtoyou.com\/nb\/#website","url":"https:\/\/www.transtoyou.com\/nb\/","name":"Transtoyou - NB","description":"","publisher":{"@id":"https:\/\/www.transtoyou.com\/nb\/#organization"},"potentialAction":[{"@type":"SearchAction","target":{"@type":"EntryPoint","urlTemplate":"https:\/\/www.transtoyou.com\/nb\/?s={search_term_string}"},"query-input":{"@type":"PropertyValueSpecification","valueRequired":true,"valueName":"search_term_string"}}],"inLanguage":"nb-NO"},{"@type":"Organization","@id":"https:\/\/www.transtoyou.com\/nb\/#organization","name":"Transtoyou - NB","url":"https:\/\/www.transtoyou.com\/nb\/","logo":{"@type":"ImageObject","inLanguage":"nb-NO","@id":"https:\/\/www.transtoyou.com\/nb\/#\/schema\/logo\/image\/","url":"https:\/\/www.transtoyou.com\/nb\/wp-content\/uploads\/sites\/10\/2026\/01\/logo-tty-menu-bar-300x87-1.webp","contentUrl":"https:\/\/www.transtoyou.com\/nb\/wp-content\/uploads\/sites\/10\/2026\/01\/logo-tty-menu-bar-300x87-1.webp","width":300,"height":87,"caption":"Transtoyou - NB"},"image":{"@id":"https:\/\/www.transtoyou.com\/nb\/#\/schema\/logo\/image\/"}}]}},"_links":{"self":[{"href":"https:\/\/www.transtoyou.com\/nb\/wp-json\/wp\/v2\/product\/844","targetHints":{"allow":["GET"]}}],"collection":[{"href":"https:\/\/www.transtoyou.com\/nb\/wp-json\/wp\/v2\/product"}],"about":[{"href":"https:\/\/www.transtoyou.com\/nb\/wp-json\/wp\/v2\/types\/product"}],"replies":[{"embeddable":true,"href":"https:\/\/www.transtoyou.com\/nb\/wp-json\/wp\/v2\/comments?post=844"}],"wp:featuredmedia":[{"embeddable":true,"href":"https:\/\/www.transtoyou.com\/nb\/wp-json\/wp\/v2\/media\/846"}],"wp:attachment":[{"href":"https:\/\/www.transtoyou.com\/nb\/wp-json\/wp\/v2\/media?parent=844"}],"wp:term":[{"taxonomy":"product_brand","embeddable":true,"href":"https:\/\/www.transtoyou.com\/nb\/wp-json\/wp\/v2\/product_brand?post=844"},{"taxonomy":"product_cat","embeddable":true,"href":"https:\/\/www.transtoyou.com\/nb\/wp-json\/wp\/v2\/product_cat?post=844"},{"taxonomy":"product_tag","embeddable":true,"href":"https:\/\/www.transtoyou.com\/nb\/wp-json\/wp\/v2\/product_tag?post=844"},{"taxonomy":"expert","embeddable":true,"href":"https:\/\/www.transtoyou.com\/nb\/wp-json\/wp\/v2\/expert?post=844"}],"curies":[{"name":"wp","href":"https:\/\/api.w.org\/{rel}","templated":true}]}}