{"id":850,"date":"2026-01-23T20:44:00","date_gmt":"2026-01-23T18:44:00","guid":{"rendered":"https:\/\/www.transtoyou.com\/nb\/product\/famenita\/"},"modified":"2026-01-23T20:45:03","modified_gmt":"2026-01-23T18:45:03","slug":"famenita","status":"publish","type":"product","link":"https:\/\/www.transtoyou.com\/nb\/product\/famenita\/","title":{"rendered":"Famenita"},"content":{"rendered":"<p>Famenita er en myk kapsel som inneholder mikronisert progesteron, en naturlig form for hormonet som produseres av kroppen. Den brukes for \u00e5 st\u00f8tte hormonbalansen i en rekke situasjoner, inkludert hormonbehandling (HRT), h\u00e5ndtering av menstruasjonsubehag, fertilitetsbehandling, lindring av menopausale symptomer og behandling av endometriose.<\/p>\n<p>I HRT brukes Famenita sammen med \u00f8strogen for \u00e5 beskytte livmorslimhinnen hos personer som ikke har gjennomg\u00e5tt en hysterektomi. \u00d8strogen alene kan f\u00f8re til at endometriet tykner, noe som kan \u00f8ke helsefarene. Famenita hjelper med \u00e5 motvirke dette ved \u00e5 stabilisere livmorslimhinnen.<\/p>\n<p>I fertilitetsbehandlinger st\u00f8tter Famenita lutealfasen i menstruasjonssyklusen og hjelper til med \u00e5 forberede livmoren for graviditet. Den kan ogs\u00e5 foreskrives for \u00e5 redusere smerte og regulere sykluser hos personer som lider av endometriose eller uregelmessige menstruasjoner. For de som opplever menopausale eller premenstruelle symptomer, kan Famenita lindre hum\u00f8rsvingninger, oppbl\u00e5sthet og annet hormonrelatert ubehag.<\/p>\n<p>Famenita er bio-identisk, plantebasert progesteron som kan tas oralt eller brukes vaginalt, avhengig av den tiltenkte bruken.<\/p>\n","protected":false},"excerpt":{"rendered":"<ul>\n<li>Naturlig progesteronkapsel<\/li>\n<li>St\u00f8tter HRT, fertilitet og syklusregulering<\/li>\n<li>Kan brukes oralt eller vaginalt<\/li>\n<\/ul>\n","protected":false},"featured_media":852,"comment_status":"open","ping_status":"closed","template":"","meta":[],"product_brand":[],"product_cat":[112,120,139,145,147],"product_tag":[],"expert":[21],"class_list":{"0":"post-850","1":"product","2":"type-product","3":"status-publish","4":"has-post-thumbnail","6":"product_cat-endometriose","7":"product_cat-fertilitets-og-egglosning","8":"product_cat-hormonerstatningsterapi-hrt","9":"product_cat-menopause-og-pms-lindring","10":"product_cat-menstruasjonsubehag","11":"expert-dr-m-sharoyko","13":"first","14":"instock","15":"shipping-taxable","16":"product-type-variable"},"yoast_head":"<!-- This site is optimized with the Yoast SEO plugin v27.0 - https:\/\/yoast.com\/product\/yoast-seo-wordpress\/ -->\n<title>Famenita | Naturlig Hormonst\u00f8tte - Transtoyou<\/title>\n<meta name=\"description\" content=\"Famenita, tilgjengelig her, st\u00f8tter hormonbalanse for HRT, menstruasjonslindring og endometriose. Kj\u00f8p n\u00e5 for en naturlig progesteronl\u00f8sning.\" \/>\n<meta name=\"robots\" content=\"noindex, follow, max-snippet:-1, max-image-preview:large, max-video-preview:-1\" \/>\n<meta property=\"og:locale\" content=\"nb_NO\" \/>\n<meta property=\"og:type\" content=\"article\" \/>\n<meta property=\"og:title\" content=\"Famenita | Naturlig Hormonst\u00f8tte - Transtoyou\" \/>\n<meta property=\"og:description\" content=\"Famenita, tilgjengelig her, st\u00f8tter hormonbalanse for HRT, menstruasjonslindring og endometriose. Kj\u00f8p n\u00e5 for en naturlig progesteronl\u00f8sning.\" \/>\n<meta property=\"og:url\" content=\"https:\/\/www.transtoyou.com\/nb\/product\/famenita\/\" \/>\n<meta property=\"og:site_name\" content=\"Transtoyou - NB\" \/>\n<meta property=\"article:modified_time\" content=\"2026-01-23T18:45:03+00:00\" \/>\n<meta name=\"twitter:card\" content=\"summary_large_image\" \/>\n<meta name=\"twitter:label1\" content=\"Ansl. lesetid\" \/>\n\t<meta name=\"twitter:data1\" content=\"1 minutt\" \/>\n<script type=\"application\/ld+json\" class=\"yoast-schema-graph\">{\"@context\":\"https:\/\/schema.org\",\"@graph\":[{\"@type\":\"WebPage\",\"@id\":\"https:\/\/www.transtoyou.com\/nb\/product\/famenita\/\",\"url\":\"https:\/\/www.transtoyou.com\/nb\/product\/famenita\/\",\"name\":\"Famenita | Naturlig Hormonst\u00f8tte - Transtoyou\",\"isPartOf\":{\"@id\":\"https:\/\/www.transtoyou.com\/nb\/#website\"},\"primaryImageOfPage\":{\"@id\":\"https:\/\/www.transtoyou.com\/nb\/product\/famenita\/#primaryimage\"},\"image\":{\"@id\":\"https:\/\/www.transtoyou.com\/nb\/product\/famenita\/#primaryimage\"},\"thumbnailUrl\":\"https:\/\/www.transtoyou.com\/nb\/wp-content\/uploads\/sites\/10\/2026\/01\/tty-no-product-image-43.webp\",\"datePublished\":\"2026-01-23T18:44:00+00:00\",\"dateModified\":\"2026-01-23T18:45:03+00:00\",\"description\":\"Famenita, tilgjengelig her, st\u00f8tter hormonbalanse for HRT, menstruasjonslindring og endometriose. Kj\u00f8p n\u00e5 for en naturlig progesteronl\u00f8sning.\",\"breadcrumb\":{\"@id\":\"https:\/\/www.transtoyou.com\/nb\/product\/famenita\/#breadcrumb\"},\"inLanguage\":\"nb-NO\",\"potentialAction\":[{\"@type\":\"ReadAction\",\"target\":[\"https:\/\/www.transtoyou.com\/nb\/product\/famenita\/\"]}]},{\"@type\":\"ImageObject\",\"inLanguage\":\"nb-NO\",\"@id\":\"https:\/\/www.transtoyou.com\/nb\/product\/famenita\/#primaryimage\",\"url\":\"https:\/\/www.transtoyou.com\/nb\/wp-content\/uploads\/sites\/10\/2026\/01\/tty-no-product-image-43.webp\",\"contentUrl\":\"https:\/\/www.transtoyou.com\/nb\/wp-content\/uploads\/sites\/10\/2026\/01\/tty-no-product-image-43.webp\",\"width\":1000,\"height\":1000,\"caption\":\"Standard produktbilde\"},{\"@type\":\"WebSite\",\"@id\":\"https:\/\/www.transtoyou.com\/nb\/#website\",\"url\":\"https:\/\/www.transtoyou.com\/nb\/\",\"name\":\"Transtoyou - NB\",\"description\":\"\",\"publisher\":{\"@id\":\"https:\/\/www.transtoyou.com\/nb\/#organization\"},\"potentialAction\":[{\"@type\":\"SearchAction\",\"target\":{\"@type\":\"EntryPoint\",\"urlTemplate\":\"https:\/\/www.transtoyou.com\/nb\/?s={search_term_string}\"},\"query-input\":{\"@type\":\"PropertyValueSpecification\",\"valueRequired\":true,\"valueName\":\"search_term_string\"}}],\"inLanguage\":\"nb-NO\"},{\"@type\":\"Organization\",\"@id\":\"https:\/\/www.transtoyou.com\/nb\/#organization\",\"name\":\"Transtoyou - NB\",\"url\":\"https:\/\/www.transtoyou.com\/nb\/\",\"logo\":{\"@type\":\"ImageObject\",\"inLanguage\":\"nb-NO\",\"@id\":\"https:\/\/www.transtoyou.com\/nb\/#\/schema\/logo\/image\/\",\"url\":\"https:\/\/www.transtoyou.com\/nb\/wp-content\/uploads\/sites\/10\/2026\/01\/logo-tty-menu-bar-300x87-1.webp\",\"contentUrl\":\"https:\/\/www.transtoyou.com\/nb\/wp-content\/uploads\/sites\/10\/2026\/01\/logo-tty-menu-bar-300x87-1.webp\",\"width\":300,\"height\":87,\"caption\":\"Transtoyou - NB\"},\"image\":{\"@id\":\"https:\/\/www.transtoyou.com\/nb\/#\/schema\/logo\/image\/\"}}]}<\/script>\n<!-- \/ Yoast SEO plugin. -->","yoast_head_json":{"title":"Famenita | Naturlig Hormonst\u00f8tte - Transtoyou","description":"Famenita, tilgjengelig her, st\u00f8tter hormonbalanse for HRT, menstruasjonslindring og endometriose. Kj\u00f8p n\u00e5 for en naturlig progesteronl\u00f8sning.","robots":{"index":"noindex","follow":"follow","max-snippet":"max-snippet:-1","max-image-preview":"max-image-preview:large","max-video-preview":"max-video-preview:-1"},"og_locale":"nb_NO","og_type":"article","og_title":"Famenita | Naturlig Hormonst\u00f8tte - Transtoyou","og_description":"Famenita, tilgjengelig her, st\u00f8tter hormonbalanse for HRT, menstruasjonslindring og endometriose. Kj\u00f8p n\u00e5 for en naturlig progesteronl\u00f8sning.","og_url":"https:\/\/www.transtoyou.com\/nb\/product\/famenita\/","og_site_name":"Transtoyou - NB","article_modified_time":"2026-01-23T18:45:03+00:00","twitter_card":"summary_large_image","twitter_misc":{"Ansl. lesetid":"1 minutt"},"schema":{"@context":"https:\/\/schema.org","@graph":[{"@type":"WebPage","@id":"https:\/\/www.transtoyou.com\/nb\/product\/famenita\/","url":"https:\/\/www.transtoyou.com\/nb\/product\/famenita\/","name":"Famenita | Naturlig Hormonst\u00f8tte - Transtoyou","isPartOf":{"@id":"https:\/\/www.transtoyou.com\/nb\/#website"},"primaryImageOfPage":{"@id":"https:\/\/www.transtoyou.com\/nb\/product\/famenita\/#primaryimage"},"image":{"@id":"https:\/\/www.transtoyou.com\/nb\/product\/famenita\/#primaryimage"},"thumbnailUrl":"https:\/\/www.transtoyou.com\/nb\/wp-content\/uploads\/sites\/10\/2026\/01\/tty-no-product-image-43.webp","datePublished":"2026-01-23T18:44:00+00:00","dateModified":"2026-01-23T18:45:03+00:00","description":"Famenita, tilgjengelig her, st\u00f8tter hormonbalanse for HRT, menstruasjonslindring og endometriose. Kj\u00f8p n\u00e5 for en naturlig progesteronl\u00f8sning.","breadcrumb":{"@id":"https:\/\/www.transtoyou.com\/nb\/product\/famenita\/#breadcrumb"},"inLanguage":"nb-NO","potentialAction":[{"@type":"ReadAction","target":["https:\/\/www.transtoyou.com\/nb\/product\/famenita\/"]}]},{"@type":"ImageObject","inLanguage":"nb-NO","@id":"https:\/\/www.transtoyou.com\/nb\/product\/famenita\/#primaryimage","url":"https:\/\/www.transtoyou.com\/nb\/wp-content\/uploads\/sites\/10\/2026\/01\/tty-no-product-image-43.webp","contentUrl":"https:\/\/www.transtoyou.com\/nb\/wp-content\/uploads\/sites\/10\/2026\/01\/tty-no-product-image-43.webp","width":1000,"height":1000,"caption":"Standard produktbilde"},{"@type":"WebSite","@id":"https:\/\/www.transtoyou.com\/nb\/#website","url":"https:\/\/www.transtoyou.com\/nb\/","name":"Transtoyou - NB","description":"","publisher":{"@id":"https:\/\/www.transtoyou.com\/nb\/#organization"},"potentialAction":[{"@type":"SearchAction","target":{"@type":"EntryPoint","urlTemplate":"https:\/\/www.transtoyou.com\/nb\/?s={search_term_string}"},"query-input":{"@type":"PropertyValueSpecification","valueRequired":true,"valueName":"search_term_string"}}],"inLanguage":"nb-NO"},{"@type":"Organization","@id":"https:\/\/www.transtoyou.com\/nb\/#organization","name":"Transtoyou - NB","url":"https:\/\/www.transtoyou.com\/nb\/","logo":{"@type":"ImageObject","inLanguage":"nb-NO","@id":"https:\/\/www.transtoyou.com\/nb\/#\/schema\/logo\/image\/","url":"https:\/\/www.transtoyou.com\/nb\/wp-content\/uploads\/sites\/10\/2026\/01\/logo-tty-menu-bar-300x87-1.webp","contentUrl":"https:\/\/www.transtoyou.com\/nb\/wp-content\/uploads\/sites\/10\/2026\/01\/logo-tty-menu-bar-300x87-1.webp","width":300,"height":87,"caption":"Transtoyou - NB"},"image":{"@id":"https:\/\/www.transtoyou.com\/nb\/#\/schema\/logo\/image\/"}}]}},"_links":{"self":[{"href":"https:\/\/www.transtoyou.com\/nb\/wp-json\/wp\/v2\/product\/850","targetHints":{"allow":["GET"]}}],"collection":[{"href":"https:\/\/www.transtoyou.com\/nb\/wp-json\/wp\/v2\/product"}],"about":[{"href":"https:\/\/www.transtoyou.com\/nb\/wp-json\/wp\/v2\/types\/product"}],"replies":[{"embeddable":true,"href":"https:\/\/www.transtoyou.com\/nb\/wp-json\/wp\/v2\/comments?post=850"}],"wp:featuredmedia":[{"embeddable":true,"href":"https:\/\/www.transtoyou.com\/nb\/wp-json\/wp\/v2\/media\/852"}],"wp:attachment":[{"href":"https:\/\/www.transtoyou.com\/nb\/wp-json\/wp\/v2\/media?parent=850"}],"wp:term":[{"taxonomy":"product_brand","embeddable":true,"href":"https:\/\/www.transtoyou.com\/nb\/wp-json\/wp\/v2\/product_brand?post=850"},{"taxonomy":"product_cat","embeddable":true,"href":"https:\/\/www.transtoyou.com\/nb\/wp-json\/wp\/v2\/product_cat?post=850"},{"taxonomy":"product_tag","embeddable":true,"href":"https:\/\/www.transtoyou.com\/nb\/wp-json\/wp\/v2\/product_tag?post=850"},{"taxonomy":"expert","embeddable":true,"href":"https:\/\/www.transtoyou.com\/nb\/wp-json\/wp\/v2\/expert?post=850"}],"curies":[{"name":"wp","href":"https:\/\/api.w.org\/{rel}","templated":true}]}}