{"id":859,"date":"2026-01-23T21:26:57","date_gmt":"2026-01-23T19:26:57","guid":{"rendered":"https:\/\/www.transtoyou.com\/nb\/product\/mirena\/"},"modified":"2026-01-23T21:27:54","modified_gmt":"2026-01-23T19:27:54","slug":"mirena","status":"publish","type":"product","link":"https:\/\/www.transtoyou.com\/nb\/product\/mirena\/","title":{"rendered":"Mirena"},"content":{"rendered":"<p>Mirena er en hormonfrigivende intrauterin enhet som tilbyr langvarig prevensjon og ogs\u00e5 brukes til \u00e5 redusere kraftig menstruasjonsbl\u00f8dning. Den inneholder levonorgestrel, et gestagen som slippes sakte ut i livmoren over flere \u00e5r. N\u00e5r den er plassert, gir Mirena p\u00e5litelig beskyttelse mot graviditet i opptil fem \u00e5r, samtidig som den hjelper til med \u00e5 undertrykke eller lette menstruasjonsbl\u00f8dning.<\/p>\n<p>Enheten plasseres i livmoren under en kort prosedyre p\u00e5 kontoret. Den fungerer ved \u00e5 tykne livmorhalsslimet for \u00e5 blokkere sperm, endre livmorslimhinnen for \u00e5 forhindre implantasjon, og hos noen individer kan den undertrykke eggl\u00f8sning. Hormonet leveres direkte til livmoren, s\u00e5 systemisk hormoneksponering forblir lav.<\/p>\n<p>Mirena velges ofte ikke bare for sine prevensjonsfordeler, men ogs\u00e5 for sin evne til \u00e5 redusere menstruasjonsstr\u00f8mmen betydelig. Mange brukere opplever lettere menstruasjoner, og i noen tilfeller stopper menstruasjonen helt. Den brukes ofte av personer som opplever kraftige eller smertefulle menstruasjoner, eller som foretrekker en langvarig, lavvedlikeholdsl\u00f8sning som unng\u00e5r daglige piller.<\/p>\n<p>Som en hormonbasert spiral som ikke inneholder \u00f8strogen, er Mirena et godt alternativ for de som ikke kan eller foretrekker \u00e5 ikke bruke \u00f8strogenholdige prevensjonsmidler. Den kan fjernes n\u00e5r som helst, og fruktbarheten returnerer vanligvis raskt etter fjerning.<\/p>\n","protected":false},"excerpt":{"rendered":"<ul>\n<li>Hormonspiral i opptil 5 \u00e5r<\/li>\n<li>Reduserer eller stopper menstruasjonen<\/li>\n<li>\u00d8strogenfri prevensjonsmulighet<\/li>\n<\/ul>\n","protected":false},"featured_media":860,"comment_status":"open","ping_status":"closed","template":"","meta":[],"product_brand":[],"product_cat":[141,148],"product_tag":[],"expert":[19],"class_list":{"0":"post-859","1":"product","2":"type-product","3":"status-publish","4":"has-post-thumbnail","6":"product_cat-intrauterin-enhet-iud","7":"product_cat-menstruasjonsundertrykkelse","8":"expert-dr-j-vazquez","10":"first","11":"instock","12":"shipping-taxable","13":"product-type-simple"},"yoast_head":"<!-- This site is optimized with the Yoast SEO plugin v27.0 - https:\/\/yoast.com\/product\/yoast-seo-wordpress\/ -->\n<title>Mirena | Effektiv prevensjonsl\u00f8sning - Transtoyou<\/title>\n<meta name=\"description\" content=\"Mirena: P\u00e5litelig prevensjonsl\u00f8sning tilgjengelig her. Utforsk fordeler og handle i dag p\u00e5 Transtoyou for praktisk, p\u00e5litelig helsetilgang.\" \/>\n<meta name=\"robots\" content=\"noindex, follow, max-snippet:-1, max-image-preview:large, max-video-preview:-1\" \/>\n<meta property=\"og:locale\" content=\"nb_NO\" \/>\n<meta property=\"og:type\" content=\"article\" \/>\n<meta property=\"og:title\" content=\"Mirena | Effektiv prevensjonsl\u00f8sning - Transtoyou\" \/>\n<meta property=\"og:description\" content=\"Mirena: P\u00e5litelig prevensjonsl\u00f8sning tilgjengelig her. Utforsk fordeler og handle i dag p\u00e5 Transtoyou for praktisk, p\u00e5litelig helsetilgang.\" \/>\n<meta property=\"og:url\" content=\"https:\/\/www.transtoyou.com\/nb\/product\/mirena\/\" \/>\n<meta property=\"og:site_name\" content=\"Transtoyou - NB\" \/>\n<meta property=\"article:modified_time\" content=\"2026-01-23T19:27:54+00:00\" \/>\n<meta name=\"twitter:card\" content=\"summary_large_image\" \/>\n<meta name=\"twitter:label1\" content=\"Ansl. lesetid\" \/>\n\t<meta name=\"twitter:data1\" content=\"1 minutt\" \/>\n<script type=\"application\/ld+json\" class=\"yoast-schema-graph\">{\"@context\":\"https:\/\/schema.org\",\"@graph\":[{\"@type\":\"WebPage\",\"@id\":\"https:\/\/www.transtoyou.com\/nb\/product\/mirena\/\",\"url\":\"https:\/\/www.transtoyou.com\/nb\/product\/mirena\/\",\"name\":\"Mirena | Effektiv prevensjonsl\u00f8sning - Transtoyou\",\"isPartOf\":{\"@id\":\"https:\/\/www.transtoyou.com\/nb\/#website\"},\"primaryImageOfPage\":{\"@id\":\"https:\/\/www.transtoyou.com\/nb\/product\/mirena\/#primaryimage\"},\"image\":{\"@id\":\"https:\/\/www.transtoyou.com\/nb\/product\/mirena\/#primaryimage\"},\"thumbnailUrl\":\"https:\/\/www.transtoyou.com\/nb\/wp-content\/uploads\/sites\/10\/2026\/01\/tty-no-product-image-46.webp\",\"datePublished\":\"2026-01-23T19:26:57+00:00\",\"dateModified\":\"2026-01-23T19:27:54+00:00\",\"description\":\"Mirena: P\u00e5litelig prevensjonsl\u00f8sning tilgjengelig her. Utforsk fordeler og handle i dag p\u00e5 Transtoyou for praktisk, p\u00e5litelig helsetilgang.\",\"breadcrumb\":{\"@id\":\"https:\/\/www.transtoyou.com\/nb\/product\/mirena\/#breadcrumb\"},\"inLanguage\":\"nb-NO\",\"potentialAction\":[{\"@type\":\"ReadAction\",\"target\":[\"https:\/\/www.transtoyou.com\/nb\/product\/mirena\/\"]}]},{\"@type\":\"ImageObject\",\"inLanguage\":\"nb-NO\",\"@id\":\"https:\/\/www.transtoyou.com\/nb\/product\/mirena\/#primaryimage\",\"url\":\"https:\/\/www.transtoyou.com\/nb\/wp-content\/uploads\/sites\/10\/2026\/01\/tty-no-product-image-46.webp\",\"contentUrl\":\"https:\/\/www.transtoyou.com\/nb\/wp-content\/uploads\/sites\/10\/2026\/01\/tty-no-product-image-46.webp\",\"width\":1000,\"height\":1000,\"caption\":\"Standard produktbilde\"},{\"@type\":\"WebSite\",\"@id\":\"https:\/\/www.transtoyou.com\/nb\/#website\",\"url\":\"https:\/\/www.transtoyou.com\/nb\/\",\"name\":\"Transtoyou - NB\",\"description\":\"\",\"publisher\":{\"@id\":\"https:\/\/www.transtoyou.com\/nb\/#organization\"},\"potentialAction\":[{\"@type\":\"SearchAction\",\"target\":{\"@type\":\"EntryPoint\",\"urlTemplate\":\"https:\/\/www.transtoyou.com\/nb\/?s={search_term_string}\"},\"query-input\":{\"@type\":\"PropertyValueSpecification\",\"valueRequired\":true,\"valueName\":\"search_term_string\"}}],\"inLanguage\":\"nb-NO\"},{\"@type\":\"Organization\",\"@id\":\"https:\/\/www.transtoyou.com\/nb\/#organization\",\"name\":\"Transtoyou - NB\",\"url\":\"https:\/\/www.transtoyou.com\/nb\/\",\"logo\":{\"@type\":\"ImageObject\",\"inLanguage\":\"nb-NO\",\"@id\":\"https:\/\/www.transtoyou.com\/nb\/#\/schema\/logo\/image\/\",\"url\":\"https:\/\/www.transtoyou.com\/nb\/wp-content\/uploads\/sites\/10\/2026\/01\/logo-tty-menu-bar-300x87-1.webp\",\"contentUrl\":\"https:\/\/www.transtoyou.com\/nb\/wp-content\/uploads\/sites\/10\/2026\/01\/logo-tty-menu-bar-300x87-1.webp\",\"width\":300,\"height\":87,\"caption\":\"Transtoyou - NB\"},\"image\":{\"@id\":\"https:\/\/www.transtoyou.com\/nb\/#\/schema\/logo\/image\/\"}}]}<\/script>\n<!-- \/ Yoast SEO plugin. -->","yoast_head_json":{"title":"Mirena | Effektiv prevensjonsl\u00f8sning - Transtoyou","description":"Mirena: P\u00e5litelig prevensjonsl\u00f8sning tilgjengelig her. Utforsk fordeler og handle i dag p\u00e5 Transtoyou for praktisk, p\u00e5litelig helsetilgang.","robots":{"index":"noindex","follow":"follow","max-snippet":"max-snippet:-1","max-image-preview":"max-image-preview:large","max-video-preview":"max-video-preview:-1"},"og_locale":"nb_NO","og_type":"article","og_title":"Mirena | Effektiv prevensjonsl\u00f8sning - Transtoyou","og_description":"Mirena: P\u00e5litelig prevensjonsl\u00f8sning tilgjengelig her. Utforsk fordeler og handle i dag p\u00e5 Transtoyou for praktisk, p\u00e5litelig helsetilgang.","og_url":"https:\/\/www.transtoyou.com\/nb\/product\/mirena\/","og_site_name":"Transtoyou - NB","article_modified_time":"2026-01-23T19:27:54+00:00","twitter_card":"summary_large_image","twitter_misc":{"Ansl. lesetid":"1 minutt"},"schema":{"@context":"https:\/\/schema.org","@graph":[{"@type":"WebPage","@id":"https:\/\/www.transtoyou.com\/nb\/product\/mirena\/","url":"https:\/\/www.transtoyou.com\/nb\/product\/mirena\/","name":"Mirena | Effektiv prevensjonsl\u00f8sning - Transtoyou","isPartOf":{"@id":"https:\/\/www.transtoyou.com\/nb\/#website"},"primaryImageOfPage":{"@id":"https:\/\/www.transtoyou.com\/nb\/product\/mirena\/#primaryimage"},"image":{"@id":"https:\/\/www.transtoyou.com\/nb\/product\/mirena\/#primaryimage"},"thumbnailUrl":"https:\/\/www.transtoyou.com\/nb\/wp-content\/uploads\/sites\/10\/2026\/01\/tty-no-product-image-46.webp","datePublished":"2026-01-23T19:26:57+00:00","dateModified":"2026-01-23T19:27:54+00:00","description":"Mirena: P\u00e5litelig prevensjonsl\u00f8sning tilgjengelig her. Utforsk fordeler og handle i dag p\u00e5 Transtoyou for praktisk, p\u00e5litelig helsetilgang.","breadcrumb":{"@id":"https:\/\/www.transtoyou.com\/nb\/product\/mirena\/#breadcrumb"},"inLanguage":"nb-NO","potentialAction":[{"@type":"ReadAction","target":["https:\/\/www.transtoyou.com\/nb\/product\/mirena\/"]}]},{"@type":"ImageObject","inLanguage":"nb-NO","@id":"https:\/\/www.transtoyou.com\/nb\/product\/mirena\/#primaryimage","url":"https:\/\/www.transtoyou.com\/nb\/wp-content\/uploads\/sites\/10\/2026\/01\/tty-no-product-image-46.webp","contentUrl":"https:\/\/www.transtoyou.com\/nb\/wp-content\/uploads\/sites\/10\/2026\/01\/tty-no-product-image-46.webp","width":1000,"height":1000,"caption":"Standard produktbilde"},{"@type":"WebSite","@id":"https:\/\/www.transtoyou.com\/nb\/#website","url":"https:\/\/www.transtoyou.com\/nb\/","name":"Transtoyou - NB","description":"","publisher":{"@id":"https:\/\/www.transtoyou.com\/nb\/#organization"},"potentialAction":[{"@type":"SearchAction","target":{"@type":"EntryPoint","urlTemplate":"https:\/\/www.transtoyou.com\/nb\/?s={search_term_string}"},"query-input":{"@type":"PropertyValueSpecification","valueRequired":true,"valueName":"search_term_string"}}],"inLanguage":"nb-NO"},{"@type":"Organization","@id":"https:\/\/www.transtoyou.com\/nb\/#organization","name":"Transtoyou - NB","url":"https:\/\/www.transtoyou.com\/nb\/","logo":{"@type":"ImageObject","inLanguage":"nb-NO","@id":"https:\/\/www.transtoyou.com\/nb\/#\/schema\/logo\/image\/","url":"https:\/\/www.transtoyou.com\/nb\/wp-content\/uploads\/sites\/10\/2026\/01\/logo-tty-menu-bar-300x87-1.webp","contentUrl":"https:\/\/www.transtoyou.com\/nb\/wp-content\/uploads\/sites\/10\/2026\/01\/logo-tty-menu-bar-300x87-1.webp","width":300,"height":87,"caption":"Transtoyou - NB"},"image":{"@id":"https:\/\/www.transtoyou.com\/nb\/#\/schema\/logo\/image\/"}}]}},"_links":{"self":[{"href":"https:\/\/www.transtoyou.com\/nb\/wp-json\/wp\/v2\/product\/859","targetHints":{"allow":["GET"]}}],"collection":[{"href":"https:\/\/www.transtoyou.com\/nb\/wp-json\/wp\/v2\/product"}],"about":[{"href":"https:\/\/www.transtoyou.com\/nb\/wp-json\/wp\/v2\/types\/product"}],"replies":[{"embeddable":true,"href":"https:\/\/www.transtoyou.com\/nb\/wp-json\/wp\/v2\/comments?post=859"}],"wp:featuredmedia":[{"embeddable":true,"href":"https:\/\/www.transtoyou.com\/nb\/wp-json\/wp\/v2\/media\/860"}],"wp:attachment":[{"href":"https:\/\/www.transtoyou.com\/nb\/wp-json\/wp\/v2\/media?parent=859"}],"wp:term":[{"taxonomy":"product_brand","embeddable":true,"href":"https:\/\/www.transtoyou.com\/nb\/wp-json\/wp\/v2\/product_brand?post=859"},{"taxonomy":"product_cat","embeddable":true,"href":"https:\/\/www.transtoyou.com\/nb\/wp-json\/wp\/v2\/product_cat?post=859"},{"taxonomy":"product_tag","embeddable":true,"href":"https:\/\/www.transtoyou.com\/nb\/wp-json\/wp\/v2\/product_tag?post=859"},{"taxonomy":"expert","embeddable":true,"href":"https:\/\/www.transtoyou.com\/nb\/wp-json\/wp\/v2\/expert?post=859"}],"curies":[{"name":"wp","href":"https:\/\/api.w.org\/{rel}","templated":true}]}}