{"id":861,"date":"2026-01-23T21:41:15","date_gmt":"2026-01-23T19:41:15","guid":{"rendered":"https:\/\/www.transtoyou.com\/nb\/product\/kyleena\/"},"modified":"2026-01-23T21:42:13","modified_gmt":"2026-01-23T19:42:13","slug":"kyleena","status":"publish","type":"product","link":"https:\/\/www.transtoyou.com\/nb\/product\/kyleena\/","title":{"rendered":"Kyleena"},"content":{"rendered":"<p>Kyleena er et lite, fleksibelt intrauterint hjelpemiddel som frigj\u00f8r en lav dose av hormonet levonorgestrel direkte inn i livmoren. Det gir langvarig, reversibel prevensjon i opptil fem \u00e5r og er blant de mest effektive prevensjonsmetodene som er tilgjengelige. N\u00e5r det er plassert, fungerer Kyleena kontinuerlig uten behov for daglig oppmerksomhet.<\/p>\n<p>Hjelpemidlet plasseres inne i livmoren under en enkel prosedyre. Det frigj\u00f8r sakte levonorgestrel, som tykner livmorhalsslimet for \u00e5 hindre sperm fra \u00e5 n\u00e5 egget, og kan ogs\u00e5 hemme eggl\u00f8sning hos noen personer. Hormonet frigj\u00f8res lokalt i sm\u00e5 mengder, noe som reduserer sannsynligheten for systemiske bivirkninger.<\/p>\n<p>Kyleena er mindre enn noen andre IUD-er og velges ofte av personer som foretrekker et lavdose hormonelt alternativ eller som ikke har f\u00e5tt barn. Det er effektivt innen 24 timer etter plassering og kan fjernes n\u00e5r som helst, noe som gj\u00f8r at fruktbarheten kan komme tilbake raskt. I motsetning til daglige piller eller injeksjoner, tilbyr Kyleena kontinuerlig beskyttelse uten behov for regelmessig handling fra brukeren.<\/p>\n<p>Dette IUD-et er en diskret og sv\u00e6rt p\u00e5litelig prevensjonsmetode som lar brukerne unng\u00e5 \u00f8strogen og velge en langsiktig, lavvedlikeholdsl\u00f8sning. Kyleena inneholder ikke kobber og er ikke ment for n\u00f8dprevensjon. Du kan be om Kyleena hos Transtoyou, men du m\u00e5 avtale en time med en profesjonell som kan plassere IUD-en for deg.<\/p>\n","protected":false},"excerpt":{"rendered":"<ul>\n<li>Langtidsvirkende hormonspiral<\/li>\n<li>Effektiv i opptil fem \u00e5r<\/li>\n<li>Lavdose og \u00f8strogenfri<\/li>\n<\/ul>\n","protected":false},"featured_media":863,"comment_status":"open","ping_status":"closed","template":"","meta":[],"product_brand":[],"product_cat":[141,148],"product_tag":[],"expert":[19],"class_list":{"0":"post-861","1":"product","2":"type-product","3":"status-publish","4":"has-post-thumbnail","6":"product_cat-intrauterin-enhet-iud","7":"product_cat-menstruasjonsundertrykkelse","8":"expert-dr-j-vazquez","10":"first","11":"instock","12":"shipping-taxable","13":"product-type-variable"},"yoast_head":"<!-- This site is optimized with the Yoast SEO plugin v27.0 - https:\/\/yoast.com\/product\/yoast-seo-wordpress\/ -->\n<title>Kyleena | Effektiv Langtidsprevensjon - Transtoyou<\/title>\n<meta name=\"description\" content=\"Kyleena, tilgjengelig p\u00e5 Transtoyou, tilbyr p\u00e5litelig, langvarig prevensjon. Utforsk fordelene i dag for en trygg l\u00f8sning p\u00e5 dine familieplanleggingsbehov.\" \/>\n<meta name=\"robots\" content=\"noindex, follow, max-snippet:-1, max-image-preview:large, max-video-preview:-1\" \/>\n<meta property=\"og:locale\" content=\"nb_NO\" \/>\n<meta property=\"og:type\" content=\"article\" \/>\n<meta property=\"og:title\" content=\"Kyleena | Effektiv Langtidsprevensjon - Transtoyou\" \/>\n<meta property=\"og:description\" content=\"Kyleena, tilgjengelig p\u00e5 Transtoyou, tilbyr p\u00e5litelig, langvarig prevensjon. Utforsk fordelene i dag for en trygg l\u00f8sning p\u00e5 dine familieplanleggingsbehov.\" \/>\n<meta property=\"og:url\" content=\"https:\/\/www.transtoyou.com\/nb\/product\/kyleena\/\" \/>\n<meta property=\"og:site_name\" content=\"Transtoyou - NB\" \/>\n<meta property=\"article:modified_time\" content=\"2026-01-23T19:42:13+00:00\" \/>\n<meta name=\"twitter:card\" content=\"summary_large_image\" \/>\n<meta name=\"twitter:label1\" content=\"Ansl. lesetid\" \/>\n\t<meta name=\"twitter:data1\" content=\"1 minutt\" \/>\n<script type=\"application\/ld+json\" class=\"yoast-schema-graph\">{\"@context\":\"https:\/\/schema.org\",\"@graph\":[{\"@type\":\"WebPage\",\"@id\":\"https:\/\/www.transtoyou.com\/nb\/product\/kyleena\/\",\"url\":\"https:\/\/www.transtoyou.com\/nb\/product\/kyleena\/\",\"name\":\"Kyleena | Effektiv Langtidsprevensjon - Transtoyou\",\"isPartOf\":{\"@id\":\"https:\/\/www.transtoyou.com\/nb\/#website\"},\"primaryImageOfPage\":{\"@id\":\"https:\/\/www.transtoyou.com\/nb\/product\/kyleena\/#primaryimage\"},\"image\":{\"@id\":\"https:\/\/www.transtoyou.com\/nb\/product\/kyleena\/#primaryimage\"},\"thumbnailUrl\":\"https:\/\/www.transtoyou.com\/nb\/wp-content\/uploads\/sites\/10\/2026\/01\/tty-no-product-image-47.webp\",\"datePublished\":\"2026-01-23T19:41:15+00:00\",\"dateModified\":\"2026-01-23T19:42:13+00:00\",\"description\":\"Kyleena, tilgjengelig p\u00e5 Transtoyou, tilbyr p\u00e5litelig, langvarig prevensjon. Utforsk fordelene i dag for en trygg l\u00f8sning p\u00e5 dine familieplanleggingsbehov.\",\"breadcrumb\":{\"@id\":\"https:\/\/www.transtoyou.com\/nb\/product\/kyleena\/#breadcrumb\"},\"inLanguage\":\"nb-NO\",\"potentialAction\":[{\"@type\":\"ReadAction\",\"target\":[\"https:\/\/www.transtoyou.com\/nb\/product\/kyleena\/\"]}]},{\"@type\":\"ImageObject\",\"inLanguage\":\"nb-NO\",\"@id\":\"https:\/\/www.transtoyou.com\/nb\/product\/kyleena\/#primaryimage\",\"url\":\"https:\/\/www.transtoyou.com\/nb\/wp-content\/uploads\/sites\/10\/2026\/01\/tty-no-product-image-47.webp\",\"contentUrl\":\"https:\/\/www.transtoyou.com\/nb\/wp-content\/uploads\/sites\/10\/2026\/01\/tty-no-product-image-47.webp\",\"width\":1000,\"height\":1000,\"caption\":\"Standard produktbilde\"},{\"@type\":\"WebSite\",\"@id\":\"https:\/\/www.transtoyou.com\/nb\/#website\",\"url\":\"https:\/\/www.transtoyou.com\/nb\/\",\"name\":\"Transtoyou - NB\",\"description\":\"\",\"publisher\":{\"@id\":\"https:\/\/www.transtoyou.com\/nb\/#organization\"},\"potentialAction\":[{\"@type\":\"SearchAction\",\"target\":{\"@type\":\"EntryPoint\",\"urlTemplate\":\"https:\/\/www.transtoyou.com\/nb\/?s={search_term_string}\"},\"query-input\":{\"@type\":\"PropertyValueSpecification\",\"valueRequired\":true,\"valueName\":\"search_term_string\"}}],\"inLanguage\":\"nb-NO\"},{\"@type\":\"Organization\",\"@id\":\"https:\/\/www.transtoyou.com\/nb\/#organization\",\"name\":\"Transtoyou - NB\",\"url\":\"https:\/\/www.transtoyou.com\/nb\/\",\"logo\":{\"@type\":\"ImageObject\",\"inLanguage\":\"nb-NO\",\"@id\":\"https:\/\/www.transtoyou.com\/nb\/#\/schema\/logo\/image\/\",\"url\":\"https:\/\/www.transtoyou.com\/nb\/wp-content\/uploads\/sites\/10\/2026\/01\/logo-tty-menu-bar-300x87-1.webp\",\"contentUrl\":\"https:\/\/www.transtoyou.com\/nb\/wp-content\/uploads\/sites\/10\/2026\/01\/logo-tty-menu-bar-300x87-1.webp\",\"width\":300,\"height\":87,\"caption\":\"Transtoyou - NB\"},\"image\":{\"@id\":\"https:\/\/www.transtoyou.com\/nb\/#\/schema\/logo\/image\/\"}}]}<\/script>\n<!-- \/ Yoast SEO plugin. -->","yoast_head_json":{"title":"Kyleena | Effektiv Langtidsprevensjon - Transtoyou","description":"Kyleena, tilgjengelig p\u00e5 Transtoyou, tilbyr p\u00e5litelig, langvarig prevensjon. Utforsk fordelene i dag for en trygg l\u00f8sning p\u00e5 dine familieplanleggingsbehov.","robots":{"index":"noindex","follow":"follow","max-snippet":"max-snippet:-1","max-image-preview":"max-image-preview:large","max-video-preview":"max-video-preview:-1"},"og_locale":"nb_NO","og_type":"article","og_title":"Kyleena | Effektiv Langtidsprevensjon - Transtoyou","og_description":"Kyleena, tilgjengelig p\u00e5 Transtoyou, tilbyr p\u00e5litelig, langvarig prevensjon. Utforsk fordelene i dag for en trygg l\u00f8sning p\u00e5 dine familieplanleggingsbehov.","og_url":"https:\/\/www.transtoyou.com\/nb\/product\/kyleena\/","og_site_name":"Transtoyou - NB","article_modified_time":"2026-01-23T19:42:13+00:00","twitter_card":"summary_large_image","twitter_misc":{"Ansl. lesetid":"1 minutt"},"schema":{"@context":"https:\/\/schema.org","@graph":[{"@type":"WebPage","@id":"https:\/\/www.transtoyou.com\/nb\/product\/kyleena\/","url":"https:\/\/www.transtoyou.com\/nb\/product\/kyleena\/","name":"Kyleena | Effektiv Langtidsprevensjon - Transtoyou","isPartOf":{"@id":"https:\/\/www.transtoyou.com\/nb\/#website"},"primaryImageOfPage":{"@id":"https:\/\/www.transtoyou.com\/nb\/product\/kyleena\/#primaryimage"},"image":{"@id":"https:\/\/www.transtoyou.com\/nb\/product\/kyleena\/#primaryimage"},"thumbnailUrl":"https:\/\/www.transtoyou.com\/nb\/wp-content\/uploads\/sites\/10\/2026\/01\/tty-no-product-image-47.webp","datePublished":"2026-01-23T19:41:15+00:00","dateModified":"2026-01-23T19:42:13+00:00","description":"Kyleena, tilgjengelig p\u00e5 Transtoyou, tilbyr p\u00e5litelig, langvarig prevensjon. Utforsk fordelene i dag for en trygg l\u00f8sning p\u00e5 dine familieplanleggingsbehov.","breadcrumb":{"@id":"https:\/\/www.transtoyou.com\/nb\/product\/kyleena\/#breadcrumb"},"inLanguage":"nb-NO","potentialAction":[{"@type":"ReadAction","target":["https:\/\/www.transtoyou.com\/nb\/product\/kyleena\/"]}]},{"@type":"ImageObject","inLanguage":"nb-NO","@id":"https:\/\/www.transtoyou.com\/nb\/product\/kyleena\/#primaryimage","url":"https:\/\/www.transtoyou.com\/nb\/wp-content\/uploads\/sites\/10\/2026\/01\/tty-no-product-image-47.webp","contentUrl":"https:\/\/www.transtoyou.com\/nb\/wp-content\/uploads\/sites\/10\/2026\/01\/tty-no-product-image-47.webp","width":1000,"height":1000,"caption":"Standard produktbilde"},{"@type":"WebSite","@id":"https:\/\/www.transtoyou.com\/nb\/#website","url":"https:\/\/www.transtoyou.com\/nb\/","name":"Transtoyou - NB","description":"","publisher":{"@id":"https:\/\/www.transtoyou.com\/nb\/#organization"},"potentialAction":[{"@type":"SearchAction","target":{"@type":"EntryPoint","urlTemplate":"https:\/\/www.transtoyou.com\/nb\/?s={search_term_string}"},"query-input":{"@type":"PropertyValueSpecification","valueRequired":true,"valueName":"search_term_string"}}],"inLanguage":"nb-NO"},{"@type":"Organization","@id":"https:\/\/www.transtoyou.com\/nb\/#organization","name":"Transtoyou - NB","url":"https:\/\/www.transtoyou.com\/nb\/","logo":{"@type":"ImageObject","inLanguage":"nb-NO","@id":"https:\/\/www.transtoyou.com\/nb\/#\/schema\/logo\/image\/","url":"https:\/\/www.transtoyou.com\/nb\/wp-content\/uploads\/sites\/10\/2026\/01\/logo-tty-menu-bar-300x87-1.webp","contentUrl":"https:\/\/www.transtoyou.com\/nb\/wp-content\/uploads\/sites\/10\/2026\/01\/logo-tty-menu-bar-300x87-1.webp","width":300,"height":87,"caption":"Transtoyou - NB"},"image":{"@id":"https:\/\/www.transtoyou.com\/nb\/#\/schema\/logo\/image\/"}}]}},"_links":{"self":[{"href":"https:\/\/www.transtoyou.com\/nb\/wp-json\/wp\/v2\/product\/861","targetHints":{"allow":["GET"]}}],"collection":[{"href":"https:\/\/www.transtoyou.com\/nb\/wp-json\/wp\/v2\/product"}],"about":[{"href":"https:\/\/www.transtoyou.com\/nb\/wp-json\/wp\/v2\/types\/product"}],"replies":[{"embeddable":true,"href":"https:\/\/www.transtoyou.com\/nb\/wp-json\/wp\/v2\/comments?post=861"}],"wp:featuredmedia":[{"embeddable":true,"href":"https:\/\/www.transtoyou.com\/nb\/wp-json\/wp\/v2\/media\/863"}],"wp:attachment":[{"href":"https:\/\/www.transtoyou.com\/nb\/wp-json\/wp\/v2\/media?parent=861"}],"wp:term":[{"taxonomy":"product_brand","embeddable":true,"href":"https:\/\/www.transtoyou.com\/nb\/wp-json\/wp\/v2\/product_brand?post=861"},{"taxonomy":"product_cat","embeddable":true,"href":"https:\/\/www.transtoyou.com\/nb\/wp-json\/wp\/v2\/product_cat?post=861"},{"taxonomy":"product_tag","embeddable":true,"href":"https:\/\/www.transtoyou.com\/nb\/wp-json\/wp\/v2\/product_tag?post=861"},{"taxonomy":"expert","embeddable":true,"href":"https:\/\/www.transtoyou.com\/nb\/wp-json\/wp\/v2\/expert?post=861"}],"curies":[{"name":"wp","href":"https:\/\/api.w.org\/{rel}","templated":true}]}}