{"id":864,"date":"2026-01-23T21:55:29","date_gmt":"2026-01-23T19:55:29","guid":{"rendered":"https:\/\/www.transtoyou.com\/nb\/product\/zumenon\/"},"modified":"2026-01-23T21:56:35","modified_gmt":"2026-01-23T19:56:35","slug":"zumenon","status":"publish","type":"product","link":"https:\/\/www.transtoyou.com\/nb\/product\/zumenon\/","title":{"rendered":"Zumenon"},"content":{"rendered":"<p>Zumenon er en reseptbelagt medikasjon for hormonbehandling. Hver tablett inneholder estradiol, en form for \u00f8strogen som er identisk med den som produseres naturlig i kroppen. Den brukes til \u00e5 behandle symptomer p\u00e5 \u00f8strogenmangel hos personer som har g\u00e5tt gjennom overgangsalderen, og kan ogs\u00e5 brukes i \u00f8strogen- og feminiserende hormonbehandling.<\/p>\n<p>For individer som opplever overgangsalder, hjelper Zumenon med \u00e5 redusere symptomer som hetetokter, nattesvette, hum\u00f8rsvingninger og vaginal t\u00f8rrhet. Disse symptomene er ofte et resultat av synkende \u00f8strogenniv\u00e5er. Ved \u00e5 gjenopprette estradiolniv\u00e5ene, st\u00f8tter Zumenon hormonbalansen og forbedrer komforten i den postmenopausale perioden.<\/p>\n<p>Zumenon brukes ogs\u00e5 i sammenheng med kj\u00f8nnsbekreftende hormonbehandling. Hos transkvinner kan estradiolen i Zumenon st\u00f8tte feminiserende fysiske endringer, inkludert fettfordeling, mykgj\u00f8ring av huden og brystutvikling. Den orale formen kan v\u00e6re foretrukket av individer som \u00f8nsker en enkel, kjent administrasjonsmetode.<\/p>\n<p>Zumenon tas vanligvis en gang daglig, og doseringen kan justeres i henhold til individuelle behandlingsm\u00e5l. Den kan brukes alene eller sammen med et gestagen for individer som har livmor. Enten for overgangsalder eller kj\u00f8nnsforandring, tilbyr Zumenon en enkel m\u00e5te \u00e5 supplere \u00f8strogenniv\u00e5ene og st\u00f8tte langsiktig hormonbalanse.<\/p>\n","protected":false},"excerpt":{"rendered":"<ul>\n<li>Daglig oral \u00f8strogentablett<\/li>\n<li>Brukes for overgangsalder og overgang<\/li>\n<li>St\u00f8tter hormonbalansen<\/li>\n<\/ul>\n","protected":false},"featured_media":866,"comment_status":"open","ping_status":"closed","template":"","meta":[],"product_brand":[],"product_cat":[139,116],"product_tag":[],"expert":[19],"class_list":{"0":"post-864","1":"product","2":"type-product","3":"status-publish","4":"has-post-thumbnail","6":"product_cat-hormonerstatningsterapi-hrt","7":"product_cat-ostrogen-og-feminiserende-terapi","8":"expert-dr-j-vazquez","10":"first","11":"instock","12":"shipping-taxable","13":"product-type-variable"},"yoast_head":"<!-- This site is optimized with the Yoast SEO plugin v27.0 - https:\/\/yoast.com\/product\/yoast-seo-wordpress\/ -->\n<title>Zumenon | St\u00f8tte for hormonbalanse - Transtoyou<\/title>\n<meta name=\"description\" content=\"Zumenon, tilgjengelig her, tilbyr fordeler med hormonterapi. Handle n\u00e5 for effektiv lindring og bedre velv\u00e6re med Transtoyou sin p\u00e5litelige tjeneste.\" \/>\n<meta name=\"robots\" content=\"noindex, follow, max-snippet:-1, max-image-preview:large, max-video-preview:-1\" \/>\n<meta property=\"og:locale\" content=\"nb_NO\" \/>\n<meta property=\"og:type\" content=\"article\" \/>\n<meta property=\"og:title\" content=\"Zumenon | St\u00f8tte for hormonbalanse - Transtoyou\" \/>\n<meta property=\"og:description\" content=\"Zumenon, tilgjengelig her, tilbyr fordeler med hormonterapi. Handle n\u00e5 for effektiv lindring og bedre velv\u00e6re med Transtoyou sin p\u00e5litelige tjeneste.\" \/>\n<meta property=\"og:url\" content=\"https:\/\/www.transtoyou.com\/nb\/product\/zumenon\/\" \/>\n<meta property=\"og:site_name\" content=\"Transtoyou - NB\" \/>\n<meta property=\"article:modified_time\" content=\"2026-01-23T19:56:35+00:00\" \/>\n<meta name=\"twitter:card\" content=\"summary_large_image\" \/>\n<meta name=\"twitter:label1\" content=\"Ansl. lesetid\" \/>\n\t<meta name=\"twitter:data1\" content=\"1 minutt\" \/>\n<script type=\"application\/ld+json\" class=\"yoast-schema-graph\">{\"@context\":\"https:\/\/schema.org\",\"@graph\":[{\"@type\":\"WebPage\",\"@id\":\"https:\/\/www.transtoyou.com\/nb\/product\/zumenon\/\",\"url\":\"https:\/\/www.transtoyou.com\/nb\/product\/zumenon\/\",\"name\":\"Zumenon | St\u00f8tte for hormonbalanse - Transtoyou\",\"isPartOf\":{\"@id\":\"https:\/\/www.transtoyou.com\/nb\/#website\"},\"primaryImageOfPage\":{\"@id\":\"https:\/\/www.transtoyou.com\/nb\/product\/zumenon\/#primaryimage\"},\"image\":{\"@id\":\"https:\/\/www.transtoyou.com\/nb\/product\/zumenon\/#primaryimage\"},\"thumbnailUrl\":\"https:\/\/www.transtoyou.com\/nb\/wp-content\/uploads\/sites\/10\/2026\/01\/tty-no-product-image-48.webp\",\"datePublished\":\"2026-01-23T19:55:29+00:00\",\"dateModified\":\"2026-01-23T19:56:35+00:00\",\"description\":\"Zumenon, tilgjengelig her, tilbyr fordeler med hormonterapi. Handle n\u00e5 for effektiv lindring og bedre velv\u00e6re med Transtoyou sin p\u00e5litelige tjeneste.\",\"breadcrumb\":{\"@id\":\"https:\/\/www.transtoyou.com\/nb\/product\/zumenon\/#breadcrumb\"},\"inLanguage\":\"nb-NO\",\"potentialAction\":[{\"@type\":\"ReadAction\",\"target\":[\"https:\/\/www.transtoyou.com\/nb\/product\/zumenon\/\"]}]},{\"@type\":\"ImageObject\",\"inLanguage\":\"nb-NO\",\"@id\":\"https:\/\/www.transtoyou.com\/nb\/product\/zumenon\/#primaryimage\",\"url\":\"https:\/\/www.transtoyou.com\/nb\/wp-content\/uploads\/sites\/10\/2026\/01\/tty-no-product-image-48.webp\",\"contentUrl\":\"https:\/\/www.transtoyou.com\/nb\/wp-content\/uploads\/sites\/10\/2026\/01\/tty-no-product-image-48.webp\",\"width\":1000,\"height\":1000,\"caption\":\"Standard produktbilde\"},{\"@type\":\"WebSite\",\"@id\":\"https:\/\/www.transtoyou.com\/nb\/#website\",\"url\":\"https:\/\/www.transtoyou.com\/nb\/\",\"name\":\"Transtoyou - NB\",\"description\":\"\",\"publisher\":{\"@id\":\"https:\/\/www.transtoyou.com\/nb\/#organization\"},\"potentialAction\":[{\"@type\":\"SearchAction\",\"target\":{\"@type\":\"EntryPoint\",\"urlTemplate\":\"https:\/\/www.transtoyou.com\/nb\/?s={search_term_string}\"},\"query-input\":{\"@type\":\"PropertyValueSpecification\",\"valueRequired\":true,\"valueName\":\"search_term_string\"}}],\"inLanguage\":\"nb-NO\"},{\"@type\":\"Organization\",\"@id\":\"https:\/\/www.transtoyou.com\/nb\/#organization\",\"name\":\"Transtoyou - NB\",\"url\":\"https:\/\/www.transtoyou.com\/nb\/\",\"logo\":{\"@type\":\"ImageObject\",\"inLanguage\":\"nb-NO\",\"@id\":\"https:\/\/www.transtoyou.com\/nb\/#\/schema\/logo\/image\/\",\"url\":\"https:\/\/www.transtoyou.com\/nb\/wp-content\/uploads\/sites\/10\/2026\/01\/logo-tty-menu-bar-300x87-1.webp\",\"contentUrl\":\"https:\/\/www.transtoyou.com\/nb\/wp-content\/uploads\/sites\/10\/2026\/01\/logo-tty-menu-bar-300x87-1.webp\",\"width\":300,\"height\":87,\"caption\":\"Transtoyou - NB\"},\"image\":{\"@id\":\"https:\/\/www.transtoyou.com\/nb\/#\/schema\/logo\/image\/\"}}]}<\/script>\n<!-- \/ Yoast SEO plugin. -->","yoast_head_json":{"title":"Zumenon | St\u00f8tte for hormonbalanse - Transtoyou","description":"Zumenon, tilgjengelig her, tilbyr fordeler med hormonterapi. Handle n\u00e5 for effektiv lindring og bedre velv\u00e6re med Transtoyou sin p\u00e5litelige tjeneste.","robots":{"index":"noindex","follow":"follow","max-snippet":"max-snippet:-1","max-image-preview":"max-image-preview:large","max-video-preview":"max-video-preview:-1"},"og_locale":"nb_NO","og_type":"article","og_title":"Zumenon | St\u00f8tte for hormonbalanse - Transtoyou","og_description":"Zumenon, tilgjengelig her, tilbyr fordeler med hormonterapi. Handle n\u00e5 for effektiv lindring og bedre velv\u00e6re med Transtoyou sin p\u00e5litelige tjeneste.","og_url":"https:\/\/www.transtoyou.com\/nb\/product\/zumenon\/","og_site_name":"Transtoyou - NB","article_modified_time":"2026-01-23T19:56:35+00:00","twitter_card":"summary_large_image","twitter_misc":{"Ansl. lesetid":"1 minutt"},"schema":{"@context":"https:\/\/schema.org","@graph":[{"@type":"WebPage","@id":"https:\/\/www.transtoyou.com\/nb\/product\/zumenon\/","url":"https:\/\/www.transtoyou.com\/nb\/product\/zumenon\/","name":"Zumenon | St\u00f8tte for hormonbalanse - Transtoyou","isPartOf":{"@id":"https:\/\/www.transtoyou.com\/nb\/#website"},"primaryImageOfPage":{"@id":"https:\/\/www.transtoyou.com\/nb\/product\/zumenon\/#primaryimage"},"image":{"@id":"https:\/\/www.transtoyou.com\/nb\/product\/zumenon\/#primaryimage"},"thumbnailUrl":"https:\/\/www.transtoyou.com\/nb\/wp-content\/uploads\/sites\/10\/2026\/01\/tty-no-product-image-48.webp","datePublished":"2026-01-23T19:55:29+00:00","dateModified":"2026-01-23T19:56:35+00:00","description":"Zumenon, tilgjengelig her, tilbyr fordeler med hormonterapi. Handle n\u00e5 for effektiv lindring og bedre velv\u00e6re med Transtoyou sin p\u00e5litelige tjeneste.","breadcrumb":{"@id":"https:\/\/www.transtoyou.com\/nb\/product\/zumenon\/#breadcrumb"},"inLanguage":"nb-NO","potentialAction":[{"@type":"ReadAction","target":["https:\/\/www.transtoyou.com\/nb\/product\/zumenon\/"]}]},{"@type":"ImageObject","inLanguage":"nb-NO","@id":"https:\/\/www.transtoyou.com\/nb\/product\/zumenon\/#primaryimage","url":"https:\/\/www.transtoyou.com\/nb\/wp-content\/uploads\/sites\/10\/2026\/01\/tty-no-product-image-48.webp","contentUrl":"https:\/\/www.transtoyou.com\/nb\/wp-content\/uploads\/sites\/10\/2026\/01\/tty-no-product-image-48.webp","width":1000,"height":1000,"caption":"Standard produktbilde"},{"@type":"WebSite","@id":"https:\/\/www.transtoyou.com\/nb\/#website","url":"https:\/\/www.transtoyou.com\/nb\/","name":"Transtoyou - NB","description":"","publisher":{"@id":"https:\/\/www.transtoyou.com\/nb\/#organization"},"potentialAction":[{"@type":"SearchAction","target":{"@type":"EntryPoint","urlTemplate":"https:\/\/www.transtoyou.com\/nb\/?s={search_term_string}"},"query-input":{"@type":"PropertyValueSpecification","valueRequired":true,"valueName":"search_term_string"}}],"inLanguage":"nb-NO"},{"@type":"Organization","@id":"https:\/\/www.transtoyou.com\/nb\/#organization","name":"Transtoyou - NB","url":"https:\/\/www.transtoyou.com\/nb\/","logo":{"@type":"ImageObject","inLanguage":"nb-NO","@id":"https:\/\/www.transtoyou.com\/nb\/#\/schema\/logo\/image\/","url":"https:\/\/www.transtoyou.com\/nb\/wp-content\/uploads\/sites\/10\/2026\/01\/logo-tty-menu-bar-300x87-1.webp","contentUrl":"https:\/\/www.transtoyou.com\/nb\/wp-content\/uploads\/sites\/10\/2026\/01\/logo-tty-menu-bar-300x87-1.webp","width":300,"height":87,"caption":"Transtoyou - NB"},"image":{"@id":"https:\/\/www.transtoyou.com\/nb\/#\/schema\/logo\/image\/"}}]}},"_links":{"self":[{"href":"https:\/\/www.transtoyou.com\/nb\/wp-json\/wp\/v2\/product\/864","targetHints":{"allow":["GET"]}}],"collection":[{"href":"https:\/\/www.transtoyou.com\/nb\/wp-json\/wp\/v2\/product"}],"about":[{"href":"https:\/\/www.transtoyou.com\/nb\/wp-json\/wp\/v2\/types\/product"}],"replies":[{"embeddable":true,"href":"https:\/\/www.transtoyou.com\/nb\/wp-json\/wp\/v2\/comments?post=864"}],"wp:featuredmedia":[{"embeddable":true,"href":"https:\/\/www.transtoyou.com\/nb\/wp-json\/wp\/v2\/media\/866"}],"wp:attachment":[{"href":"https:\/\/www.transtoyou.com\/nb\/wp-json\/wp\/v2\/media?parent=864"}],"wp:term":[{"taxonomy":"product_brand","embeddable":true,"href":"https:\/\/www.transtoyou.com\/nb\/wp-json\/wp\/v2\/product_brand?post=864"},{"taxonomy":"product_cat","embeddable":true,"href":"https:\/\/www.transtoyou.com\/nb\/wp-json\/wp\/v2\/product_cat?post=864"},{"taxonomy":"product_tag","embeddable":true,"href":"https:\/\/www.transtoyou.com\/nb\/wp-json\/wp\/v2\/product_tag?post=864"},{"taxonomy":"expert","embeddable":true,"href":"https:\/\/www.transtoyou.com\/nb\/wp-json\/wp\/v2\/expert?post=864"}],"curies":[{"name":"wp","href":"https:\/\/api.w.org\/{rel}","templated":true}]}}