{"id":873,"date":"2026-01-23T22:44:21","date_gmt":"2026-01-23T20:44:21","guid":{"rendered":"https:\/\/www.transtoyou.com\/nb\/product\/propranolol\/"},"modified":"2026-01-23T22:45:40","modified_gmt":"2026-01-23T20:45:40","slug":"propranolol","status":"publish","type":"product","link":"https:\/\/www.transtoyou.com\/nb\/product\/propranolol\/","title":{"rendered":"Propranolol"},"content":{"rendered":"<p>Propranolol er en beta-blokker som brukes til \u00e5 h\u00e5ndtere h\u00f8yt blodtrykk og redusere belastningen p\u00e5 hjertet og blod\u00e5rene. Ved \u00e5 blokkere effekten av adrenalin, senker den hjertefrekvensen og reduserer kraften i hjertets sammentrekninger. Dette bidrar til \u00e5 senke blodtrykket og reduserer risikoen for alvorlige komplikasjoner som hjerneslag eller hjerteinfarkt.<\/p>\n<p>Propranolol er en ikke-selektiv beta-blokker, noe som betyr at den p\u00e5virker b\u00e5de hjertet og visse blod\u00e5rer. Den brukes vanligvis ikke bare for \u00e5 kontrollere h\u00f8yt blodtrykk, men ogs\u00e5 for \u00e5 behandle en rekke kardiovaskul\u00e6re tilstander, inkludert uregelmessige hjerterytmer og angina. I tillegg blir den noen ganger foreskrevet off-label for problemer som angst eller migreneprofylakse.<\/p>\n<p>Medikamentet tas vanligvis en eller to ganger daglig, avhengig av formuleringen og den individuelle behandlingsplanen. Noen versjoner er langtidsvirkende, og gir en jevn dose gjennom dagen, mens andre er korttidsvirkende og kan kreve flere doser. Doseringen justeres vanligvis basert p\u00e5 blodtrykksrespons og eventuelle bivirkninger.<\/p>\n<p>De fleste merker ikke umiddelbare endringer n\u00e5r de begynner med Propranolol, men med jevnlig bruk hjelper det \u00e5 opprettholde blodtrykket innenfor et sunt omr\u00e5de. Langtidsbehandling kan betydelig redusere risikoen for hjerterelaterte hendelser og organskader for\u00e5rsaket av langvarig hypertensjon.<\/p>\n<p>Bivirkninger er vanligvis milde og kan inkludere tretthet, svimmelhet eller kalde hender og f\u00f8tter. Disse symptomene avtar ofte over tid. Fordi Propranolol kan p\u00e5virke andre systemer i kroppen, b\u00f8r den brukes under medisinsk tilsyn, spesielt hos personer med astma eller visse hjerteforhold.<\/p>\n","protected":false},"excerpt":{"rendered":"<ul>\n<li>Klassisk bredspektret beta-blokker<\/li>\n<li>Kontrollerer trykk, skjelving, migrene<\/li>\n<li>Umiddelbare eller en gang daglig frigivelsesalternativer<\/li>\n<\/ul>\n","protected":false},"featured_media":875,"comment_status":"open","ping_status":"closed","template":"","meta":[],"product_brand":[],"product_cat":[136],"product_tag":[],"expert":[21],"class_list":{"0":"post-873","1":"product","2":"type-product","3":"status-publish","4":"has-post-thumbnail","6":"product_cat-hoyt-blodtrykk","7":"expert-dr-m-sharoyko","9":"first","10":"instock","11":"shipping-taxable","12":"product-type-variable"},"yoast_head":"<!-- This site is optimized with the Yoast SEO plugin v27.0 - https:\/\/yoast.com\/product\/yoast-seo-wordpress\/ -->\n<title>Propranolol | Effektiv st\u00f8tte for hjertehelse - Transtoyou<\/title>\n<meta name=\"description\" content=\"Propranolol tilgjengelig p\u00e5 Transtoyou: H\u00e5ndter angst og hjertehelse effektivt. Kj\u00f8p n\u00e5 for p\u00e5litelig kvalitet og bekvemmelighet.\" \/>\n<meta name=\"robots\" content=\"noindex, follow, max-snippet:-1, max-image-preview:large, max-video-preview:-1\" \/>\n<meta property=\"og:locale\" content=\"nb_NO\" \/>\n<meta property=\"og:type\" content=\"article\" \/>\n<meta property=\"og:title\" content=\"Propranolol | Effektiv st\u00f8tte for hjertehelse - Transtoyou\" \/>\n<meta property=\"og:description\" content=\"Propranolol tilgjengelig p\u00e5 Transtoyou: H\u00e5ndter angst og hjertehelse effektivt. Kj\u00f8p n\u00e5 for p\u00e5litelig kvalitet og bekvemmelighet.\" \/>\n<meta property=\"og:url\" content=\"https:\/\/www.transtoyou.com\/nb\/product\/propranolol\/\" \/>\n<meta property=\"og:site_name\" content=\"Transtoyou - NB\" \/>\n<meta property=\"article:modified_time\" content=\"2026-01-23T20:45:40+00:00\" \/>\n<meta name=\"twitter:card\" content=\"summary_large_image\" \/>\n<meta name=\"twitter:label1\" content=\"Ansl. lesetid\" \/>\n\t<meta name=\"twitter:data1\" content=\"1 minutt\" \/>\n<script type=\"application\/ld+json\" class=\"yoast-schema-graph\">{\"@context\":\"https:\/\/schema.org\",\"@graph\":[{\"@type\":\"WebPage\",\"@id\":\"https:\/\/www.transtoyou.com\/nb\/product\/propranolol\/\",\"url\":\"https:\/\/www.transtoyou.com\/nb\/product\/propranolol\/\",\"name\":\"Propranolol | Effektiv st\u00f8tte for hjertehelse - Transtoyou\",\"isPartOf\":{\"@id\":\"https:\/\/www.transtoyou.com\/nb\/#website\"},\"primaryImageOfPage\":{\"@id\":\"https:\/\/www.transtoyou.com\/nb\/product\/propranolol\/#primaryimage\"},\"image\":{\"@id\":\"https:\/\/www.transtoyou.com\/nb\/product\/propranolol\/#primaryimage\"},\"thumbnailUrl\":\"https:\/\/www.transtoyou.com\/nb\/wp-content\/uploads\/sites\/10\/2026\/01\/tty-no-product-image-51.webp\",\"datePublished\":\"2026-01-23T20:44:21+00:00\",\"dateModified\":\"2026-01-23T20:45:40+00:00\",\"description\":\"Propranolol tilgjengelig p\u00e5 Transtoyou: H\u00e5ndter angst og hjertehelse effektivt. Kj\u00f8p n\u00e5 for p\u00e5litelig kvalitet og bekvemmelighet.\",\"breadcrumb\":{\"@id\":\"https:\/\/www.transtoyou.com\/nb\/product\/propranolol\/#breadcrumb\"},\"inLanguage\":\"nb-NO\",\"potentialAction\":[{\"@type\":\"ReadAction\",\"target\":[\"https:\/\/www.transtoyou.com\/nb\/product\/propranolol\/\"]}]},{\"@type\":\"ImageObject\",\"inLanguage\":\"nb-NO\",\"@id\":\"https:\/\/www.transtoyou.com\/nb\/product\/propranolol\/#primaryimage\",\"url\":\"https:\/\/www.transtoyou.com\/nb\/wp-content\/uploads\/sites\/10\/2026\/01\/tty-no-product-image-51.webp\",\"contentUrl\":\"https:\/\/www.transtoyou.com\/nb\/wp-content\/uploads\/sites\/10\/2026\/01\/tty-no-product-image-51.webp\",\"width\":1000,\"height\":1000,\"caption\":\"Standard produktbilde\"},{\"@type\":\"WebSite\",\"@id\":\"https:\/\/www.transtoyou.com\/nb\/#website\",\"url\":\"https:\/\/www.transtoyou.com\/nb\/\",\"name\":\"Transtoyou - NB\",\"description\":\"\",\"publisher\":{\"@id\":\"https:\/\/www.transtoyou.com\/nb\/#organization\"},\"potentialAction\":[{\"@type\":\"SearchAction\",\"target\":{\"@type\":\"EntryPoint\",\"urlTemplate\":\"https:\/\/www.transtoyou.com\/nb\/?s={search_term_string}\"},\"query-input\":{\"@type\":\"PropertyValueSpecification\",\"valueRequired\":true,\"valueName\":\"search_term_string\"}}],\"inLanguage\":\"nb-NO\"},{\"@type\":\"Organization\",\"@id\":\"https:\/\/www.transtoyou.com\/nb\/#organization\",\"name\":\"Transtoyou - NB\",\"url\":\"https:\/\/www.transtoyou.com\/nb\/\",\"logo\":{\"@type\":\"ImageObject\",\"inLanguage\":\"nb-NO\",\"@id\":\"https:\/\/www.transtoyou.com\/nb\/#\/schema\/logo\/image\/\",\"url\":\"https:\/\/www.transtoyou.com\/nb\/wp-content\/uploads\/sites\/10\/2026\/01\/logo-tty-menu-bar-300x87-1.webp\",\"contentUrl\":\"https:\/\/www.transtoyou.com\/nb\/wp-content\/uploads\/sites\/10\/2026\/01\/logo-tty-menu-bar-300x87-1.webp\",\"width\":300,\"height\":87,\"caption\":\"Transtoyou - NB\"},\"image\":{\"@id\":\"https:\/\/www.transtoyou.com\/nb\/#\/schema\/logo\/image\/\"}}]}<\/script>\n<!-- \/ Yoast SEO plugin. -->","yoast_head_json":{"title":"Propranolol | Effektiv st\u00f8tte for hjertehelse - Transtoyou","description":"Propranolol tilgjengelig p\u00e5 Transtoyou: H\u00e5ndter angst og hjertehelse effektivt. Kj\u00f8p n\u00e5 for p\u00e5litelig kvalitet og bekvemmelighet.","robots":{"index":"noindex","follow":"follow","max-snippet":"max-snippet:-1","max-image-preview":"max-image-preview:large","max-video-preview":"max-video-preview:-1"},"og_locale":"nb_NO","og_type":"article","og_title":"Propranolol | Effektiv st\u00f8tte for hjertehelse - Transtoyou","og_description":"Propranolol tilgjengelig p\u00e5 Transtoyou: H\u00e5ndter angst og hjertehelse effektivt. Kj\u00f8p n\u00e5 for p\u00e5litelig kvalitet og bekvemmelighet.","og_url":"https:\/\/www.transtoyou.com\/nb\/product\/propranolol\/","og_site_name":"Transtoyou - NB","article_modified_time":"2026-01-23T20:45:40+00:00","twitter_card":"summary_large_image","twitter_misc":{"Ansl. lesetid":"1 minutt"},"schema":{"@context":"https:\/\/schema.org","@graph":[{"@type":"WebPage","@id":"https:\/\/www.transtoyou.com\/nb\/product\/propranolol\/","url":"https:\/\/www.transtoyou.com\/nb\/product\/propranolol\/","name":"Propranolol | Effektiv st\u00f8tte for hjertehelse - Transtoyou","isPartOf":{"@id":"https:\/\/www.transtoyou.com\/nb\/#website"},"primaryImageOfPage":{"@id":"https:\/\/www.transtoyou.com\/nb\/product\/propranolol\/#primaryimage"},"image":{"@id":"https:\/\/www.transtoyou.com\/nb\/product\/propranolol\/#primaryimage"},"thumbnailUrl":"https:\/\/www.transtoyou.com\/nb\/wp-content\/uploads\/sites\/10\/2026\/01\/tty-no-product-image-51.webp","datePublished":"2026-01-23T20:44:21+00:00","dateModified":"2026-01-23T20:45:40+00:00","description":"Propranolol tilgjengelig p\u00e5 Transtoyou: H\u00e5ndter angst og hjertehelse effektivt. Kj\u00f8p n\u00e5 for p\u00e5litelig kvalitet og bekvemmelighet.","breadcrumb":{"@id":"https:\/\/www.transtoyou.com\/nb\/product\/propranolol\/#breadcrumb"},"inLanguage":"nb-NO","potentialAction":[{"@type":"ReadAction","target":["https:\/\/www.transtoyou.com\/nb\/product\/propranolol\/"]}]},{"@type":"ImageObject","inLanguage":"nb-NO","@id":"https:\/\/www.transtoyou.com\/nb\/product\/propranolol\/#primaryimage","url":"https:\/\/www.transtoyou.com\/nb\/wp-content\/uploads\/sites\/10\/2026\/01\/tty-no-product-image-51.webp","contentUrl":"https:\/\/www.transtoyou.com\/nb\/wp-content\/uploads\/sites\/10\/2026\/01\/tty-no-product-image-51.webp","width":1000,"height":1000,"caption":"Standard produktbilde"},{"@type":"WebSite","@id":"https:\/\/www.transtoyou.com\/nb\/#website","url":"https:\/\/www.transtoyou.com\/nb\/","name":"Transtoyou - NB","description":"","publisher":{"@id":"https:\/\/www.transtoyou.com\/nb\/#organization"},"potentialAction":[{"@type":"SearchAction","target":{"@type":"EntryPoint","urlTemplate":"https:\/\/www.transtoyou.com\/nb\/?s={search_term_string}"},"query-input":{"@type":"PropertyValueSpecification","valueRequired":true,"valueName":"search_term_string"}}],"inLanguage":"nb-NO"},{"@type":"Organization","@id":"https:\/\/www.transtoyou.com\/nb\/#organization","name":"Transtoyou - NB","url":"https:\/\/www.transtoyou.com\/nb\/","logo":{"@type":"ImageObject","inLanguage":"nb-NO","@id":"https:\/\/www.transtoyou.com\/nb\/#\/schema\/logo\/image\/","url":"https:\/\/www.transtoyou.com\/nb\/wp-content\/uploads\/sites\/10\/2026\/01\/logo-tty-menu-bar-300x87-1.webp","contentUrl":"https:\/\/www.transtoyou.com\/nb\/wp-content\/uploads\/sites\/10\/2026\/01\/logo-tty-menu-bar-300x87-1.webp","width":300,"height":87,"caption":"Transtoyou - NB"},"image":{"@id":"https:\/\/www.transtoyou.com\/nb\/#\/schema\/logo\/image\/"}}]}},"_links":{"self":[{"href":"https:\/\/www.transtoyou.com\/nb\/wp-json\/wp\/v2\/product\/873","targetHints":{"allow":["GET"]}}],"collection":[{"href":"https:\/\/www.transtoyou.com\/nb\/wp-json\/wp\/v2\/product"}],"about":[{"href":"https:\/\/www.transtoyou.com\/nb\/wp-json\/wp\/v2\/types\/product"}],"replies":[{"embeddable":true,"href":"https:\/\/www.transtoyou.com\/nb\/wp-json\/wp\/v2\/comments?post=873"}],"wp:featuredmedia":[{"embeddable":true,"href":"https:\/\/www.transtoyou.com\/nb\/wp-json\/wp\/v2\/media\/875"}],"wp:attachment":[{"href":"https:\/\/www.transtoyou.com\/nb\/wp-json\/wp\/v2\/media?parent=873"}],"wp:term":[{"taxonomy":"product_brand","embeddable":true,"href":"https:\/\/www.transtoyou.com\/nb\/wp-json\/wp\/v2\/product_brand?post=873"},{"taxonomy":"product_cat","embeddable":true,"href":"https:\/\/www.transtoyou.com\/nb\/wp-json\/wp\/v2\/product_cat?post=873"},{"taxonomy":"product_tag","embeddable":true,"href":"https:\/\/www.transtoyou.com\/nb\/wp-json\/wp\/v2\/product_tag?post=873"},{"taxonomy":"expert","embeddable":true,"href":"https:\/\/www.transtoyou.com\/nb\/wp-json\/wp\/v2\/expert?post=873"}],"curies":[{"name":"wp","href":"https:\/\/api.w.org\/{rel}","templated":true}]}}