{"id":879,"date":"2026-01-23T23:19:44","date_gmt":"2026-01-23T21:19:44","guid":{"rendered":"https:\/\/www.transtoyou.com\/nb\/product\/femoston\/"},"modified":"2026-01-23T23:20:36","modified_gmt":"2026-01-23T21:20:36","slug":"femoston","status":"publish","type":"product","link":"https:\/\/www.transtoyou.com\/nb\/product\/femoston\/","title":{"rendered":"Femoston"},"content":{"rendered":"<p>Femoston er en tablett som brukes som en del av hormonbehandling for \u00e5 lindre symptomer assosiert med lave \u00f8strogenniv\u00e5er. Den inneholder to hormoner: estradiol, en form for \u00f8strogen, og dydrogesteron, et gestagen som bidrar til \u00e5 beskytte livmorens slimhinne. Denne kombinasjonen brukes vanligvis av personer som har n\u00e5dd overgangsalderen og fortsatt har livmor.<\/p>\n<p>Symptomer p\u00e5 overgangsalder som hetetokter, nattesvette, hum\u00f8rsvingninger og vaginal t\u00f8rrhet oppst\u00e5r p\u00e5 grunn av reduserte \u00f8strogenniv\u00e5er. Femoston fyller p\u00e5 dette hormonet for \u00e5 gjenopprette balanse og redusere ubehag. Gestagenkomponenten bidrar til \u00e5 forhindre at livmorens slimhinne blir for tykk, noe som kan skje n\u00e5r \u00f8strogen brukes alene.<\/p>\n<p>Femoston tas en gang daglig, med forskjellige formuleringer tilgjengelig avhengig av om et kontinuerlig eller syklisk hormonm\u00f8nster er n\u00f8dvendig. Konsistent bruk bidrar til \u00e5 h\u00e5ndtere b\u00e5de kortsiktige symptomer p\u00e5 \u00f8strogenmangel og bidrar til langsiktige m\u00e5l relatert til hormonstabilitet og livskvalitet.<\/p>\n","protected":false},"excerpt":{"rendered":"<ul>\n<li>Daglig oral hormonpille<\/li>\n<li>Lindrer overgangsalder<\/li>\n<li>Kombinerer \u00f8strogen og progestogen<\/li>\n<\/ul>\n","protected":false},"featured_media":881,"comment_status":"open","ping_status":"closed","template":"","meta":[],"product_brand":[],"product_cat":[139,145],"product_tag":[],"expert":[16],"class_list":{"0":"post-879","1":"product","2":"type-product","3":"status-publish","4":"has-post-thumbnail","6":"product_cat-hormonerstatningsterapi-hrt","7":"product_cat-menopause-og-pms-lindring","8":"expert-dr-c-alexandru","10":"first","11":"instock","12":"shipping-taxable","13":"product-type-variable"},"yoast_head":"<!-- This site is optimized with the Yoast SEO plugin v27.0 - https:\/\/yoast.com\/product\/yoast-seo-wordpress\/ -->\n<title>Femoston | St\u00f8tte for Hormonbalanse - Transtoyou<\/title>\n<meta name=\"description\" content=\"Femoston, tilgjengelig p\u00e5 Transtoyou. Oppdag fordelene for hormonbalanse og velv\u00e6re. Handle n\u00e5 for en p\u00e5litelig l\u00f8sning.\" \/>\n<meta name=\"robots\" content=\"noindex, follow, max-snippet:-1, max-image-preview:large, max-video-preview:-1\" \/>\n<meta property=\"og:locale\" content=\"nb_NO\" \/>\n<meta property=\"og:type\" content=\"article\" \/>\n<meta property=\"og:title\" content=\"Femoston | St\u00f8tte for Hormonbalanse - Transtoyou\" \/>\n<meta property=\"og:description\" content=\"Femoston, tilgjengelig p\u00e5 Transtoyou. Oppdag fordelene for hormonbalanse og velv\u00e6re. Handle n\u00e5 for en p\u00e5litelig l\u00f8sning.\" \/>\n<meta property=\"og:url\" content=\"https:\/\/www.transtoyou.com\/nb\/product\/femoston\/\" \/>\n<meta property=\"og:site_name\" content=\"Transtoyou - NB\" \/>\n<meta property=\"article:modified_time\" content=\"2026-01-23T21:20:36+00:00\" \/>\n<meta name=\"twitter:card\" content=\"summary_large_image\" \/>\n<meta name=\"twitter:label1\" content=\"Ansl. lesetid\" \/>\n\t<meta name=\"twitter:data1\" content=\"1 minutt\" \/>\n<script type=\"application\/ld+json\" class=\"yoast-schema-graph\">{\"@context\":\"https:\/\/schema.org\",\"@graph\":[{\"@type\":\"WebPage\",\"@id\":\"https:\/\/www.transtoyou.com\/nb\/product\/femoston\/\",\"url\":\"https:\/\/www.transtoyou.com\/nb\/product\/femoston\/\",\"name\":\"Femoston | St\u00f8tte for Hormonbalanse - Transtoyou\",\"isPartOf\":{\"@id\":\"https:\/\/www.transtoyou.com\/nb\/#website\"},\"primaryImageOfPage\":{\"@id\":\"https:\/\/www.transtoyou.com\/nb\/product\/femoston\/#primaryimage\"},\"image\":{\"@id\":\"https:\/\/www.transtoyou.com\/nb\/product\/femoston\/#primaryimage\"},\"thumbnailUrl\":\"https:\/\/www.transtoyou.com\/nb\/wp-content\/uploads\/sites\/10\/2026\/01\/tty-no-product-image-53.webp\",\"datePublished\":\"2026-01-23T21:19:44+00:00\",\"dateModified\":\"2026-01-23T21:20:36+00:00\",\"description\":\"Femoston, tilgjengelig p\u00e5 Transtoyou. Oppdag fordelene for hormonbalanse og velv\u00e6re. Handle n\u00e5 for en p\u00e5litelig l\u00f8sning.\",\"breadcrumb\":{\"@id\":\"https:\/\/www.transtoyou.com\/nb\/product\/femoston\/#breadcrumb\"},\"inLanguage\":\"nb-NO\",\"potentialAction\":[{\"@type\":\"ReadAction\",\"target\":[\"https:\/\/www.transtoyou.com\/nb\/product\/femoston\/\"]}]},{\"@type\":\"ImageObject\",\"inLanguage\":\"nb-NO\",\"@id\":\"https:\/\/www.transtoyou.com\/nb\/product\/femoston\/#primaryimage\",\"url\":\"https:\/\/www.transtoyou.com\/nb\/wp-content\/uploads\/sites\/10\/2026\/01\/tty-no-product-image-53.webp\",\"contentUrl\":\"https:\/\/www.transtoyou.com\/nb\/wp-content\/uploads\/sites\/10\/2026\/01\/tty-no-product-image-53.webp\",\"width\":1000,\"height\":1000,\"caption\":\"Standard produktbilde\"},{\"@type\":\"WebSite\",\"@id\":\"https:\/\/www.transtoyou.com\/nb\/#website\",\"url\":\"https:\/\/www.transtoyou.com\/nb\/\",\"name\":\"Transtoyou - NB\",\"description\":\"\",\"publisher\":{\"@id\":\"https:\/\/www.transtoyou.com\/nb\/#organization\"},\"potentialAction\":[{\"@type\":\"SearchAction\",\"target\":{\"@type\":\"EntryPoint\",\"urlTemplate\":\"https:\/\/www.transtoyou.com\/nb\/?s={search_term_string}\"},\"query-input\":{\"@type\":\"PropertyValueSpecification\",\"valueRequired\":true,\"valueName\":\"search_term_string\"}}],\"inLanguage\":\"nb-NO\"},{\"@type\":\"Organization\",\"@id\":\"https:\/\/www.transtoyou.com\/nb\/#organization\",\"name\":\"Transtoyou - NB\",\"url\":\"https:\/\/www.transtoyou.com\/nb\/\",\"logo\":{\"@type\":\"ImageObject\",\"inLanguage\":\"nb-NO\",\"@id\":\"https:\/\/www.transtoyou.com\/nb\/#\/schema\/logo\/image\/\",\"url\":\"https:\/\/www.transtoyou.com\/nb\/wp-content\/uploads\/sites\/10\/2026\/01\/logo-tty-menu-bar-300x87-1.webp\",\"contentUrl\":\"https:\/\/www.transtoyou.com\/nb\/wp-content\/uploads\/sites\/10\/2026\/01\/logo-tty-menu-bar-300x87-1.webp\",\"width\":300,\"height\":87,\"caption\":\"Transtoyou - NB\"},\"image\":{\"@id\":\"https:\/\/www.transtoyou.com\/nb\/#\/schema\/logo\/image\/\"}}]}<\/script>\n<!-- \/ Yoast SEO plugin. -->","yoast_head_json":{"title":"Femoston | St\u00f8tte for Hormonbalanse - Transtoyou","description":"Femoston, tilgjengelig p\u00e5 Transtoyou. Oppdag fordelene for hormonbalanse og velv\u00e6re. Handle n\u00e5 for en p\u00e5litelig l\u00f8sning.","robots":{"index":"noindex","follow":"follow","max-snippet":"max-snippet:-1","max-image-preview":"max-image-preview:large","max-video-preview":"max-video-preview:-1"},"og_locale":"nb_NO","og_type":"article","og_title":"Femoston | St\u00f8tte for Hormonbalanse - Transtoyou","og_description":"Femoston, tilgjengelig p\u00e5 Transtoyou. Oppdag fordelene for hormonbalanse og velv\u00e6re. Handle n\u00e5 for en p\u00e5litelig l\u00f8sning.","og_url":"https:\/\/www.transtoyou.com\/nb\/product\/femoston\/","og_site_name":"Transtoyou - NB","article_modified_time":"2026-01-23T21:20:36+00:00","twitter_card":"summary_large_image","twitter_misc":{"Ansl. lesetid":"1 minutt"},"schema":{"@context":"https:\/\/schema.org","@graph":[{"@type":"WebPage","@id":"https:\/\/www.transtoyou.com\/nb\/product\/femoston\/","url":"https:\/\/www.transtoyou.com\/nb\/product\/femoston\/","name":"Femoston | St\u00f8tte for Hormonbalanse - Transtoyou","isPartOf":{"@id":"https:\/\/www.transtoyou.com\/nb\/#website"},"primaryImageOfPage":{"@id":"https:\/\/www.transtoyou.com\/nb\/product\/femoston\/#primaryimage"},"image":{"@id":"https:\/\/www.transtoyou.com\/nb\/product\/femoston\/#primaryimage"},"thumbnailUrl":"https:\/\/www.transtoyou.com\/nb\/wp-content\/uploads\/sites\/10\/2026\/01\/tty-no-product-image-53.webp","datePublished":"2026-01-23T21:19:44+00:00","dateModified":"2026-01-23T21:20:36+00:00","description":"Femoston, tilgjengelig p\u00e5 Transtoyou. Oppdag fordelene for hormonbalanse og velv\u00e6re. Handle n\u00e5 for en p\u00e5litelig l\u00f8sning.","breadcrumb":{"@id":"https:\/\/www.transtoyou.com\/nb\/product\/femoston\/#breadcrumb"},"inLanguage":"nb-NO","potentialAction":[{"@type":"ReadAction","target":["https:\/\/www.transtoyou.com\/nb\/product\/femoston\/"]}]},{"@type":"ImageObject","inLanguage":"nb-NO","@id":"https:\/\/www.transtoyou.com\/nb\/product\/femoston\/#primaryimage","url":"https:\/\/www.transtoyou.com\/nb\/wp-content\/uploads\/sites\/10\/2026\/01\/tty-no-product-image-53.webp","contentUrl":"https:\/\/www.transtoyou.com\/nb\/wp-content\/uploads\/sites\/10\/2026\/01\/tty-no-product-image-53.webp","width":1000,"height":1000,"caption":"Standard produktbilde"},{"@type":"WebSite","@id":"https:\/\/www.transtoyou.com\/nb\/#website","url":"https:\/\/www.transtoyou.com\/nb\/","name":"Transtoyou - NB","description":"","publisher":{"@id":"https:\/\/www.transtoyou.com\/nb\/#organization"},"potentialAction":[{"@type":"SearchAction","target":{"@type":"EntryPoint","urlTemplate":"https:\/\/www.transtoyou.com\/nb\/?s={search_term_string}"},"query-input":{"@type":"PropertyValueSpecification","valueRequired":true,"valueName":"search_term_string"}}],"inLanguage":"nb-NO"},{"@type":"Organization","@id":"https:\/\/www.transtoyou.com\/nb\/#organization","name":"Transtoyou - NB","url":"https:\/\/www.transtoyou.com\/nb\/","logo":{"@type":"ImageObject","inLanguage":"nb-NO","@id":"https:\/\/www.transtoyou.com\/nb\/#\/schema\/logo\/image\/","url":"https:\/\/www.transtoyou.com\/nb\/wp-content\/uploads\/sites\/10\/2026\/01\/logo-tty-menu-bar-300x87-1.webp","contentUrl":"https:\/\/www.transtoyou.com\/nb\/wp-content\/uploads\/sites\/10\/2026\/01\/logo-tty-menu-bar-300x87-1.webp","width":300,"height":87,"caption":"Transtoyou - NB"},"image":{"@id":"https:\/\/www.transtoyou.com\/nb\/#\/schema\/logo\/image\/"}}]}},"_links":{"self":[{"href":"https:\/\/www.transtoyou.com\/nb\/wp-json\/wp\/v2\/product\/879","targetHints":{"allow":["GET"]}}],"collection":[{"href":"https:\/\/www.transtoyou.com\/nb\/wp-json\/wp\/v2\/product"}],"about":[{"href":"https:\/\/www.transtoyou.com\/nb\/wp-json\/wp\/v2\/types\/product"}],"replies":[{"embeddable":true,"href":"https:\/\/www.transtoyou.com\/nb\/wp-json\/wp\/v2\/comments?post=879"}],"wp:featuredmedia":[{"embeddable":true,"href":"https:\/\/www.transtoyou.com\/nb\/wp-json\/wp\/v2\/media\/881"}],"wp:attachment":[{"href":"https:\/\/www.transtoyou.com\/nb\/wp-json\/wp\/v2\/media?parent=879"}],"wp:term":[{"taxonomy":"product_brand","embeddable":true,"href":"https:\/\/www.transtoyou.com\/nb\/wp-json\/wp\/v2\/product_brand?post=879"},{"taxonomy":"product_cat","embeddable":true,"href":"https:\/\/www.transtoyou.com\/nb\/wp-json\/wp\/v2\/product_cat?post=879"},{"taxonomy":"product_tag","embeddable":true,"href":"https:\/\/www.transtoyou.com\/nb\/wp-json\/wp\/v2\/product_tag?post=879"},{"taxonomy":"expert","embeddable":true,"href":"https:\/\/www.transtoyou.com\/nb\/wp-json\/wp\/v2\/expert?post=879"}],"curies":[{"name":"wp","href":"https:\/\/api.w.org\/{rel}","templated":true}]}}