{"id":882,"date":"2026-01-23T23:32:52","date_gmt":"2026-01-23T21:32:52","guid":{"rendered":"https:\/\/www.transtoyou.com\/nb\/product\/lenzetto\/"},"modified":"2026-01-23T23:33:54","modified_gmt":"2026-01-23T21:33:54","slug":"lenzetto","status":"publish","type":"product","link":"https:\/\/www.transtoyou.com\/nb\/product\/lenzetto\/","title":{"rendered":"Lenzetto"},"content":{"rendered":"<p>Lenzetto er en spray som brukes til \u00e5 levere \u00f8strogen gjennom huden og inn i blodstr\u00f8mmen. Den inneholder estradiol, en form for \u00f8strogen som er identisk med hormonet som produseres naturlig i kroppen. Denne medisinen brukes i hormonbehandling for \u00e5 behandle symptomer for\u00e5rsaket av lave \u00f8strogenniv\u00e5er, og er ogs\u00e5 egnet for bruk i feminiserende hormonbehandling.<\/p>\n<p>Under overgangsalderen, eller i situasjoner der \u00f8strogen er n\u00f8dvendig av andre grunner, kan folk oppleve symptomer som hetetokter, nattesvette, hum\u00f8rsvingninger og vaginal t\u00f8rrhet. Lenzetto gjenoppretter \u00f8strogenniv\u00e5ene for \u00e5 bidra til \u00e5 redusere alvorlighetsgraden av disse symptomene. Fordi sprayen p\u00e5f\u00f8res huden, unng\u00e5r den ford\u00f8yelsessystemet og tilbyr et fleksibelt, ikke-oralt alternativ til tabletter eller plaster.<\/p>\n<p>Sprayen p\u00e5f\u00f8res en gang daglig p\u00e5 ren, t\u00f8rr hud, vanligvis p\u00e5 den indre underarmen. Den t\u00f8rker raskt og etterlater ingen rester. Lenzetto gir mulighet for personlig dosering og en diskret, lavvedlikeholdsmetode for \u00f8strogenlevering for b\u00e5de lindring av overgangsalder og feminiserende omsorg.<\/p>\n","protected":false},"excerpt":{"rendered":"<ul>\n<li>Spray \u00f8strogen for hudabsorpsjon<\/li>\n<li>Brukes for overgangsalder<\/li>\n<li>Justerbar daglig dose<\/li>\n<\/ul>\n","protected":false},"featured_media":884,"comment_status":"open","ping_status":"closed","template":"","meta":[],"product_brand":[],"product_cat":[139],"product_tag":[],"expert":[16],"class_list":{"0":"post-882","1":"product","2":"type-product","3":"status-publish","4":"has-post-thumbnail","6":"product_cat-hormonerstatningsterapi-hrt","7":"expert-dr-c-alexandru","9":"first","10":"instock","11":"shipping-taxable","12":"product-type-variable"},"yoast_head":"<!-- This site is optimized with the Yoast SEO plugin v27.0 - https:\/\/yoast.com\/product\/yoast-seo-wordpress\/ -->\n<title>Lenzetto | Enkel p\u00e5f\u00f8ring hormon spray - Transtoyou<\/title>\n<meta name=\"description\" content=\"Lenzetto, tilgjengelig p\u00e5 Transtoyou, gir effektiv lindring for menopausale symptomer. Utforsk fordelene og handle n\u00e5 for en praktisk l\u00f8sning.\" \/>\n<meta name=\"robots\" content=\"noindex, follow, max-snippet:-1, max-image-preview:large, max-video-preview:-1\" \/>\n<meta property=\"og:locale\" content=\"nb_NO\" \/>\n<meta property=\"og:type\" content=\"article\" \/>\n<meta property=\"og:title\" content=\"Lenzetto | Enkel p\u00e5f\u00f8ring hormon spray - Transtoyou\" \/>\n<meta property=\"og:description\" content=\"Lenzetto, tilgjengelig p\u00e5 Transtoyou, gir effektiv lindring for menopausale symptomer. Utforsk fordelene og handle n\u00e5 for en praktisk l\u00f8sning.\" \/>\n<meta property=\"og:url\" content=\"https:\/\/www.transtoyou.com\/nb\/product\/lenzetto\/\" \/>\n<meta property=\"og:site_name\" content=\"Transtoyou - NB\" \/>\n<meta property=\"article:modified_time\" content=\"2026-01-23T21:33:54+00:00\" \/>\n<meta name=\"twitter:card\" content=\"summary_large_image\" \/>\n<meta name=\"twitter:label1\" content=\"Ansl. lesetid\" \/>\n\t<meta name=\"twitter:data1\" content=\"1 minutt\" \/>\n<script type=\"application\/ld+json\" class=\"yoast-schema-graph\">{\"@context\":\"https:\/\/schema.org\",\"@graph\":[{\"@type\":\"WebPage\",\"@id\":\"https:\/\/www.transtoyou.com\/nb\/product\/lenzetto\/\",\"url\":\"https:\/\/www.transtoyou.com\/nb\/product\/lenzetto\/\",\"name\":\"Lenzetto | Enkel p\u00e5f\u00f8ring hormon spray - Transtoyou\",\"isPartOf\":{\"@id\":\"https:\/\/www.transtoyou.com\/nb\/#website\"},\"primaryImageOfPage\":{\"@id\":\"https:\/\/www.transtoyou.com\/nb\/product\/lenzetto\/#primaryimage\"},\"image\":{\"@id\":\"https:\/\/www.transtoyou.com\/nb\/product\/lenzetto\/#primaryimage\"},\"thumbnailUrl\":\"https:\/\/www.transtoyou.com\/nb\/wp-content\/uploads\/sites\/10\/2026\/01\/tty-no-product-image-54.webp\",\"datePublished\":\"2026-01-23T21:32:52+00:00\",\"dateModified\":\"2026-01-23T21:33:54+00:00\",\"description\":\"Lenzetto, tilgjengelig p\u00e5 Transtoyou, gir effektiv lindring for menopausale symptomer. Utforsk fordelene og handle n\u00e5 for en praktisk l\u00f8sning.\",\"breadcrumb\":{\"@id\":\"https:\/\/www.transtoyou.com\/nb\/product\/lenzetto\/#breadcrumb\"},\"inLanguage\":\"nb-NO\",\"potentialAction\":[{\"@type\":\"ReadAction\",\"target\":[\"https:\/\/www.transtoyou.com\/nb\/product\/lenzetto\/\"]}]},{\"@type\":\"ImageObject\",\"inLanguage\":\"nb-NO\",\"@id\":\"https:\/\/www.transtoyou.com\/nb\/product\/lenzetto\/#primaryimage\",\"url\":\"https:\/\/www.transtoyou.com\/nb\/wp-content\/uploads\/sites\/10\/2026\/01\/tty-no-product-image-54.webp\",\"contentUrl\":\"https:\/\/www.transtoyou.com\/nb\/wp-content\/uploads\/sites\/10\/2026\/01\/tty-no-product-image-54.webp\",\"width\":1000,\"height\":1000,\"caption\":\"Standard produktbilde\"},{\"@type\":\"WebSite\",\"@id\":\"https:\/\/www.transtoyou.com\/nb\/#website\",\"url\":\"https:\/\/www.transtoyou.com\/nb\/\",\"name\":\"Transtoyou - NB\",\"description\":\"\",\"publisher\":{\"@id\":\"https:\/\/www.transtoyou.com\/nb\/#organization\"},\"potentialAction\":[{\"@type\":\"SearchAction\",\"target\":{\"@type\":\"EntryPoint\",\"urlTemplate\":\"https:\/\/www.transtoyou.com\/nb\/?s={search_term_string}\"},\"query-input\":{\"@type\":\"PropertyValueSpecification\",\"valueRequired\":true,\"valueName\":\"search_term_string\"}}],\"inLanguage\":\"nb-NO\"},{\"@type\":\"Organization\",\"@id\":\"https:\/\/www.transtoyou.com\/nb\/#organization\",\"name\":\"Transtoyou - NB\",\"url\":\"https:\/\/www.transtoyou.com\/nb\/\",\"logo\":{\"@type\":\"ImageObject\",\"inLanguage\":\"nb-NO\",\"@id\":\"https:\/\/www.transtoyou.com\/nb\/#\/schema\/logo\/image\/\",\"url\":\"https:\/\/www.transtoyou.com\/nb\/wp-content\/uploads\/sites\/10\/2026\/01\/logo-tty-menu-bar-300x87-1.webp\",\"contentUrl\":\"https:\/\/www.transtoyou.com\/nb\/wp-content\/uploads\/sites\/10\/2026\/01\/logo-tty-menu-bar-300x87-1.webp\",\"width\":300,\"height\":87,\"caption\":\"Transtoyou - NB\"},\"image\":{\"@id\":\"https:\/\/www.transtoyou.com\/nb\/#\/schema\/logo\/image\/\"}}]}<\/script>\n<!-- \/ Yoast SEO plugin. -->","yoast_head_json":{"title":"Lenzetto | Enkel p\u00e5f\u00f8ring hormon spray - Transtoyou","description":"Lenzetto, tilgjengelig p\u00e5 Transtoyou, gir effektiv lindring for menopausale symptomer. Utforsk fordelene og handle n\u00e5 for en praktisk l\u00f8sning.","robots":{"index":"noindex","follow":"follow","max-snippet":"max-snippet:-1","max-image-preview":"max-image-preview:large","max-video-preview":"max-video-preview:-1"},"og_locale":"nb_NO","og_type":"article","og_title":"Lenzetto | Enkel p\u00e5f\u00f8ring hormon spray - Transtoyou","og_description":"Lenzetto, tilgjengelig p\u00e5 Transtoyou, gir effektiv lindring for menopausale symptomer. Utforsk fordelene og handle n\u00e5 for en praktisk l\u00f8sning.","og_url":"https:\/\/www.transtoyou.com\/nb\/product\/lenzetto\/","og_site_name":"Transtoyou - NB","article_modified_time":"2026-01-23T21:33:54+00:00","twitter_card":"summary_large_image","twitter_misc":{"Ansl. lesetid":"1 minutt"},"schema":{"@context":"https:\/\/schema.org","@graph":[{"@type":"WebPage","@id":"https:\/\/www.transtoyou.com\/nb\/product\/lenzetto\/","url":"https:\/\/www.transtoyou.com\/nb\/product\/lenzetto\/","name":"Lenzetto | Enkel p\u00e5f\u00f8ring hormon spray - Transtoyou","isPartOf":{"@id":"https:\/\/www.transtoyou.com\/nb\/#website"},"primaryImageOfPage":{"@id":"https:\/\/www.transtoyou.com\/nb\/product\/lenzetto\/#primaryimage"},"image":{"@id":"https:\/\/www.transtoyou.com\/nb\/product\/lenzetto\/#primaryimage"},"thumbnailUrl":"https:\/\/www.transtoyou.com\/nb\/wp-content\/uploads\/sites\/10\/2026\/01\/tty-no-product-image-54.webp","datePublished":"2026-01-23T21:32:52+00:00","dateModified":"2026-01-23T21:33:54+00:00","description":"Lenzetto, tilgjengelig p\u00e5 Transtoyou, gir effektiv lindring for menopausale symptomer. Utforsk fordelene og handle n\u00e5 for en praktisk l\u00f8sning.","breadcrumb":{"@id":"https:\/\/www.transtoyou.com\/nb\/product\/lenzetto\/#breadcrumb"},"inLanguage":"nb-NO","potentialAction":[{"@type":"ReadAction","target":["https:\/\/www.transtoyou.com\/nb\/product\/lenzetto\/"]}]},{"@type":"ImageObject","inLanguage":"nb-NO","@id":"https:\/\/www.transtoyou.com\/nb\/product\/lenzetto\/#primaryimage","url":"https:\/\/www.transtoyou.com\/nb\/wp-content\/uploads\/sites\/10\/2026\/01\/tty-no-product-image-54.webp","contentUrl":"https:\/\/www.transtoyou.com\/nb\/wp-content\/uploads\/sites\/10\/2026\/01\/tty-no-product-image-54.webp","width":1000,"height":1000,"caption":"Standard produktbilde"},{"@type":"WebSite","@id":"https:\/\/www.transtoyou.com\/nb\/#website","url":"https:\/\/www.transtoyou.com\/nb\/","name":"Transtoyou - NB","description":"","publisher":{"@id":"https:\/\/www.transtoyou.com\/nb\/#organization"},"potentialAction":[{"@type":"SearchAction","target":{"@type":"EntryPoint","urlTemplate":"https:\/\/www.transtoyou.com\/nb\/?s={search_term_string}"},"query-input":{"@type":"PropertyValueSpecification","valueRequired":true,"valueName":"search_term_string"}}],"inLanguage":"nb-NO"},{"@type":"Organization","@id":"https:\/\/www.transtoyou.com\/nb\/#organization","name":"Transtoyou - NB","url":"https:\/\/www.transtoyou.com\/nb\/","logo":{"@type":"ImageObject","inLanguage":"nb-NO","@id":"https:\/\/www.transtoyou.com\/nb\/#\/schema\/logo\/image\/","url":"https:\/\/www.transtoyou.com\/nb\/wp-content\/uploads\/sites\/10\/2026\/01\/logo-tty-menu-bar-300x87-1.webp","contentUrl":"https:\/\/www.transtoyou.com\/nb\/wp-content\/uploads\/sites\/10\/2026\/01\/logo-tty-menu-bar-300x87-1.webp","width":300,"height":87,"caption":"Transtoyou - NB"},"image":{"@id":"https:\/\/www.transtoyou.com\/nb\/#\/schema\/logo\/image\/"}}]}},"_links":{"self":[{"href":"https:\/\/www.transtoyou.com\/nb\/wp-json\/wp\/v2\/product\/882","targetHints":{"allow":["GET"]}}],"collection":[{"href":"https:\/\/www.transtoyou.com\/nb\/wp-json\/wp\/v2\/product"}],"about":[{"href":"https:\/\/www.transtoyou.com\/nb\/wp-json\/wp\/v2\/types\/product"}],"replies":[{"embeddable":true,"href":"https:\/\/www.transtoyou.com\/nb\/wp-json\/wp\/v2\/comments?post=882"}],"wp:featuredmedia":[{"embeddable":true,"href":"https:\/\/www.transtoyou.com\/nb\/wp-json\/wp\/v2\/media\/884"}],"wp:attachment":[{"href":"https:\/\/www.transtoyou.com\/nb\/wp-json\/wp\/v2\/media?parent=882"}],"wp:term":[{"taxonomy":"product_brand","embeddable":true,"href":"https:\/\/www.transtoyou.com\/nb\/wp-json\/wp\/v2\/product_brand?post=882"},{"taxonomy":"product_cat","embeddable":true,"href":"https:\/\/www.transtoyou.com\/nb\/wp-json\/wp\/v2\/product_cat?post=882"},{"taxonomy":"product_tag","embeddable":true,"href":"https:\/\/www.transtoyou.com\/nb\/wp-json\/wp\/v2\/product_tag?post=882"},{"taxonomy":"expert","embeddable":true,"href":"https:\/\/www.transtoyou.com\/nb\/wp-json\/wp\/v2\/expert?post=882"}],"curies":[{"name":"wp","href":"https:\/\/api.w.org\/{rel}","templated":true}]}}