{"id":885,"date":"2026-01-23T23:47:29","date_gmt":"2026-01-23T21:47:29","guid":{"rendered":"https:\/\/www.transtoyou.com\/nb\/product\/evorel-conti\/"},"modified":"2026-01-23T23:48:24","modified_gmt":"2026-01-23T21:48:24","slug":"evorel-conti","status":"publish","type":"product","link":"https:\/\/www.transtoyou.com\/nb\/product\/evorel-conti\/","title":{"rendered":"Evorel Conti"},"content":{"rendered":"<p>Evorel Conti er en kontinuerlig kombinert hormonbehandling (HRT) som er designet for \u00e5 hjelpe til med \u00e5 h\u00e5ndtere symptomer relatert til overgangsalderen. Den inneholder to aktive ingredienser: estradiol (en form for \u00f8strogen) og norethisteron (et syntetisk gestagen). Denne kombinasjonen er ment for postmenopausale kvinner som fortsatt har livmor og \u00f8nsker \u00e5 lindre symptomer som hetetokter, nattesvette, hum\u00f8rsvingninger og vaginal t\u00f8rrhet.<\/p>\n<p>Evorel Conti administreres via transdermale plaster som frigj\u00f8r hormoner jevnt gjennom huden inn i blodstr\u00f8mmen. Denne leveringsmetoden kan st\u00f8tte mer stabile hormonniv\u00e5er og kan redusere gastrointestinale bivirkninger sammenlignet med oral HRT.<\/p>\n<p>Hvert plaster p\u00e5f\u00f8res ren, t\u00f8rr, h\u00e5rfri hud, vanligvis p\u00e5 nedre del av magen eller rumpeballene \u2014 og byttes to ganger i uken, ved \u00e5 bruke et annet omr\u00e5de ved hver p\u00e5f\u00f8ring.<\/p>\n<p>Evorel Conti for\u00e5rsaker vanligvis ikke en m\u00e5nedlig tilbaketrekningsbl\u00f8dning, noe som gj\u00f8r det til et praktisk alternativ for mange kvinner som s\u00f8ker langvarig behandling. Behandlingen er egnet for kvinner mer enn 12 m\u00e5neder postmenopausale.<\/p>\n<p>I tillegg til symptomlindring kan Evorel Conti bidra til \u00e5 st\u00f8tte beinhelse og redusere risikoen for postmenopausal osteoporose knyttet til fallende \u00f8strogenniv\u00e5er. Mange brukere t\u00e5ler behandlingen godt, selv om bivirkninger som hudirritasjon, \u00f8mhet i brystene eller mild kvalme kan forekomme.<\/p>\n","protected":false},"excerpt":{"rendered":"<ul>\n<li>Kontinuerlig kombinert HRT-plaster<\/li>\n<li>Hjelper med \u00e5 h\u00e5ndtere symptomer p\u00e5 overgangsalder<\/li>\n<li>To ganger i uken transdermal p\u00e5f\u00f8ring<\/li>\n<\/ul>\n","protected":false},"featured_media":887,"comment_status":"open","ping_status":"closed","template":"","meta":[],"product_brand":[],"product_cat":[139,145],"product_tag":[],"expert":[19],"class_list":{"0":"post-885","1":"product","2":"type-product","3":"status-publish","4":"has-post-thumbnail","6":"product_cat-hormonerstatningsterapi-hrt","7":"product_cat-menopause-og-pms-lindring","8":"expert-dr-j-vazquez","10":"first","11":"instock","12":"shipping-taxable","13":"product-type-variable"},"yoast_head":"<!-- This site is optimized with the Yoast SEO plugin v27.0 - https:\/\/yoast.com\/product\/yoast-seo-wordpress\/ -->\n<title>Evorel Conti | Hormonbalanse &amp; Menopauselindring - Transtoyou<\/title>\n<meta name=\"description\" content=\"Evorel Conti hudplaster, tilgjengelig n\u00e5, gir kontinuerlig frigj\u00f8ring av \u00f8strogen og gestagen for \u00e5 h\u00e5ndtere menopausale symptomer, tilgjengelig hos Transtoyou.\" \/>\n<meta name=\"robots\" content=\"noindex, follow, max-snippet:-1, max-image-preview:large, max-video-preview:-1\" \/>\n<meta property=\"og:locale\" content=\"nb_NO\" \/>\n<meta property=\"og:type\" content=\"article\" \/>\n<meta property=\"og:title\" content=\"Evorel Conti | Hormonbalanse &amp; Menopauselindring - Transtoyou\" \/>\n<meta property=\"og:description\" content=\"Evorel Conti hudplaster, tilgjengelig n\u00e5, gir kontinuerlig frigj\u00f8ring av \u00f8strogen og gestagen for \u00e5 h\u00e5ndtere menopausale symptomer, tilgjengelig hos Transtoyou.\" \/>\n<meta property=\"og:url\" content=\"https:\/\/www.transtoyou.com\/nb\/product\/evorel-conti\/\" \/>\n<meta property=\"og:site_name\" content=\"Transtoyou - NB\" \/>\n<meta property=\"article:modified_time\" content=\"2026-01-23T21:48:24+00:00\" \/>\n<meta name=\"twitter:card\" content=\"summary_large_image\" \/>\n<meta name=\"twitter:label1\" content=\"Ansl. lesetid\" \/>\n\t<meta name=\"twitter:data1\" content=\"1 minutt\" \/>\n<script type=\"application\/ld+json\" class=\"yoast-schema-graph\">{\"@context\":\"https:\/\/schema.org\",\"@graph\":[{\"@type\":\"WebPage\",\"@id\":\"https:\/\/www.transtoyou.com\/nb\/product\/evorel-conti\/\",\"url\":\"https:\/\/www.transtoyou.com\/nb\/product\/evorel-conti\/\",\"name\":\"Evorel Conti | Hormonbalanse & Menopauselindring - Transtoyou\",\"isPartOf\":{\"@id\":\"https:\/\/www.transtoyou.com\/nb\/#website\"},\"primaryImageOfPage\":{\"@id\":\"https:\/\/www.transtoyou.com\/nb\/product\/evorel-conti\/#primaryimage\"},\"image\":{\"@id\":\"https:\/\/www.transtoyou.com\/nb\/product\/evorel-conti\/#primaryimage\"},\"thumbnailUrl\":\"https:\/\/www.transtoyou.com\/nb\/wp-content\/uploads\/sites\/10\/2026\/01\/tty-no-product-image-55.webp\",\"datePublished\":\"2026-01-23T21:47:29+00:00\",\"dateModified\":\"2026-01-23T21:48:24+00:00\",\"description\":\"Evorel Conti hudplaster, tilgjengelig n\u00e5, gir kontinuerlig frigj\u00f8ring av \u00f8strogen og gestagen for \u00e5 h\u00e5ndtere menopausale symptomer, tilgjengelig hos Transtoyou.\",\"breadcrumb\":{\"@id\":\"https:\/\/www.transtoyou.com\/nb\/product\/evorel-conti\/#breadcrumb\"},\"inLanguage\":\"nb-NO\",\"potentialAction\":[{\"@type\":\"ReadAction\",\"target\":[\"https:\/\/www.transtoyou.com\/nb\/product\/evorel-conti\/\"]}]},{\"@type\":\"ImageObject\",\"inLanguage\":\"nb-NO\",\"@id\":\"https:\/\/www.transtoyou.com\/nb\/product\/evorel-conti\/#primaryimage\",\"url\":\"https:\/\/www.transtoyou.com\/nb\/wp-content\/uploads\/sites\/10\/2026\/01\/tty-no-product-image-55.webp\",\"contentUrl\":\"https:\/\/www.transtoyou.com\/nb\/wp-content\/uploads\/sites\/10\/2026\/01\/tty-no-product-image-55.webp\",\"width\":1000,\"height\":1000,\"caption\":\"Standard produktbilde\"},{\"@type\":\"WebSite\",\"@id\":\"https:\/\/www.transtoyou.com\/nb\/#website\",\"url\":\"https:\/\/www.transtoyou.com\/nb\/\",\"name\":\"Transtoyou - NB\",\"description\":\"\",\"publisher\":{\"@id\":\"https:\/\/www.transtoyou.com\/nb\/#organization\"},\"potentialAction\":[{\"@type\":\"SearchAction\",\"target\":{\"@type\":\"EntryPoint\",\"urlTemplate\":\"https:\/\/www.transtoyou.com\/nb\/?s={search_term_string}\"},\"query-input\":{\"@type\":\"PropertyValueSpecification\",\"valueRequired\":true,\"valueName\":\"search_term_string\"}}],\"inLanguage\":\"nb-NO\"},{\"@type\":\"Organization\",\"@id\":\"https:\/\/www.transtoyou.com\/nb\/#organization\",\"name\":\"Transtoyou - NB\",\"url\":\"https:\/\/www.transtoyou.com\/nb\/\",\"logo\":{\"@type\":\"ImageObject\",\"inLanguage\":\"nb-NO\",\"@id\":\"https:\/\/www.transtoyou.com\/nb\/#\/schema\/logo\/image\/\",\"url\":\"https:\/\/www.transtoyou.com\/nb\/wp-content\/uploads\/sites\/10\/2026\/01\/logo-tty-menu-bar-300x87-1.webp\",\"contentUrl\":\"https:\/\/www.transtoyou.com\/nb\/wp-content\/uploads\/sites\/10\/2026\/01\/logo-tty-menu-bar-300x87-1.webp\",\"width\":300,\"height\":87,\"caption\":\"Transtoyou - NB\"},\"image\":{\"@id\":\"https:\/\/www.transtoyou.com\/nb\/#\/schema\/logo\/image\/\"}}]}<\/script>\n<!-- \/ Yoast SEO plugin. -->","yoast_head_json":{"title":"Evorel Conti | Hormonbalanse & Menopauselindring - Transtoyou","description":"Evorel Conti hudplaster, tilgjengelig n\u00e5, gir kontinuerlig frigj\u00f8ring av \u00f8strogen og gestagen for \u00e5 h\u00e5ndtere menopausale symptomer, tilgjengelig hos Transtoyou.","robots":{"index":"noindex","follow":"follow","max-snippet":"max-snippet:-1","max-image-preview":"max-image-preview:large","max-video-preview":"max-video-preview:-1"},"og_locale":"nb_NO","og_type":"article","og_title":"Evorel Conti | Hormonbalanse & Menopauselindring - Transtoyou","og_description":"Evorel Conti hudplaster, tilgjengelig n\u00e5, gir kontinuerlig frigj\u00f8ring av \u00f8strogen og gestagen for \u00e5 h\u00e5ndtere menopausale symptomer, tilgjengelig hos Transtoyou.","og_url":"https:\/\/www.transtoyou.com\/nb\/product\/evorel-conti\/","og_site_name":"Transtoyou - NB","article_modified_time":"2026-01-23T21:48:24+00:00","twitter_card":"summary_large_image","twitter_misc":{"Ansl. lesetid":"1 minutt"},"schema":{"@context":"https:\/\/schema.org","@graph":[{"@type":"WebPage","@id":"https:\/\/www.transtoyou.com\/nb\/product\/evorel-conti\/","url":"https:\/\/www.transtoyou.com\/nb\/product\/evorel-conti\/","name":"Evorel Conti | Hormonbalanse & Menopauselindring - Transtoyou","isPartOf":{"@id":"https:\/\/www.transtoyou.com\/nb\/#website"},"primaryImageOfPage":{"@id":"https:\/\/www.transtoyou.com\/nb\/product\/evorel-conti\/#primaryimage"},"image":{"@id":"https:\/\/www.transtoyou.com\/nb\/product\/evorel-conti\/#primaryimage"},"thumbnailUrl":"https:\/\/www.transtoyou.com\/nb\/wp-content\/uploads\/sites\/10\/2026\/01\/tty-no-product-image-55.webp","datePublished":"2026-01-23T21:47:29+00:00","dateModified":"2026-01-23T21:48:24+00:00","description":"Evorel Conti hudplaster, tilgjengelig n\u00e5, gir kontinuerlig frigj\u00f8ring av \u00f8strogen og gestagen for \u00e5 h\u00e5ndtere menopausale symptomer, tilgjengelig hos Transtoyou.","breadcrumb":{"@id":"https:\/\/www.transtoyou.com\/nb\/product\/evorel-conti\/#breadcrumb"},"inLanguage":"nb-NO","potentialAction":[{"@type":"ReadAction","target":["https:\/\/www.transtoyou.com\/nb\/product\/evorel-conti\/"]}]},{"@type":"ImageObject","inLanguage":"nb-NO","@id":"https:\/\/www.transtoyou.com\/nb\/product\/evorel-conti\/#primaryimage","url":"https:\/\/www.transtoyou.com\/nb\/wp-content\/uploads\/sites\/10\/2026\/01\/tty-no-product-image-55.webp","contentUrl":"https:\/\/www.transtoyou.com\/nb\/wp-content\/uploads\/sites\/10\/2026\/01\/tty-no-product-image-55.webp","width":1000,"height":1000,"caption":"Standard produktbilde"},{"@type":"WebSite","@id":"https:\/\/www.transtoyou.com\/nb\/#website","url":"https:\/\/www.transtoyou.com\/nb\/","name":"Transtoyou - NB","description":"","publisher":{"@id":"https:\/\/www.transtoyou.com\/nb\/#organization"},"potentialAction":[{"@type":"SearchAction","target":{"@type":"EntryPoint","urlTemplate":"https:\/\/www.transtoyou.com\/nb\/?s={search_term_string}"},"query-input":{"@type":"PropertyValueSpecification","valueRequired":true,"valueName":"search_term_string"}}],"inLanguage":"nb-NO"},{"@type":"Organization","@id":"https:\/\/www.transtoyou.com\/nb\/#organization","name":"Transtoyou - NB","url":"https:\/\/www.transtoyou.com\/nb\/","logo":{"@type":"ImageObject","inLanguage":"nb-NO","@id":"https:\/\/www.transtoyou.com\/nb\/#\/schema\/logo\/image\/","url":"https:\/\/www.transtoyou.com\/nb\/wp-content\/uploads\/sites\/10\/2026\/01\/logo-tty-menu-bar-300x87-1.webp","contentUrl":"https:\/\/www.transtoyou.com\/nb\/wp-content\/uploads\/sites\/10\/2026\/01\/logo-tty-menu-bar-300x87-1.webp","width":300,"height":87,"caption":"Transtoyou - NB"},"image":{"@id":"https:\/\/www.transtoyou.com\/nb\/#\/schema\/logo\/image\/"}}]}},"_links":{"self":[{"href":"https:\/\/www.transtoyou.com\/nb\/wp-json\/wp\/v2\/product\/885","targetHints":{"allow":["GET"]}}],"collection":[{"href":"https:\/\/www.transtoyou.com\/nb\/wp-json\/wp\/v2\/product"}],"about":[{"href":"https:\/\/www.transtoyou.com\/nb\/wp-json\/wp\/v2\/types\/product"}],"replies":[{"embeddable":true,"href":"https:\/\/www.transtoyou.com\/nb\/wp-json\/wp\/v2\/comments?post=885"}],"wp:featuredmedia":[{"embeddable":true,"href":"https:\/\/www.transtoyou.com\/nb\/wp-json\/wp\/v2\/media\/887"}],"wp:attachment":[{"href":"https:\/\/www.transtoyou.com\/nb\/wp-json\/wp\/v2\/media?parent=885"}],"wp:term":[{"taxonomy":"product_brand","embeddable":true,"href":"https:\/\/www.transtoyou.com\/nb\/wp-json\/wp\/v2\/product_brand?post=885"},{"taxonomy":"product_cat","embeddable":true,"href":"https:\/\/www.transtoyou.com\/nb\/wp-json\/wp\/v2\/product_cat?post=885"},{"taxonomy":"product_tag","embeddable":true,"href":"https:\/\/www.transtoyou.com\/nb\/wp-json\/wp\/v2\/product_tag?post=885"},{"taxonomy":"expert","embeddable":true,"href":"https:\/\/www.transtoyou.com\/nb\/wp-json\/wp\/v2\/expert?post=885"}],"curies":[{"name":"wp","href":"https:\/\/api.w.org\/{rel}","templated":true}]}}